{"id":3074,"date":"2023-08-30T11:26:39","date_gmt":"2023-08-30T09:26:39","guid":{"rendered":"https:\/\/yupie.hu\/?post_type=product&#038;p=3074"},"modified":"2026-03-22T09:31:14","modified_gmt":"2026-03-22T07:31:14","slug":"ovalis-blondel-ramas-tukor","status":"publish","type":"product","link":"https:\/\/yupie.app\/ro\/product\/ovalis-blondel-ramas-tukor\/","title":{"rendered":"Ov\u00e1lis blondel r\u00e1m\u00e1s t\u00fck\u00f6r \u2013 vintage falit\u00fck\u00f6r eleg\u00e1ns dekor\u00e1ci\u00f3hoz"},"content":{"rendered":"<p data-start=\"650\" data-end=\"718\"><strong data-start=\"650\" data-end=\"718\">Ov\u00e1lis blondel r\u00e1m\u00e1s t\u00fck\u00f6r \u2013 eleg\u00e1ns vintage hangulat otthonodba<\/strong><\/p>\n<p data-start=\"720\" data-end=\"850\">Ez az ov\u00e1lis blondel r\u00e1m\u00e1s t\u00fck\u00f6r t\u00f6k\u00e9letes v\u00e1laszt\u00e1s, ha egy k\u00fcl\u00f6nleges, dekorat\u00edv elemmel szeretn\u00e9d feldobni otthonod hangulat\u00e1t.<\/p>\n<p data-start=\"852\" data-end=\"1018\">A finoman kidolgozott blondel (d\u00edsz\u00edtett) keret eleg\u00e1ns, vintage st\u00edlust k\u00f6lcs\u00f6n\u00f6z, amely k\u00f6nnyed\u00e9n illeszkedik klasszikus, romantikus vagy ak\u00e1r modern enteri\u0151rbe is.<\/p>\n<p data-start=\"1020\" data-end=\"1052\">\ud83e\ude9e <strong data-start=\"1023\" data-end=\"1052\">Mi\u00e9rt \u00e9rt\u00e9kes ez a t\u00fck\u00f6r?<\/strong><\/p>\n<ul data-start=\"1054\" data-end=\"1239\">\n<li data-section-id=\"1xkt1eb\" data-start=\"1054\" data-end=\"1086\">Egyedi, dekorat\u00edv megjelen\u00e9s<\/li>\n<li data-section-id=\"y8wque\" data-start=\"1087\" data-end=\"1111\">Eleg\u00e1ns ov\u00e1lis forma<\/li>\n<li data-section-id=\"t9dl05\" data-start=\"1112\" data-end=\"1148\">Vintage st\u00edlus \u2013 id\u0151t\u00e1ll\u00f3 design<\/li>\n<li data-section-id=\"1gabzi3\" data-start=\"1149\" data-end=\"1201\">T\u00e9rn\u00f6vel\u0151 hat\u00e1s (vil\u00e1gosabb\u00e1 teszi a helyis\u00e9get)<\/li>\n<li data-section-id=\"1paqbuq\" data-start=\"1202\" data-end=\"1239\">Sokoldal\u00faan haszn\u00e1lhat\u00f3 dekor\u00e1ci\u00f3<\/li>\n<\/ul>\n<p data-start=\"1241\" data-end=\"1260\">Ez a t\u00fck\u00f6r ide\u00e1lis:<\/p>\n<ul data-start=\"1261\" data-end=\"1337\">\n<li data-section-id=\"yxgw9s\" data-start=\"1261\" data-end=\"1274\">nappaliba<\/li>\n<li data-section-id=\"1pv5sk8\" data-start=\"1275\" data-end=\"1290\">h\u00e1l\u00f3szob\u00e1ba<\/li>\n<li data-section-id=\"1s04mza\" data-start=\"1291\" data-end=\"1305\">el\u0151szob\u00e1ba<\/li>\n<li data-section-id=\"zr98js\" data-start=\"1306\" data-end=\"1337\">\u00fczlethelyis\u00e9g dekor\u00e1ci\u00f3k\u00e9nt<\/li>\n<\/ul>\n<hr data-start=\"1339\" data-end=\"1342\" \/>\n<p data-start=\"1344\" data-end=\"1382\">\ud83d\udca1 <strong data-start=\"1347\" data-end=\"1382\">\u00c9rt\u00e9k kiemel\u00e9se (nagyon fontos)<\/strong><\/p>\n<p data-start=\"1384\" data-end=\"1459\">Egy ilyen st\u00edlus\u00fa dekor\u00e1ci\u00f3 nem csak praktikus, hanem hangulatot is teremt:<\/p>\n<p data-start=\"1461\" data-end=\"1541\">\ud83d\udc49 karaktert ad a t\u00e9rnek<br data-start=\"1485\" data-end=\"1488\" \/>\ud83d\udc49 eleganci\u00e1t sug\u00e1roz<br data-start=\"1509\" data-end=\"1512\" \/>\ud83d\udc49 kiemeli a bels\u0151 design-t<\/p>\n<p data-start=\"1543\" data-end=\"1637\">Az ilyen vintage jelleg\u0171 darabok egyre keresettebbek, mivel egyedis\u00e9get visznek az otthonokba.<\/p>\n<hr data-start=\"1639\" data-end=\"1642\" \/>\n<p data-start=\"1644\" data-end=\"1666\">\ud83c\udfaf <strong data-start=\"1647\" data-end=\"1666\">Kinek aj\u00e1nlott?<\/strong><\/p>\n<ul data-start=\"1668\" data-end=\"1783\">\n<li data-section-id=\"1ed4r5o\" data-start=\"1668\" data-end=\"1698\">lak\u00e1sdekor\u00e1ci\u00f3 kedvel\u0151knek<\/li>\n<li data-section-id=\"j8inek\" data-start=\"1699\" data-end=\"1737\">vintage \/ retro st\u00edlus rajong\u00f3knak<\/li>\n<li data-section-id=\"1h5zpo1\" data-start=\"1738\" data-end=\"1758\">lakberendez\u0151knek<\/li>\n<li data-section-id=\"10vs472\" data-start=\"1759\" data-end=\"1783\">aj\u00e1nd\u00e9knak is kiv\u00e1l\u00f3<\/li>\n<\/ul>","protected":false},"excerpt":{"rendered":"<p>Ov\u00e1lis blondel r\u00e1m\u00e1s t\u00fck\u00f6r elad\u00f3 \u2013 eleg\u00e1ns vintage falit\u00fck\u00f6r dekor\u00e1ci\u00f3hoz, amely st\u00edlust \u00e9s f\u00e9nyt visz otthonodba.<\/p>","protected":false},"featured_media":3077,"template":"","meta":[],"product_brand":[],"product_cat":[1051],"product_tag":[88,1093,1091,59,211,136,73,804,262,74,1052],"class_list":{"0":"post-3074","1":"product","2":"type-product","3":"status-publish","4":"has-post-thumbnail","6":"product_cat-tukrok","7":"product_tag-arany","8":"product_tag-blondel-keret","9":"product_tag-blondel-rama","10":"product_tag-dekoracio","11":"product_tag-diszitett","12":"product_tag-egyedi","13":"product_tag-elegans","14":"product_tag-gazdagon-diszitett","15":"product_tag-ovalis","16":"product_tag-stilusos","17":"product_tag-tukrok","18":"description-off","20":"first","21":"instock","22":"shipping-taxable","23":"purchasable","24":"product-type-simple"},"yoast_head":"<!-- This site is optimized with the Yoast SEO plugin v27.3 - https:\/\/yoast.com\/product\/yoast-seo-wordpress\/ -->\n<title>Ov\u00e1lis blondel r\u00e1m\u00e1s t\u00fck\u00f6r \u2013 vintage falit\u00fck\u00f6r eleg\u00e1ns lak\u00e1sdekor<\/title>\n<meta name=\"description\" content=\"Ez az ov\u00e1lis blondel r\u00e1m\u00e1s t\u00fck\u00f6r csod\u00e1latos darab, amely st\u00edlusa \u00e9s form\u00e1ja miatt t\u00f6k\u00e9letesen illeszkedik b\u00e1rmilyen bels\u0151 t\u00e9rbe.\" \/>\n<meta name=\"robots\" content=\"index, follow, max-snippet:-1, max-image-preview:large, max-video-preview:-1\" \/>\n<link rel=\"canonical\" href=\"https:\/\/yupie.app\/ro\/product\/ovalis-blondel-ramas-tukor\/\" \/>\n<meta property=\"og:locale\" content=\"ro_RO\" \/>\n<meta property=\"og:type\" content=\"article\" \/>\n<meta property=\"og:title\" content=\"Ov\u00e1lis blondel r\u00e1m\u00e1s t\u00fck\u00f6r \u2013 vintage falit\u00fck\u00f6r eleg\u00e1ns lak\u00e1sdekor\" \/>\n<meta property=\"og:description\" content=\"Ez az ov\u00e1lis blondel r\u00e1m\u00e1s t\u00fck\u00f6r csod\u00e1latos darab, amely st\u00edlusa \u00e9s form\u00e1ja miatt t\u00f6k\u00e9letesen illeszkedik b\u00e1rmilyen bels\u0151 t\u00e9rbe.\" \/>\n<meta property=\"og:url\" content=\"https:\/\/yupie.app\/ro\/product\/ovalis-blondel-ramas-tukor\/\" \/>\n<meta property=\"og:site_name\" content=\"yupie.app\" \/>\n<meta property=\"article:publisher\" content=\"https:\/\/www.facebook.com\/profile.php?id=100089345417295\" \/>\n<meta property=\"article:modified_time\" content=\"2026-03-22T07:31:14+00:00\" \/>\n<meta property=\"og:image\" content=\"https:\/\/yupie.app\/wp-content\/uploads\/2023\/08\/DSC01877-scaled-1024x864.png\" \/>\n\t<meta property=\"og:image:width\" content=\"1024\" \/>\n\t<meta property=\"og:image:height\" content=\"864\" \/>\n\t<meta property=\"og:image:type\" content=\"image\/png\" \/>\n<meta name=\"twitter:card\" content=\"summary_large_image\" \/>\n<meta name=\"twitter:label1\" content=\"Timp estimat pentru citire\" \/>\n\t<meta name=\"twitter:data1\" content=\"1 minut\" \/>\n<script type=\"application\/ld+json\" class=\"yoast-schema-graph\">{\"@context\":\"https:\\\/\\\/schema.org\",\"@graph\":[{\"@type\":\"WebPage\",\"@id\":\"https:\\\/\\\/yupie.app\\\/product\\\/ovalis-blondel-ramas-tukor\\\/\",\"url\":\"https:\\\/\\\/yupie.app\\\/product\\\/ovalis-blondel-ramas-tukor\\\/\",\"name\":\"Ov\u00e1lis blondel r\u00e1m\u00e1s t\u00fck\u00f6r \u2013 vintage falit\u00fck\u00f6r eleg\u00e1ns lak\u00e1sdekor\",\"isPartOf\":{\"@id\":\"https:\\\/\\\/yupie.app\\\/#website\"},\"primaryImageOfPage\":{\"@id\":\"https:\\\/\\\/yupie.app\\\/product\\\/ovalis-blondel-ramas-tukor\\\/#primaryimage\"},\"image\":{\"@id\":\"https:\\\/\\\/yupie.app\\\/product\\\/ovalis-blondel-ramas-tukor\\\/#primaryimage\"},\"thumbnailUrl\":\"https:\\\/\\\/yupie.app\\\/wp-content\\\/uploads\\\/2023\\\/08\\\/DSC01877-scaled.png\",\"datePublished\":\"2023-08-30T09:26:39+00:00\",\"dateModified\":\"2026-03-22T07:31:14+00:00\",\"description\":\"Ez az ov\u00e1lis blondel r\u00e1m\u00e1s t\u00fck\u00f6r csod\u00e1latos darab, amely st\u00edlusa \u00e9s form\u00e1ja miatt t\u00f6k\u00e9letesen illeszkedik b\u00e1rmilyen bels\u0151 t\u00e9rbe.\",\"breadcrumb\":{\"@id\":\"https:\\\/\\\/yupie.app\\\/product\\\/ovalis-blondel-ramas-tukor\\\/#breadcrumb\"},\"inLanguage\":\"ro-RO\",\"potentialAction\":[{\"@type\":\"ReadAction\",\"target\":[\"https:\\\/\\\/yupie.app\\\/product\\\/ovalis-blondel-ramas-tukor\\\/\"]}]},{\"@type\":\"ImageObject\",\"inLanguage\":\"ro-RO\",\"@id\":\"https:\\\/\\\/yupie.app\\\/product\\\/ovalis-blondel-ramas-tukor\\\/#primaryimage\",\"url\":\"https:\\\/\\\/yupie.app\\\/wp-content\\\/uploads\\\/2023\\\/08\\\/DSC01877-scaled.png\",\"contentUrl\":\"https:\\\/\\\/yupie.app\\\/wp-content\\\/uploads\\\/2023\\\/08\\\/DSC01877-scaled.png\",\"width\":2560,\"height\":2160,\"caption\":\"Eleg\u00e1ns ov\u00e1lis t\u00fck\u00f6r blondel kerettel \u2013 st\u00edlusos dekor\u00e1ci\u00f3 nappaliba, h\u00e1l\u00f3ba vagy el\u0151szob\u00e1ba\"},{\"@type\":\"BreadcrumbList\",\"@id\":\"https:\\\/\\\/yupie.app\\\/product\\\/ovalis-blondel-ramas-tukor\\\/#breadcrumb\",\"itemListElement\":[{\"@type\":\"ListItem\",\"position\":1,\"name\":\"Kezd\u0151lap\",\"item\":\"https:\\\/\\\/yupie.app\\\/\"},{\"@type\":\"ListItem\",\"position\":2,\"name\":\"Katal\u00f3gus\",\"item\":\"https:\\\/\\\/yupie.app\\\/katalogus\\\/\"},{\"@type\":\"ListItem\",\"position\":3,\"name\":\"Ov\u00e1lis blondel r\u00e1m\u00e1s t\u00fck\u00f6r \u2013 vintage falit\u00fck\u00f6r eleg\u00e1ns dekor\u00e1ci\u00f3hoz\"}]},{\"@type\":\"WebSite\",\"@id\":\"https:\\\/\\\/yupie.app\\\/#website\",\"url\":\"https:\\\/\\\/yupie.app\\\/\",\"name\":\"yupie.app\",\"description\":\"\",\"publisher\":{\"@id\":\"https:\\\/\\\/yupie.app\\\/#organization\"},\"potentialAction\":[{\"@type\":\"SearchAction\",\"target\":{\"@type\":\"EntryPoint\",\"urlTemplate\":\"https:\\\/\\\/yupie.app\\\/?s={search_term_string}\"},\"query-input\":{\"@type\":\"PropertyValueSpecification\",\"valueRequired\":true,\"valueName\":\"search_term_string\"}}],\"inLanguage\":\"ro-RO\"},{\"@type\":\"Organization\",\"@id\":\"https:\\\/\\\/yupie.app\\\/#organization\",\"name\":\"yupie.app\",\"url\":\"https:\\\/\\\/yupie.app\\\/\",\"logo\":{\"@type\":\"ImageObject\",\"inLanguage\":\"ro-RO\",\"@id\":\"https:\\\/\\\/yupie.app\\\/#\\\/schema\\\/logo\\\/image\\\/\",\"url\":\"https:\\\/\\\/yupie.app\\\/wp-content\\\/uploads\\\/2025\\\/07\\\/cropped-uj-logo.png\",\"contentUrl\":\"https:\\\/\\\/yupie.app\\\/wp-content\\\/uploads\\\/2025\\\/07\\\/cropped-uj-logo.png\",\"width\":500,\"height\":208,\"caption\":\"yupie.app\"},\"image\":{\"@id\":\"https:\\\/\\\/yupie.app\\\/#\\\/schema\\\/logo\\\/image\\\/\"},\"sameAs\":[\"https:\\\/\\\/www.facebook.com\\\/profile.php?id=100089345417295\"]}]}<\/script>\n<!-- \/ Yoast SEO plugin. -->","yoast_head_json":{"title":"Ov\u00e1lis blondel r\u00e1m\u00e1s t\u00fck\u00f6r \u2013 vintage falit\u00fck\u00f6r eleg\u00e1ns lak\u00e1sdekor","description":"Ez az ov\u00e1lis blondel r\u00e1m\u00e1s t\u00fck\u00f6r csod\u00e1latos darab, amely st\u00edlusa \u00e9s form\u00e1ja miatt t\u00f6k\u00e9letesen illeszkedik b\u00e1rmilyen bels\u0151 t\u00e9rbe.","robots":{"index":"index","follow":"follow","max-snippet":"max-snippet:-1","max-image-preview":"max-image-preview:large","max-video-preview":"max-video-preview:-1"},"canonical":"https:\/\/yupie.app\/ro\/product\/ovalis-blondel-ramas-tukor\/","og_locale":"ro_RO","og_type":"article","og_title":"Ov\u00e1lis blondel r\u00e1m\u00e1s t\u00fck\u00f6r \u2013 vintage falit\u00fck\u00f6r eleg\u00e1ns lak\u00e1sdekor","og_description":"Ez az ov\u00e1lis blondel r\u00e1m\u00e1s t\u00fck\u00f6r csod\u00e1latos darab, amely st\u00edlusa \u00e9s form\u00e1ja miatt t\u00f6k\u00e9letesen illeszkedik b\u00e1rmilyen bels\u0151 t\u00e9rbe.","og_url":"https:\/\/yupie.app\/ro\/product\/ovalis-blondel-ramas-tukor\/","og_site_name":"yupie.app","article_publisher":"https:\/\/www.facebook.com\/profile.php?id=100089345417295","article_modified_time":"2026-03-22T07:31:14+00:00","og_image":[{"width":1024,"height":864,"url":"https:\/\/yupie.app\/wp-content\/uploads\/2023\/08\/DSC01877-scaled-1024x864.png","type":"image\/png"}],"twitter_card":"summary_large_image","twitter_misc":{"Timp estimat pentru citire":"1 minut"},"schema":{"@context":"https:\/\/schema.org","@graph":[{"@type":"WebPage","@id":"https:\/\/yupie.app\/product\/ovalis-blondel-ramas-tukor\/","url":"https:\/\/yupie.app\/product\/ovalis-blondel-ramas-tukor\/","name":"Ov\u00e1lis blondel r\u00e1m\u00e1s t\u00fck\u00f6r \u2013 vintage falit\u00fck\u00f6r eleg\u00e1ns lak\u00e1sdekor","isPartOf":{"@id":"https:\/\/yupie.app\/#website"},"primaryImageOfPage":{"@id":"https:\/\/yupie.app\/product\/ovalis-blondel-ramas-tukor\/#primaryimage"},"image":{"@id":"https:\/\/yupie.app\/product\/ovalis-blondel-ramas-tukor\/#primaryimage"},"thumbnailUrl":"https:\/\/yupie.app\/wp-content\/uploads\/2023\/08\/DSC01877-scaled.png","datePublished":"2023-08-30T09:26:39+00:00","dateModified":"2026-03-22T07:31:14+00:00","description":"Ez az ov\u00e1lis blondel r\u00e1m\u00e1s t\u00fck\u00f6r csod\u00e1latos darab, amely st\u00edlusa \u00e9s form\u00e1ja miatt t\u00f6k\u00e9letesen illeszkedik b\u00e1rmilyen bels\u0151 t\u00e9rbe.","breadcrumb":{"@id":"https:\/\/yupie.app\/product\/ovalis-blondel-ramas-tukor\/#breadcrumb"},"inLanguage":"ro-RO","potentialAction":[{"@type":"ReadAction","target":["https:\/\/yupie.app\/product\/ovalis-blondel-ramas-tukor\/"]}]},{"@type":"ImageObject","inLanguage":"ro-RO","@id":"https:\/\/yupie.app\/product\/ovalis-blondel-ramas-tukor\/#primaryimage","url":"https:\/\/yupie.app\/wp-content\/uploads\/2023\/08\/DSC01877-scaled.png","contentUrl":"https:\/\/yupie.app\/wp-content\/uploads\/2023\/08\/DSC01877-scaled.png","width":2560,"height":2160,"caption":"Eleg\u00e1ns ov\u00e1lis t\u00fck\u00f6r blondel kerettel \u2013 st\u00edlusos dekor\u00e1ci\u00f3 nappaliba, h\u00e1l\u00f3ba vagy el\u0151szob\u00e1ba"},{"@type":"BreadcrumbList","@id":"https:\/\/yupie.app\/product\/ovalis-blondel-ramas-tukor\/#breadcrumb","itemListElement":[{"@type":"ListItem","position":1,"name":"Kezd\u0151lap","item":"https:\/\/yupie.app\/"},{"@type":"ListItem","position":2,"name":"Katal\u00f3gus","item":"https:\/\/yupie.app\/katalogus\/"},{"@type":"ListItem","position":3,"name":"Ov\u00e1lis blondel r\u00e1m\u00e1s t\u00fck\u00f6r \u2013 vintage falit\u00fck\u00f6r eleg\u00e1ns dekor\u00e1ci\u00f3hoz"}]},{"@type":"WebSite","@id":"https:\/\/yupie.app\/#website","url":"https:\/\/yupie.app\/","name":"yupie.app","description":"","publisher":{"@id":"https:\/\/yupie.app\/#organization"},"potentialAction":[{"@type":"SearchAction","target":{"@type":"EntryPoint","urlTemplate":"https:\/\/yupie.app\/?s={search_term_string}"},"query-input":{"@type":"PropertyValueSpecification","valueRequired":true,"valueName":"search_term_string"}}],"inLanguage":"ro-RO"},{"@type":"Organization","@id":"https:\/\/yupie.app\/#organization","name":"yupie.app","url":"https:\/\/yupie.app\/","logo":{"@type":"ImageObject","inLanguage":"ro-RO","@id":"https:\/\/yupie.app\/#\/schema\/logo\/image\/","url":"https:\/\/yupie.app\/wp-content\/uploads\/2025\/07\/cropped-uj-logo.png","contentUrl":"https:\/\/yupie.app\/wp-content\/uploads\/2025\/07\/cropped-uj-logo.png","width":500,"height":208,"caption":"yupie.app"},"image":{"@id":"https:\/\/yupie.app\/#\/schema\/logo\/image\/"},"sameAs":["https:\/\/www.facebook.com\/profile.php?id=100089345417295"]}]}},"jetpack_sharing_enabled":true,"_links":{"self":[{"href":"https:\/\/yupie.app\/ro\/wp-json\/wp\/v2\/product\/3074","targetHints":{"allow":["GET"]}}],"collection":[{"href":"https:\/\/yupie.app\/ro\/wp-json\/wp\/v2\/product"}],"about":[{"href":"https:\/\/yupie.app\/ro\/wp-json\/wp\/v2\/types\/product"}],"version-history":[{"count":0,"href":"https:\/\/yupie.app\/ro\/wp-json\/wp\/v2\/product\/3074\/revisions"}],"wp:featuredmedia":[{"embeddable":true,"href":"https:\/\/yupie.app\/ro\/wp-json\/wp\/v2\/media\/3077"}],"wp:attachment":[{"href":"https:\/\/yupie.app\/ro\/wp-json\/wp\/v2\/media?parent=3074"}],"wp:term":[{"taxonomy":"product_brand","embeddable":true,"href":"https:\/\/yupie.app\/ro\/wp-json\/wp\/v2\/product_brand?post=3074"},{"taxonomy":"product_cat","embeddable":true,"href":"https:\/\/yupie.app\/ro\/wp-json\/wp\/v2\/product_cat?post=3074"},{"taxonomy":"product_tag","embeddable":true,"href":"https:\/\/yupie.app\/ro\/wp-json\/wp\/v2\/product_tag?post=3074"}],"curies":[{"name":"wp","href":"https:\/\/api.w.org\/{rel}","templated":true}]}}