{"id":3060,"date":"2023-08-29T15:01:13","date_gmt":"2023-08-29T13:01:13","guid":{"rendered":"https:\/\/yupie.hu\/?post_type=product&#038;p=3060"},"modified":"2026-03-25T09:51:27","modified_gmt":"2026-03-25T07:51:27","slug":"blondel-ramas-fali-tukor","status":"publish","type":"product","link":"https:\/\/yupie.app\/ro\/product\/blondel-ramas-fali-tukor\/","title":{"rendered":"Blondel st\u00edlus\u00fa d\u00edszes fali t\u00fck\u00f6r \u2013 klasszikus elegancia, faragott kerettel"},"content":{"rendered":"<p data-start=\"1238\" data-end=\"1404\">Ez a <strong data-start=\"1243\" data-end=\"1273\">Blondel st\u00edlus\u00fa fali t\u00fck\u00f6r<\/strong> a klasszikus lakberendez\u00e9s egyik ikonikus eleme, amely nem csup\u00e1n praktikus haszn\u00e1lati t\u00e1rgy, hanem egyben dekorat\u00edv m\u0171alkot\u00e1s is.<\/p>\n<p data-start=\"1406\" data-end=\"1682\">A t\u00fck\u00f6r kerete gazdagon d\u00edsz\u00edtett, finoman kidolgozott r\u00e9szletekkel, amelyek a tradicion\u00e1lis eur\u00f3pai formavil\u00e1got id\u00e9zik. A Blondel st\u00edlusra jellemz\u0151 elegancia \u00e9s ar\u00e1nyoss\u00e1g t\u00f6k\u00e9letesen illeszkedik olyan enteri\u0151r\u00f6kbe, ahol fontos a kifinomult megjelen\u00e9s \u00e9s az id\u0151t\u00e1ll\u00f3 design.<\/p>\n<p data-start=\"1684\" data-end=\"1861\">A t\u00fck\u00f6r nemcsak eszt\u00e9tikai \u00e9rt\u00e9ket k\u00e9pvisel, hanem funkcion\u00e1lisan is kiemelked\u0151:<br data-start=\"1764\" data-end=\"1767\" \/>seg\u00edt n\u00f6velni a t\u00e9r\u00e9rzetet, visszaveri a term\u00e9szetes f\u00e9nyt, \u00e9s vil\u00e1gosabb\u00e1 teszi a helyis\u00e9get.<\/p>\n<p data-start=\"1863\" data-end=\"1886\">Kiv\u00e1l\u00f3 v\u00e1laszt\u00e1s lehet:<\/p>\n<ul data-start=\"1887\" data-end=\"2042\">\n<li data-section-id=\"17dwc9j\" data-start=\"1887\" data-end=\"1914\">nappaliba dekor\u00e1ci\u00f3k\u00e9nt<\/li>\n<li data-section-id=\"18t6xcb\" data-start=\"1915\" data-end=\"1951\">el\u0151szob\u00e1ba eleg\u00e1ns megjelen\u00e9shez<\/li>\n<li data-section-id=\"150w2ew\" data-start=\"1952\" data-end=\"2002\">h\u00e1l\u00f3szob\u00e1ba klasszikus hangulat megteremt\u00e9s\u00e9re<\/li>\n<li data-section-id=\"11xflhg\" data-start=\"2003\" data-end=\"2042\">\u00fczlethelyis\u00e9gekbe vagy showroomokba<\/li>\n<\/ul>\n<p data-start=\"2044\" data-end=\"2213\">A Blondel keretes t\u00fck\u00f6r k\u00fcl\u00f6nlegess\u00e9ge abban rejlik, hogy minden darab karaktert ad a t\u00e9rnek \u2013 nem t\u00f6megterm\u00e9k hat\u00e1s\u00e1t kelti, hanem egyedi, st\u00edlusos jelenl\u00e9tet biztos\u00edt.<\/p>\n<h1 data-section-id=\"1n3q1t5\" data-start=\"2220\" data-end=\"2255\"><span role=\"text\">\u2b50 <strong data-start=\"2224\" data-end=\"2255\">A term\u00e9k el\u0151nyei (kiemelve)<\/strong><\/span><\/h1>\n<p data-start=\"2257\" data-end=\"2470\">\u2714 Id\u0151t\u00e1ll\u00f3, klasszikus design<br data-start=\"2286\" data-end=\"2289\" \/>\u2714 Azonnal eleg\u00e1nsabb\u00e1 teszi a teret<br data-start=\"2324\" data-end=\"2327\" \/>\u2714 N\u00f6veli a t\u00e9r\u00e9rzetet \u00e9s a f\u00e9nyt<br data-start=\"2359\" data-end=\"2362\" \/>\u2714 Univerz\u00e1lisan illeszthet\u0151 t\u00f6bb st\u00edlushoz<br data-start=\"2404\" data-end=\"2407\" \/>\u2714 Dekor\u00e1ci\u00f3 + funkci\u00f3 egyben<br data-start=\"2435\" data-end=\"2438\" \/>\u2714 Kiemelked\u0151 vizu\u00e1lis f\u00f3kuszpont<\/p>","protected":false},"excerpt":{"rendered":"<p>Eleg\u00e1ns Blondel st\u00edlus\u00fa fali t\u00fck\u00f6r d\u00edszes kerettel, amely t\u00f6k\u00e9letes v\u00e1laszt\u00e1s klasszikus vagy vintage enteri\u0151rbe. Id\u0151t\u00e1ll\u00f3 design, amely f\u00e9nyt \u00e9s t\u00e9r\u00e9rzetet ad b\u00e1rmely helyis\u00e9gnek.<\/p>","protected":false},"featured_media":3062,"template":"","meta":[],"product_brand":[],"product_cat":[1051],"product_tag":[88,1091,59,1058,136,73,819],"class_list":{"0":"post-3060","1":"product","2":"type-product","3":"status-publish","4":"has-post-thumbnail","6":"product_cat-tukrok","7":"product_tag-arany","8":"product_tag-blondel-rama","9":"product_tag-dekoracio","10":"product_tag-diszes-keret","11":"product_tag-egyedi","12":"product_tag-elegans","13":"product_tag-tukor","14":"description-off","16":"first","17":"instock","18":"shipping-taxable","19":"purchasable","20":"product-type-simple"},"yoast_head":"<!-- This site is optimized with the Yoast SEO plugin v27.3 - https:\/\/yoast.com\/product\/yoast-seo-wordpress\/ -->\n<title>Blondel fali t\u00fck\u00f6r d\u00edszes kerettel \u2013 klasszikus vintage lak\u00e1sdekor\u00e1ci\u00f3<\/title>\n<meta name=\"description\" content=\"Ez a blondel r\u00e1m\u00e1s falit\u00fck\u00f6r egy igazi m\u0171alkot\u00e1s, ami minden helyis\u00e9gbe eleganci\u00e1t \u00e9s st\u00edlust csemp\u00e9sz. A blondel keret azonnal megragadja a tekintetet.\" \/>\n<meta name=\"robots\" content=\"index, follow, max-snippet:-1, max-image-preview:large, max-video-preview:-1\" \/>\n<link rel=\"canonical\" href=\"https:\/\/yupie.app\/ro\/product\/blondel-ramas-fali-tukor\/\" \/>\n<meta property=\"og:locale\" content=\"ro_RO\" \/>\n<meta property=\"og:type\" content=\"article\" \/>\n<meta property=\"og:title\" content=\"Blondel fali t\u00fck\u00f6r d\u00edszes kerettel \u2013 klasszikus vintage lak\u00e1sdekor\u00e1ci\u00f3\" \/>\n<meta property=\"og:description\" content=\"Ez a blondel r\u00e1m\u00e1s falit\u00fck\u00f6r egy igazi m\u0171alkot\u00e1s, ami minden helyis\u00e9gbe eleganci\u00e1t \u00e9s st\u00edlust csemp\u00e9sz. A blondel keret azonnal megragadja a tekintetet.\" \/>\n<meta property=\"og:url\" content=\"https:\/\/yupie.app\/ro\/product\/blondel-ramas-fali-tukor\/\" \/>\n<meta property=\"og:site_name\" content=\"yupie.app\" \/>\n<meta property=\"article:publisher\" content=\"https:\/\/www.facebook.com\/profile.php?id=100089345417295\" \/>\n<meta property=\"article:modified_time\" content=\"2026-03-25T07:51:27+00:00\" \/>\n<meta property=\"og:image\" content=\"https:\/\/yupie.app\/wp-content\/uploads\/2023\/08\/DSC01864-scaled-1024x878.png\" \/>\n\t<meta property=\"og:image:width\" content=\"1024\" \/>\n\t<meta property=\"og:image:height\" content=\"878\" \/>\n\t<meta property=\"og:image:type\" content=\"image\/png\" \/>\n<meta name=\"twitter:card\" content=\"summary_large_image\" \/>\n<meta name=\"twitter:label1\" content=\"Timp estimat pentru citire\" \/>\n\t<meta name=\"twitter:data1\" content=\"2 minute\" \/>\n<script type=\"application\/ld+json\" class=\"yoast-schema-graph\">{\"@context\":\"https:\\\/\\\/schema.org\",\"@graph\":[{\"@type\":\"WebPage\",\"@id\":\"https:\\\/\\\/yupie.app\\\/product\\\/blondel-ramas-fali-tukor\\\/\",\"url\":\"https:\\\/\\\/yupie.app\\\/product\\\/blondel-ramas-fali-tukor\\\/\",\"name\":\"Blondel fali t\u00fck\u00f6r d\u00edszes kerettel \u2013 klasszikus vintage lak\u00e1sdekor\u00e1ci\u00f3\",\"isPartOf\":{\"@id\":\"https:\\\/\\\/yupie.app\\\/#website\"},\"primaryImageOfPage\":{\"@id\":\"https:\\\/\\\/yupie.app\\\/product\\\/blondel-ramas-fali-tukor\\\/#primaryimage\"},\"image\":{\"@id\":\"https:\\\/\\\/yupie.app\\\/product\\\/blondel-ramas-fali-tukor\\\/#primaryimage\"},\"thumbnailUrl\":\"https:\\\/\\\/yupie.app\\\/wp-content\\\/uploads\\\/2023\\\/08\\\/DSC01864-scaled.png\",\"datePublished\":\"2023-08-29T13:01:13+00:00\",\"dateModified\":\"2026-03-25T07:51:27+00:00\",\"description\":\"Ez a blondel r\u00e1m\u00e1s falit\u00fck\u00f6r egy igazi m\u0171alkot\u00e1s, ami minden helyis\u00e9gbe eleganci\u00e1t \u00e9s st\u00edlust csemp\u00e9sz. A blondel keret azonnal megragadja a tekintetet.\",\"breadcrumb\":{\"@id\":\"https:\\\/\\\/yupie.app\\\/product\\\/blondel-ramas-fali-tukor\\\/#breadcrumb\"},\"inLanguage\":\"ro-RO\",\"potentialAction\":[{\"@type\":\"ReadAction\",\"target\":[\"https:\\\/\\\/yupie.app\\\/product\\\/blondel-ramas-fali-tukor\\\/\"]}]},{\"@type\":\"ImageObject\",\"inLanguage\":\"ro-RO\",\"@id\":\"https:\\\/\\\/yupie.app\\\/product\\\/blondel-ramas-fali-tukor\\\/#primaryimage\",\"url\":\"https:\\\/\\\/yupie.app\\\/wp-content\\\/uploads\\\/2023\\\/08\\\/DSC01864-scaled.png\",\"contentUrl\":\"https:\\\/\\\/yupie.app\\\/wp-content\\\/uploads\\\/2023\\\/08\\\/DSC01864-scaled.png\",\"width\":2560,\"height\":2195,\"caption\":\"Eleg\u00e1ns Blondel st\u00edlus\u00fa fali t\u00fck\u00f6r \u2013 id\u0151t\u00e1ll\u00f3 klasszikus darab\"},{\"@type\":\"BreadcrumbList\",\"@id\":\"https:\\\/\\\/yupie.app\\\/product\\\/blondel-ramas-fali-tukor\\\/#breadcrumb\",\"itemListElement\":[{\"@type\":\"ListItem\",\"position\":1,\"name\":\"Kezd\u0151lap\",\"item\":\"https:\\\/\\\/yupie.app\\\/\"},{\"@type\":\"ListItem\",\"position\":2,\"name\":\"Katal\u00f3gus\",\"item\":\"https:\\\/\\\/yupie.app\\\/katalogus\\\/\"},{\"@type\":\"ListItem\",\"position\":3,\"name\":\"Blondel st\u00edlus\u00fa d\u00edszes fali t\u00fck\u00f6r \u2013 klasszikus elegancia, faragott kerettel\"}]},{\"@type\":\"WebSite\",\"@id\":\"https:\\\/\\\/yupie.app\\\/#website\",\"url\":\"https:\\\/\\\/yupie.app\\\/\",\"name\":\"yupie.app\",\"description\":\"\",\"publisher\":{\"@id\":\"https:\\\/\\\/yupie.app\\\/#organization\"},\"potentialAction\":[{\"@type\":\"SearchAction\",\"target\":{\"@type\":\"EntryPoint\",\"urlTemplate\":\"https:\\\/\\\/yupie.app\\\/?s={search_term_string}\"},\"query-input\":{\"@type\":\"PropertyValueSpecification\",\"valueRequired\":true,\"valueName\":\"search_term_string\"}}],\"inLanguage\":\"ro-RO\"},{\"@type\":\"Organization\",\"@id\":\"https:\\\/\\\/yupie.app\\\/#organization\",\"name\":\"yupie.app\",\"url\":\"https:\\\/\\\/yupie.app\\\/\",\"logo\":{\"@type\":\"ImageObject\",\"inLanguage\":\"ro-RO\",\"@id\":\"https:\\\/\\\/yupie.app\\\/#\\\/schema\\\/logo\\\/image\\\/\",\"url\":\"https:\\\/\\\/yupie.app\\\/wp-content\\\/uploads\\\/2025\\\/07\\\/cropped-uj-logo.png\",\"contentUrl\":\"https:\\\/\\\/yupie.app\\\/wp-content\\\/uploads\\\/2025\\\/07\\\/cropped-uj-logo.png\",\"width\":500,\"height\":208,\"caption\":\"yupie.app\"},\"image\":{\"@id\":\"https:\\\/\\\/yupie.app\\\/#\\\/schema\\\/logo\\\/image\\\/\"},\"sameAs\":[\"https:\\\/\\\/www.facebook.com\\\/profile.php?id=100089345417295\"]}]}<\/script>\n<!-- \/ Yoast SEO plugin. -->","yoast_head_json":{"title":"Blondel fali t\u00fck\u00f6r d\u00edszes kerettel \u2013 klasszikus vintage lak\u00e1sdekor\u00e1ci\u00f3","description":"Ez a blondel r\u00e1m\u00e1s falit\u00fck\u00f6r egy igazi m\u0171alkot\u00e1s, ami minden helyis\u00e9gbe eleganci\u00e1t \u00e9s st\u00edlust csemp\u00e9sz. A blondel keret azonnal megragadja a tekintetet.","robots":{"index":"index","follow":"follow","max-snippet":"max-snippet:-1","max-image-preview":"max-image-preview:large","max-video-preview":"max-video-preview:-1"},"canonical":"https:\/\/yupie.app\/ro\/product\/blondel-ramas-fali-tukor\/","og_locale":"ro_RO","og_type":"article","og_title":"Blondel fali t\u00fck\u00f6r d\u00edszes kerettel \u2013 klasszikus vintage lak\u00e1sdekor\u00e1ci\u00f3","og_description":"Ez a blondel r\u00e1m\u00e1s falit\u00fck\u00f6r egy igazi m\u0171alkot\u00e1s, ami minden helyis\u00e9gbe eleganci\u00e1t \u00e9s st\u00edlust csemp\u00e9sz. A blondel keret azonnal megragadja a tekintetet.","og_url":"https:\/\/yupie.app\/ro\/product\/blondel-ramas-fali-tukor\/","og_site_name":"yupie.app","article_publisher":"https:\/\/www.facebook.com\/profile.php?id=100089345417295","article_modified_time":"2026-03-25T07:51:27+00:00","og_image":[{"width":1024,"height":878,"url":"https:\/\/yupie.app\/wp-content\/uploads\/2023\/08\/DSC01864-scaled-1024x878.png","type":"image\/png"}],"twitter_card":"summary_large_image","twitter_misc":{"Timp estimat pentru citire":"2 minute"},"schema":{"@context":"https:\/\/schema.org","@graph":[{"@type":"WebPage","@id":"https:\/\/yupie.app\/product\/blondel-ramas-fali-tukor\/","url":"https:\/\/yupie.app\/product\/blondel-ramas-fali-tukor\/","name":"Blondel fali t\u00fck\u00f6r d\u00edszes kerettel \u2013 klasszikus vintage lak\u00e1sdekor\u00e1ci\u00f3","isPartOf":{"@id":"https:\/\/yupie.app\/#website"},"primaryImageOfPage":{"@id":"https:\/\/yupie.app\/product\/blondel-ramas-fali-tukor\/#primaryimage"},"image":{"@id":"https:\/\/yupie.app\/product\/blondel-ramas-fali-tukor\/#primaryimage"},"thumbnailUrl":"https:\/\/yupie.app\/wp-content\/uploads\/2023\/08\/DSC01864-scaled.png","datePublished":"2023-08-29T13:01:13+00:00","dateModified":"2026-03-25T07:51:27+00:00","description":"Ez a blondel r\u00e1m\u00e1s falit\u00fck\u00f6r egy igazi m\u0171alkot\u00e1s, ami minden helyis\u00e9gbe eleganci\u00e1t \u00e9s st\u00edlust csemp\u00e9sz. A blondel keret azonnal megragadja a tekintetet.","breadcrumb":{"@id":"https:\/\/yupie.app\/product\/blondel-ramas-fali-tukor\/#breadcrumb"},"inLanguage":"ro-RO","potentialAction":[{"@type":"ReadAction","target":["https:\/\/yupie.app\/product\/blondel-ramas-fali-tukor\/"]}]},{"@type":"ImageObject","inLanguage":"ro-RO","@id":"https:\/\/yupie.app\/product\/blondel-ramas-fali-tukor\/#primaryimage","url":"https:\/\/yupie.app\/wp-content\/uploads\/2023\/08\/DSC01864-scaled.png","contentUrl":"https:\/\/yupie.app\/wp-content\/uploads\/2023\/08\/DSC01864-scaled.png","width":2560,"height":2195,"caption":"Eleg\u00e1ns Blondel st\u00edlus\u00fa fali t\u00fck\u00f6r \u2013 id\u0151t\u00e1ll\u00f3 klasszikus darab"},{"@type":"BreadcrumbList","@id":"https:\/\/yupie.app\/product\/blondel-ramas-fali-tukor\/#breadcrumb","itemListElement":[{"@type":"ListItem","position":1,"name":"Kezd\u0151lap","item":"https:\/\/yupie.app\/"},{"@type":"ListItem","position":2,"name":"Katal\u00f3gus","item":"https:\/\/yupie.app\/katalogus\/"},{"@type":"ListItem","position":3,"name":"Blondel st\u00edlus\u00fa d\u00edszes fali t\u00fck\u00f6r \u2013 klasszikus elegancia, faragott kerettel"}]},{"@type":"WebSite","@id":"https:\/\/yupie.app\/#website","url":"https:\/\/yupie.app\/","name":"yupie.app","description":"","publisher":{"@id":"https:\/\/yupie.app\/#organization"},"potentialAction":[{"@type":"SearchAction","target":{"@type":"EntryPoint","urlTemplate":"https:\/\/yupie.app\/?s={search_term_string}"},"query-input":{"@type":"PropertyValueSpecification","valueRequired":true,"valueName":"search_term_string"}}],"inLanguage":"ro-RO"},{"@type":"Organization","@id":"https:\/\/yupie.app\/#organization","name":"yupie.app","url":"https:\/\/yupie.app\/","logo":{"@type":"ImageObject","inLanguage":"ro-RO","@id":"https:\/\/yupie.app\/#\/schema\/logo\/image\/","url":"https:\/\/yupie.app\/wp-content\/uploads\/2025\/07\/cropped-uj-logo.png","contentUrl":"https:\/\/yupie.app\/wp-content\/uploads\/2025\/07\/cropped-uj-logo.png","width":500,"height":208,"caption":"yupie.app"},"image":{"@id":"https:\/\/yupie.app\/#\/schema\/logo\/image\/"},"sameAs":["https:\/\/www.facebook.com\/profile.php?id=100089345417295"]}]}},"jetpack_sharing_enabled":true,"_links":{"self":[{"href":"https:\/\/yupie.app\/ro\/wp-json\/wp\/v2\/product\/3060","targetHints":{"allow":["GET"]}}],"collection":[{"href":"https:\/\/yupie.app\/ro\/wp-json\/wp\/v2\/product"}],"about":[{"href":"https:\/\/yupie.app\/ro\/wp-json\/wp\/v2\/types\/product"}],"version-history":[{"count":0,"href":"https:\/\/yupie.app\/ro\/wp-json\/wp\/v2\/product\/3060\/revisions"}],"wp:featuredmedia":[{"embeddable":true,"href":"https:\/\/yupie.app\/ro\/wp-json\/wp\/v2\/media\/3062"}],"wp:attachment":[{"href":"https:\/\/yupie.app\/ro\/wp-json\/wp\/v2\/media?parent=3060"}],"wp:term":[{"taxonomy":"product_brand","embeddable":true,"href":"https:\/\/yupie.app\/ro\/wp-json\/wp\/v2\/product_brand?post=3060"},{"taxonomy":"product_cat","embeddable":true,"href":"https:\/\/yupie.app\/ro\/wp-json\/wp\/v2\/product_cat?post=3060"},{"taxonomy":"product_tag","embeddable":true,"href":"https:\/\/yupie.app\/ro\/wp-json\/wp\/v2\/product_tag?post=3060"}],"curies":[{"name":"wp","href":"https:\/\/api.w.org\/{rel}","templated":true}]}}