{"id":3044,"date":"2023-08-29T14:14:02","date_gmt":"2023-08-29T12:14:02","guid":{"rendered":"https:\/\/yupie.hu\/?post_type=product&#038;p=3044"},"modified":"2026-01-06T13:53:07","modified_gmt":"2026-01-06T11:53:07","slug":"csendelet-poszterkep-uveg-boritassal-ismeretlen-festo-eredeti-cim-ismeretlen","status":"publish","type":"product","link":"https:\/\/yupie.app\/ro\/product\/csendelet-poszterkep-uveg-boritassal-ismeretlen-festo-eredeti-cim-ismeretlen\/","title":{"rendered":"Csend\u00e9let poszterk\u00e9p \u00fcveg bor\u00edt\u00e1ssal (ismeretlen fest\u0151, eredeti c\u00edm ismeretlen)"},"content":{"rendered":"<p>Ez a csend\u00e9let l\u00e1tv\u00e1nyosan \u00e1br\u00e1zolja a term\u00e9szet sz\u00e9ps\u00e9geit. Az arany t\u00e1lca k\u00f6zponti szerepet j\u00e1tszik, m\u00f6g\u00f6tte egy gazdagon, k\u00e9k vir\u00e1gokkal d\u00edsz\u00edtett porcel\u00e1n v\u00e1za \u00e1ll. A v\u00e1z\u00e1ban feh\u00e9r r\u00f3zs\u00e1k bontj\u00e1k szirmukat, leny\u0171g\u00f6z\u0151 kontrasztot teremtve a k\u00e9k \u00e9s a feh\u00e9r k\u00f6z\u00f6tt. A t\u00e1lc\u00e1n egy vadkacsa tetem l\u00e1that\u00f3, mely igazi vadreg\u00e9nyes hangulatot id\u00e9z.<\/p>\n<p>A v\u00e1za m\u00f6g\u00f6tt egy t\u00e1l l\u00e1that\u00f3, tele friss gy\u00fcm\u00f6lcs\u00f6kkel, melyek sz\u00ednben \u00e9s form\u00e1ban is k\u00fcl\u00f6nb\u00f6znek egym\u00e1st\u00f3l. Mellette egy z\u00f6ld v\u00e1za \u00e1ll, melyet lila, feh\u00e9r \u00e9s s\u00e1rga vir\u00e1gokkal d\u00edsz\u00edtettek, ezek a sz\u00ednek frissess\u00e9get \u00e9s \u00e9letet sug\u00e1roznak.<\/p>\n<p>A v\u00e1za m\u00e1sik oldal\u00e1n egy boros\u00fcveg \u00e9s egy borospoh\u00e1r tal\u00e1lhat\u00f3, mintha valaki \u00e9pp egy kellemes vacsor\u00e1ra k\u00e9sz\u00fclne.<\/p>\n<p>Ez a leny\u0171g\u00f6z\u0151 csend\u00e9let poszter leny\u0171g\u00f6z\u0151en \u00e1br\u00e1zolja a gazdags\u00e1got \u00e9s az egyszer\u0171 sz\u00e9ps\u00e9get. Leny\u0171g\u00f6z\u0151 r\u00e9szleteivel \u00e9rz\u00e9kletesen mutatja be a term\u00e9szet \u00e9s az ember alkot\u00e1s\u00e1nak harm\u00f3ni\u00e1j\u00e1t.<\/p>","protected":false},"excerpt":{"rendered":"<p>Ez a leny\u0171g\u00f6z\u0151 csend\u00e9let egy gy\u00fcm\u00f6lcs\u00f6kkel teli arany t\u00e1lc\u00e1t helyezett a k\u00f6z\u00e9ppontba. A t\u00e1lc\u00e1n egy vadkacsa tetem fekszik m\u00e9lt\u00f3s\u00e1gteljesen meg\u00f6r\u00f6k\u00edtve.<\/p>\n<p>A h\u00e1tt\u00e9rben egy feh\u00e9r v\u00e1za emelkedik ki, melyet k\u00e9kkel festett vir\u00e1gok d\u00edsz\u00edtenek. A v\u00e1z\u00e1ban feh\u00e9r r\u00f3zs\u00e1k vir\u00edtanak, mint a tisztas\u00e1g \u00e9s az \u00e1rtatlans\u00e1g szimb\u00f3lumai. A v\u00e1za m\u00f6g\u00f6tt egy t\u00e1l gy\u00fcm\u00f6lcs figyelhet\u0151 meg, mely sz\u00ednpomp\u00e1s \u00e9s \u00e9l\u00e9nk, friss gy\u00fcm\u00f6lcs\u00f6ket tartalmaz, mintha a term\u00e9szet sz\u00ednes palett\u00e1j\u00e1t mutatn\u00e1 be. Egy kis z\u00f6ld v\u00e1z\u00e1t is megfigyelhet\u00fcnk, melynek l\u00e1tv\u00e1ny\u00e1t lila, feh\u00e9r \u00e9s s\u00e1rga vir\u00e1gok teszik k\u00fcl\u00f6nlegess\u00e9.<\/p>\n<p>A v\u00e1za mellett borospoh\u00e1r \u00e9s boros\u00fcveg l\u00e1that\u00f3, mely el\u00e9nk t\u00e1rja az esti \u00e9lvezetek \u00edg\u00e9ret\u00e9t. Az alkot\u00e1s megeleven\u00edti a term\u00e9szet \u00e9s az ember alkotta vil\u00e1g k\u00f6z\u00f6tti csod\u00e1latos kapcsolatot, ahol a gy\u00f6ny\u00f6r\u0171s\u00e9g, az \u00e9lvezet \u00e9s a m\u00falt id\u0151tlens\u00e9ge \u00f6sszeolvad egyetlen pillanatban.<\/p>","protected":false},"featured_media":3046,"template":"","meta":[],"product_brand":[],"product_cat":[533],"product_tag":[69,1189,1188,541,59,1046,1005,992,934,1068,55],"class_list":{"0":"post-3044","1":"product","2":"type-product","3":"status-publish","4":"has-post-thumbnail","6":"product_cat-kepek-dekoracio","7":"product_tag-bor","8":"product_tag-borospohar","9":"product_tag-borosuveg","10":"product_tag-csendelet","11":"product_tag-dekoracio","12":"product_tag-gyumolcsok","13":"product_tag-ismeretlen-alkoto","14":"product_tag-ismeretlen-cim","15":"product_tag-kepek","16":"product_tag-poszterkep","17":"product_tag-vaza","18":"description-off","20":"first","21":"instock","22":"shipping-taxable","23":"purchasable","24":"product-type-simple"},"yoast_head":"<!-- This site is optimized with the Yoast SEO plugin v27.3 - https:\/\/yoast.com\/product\/yoast-seo-wordpress\/ -->\n<title>Csend\u00e9let poszterk\u00e9p \u00fcveg bor\u00edt\u00e1ssal (ismeretlen fest\u0151, eredeti c\u00edm ismeretlen) - yupie.app<\/title>\n<meta name=\"description\" content=\"Ez a csend\u00e9let l\u00e1tv\u00e1nyosan \u00e1br\u00e1zolja a term\u00e9szet sz\u00e9ps\u00e9geit. Az arany t\u00e1lca k\u00f6zponti szerepet j\u00e1tszik, m\u00f6g\u00f6tte egy gazdagon d\u00edsz\u00edtett porcel\u00e1n v\u00e1za \u00e1ll.\" \/>\n<meta name=\"robots\" content=\"index, follow, max-snippet:-1, max-image-preview:large, max-video-preview:-1\" \/>\n<link rel=\"canonical\" href=\"https:\/\/yupie.app\/ro\/product\/csendelet-poszterkep-uveg-boritassal-ismeretlen-festo-eredeti-cim-ismeretlen\/\" \/>\n<meta property=\"og:locale\" content=\"ro_RO\" \/>\n<meta property=\"og:type\" content=\"article\" \/>\n<meta property=\"og:title\" content=\"Csend\u00e9let poszterk\u00e9p \u00fcveg bor\u00edt\u00e1ssal (ismeretlen fest\u0151, eredeti c\u00edm ismeretlen) - yupie.app\" \/>\n<meta property=\"og:description\" content=\"Ez a csend\u00e9let l\u00e1tv\u00e1nyosan \u00e1br\u00e1zolja a term\u00e9szet sz\u00e9ps\u00e9geit. Az arany t\u00e1lca k\u00f6zponti szerepet j\u00e1tszik, m\u00f6g\u00f6tte egy gazdagon d\u00edsz\u00edtett porcel\u00e1n v\u00e1za \u00e1ll.\" \/>\n<meta property=\"og:url\" content=\"https:\/\/yupie.app\/ro\/product\/csendelet-poszterkep-uveg-boritassal-ismeretlen-festo-eredeti-cim-ismeretlen\/\" \/>\n<meta property=\"og:site_name\" content=\"yupie.app\" \/>\n<meta property=\"article:publisher\" content=\"https:\/\/www.facebook.com\/profile.php?id=100089345417295\" \/>\n<meta property=\"article:modified_time\" content=\"2026-01-06T11:53:07+00:00\" \/>\n<meta property=\"og:image\" content=\"https:\/\/yupie.app\/wp-content\/uploads\/2023\/08\/DSC01850-scaled-1024x680.png\" \/>\n\t<meta property=\"og:image:width\" content=\"1024\" \/>\n\t<meta property=\"og:image:height\" content=\"680\" \/>\n\t<meta property=\"og:image:type\" content=\"image\/png\" \/>\n<meta name=\"twitter:card\" content=\"summary_large_image\" \/>\n<meta name=\"twitter:label1\" content=\"Timp estimat pentru citire\" \/>\n\t<meta name=\"twitter:data1\" content=\"1 minut\" \/>\n<script type=\"application\/ld+json\" class=\"yoast-schema-graph\">{\"@context\":\"https:\\\/\\\/schema.org\",\"@graph\":[{\"@type\":\"WebPage\",\"@id\":\"https:\\\/\\\/yupie.app\\\/product\\\/csendelet-poszterkep-uveg-boritassal-ismeretlen-festo-eredeti-cim-ismeretlen\\\/\",\"url\":\"https:\\\/\\\/yupie.app\\\/product\\\/csendelet-poszterkep-uveg-boritassal-ismeretlen-festo-eredeti-cim-ismeretlen\\\/\",\"name\":\"Csend\u00e9let poszterk\u00e9p \u00fcveg bor\u00edt\u00e1ssal (ismeretlen fest\u0151, eredeti c\u00edm ismeretlen) - yupie.app\",\"isPartOf\":{\"@id\":\"https:\\\/\\\/yupie.app\\\/#website\"},\"primaryImageOfPage\":{\"@id\":\"https:\\\/\\\/yupie.app\\\/product\\\/csendelet-poszterkep-uveg-boritassal-ismeretlen-festo-eredeti-cim-ismeretlen\\\/#primaryimage\"},\"image\":{\"@id\":\"https:\\\/\\\/yupie.app\\\/product\\\/csendelet-poszterkep-uveg-boritassal-ismeretlen-festo-eredeti-cim-ismeretlen\\\/#primaryimage\"},\"thumbnailUrl\":\"https:\\\/\\\/yupie.app\\\/wp-content\\\/uploads\\\/2023\\\/08\\\/DSC01850-scaled.png\",\"datePublished\":\"2023-08-29T12:14:02+00:00\",\"dateModified\":\"2026-01-06T11:53:07+00:00\",\"description\":\"Ez a csend\u00e9let l\u00e1tv\u00e1nyosan \u00e1br\u00e1zolja a term\u00e9szet sz\u00e9ps\u00e9geit. Az arany t\u00e1lca k\u00f6zponti szerepet j\u00e1tszik, m\u00f6g\u00f6tte egy gazdagon d\u00edsz\u00edtett porcel\u00e1n v\u00e1za \u00e1ll.\",\"breadcrumb\":{\"@id\":\"https:\\\/\\\/yupie.app\\\/product\\\/csendelet-poszterkep-uveg-boritassal-ismeretlen-festo-eredeti-cim-ismeretlen\\\/#breadcrumb\"},\"inLanguage\":\"ro-RO\",\"potentialAction\":[{\"@type\":\"ReadAction\",\"target\":[\"https:\\\/\\\/yupie.app\\\/product\\\/csendelet-poszterkep-uveg-boritassal-ismeretlen-festo-eredeti-cim-ismeretlen\\\/\"]}]},{\"@type\":\"ImageObject\",\"inLanguage\":\"ro-RO\",\"@id\":\"https:\\\/\\\/yupie.app\\\/product\\\/csendelet-poszterkep-uveg-boritassal-ismeretlen-festo-eredeti-cim-ismeretlen\\\/#primaryimage\",\"url\":\"https:\\\/\\\/yupie.app\\\/wp-content\\\/uploads\\\/2023\\\/08\\\/DSC01850-scaled.png\",\"contentUrl\":\"https:\\\/\\\/yupie.app\\\/wp-content\\\/uploads\\\/2023\\\/08\\\/DSC01850-scaled.png\",\"width\":2560,\"height\":1699,\"caption\":\"Csend\u00e9let poszterk\u00e9p \u00fcveg bor\u00edt\u00e1ssal (ismeretlen fest\u0151, eredeti c\u00edm ismeretlen), dekor\u00e1ci\u00f3, k\u00e9pek, yupie\"},{\"@type\":\"BreadcrumbList\",\"@id\":\"https:\\\/\\\/yupie.app\\\/product\\\/csendelet-poszterkep-uveg-boritassal-ismeretlen-festo-eredeti-cim-ismeretlen\\\/#breadcrumb\",\"itemListElement\":[{\"@type\":\"ListItem\",\"position\":1,\"name\":\"Kezd\u0151lap\",\"item\":\"https:\\\/\\\/yupie.app\\\/\"},{\"@type\":\"ListItem\",\"position\":2,\"name\":\"Katal\u00f3gus\",\"item\":\"https:\\\/\\\/yupie.app\\\/katalogus\\\/\"},{\"@type\":\"ListItem\",\"position\":3,\"name\":\"Csend\u00e9let poszterk\u00e9p \u00fcveg bor\u00edt\u00e1ssal (ismeretlen fest\u0151, eredeti c\u00edm ismeretlen)\"}]},{\"@type\":\"WebSite\",\"@id\":\"https:\\\/\\\/yupie.app\\\/#website\",\"url\":\"https:\\\/\\\/yupie.app\\\/\",\"name\":\"yupie.app\",\"description\":\"\",\"publisher\":{\"@id\":\"https:\\\/\\\/yupie.app\\\/#organization\"},\"potentialAction\":[{\"@type\":\"SearchAction\",\"target\":{\"@type\":\"EntryPoint\",\"urlTemplate\":\"https:\\\/\\\/yupie.app\\\/?s={search_term_string}\"},\"query-input\":{\"@type\":\"PropertyValueSpecification\",\"valueRequired\":true,\"valueName\":\"search_term_string\"}}],\"inLanguage\":\"ro-RO\"},{\"@type\":\"Organization\",\"@id\":\"https:\\\/\\\/yupie.app\\\/#organization\",\"name\":\"yupie.app\",\"url\":\"https:\\\/\\\/yupie.app\\\/\",\"logo\":{\"@type\":\"ImageObject\",\"inLanguage\":\"ro-RO\",\"@id\":\"https:\\\/\\\/yupie.app\\\/#\\\/schema\\\/logo\\\/image\\\/\",\"url\":\"https:\\\/\\\/yupie.app\\\/wp-content\\\/uploads\\\/2025\\\/07\\\/cropped-uj-logo.png\",\"contentUrl\":\"https:\\\/\\\/yupie.app\\\/wp-content\\\/uploads\\\/2025\\\/07\\\/cropped-uj-logo.png\",\"width\":500,\"height\":208,\"caption\":\"yupie.app\"},\"image\":{\"@id\":\"https:\\\/\\\/yupie.app\\\/#\\\/schema\\\/logo\\\/image\\\/\"},\"sameAs\":[\"https:\\\/\\\/www.facebook.com\\\/profile.php?id=100089345417295\"]}]}<\/script>\n<!-- \/ Yoast SEO plugin. -->","yoast_head_json":{"title":"Csend\u00e9let poszterk\u00e9p \u00fcveg bor\u00edt\u00e1ssal (ismeretlen fest\u0151, eredeti c\u00edm ismeretlen) - yupie.app","description":"Ez a csend\u00e9let l\u00e1tv\u00e1nyosan \u00e1br\u00e1zolja a term\u00e9szet sz\u00e9ps\u00e9geit. Az arany t\u00e1lca k\u00f6zponti szerepet j\u00e1tszik, m\u00f6g\u00f6tte egy gazdagon d\u00edsz\u00edtett porcel\u00e1n v\u00e1za \u00e1ll.","robots":{"index":"index","follow":"follow","max-snippet":"max-snippet:-1","max-image-preview":"max-image-preview:large","max-video-preview":"max-video-preview:-1"},"canonical":"https:\/\/yupie.app\/ro\/product\/csendelet-poszterkep-uveg-boritassal-ismeretlen-festo-eredeti-cim-ismeretlen\/","og_locale":"ro_RO","og_type":"article","og_title":"Csend\u00e9let poszterk\u00e9p \u00fcveg bor\u00edt\u00e1ssal (ismeretlen fest\u0151, eredeti c\u00edm ismeretlen) - yupie.app","og_description":"Ez a csend\u00e9let l\u00e1tv\u00e1nyosan \u00e1br\u00e1zolja a term\u00e9szet sz\u00e9ps\u00e9geit. Az arany t\u00e1lca k\u00f6zponti szerepet j\u00e1tszik, m\u00f6g\u00f6tte egy gazdagon d\u00edsz\u00edtett porcel\u00e1n v\u00e1za \u00e1ll.","og_url":"https:\/\/yupie.app\/ro\/product\/csendelet-poszterkep-uveg-boritassal-ismeretlen-festo-eredeti-cim-ismeretlen\/","og_site_name":"yupie.app","article_publisher":"https:\/\/www.facebook.com\/profile.php?id=100089345417295","article_modified_time":"2026-01-06T11:53:07+00:00","og_image":[{"width":1024,"height":680,"url":"https:\/\/yupie.app\/wp-content\/uploads\/2023\/08\/DSC01850-scaled-1024x680.png","type":"image\/png"}],"twitter_card":"summary_large_image","twitter_misc":{"Timp estimat pentru citire":"1 minut"},"schema":{"@context":"https:\/\/schema.org","@graph":[{"@type":"WebPage","@id":"https:\/\/yupie.app\/product\/csendelet-poszterkep-uveg-boritassal-ismeretlen-festo-eredeti-cim-ismeretlen\/","url":"https:\/\/yupie.app\/product\/csendelet-poszterkep-uveg-boritassal-ismeretlen-festo-eredeti-cim-ismeretlen\/","name":"Csend\u00e9let poszterk\u00e9p \u00fcveg bor\u00edt\u00e1ssal (ismeretlen fest\u0151, eredeti c\u00edm ismeretlen) - yupie.app","isPartOf":{"@id":"https:\/\/yupie.app\/#website"},"primaryImageOfPage":{"@id":"https:\/\/yupie.app\/product\/csendelet-poszterkep-uveg-boritassal-ismeretlen-festo-eredeti-cim-ismeretlen\/#primaryimage"},"image":{"@id":"https:\/\/yupie.app\/product\/csendelet-poszterkep-uveg-boritassal-ismeretlen-festo-eredeti-cim-ismeretlen\/#primaryimage"},"thumbnailUrl":"https:\/\/yupie.app\/wp-content\/uploads\/2023\/08\/DSC01850-scaled.png","datePublished":"2023-08-29T12:14:02+00:00","dateModified":"2026-01-06T11:53:07+00:00","description":"Ez a csend\u00e9let l\u00e1tv\u00e1nyosan \u00e1br\u00e1zolja a term\u00e9szet sz\u00e9ps\u00e9geit. Az arany t\u00e1lca k\u00f6zponti szerepet j\u00e1tszik, m\u00f6g\u00f6tte egy gazdagon d\u00edsz\u00edtett porcel\u00e1n v\u00e1za \u00e1ll.","breadcrumb":{"@id":"https:\/\/yupie.app\/product\/csendelet-poszterkep-uveg-boritassal-ismeretlen-festo-eredeti-cim-ismeretlen\/#breadcrumb"},"inLanguage":"ro-RO","potentialAction":[{"@type":"ReadAction","target":["https:\/\/yupie.app\/product\/csendelet-poszterkep-uveg-boritassal-ismeretlen-festo-eredeti-cim-ismeretlen\/"]}]},{"@type":"ImageObject","inLanguage":"ro-RO","@id":"https:\/\/yupie.app\/product\/csendelet-poszterkep-uveg-boritassal-ismeretlen-festo-eredeti-cim-ismeretlen\/#primaryimage","url":"https:\/\/yupie.app\/wp-content\/uploads\/2023\/08\/DSC01850-scaled.png","contentUrl":"https:\/\/yupie.app\/wp-content\/uploads\/2023\/08\/DSC01850-scaled.png","width":2560,"height":1699,"caption":"Csend\u00e9let poszterk\u00e9p \u00fcveg bor\u00edt\u00e1ssal (ismeretlen fest\u0151, eredeti c\u00edm ismeretlen), dekor\u00e1ci\u00f3, k\u00e9pek, yupie"},{"@type":"BreadcrumbList","@id":"https:\/\/yupie.app\/product\/csendelet-poszterkep-uveg-boritassal-ismeretlen-festo-eredeti-cim-ismeretlen\/#breadcrumb","itemListElement":[{"@type":"ListItem","position":1,"name":"Kezd\u0151lap","item":"https:\/\/yupie.app\/"},{"@type":"ListItem","position":2,"name":"Katal\u00f3gus","item":"https:\/\/yupie.app\/katalogus\/"},{"@type":"ListItem","position":3,"name":"Csend\u00e9let poszterk\u00e9p \u00fcveg bor\u00edt\u00e1ssal (ismeretlen fest\u0151, eredeti c\u00edm ismeretlen)"}]},{"@type":"WebSite","@id":"https:\/\/yupie.app\/#website","url":"https:\/\/yupie.app\/","name":"yupie.app","description":"","publisher":{"@id":"https:\/\/yupie.app\/#organization"},"potentialAction":[{"@type":"SearchAction","target":{"@type":"EntryPoint","urlTemplate":"https:\/\/yupie.app\/?s={search_term_string}"},"query-input":{"@type":"PropertyValueSpecification","valueRequired":true,"valueName":"search_term_string"}}],"inLanguage":"ro-RO"},{"@type":"Organization","@id":"https:\/\/yupie.app\/#organization","name":"yupie.app","url":"https:\/\/yupie.app\/","logo":{"@type":"ImageObject","inLanguage":"ro-RO","@id":"https:\/\/yupie.app\/#\/schema\/logo\/image\/","url":"https:\/\/yupie.app\/wp-content\/uploads\/2025\/07\/cropped-uj-logo.png","contentUrl":"https:\/\/yupie.app\/wp-content\/uploads\/2025\/07\/cropped-uj-logo.png","width":500,"height":208,"caption":"yupie.app"},"image":{"@id":"https:\/\/yupie.app\/#\/schema\/logo\/image\/"},"sameAs":["https:\/\/www.facebook.com\/profile.php?id=100089345417295"]}]}},"jetpack_sharing_enabled":true,"_links":{"self":[{"href":"https:\/\/yupie.app\/ro\/wp-json\/wp\/v2\/product\/3044","targetHints":{"allow":["GET"]}}],"collection":[{"href":"https:\/\/yupie.app\/ro\/wp-json\/wp\/v2\/product"}],"about":[{"href":"https:\/\/yupie.app\/ro\/wp-json\/wp\/v2\/types\/product"}],"version-history":[{"count":0,"href":"https:\/\/yupie.app\/ro\/wp-json\/wp\/v2\/product\/3044\/revisions"}],"wp:featuredmedia":[{"embeddable":true,"href":"https:\/\/yupie.app\/ro\/wp-json\/wp\/v2\/media\/3046"}],"wp:attachment":[{"href":"https:\/\/yupie.app\/ro\/wp-json\/wp\/v2\/media?parent=3044"}],"wp:term":[{"taxonomy":"product_brand","embeddable":true,"href":"https:\/\/yupie.app\/ro\/wp-json\/wp\/v2\/product_brand?post=3044"},{"taxonomy":"product_cat","embeddable":true,"href":"https:\/\/yupie.app\/ro\/wp-json\/wp\/v2\/product_cat?post=3044"},{"taxonomy":"product_tag","embeddable":true,"href":"https:\/\/yupie.app\/ro\/wp-json\/wp\/v2\/product_tag?post=3044"}],"curies":[{"name":"wp","href":"https:\/\/api.w.org\/{rel}","templated":true}]}}