{"id":2981,"date":"2023-08-28T15:45:38","date_gmt":"2023-08-28T13:45:38","guid":{"rendered":"https:\/\/yupie.hu\/?post_type=product&#038;p=2981"},"modified":"2026-01-06T13:55:12","modified_gmt":"2026-01-06T11:55:12","slug":"lovas-poszterkep-otto-bache-locsapat-a-fogado-elott-cimu-muve-alapjan","status":"publish","type":"product","link":"https:\/\/yupie.app\/ro\/product\/lovas-poszterkep-otto-bache-locsapat-a-fogado-elott-cimu-muve-alapjan\/","title":{"rendered":"Lovas poszterk\u00e9p (Otto Bache: L\u00f3csapat a fogad\u00f3 el\u0151tt c\u00edm\u0171 m\u0171ve alapj\u00e1n)"},"content":{"rendered":"<div class=\"flex-1 overflow-hidden\">\n<div class=\"react-scroll-to-bottom--css-zlpae-79elbk h-full dark:bg-gray-800\">\n<div class=\"react-scroll-to-bottom--css-zlpae-1n7m0yu\">\n<div class=\"flex flex-col text-sm dark:bg-gray-800\">\n<div class=\"group w-full text-token-text-primary border-b border-black\/10 dark:border-gray-900\/50 bg-gray-50 dark:bg-[#444654]\" data-testid=\"conversation-turn-3\">\n<div class=\"flex p-4 gap-4 text-base md:gap-6 md:max-w-2xl lg:max-w-[38rem] xl:max-w-3xl md:py-6 lg:px-0 m-auto\">\n<div class=\"relative flex w-[calc(100%-50px)] flex-col gap-1 md:gap-3 lg:w-[calc(100%-115px)]\">\n<div class=\"flex flex-grow flex-col gap-3 max-w-full\">\n<div class=\"min-h-[20px] flex flex-col items-start gap-3 overflow-x-auto whitespace-pre-wrap break-words\">\n<div class=\"markdown prose w-full break-words dark:prose-invert light\">\n<p>Ez a lovas poszterk\u00e9p, mely Otto Bache m\u0171ve apalj\u00e1n k\u00e9sz\u00fclt, igaz\u00e1n izgalmas jelenetet \u00e1br\u00e1zol. A k\u00e9p k\u00f6z\u00e9ppontj\u00e1ban egy csoport lovat l\u00e1thatunk egy vid\u00e9ki fogad\u00f3 el\u0151tt. A lovak gy\u00f6ny\u00f6r\u0171en kidolgozottak, sz\u00e9les v\u00e1lluk \u00e9s feszes izmaik a lend\u00fcletet \u00e9s az er\u0151t szimboliz\u00e1lj\u00e1k. A festm\u00e9ny meg\u00f6r\u00f6k\u00edti a fogad\u00f3 idilli k\u00f6rnyezet\u00e9t is. Az \u00e9p\u00fclet k\u0151falai \u00e9s faablakai meleg otthonoss\u00e1got sug\u00e1roznak.<\/p>\n<p>A k\u00e9pen l\u00e1that\u00f3 nyolc l\u00f3 k\u00f6t\u00e9lell van sorban hozz\u00e1k\u00f6t\u00f6zve az els\u0151 l\u00f3 fark\u00e1hoz. \u00cdgy ezt a nyolc l\u00f3b\u00f3l \u00e1ll\u00f3 csoportot a bal els\u0151 feh\u00e9r lovon \u00fcl\u0151 f\u00e9rfi vezeti. A v\u00f6r\u00f6s kab\u00e1tos h\u00edrn\u00f6k a k\u00fcrtj\u00e9t f\u00fajja, a k\u00fcrt hangja pedig zavartt\u00e1 teszi a lovakat.\u00a0A sor negydik lova egy foltos, a Knabstrup m\u00e9nesb\u0151l, az utols\u00f3 l\u00f3nak van n\u00e9h\u00e1ny arab von\u00e1sa. R\u00e9gen ez a m\u00f3dszer volt a legn\u00e9pszer\u0171bb \u00e9s a legegyszer\u0171bb a lovak sz\u00e1ll\u00edt\u00e1s\u00e1ra.<\/p>\n<p>A poszter r\u00e9szleteiben is gazdag. A sz\u00ednek \u00e9l\u00e9nkek \u00e9s harmonikusak, amelyek hozz\u00e1j\u00e1rulnak a k\u00e9p eg\u00e9sz\u00e9nek sz\u00e9ps\u00e9g\u00e9hez \u00e9s vonzerej\u00e9hez.<\/p>\n<p>&nbsp;<\/p>\n<\/div>\n<\/div>\n<\/div>\n<\/div>\n<\/div>\n<\/div>\n<\/div>\n<\/div>\n<\/div>\n<\/div>","protected":false},"excerpt":{"rendered":"<p>Ez a leny\u0171g\u00f6z\u0151 lovas poszterk\u00e9p Otto Bache m\u0171v\u00e9nek m\u00e1solata alapj\u00e1n k\u00e9sz\u00fclt. A festm\u00e9ny \u00e9leth\u0171 r\u00e9szletei \u00e9s a leny\u0171g\u00f6z\u0151 sz\u00ednek harmoni\u00e1ja azonnal mag\u00e1val ragadja a n\u00e9z\u0151t. A k\u00e9pen egy csod\u00e1latosan meg\u00f6r\u00f6k\u00edtett pillanat l\u00e1that\u00f3, ahol egy csoport l\u00f3 halad el a hangulatos fogad\u00f3 el\u0151tt.<\/p>\n<p>Bache mesteri m\u00f3don j\u00e1tszik a f\u00e9ny \u00e9s \u00e1rny\u00e9k kontrasztj\u00e1val, ami \u00e9leth\u0171v\u00e9 teszi a k\u00e9pet. A lovak k\u00fcl\u00f6nleges r\u00e9szletess\u00e9ggel \u00e9s gondosan kidolgozott vonalakkal vannak \u00e1br\u00e1zolva, ami egyed\u00fcl\u00e1ll\u00f3 szem\u00e9lyis\u00e9g\u00fcket \u00e9s er\u0151teljes jelenl\u00e9t\u00fcket hangs\u00falyozza. A fogad\u00f3 h\u00e1tter\u00e9ben megjelen\u0151 r\u00e9szletek a helysz\u00edn karakter\u00e9t id\u00e9zik.<\/p>","protected":false},"featured_media":2986,"template":"","meta":[],"product_brand":[],"product_cat":[533],"product_tag":[85,87,116,1162,1164,1161,1163,1160,1068],"class_list":{"0":"post-2981","1":"product","2":"type-product","3":"status-publish","4":"has-post-thumbnail","6":"product_cat-kepek-dekoracio","7":"product_tag-barna","8":"product_tag-feher","9":"product_tag-fekete","10":"product_tag-fogado","11":"product_tag-hirnok","12":"product_tag-lovak","13":"product_tag-menes","14":"product_tag-otto-bache","15":"product_tag-poszterkep","16":"description-off","18":"first","19":"instock","20":"shipping-taxable","21":"purchasable","22":"product-type-simple"},"yoast_head":"<!-- This site is optimized with the Yoast SEO plugin v27.3 - https:\/\/yoast.com\/product\/yoast-seo-wordpress\/ -->\n<title>Lovas poszterk\u00e9p (Otto Bache: L\u00f3csapat a fogad\u00f3 el\u0151tt c\u00edm\u0171 m\u0171ve alapj\u00e1n) - yupie.app<\/title>\n<meta name=\"description\" content=\"Ez a lovas poszterk\u00e9p, mely Otto Bache m\u0171ve apalj\u00e1n k\u00e9sz\u00fclt, igaz\u00e1n izgalmas jelenetet \u00e1br\u00e1zol. A k\u00e9p k\u00f6z\u00e9ppontj\u00e1ban egy csoport lovat l\u00e1thatunk.\" \/>\n<meta name=\"robots\" content=\"index, follow, max-snippet:-1, max-image-preview:large, max-video-preview:-1\" \/>\n<link rel=\"canonical\" href=\"https:\/\/yupie.app\/ro\/product\/lovas-poszterkep-otto-bache-locsapat-a-fogado-elott-cimu-muve-alapjan\/\" \/>\n<meta property=\"og:locale\" content=\"ro_RO\" \/>\n<meta property=\"og:type\" content=\"article\" \/>\n<meta property=\"og:title\" content=\"Lovas poszterk\u00e9p (Otto Bache: L\u00f3csapat a fogad\u00f3 el\u0151tt c\u00edm\u0171 m\u0171ve alapj\u00e1n) - yupie.app\" \/>\n<meta property=\"og:description\" content=\"Ez a lovas poszterk\u00e9p, mely Otto Bache m\u0171ve apalj\u00e1n k\u00e9sz\u00fclt, igaz\u00e1n izgalmas jelenetet \u00e1br\u00e1zol. A k\u00e9p k\u00f6z\u00e9ppontj\u00e1ban egy csoport lovat l\u00e1thatunk.\" \/>\n<meta property=\"og:url\" content=\"https:\/\/yupie.app\/ro\/product\/lovas-poszterkep-otto-bache-locsapat-a-fogado-elott-cimu-muve-alapjan\/\" \/>\n<meta property=\"og:site_name\" content=\"yupie.app\" \/>\n<meta property=\"article:publisher\" content=\"https:\/\/www.facebook.com\/profile.php?id=100089345417295\" \/>\n<meta property=\"article:modified_time\" content=\"2026-01-06T11:55:12+00:00\" \/>\n<meta property=\"og:image\" content=\"https:\/\/yupie.app\/wp-content\/uploads\/2023\/08\/DSC01803-scaled-1024x820.png\" \/>\n\t<meta property=\"og:image:width\" content=\"1024\" \/>\n\t<meta property=\"og:image:height\" content=\"820\" \/>\n\t<meta property=\"og:image:type\" content=\"image\/png\" \/>\n<meta name=\"twitter:card\" content=\"summary_large_image\" \/>\n<meta name=\"twitter:label1\" content=\"Timp estimat pentru citire\" \/>\n\t<meta name=\"twitter:data1\" content=\"1 minut\" \/>\n<script type=\"application\/ld+json\" class=\"yoast-schema-graph\">{\"@context\":\"https:\\\/\\\/schema.org\",\"@graph\":[{\"@type\":\"WebPage\",\"@id\":\"https:\\\/\\\/yupie.app\\\/product\\\/lovas-poszterkep-otto-bache-locsapat-a-fogado-elott-cimu-muve-alapjan\\\/\",\"url\":\"https:\\\/\\\/yupie.app\\\/product\\\/lovas-poszterkep-otto-bache-locsapat-a-fogado-elott-cimu-muve-alapjan\\\/\",\"name\":\"Lovas poszterk\u00e9p (Otto Bache: L\u00f3csapat a fogad\u00f3 el\u0151tt c\u00edm\u0171 m\u0171ve alapj\u00e1n) - yupie.app\",\"isPartOf\":{\"@id\":\"https:\\\/\\\/yupie.app\\\/#website\"},\"primaryImageOfPage\":{\"@id\":\"https:\\\/\\\/yupie.app\\\/product\\\/lovas-poszterkep-otto-bache-locsapat-a-fogado-elott-cimu-muve-alapjan\\\/#primaryimage\"},\"image\":{\"@id\":\"https:\\\/\\\/yupie.app\\\/product\\\/lovas-poszterkep-otto-bache-locsapat-a-fogado-elott-cimu-muve-alapjan\\\/#primaryimage\"},\"thumbnailUrl\":\"https:\\\/\\\/yupie.app\\\/wp-content\\\/uploads\\\/2023\\\/08\\\/DSC01803-scaled.png\",\"datePublished\":\"2023-08-28T13:45:38+00:00\",\"dateModified\":\"2026-01-06T11:55:12+00:00\",\"description\":\"Ez a lovas poszterk\u00e9p, mely Otto Bache m\u0171ve apalj\u00e1n k\u00e9sz\u00fclt, igaz\u00e1n izgalmas jelenetet \u00e1br\u00e1zol. A k\u00e9p k\u00f6z\u00e9ppontj\u00e1ban egy csoport lovat l\u00e1thatunk.\",\"breadcrumb\":{\"@id\":\"https:\\\/\\\/yupie.app\\\/product\\\/lovas-poszterkep-otto-bache-locsapat-a-fogado-elott-cimu-muve-alapjan\\\/#breadcrumb\"},\"inLanguage\":\"ro-RO\",\"potentialAction\":[{\"@type\":\"ReadAction\",\"target\":[\"https:\\\/\\\/yupie.app\\\/product\\\/lovas-poszterkep-otto-bache-locsapat-a-fogado-elott-cimu-muve-alapjan\\\/\"]}]},{\"@type\":\"ImageObject\",\"inLanguage\":\"ro-RO\",\"@id\":\"https:\\\/\\\/yupie.app\\\/product\\\/lovas-poszterkep-otto-bache-locsapat-a-fogado-elott-cimu-muve-alapjan\\\/#primaryimage\",\"url\":\"https:\\\/\\\/yupie.app\\\/wp-content\\\/uploads\\\/2023\\\/08\\\/DSC01803-scaled.png\",\"contentUrl\":\"https:\\\/\\\/yupie.app\\\/wp-content\\\/uploads\\\/2023\\\/08\\\/DSC01803-scaled.png\",\"width\":2560,\"height\":2051,\"caption\":\"Lovas poszterk\u00e9p (Otto Bache L\u00f3csapat a fogad\u00f3 el\u0151tt c\u00edm\u0171 m\u0171ve alapj\u00e1n), dekor\u00e1ci\u00f3, k\u00e9pek, yupie\"},{\"@type\":\"BreadcrumbList\",\"@id\":\"https:\\\/\\\/yupie.app\\\/product\\\/lovas-poszterkep-otto-bache-locsapat-a-fogado-elott-cimu-muve-alapjan\\\/#breadcrumb\",\"itemListElement\":[{\"@type\":\"ListItem\",\"position\":1,\"name\":\"Kezd\u0151lap\",\"item\":\"https:\\\/\\\/yupie.app\\\/\"},{\"@type\":\"ListItem\",\"position\":2,\"name\":\"Katal\u00f3gus\",\"item\":\"https:\\\/\\\/yupie.app\\\/katalogus\\\/\"},{\"@type\":\"ListItem\",\"position\":3,\"name\":\"Lovas poszterk\u00e9p (Otto Bache: L\u00f3csapat a fogad\u00f3 el\u0151tt c\u00edm\u0171 m\u0171ve alapj\u00e1n)\"}]},{\"@type\":\"WebSite\",\"@id\":\"https:\\\/\\\/yupie.app\\\/#website\",\"url\":\"https:\\\/\\\/yupie.app\\\/\",\"name\":\"yupie.app\",\"description\":\"\",\"publisher\":{\"@id\":\"https:\\\/\\\/yupie.app\\\/#organization\"},\"potentialAction\":[{\"@type\":\"SearchAction\",\"target\":{\"@type\":\"EntryPoint\",\"urlTemplate\":\"https:\\\/\\\/yupie.app\\\/?s={search_term_string}\"},\"query-input\":{\"@type\":\"PropertyValueSpecification\",\"valueRequired\":true,\"valueName\":\"search_term_string\"}}],\"inLanguage\":\"ro-RO\"},{\"@type\":\"Organization\",\"@id\":\"https:\\\/\\\/yupie.app\\\/#organization\",\"name\":\"yupie.app\",\"url\":\"https:\\\/\\\/yupie.app\\\/\",\"logo\":{\"@type\":\"ImageObject\",\"inLanguage\":\"ro-RO\",\"@id\":\"https:\\\/\\\/yupie.app\\\/#\\\/schema\\\/logo\\\/image\\\/\",\"url\":\"https:\\\/\\\/yupie.app\\\/wp-content\\\/uploads\\\/2025\\\/07\\\/cropped-uj-logo.png\",\"contentUrl\":\"https:\\\/\\\/yupie.app\\\/wp-content\\\/uploads\\\/2025\\\/07\\\/cropped-uj-logo.png\",\"width\":500,\"height\":208,\"caption\":\"yupie.app\"},\"image\":{\"@id\":\"https:\\\/\\\/yupie.app\\\/#\\\/schema\\\/logo\\\/image\\\/\"},\"sameAs\":[\"https:\\\/\\\/www.facebook.com\\\/profile.php?id=100089345417295\"]}]}<\/script>\n<!-- \/ Yoast SEO plugin. -->","yoast_head_json":{"title":"Lovas poszterk\u00e9p (Otto Bache: L\u00f3csapat a fogad\u00f3 el\u0151tt c\u00edm\u0171 m\u0171ve alapj\u00e1n) - yupie.app","description":"Ez a lovas poszterk\u00e9p, mely Otto Bache m\u0171ve apalj\u00e1n k\u00e9sz\u00fclt, igaz\u00e1n izgalmas jelenetet \u00e1br\u00e1zol. A k\u00e9p k\u00f6z\u00e9ppontj\u00e1ban egy csoport lovat l\u00e1thatunk.","robots":{"index":"index","follow":"follow","max-snippet":"max-snippet:-1","max-image-preview":"max-image-preview:large","max-video-preview":"max-video-preview:-1"},"canonical":"https:\/\/yupie.app\/ro\/product\/lovas-poszterkep-otto-bache-locsapat-a-fogado-elott-cimu-muve-alapjan\/","og_locale":"ro_RO","og_type":"article","og_title":"Lovas poszterk\u00e9p (Otto Bache: L\u00f3csapat a fogad\u00f3 el\u0151tt c\u00edm\u0171 m\u0171ve alapj\u00e1n) - yupie.app","og_description":"Ez a lovas poszterk\u00e9p, mely Otto Bache m\u0171ve apalj\u00e1n k\u00e9sz\u00fclt, igaz\u00e1n izgalmas jelenetet \u00e1br\u00e1zol. A k\u00e9p k\u00f6z\u00e9ppontj\u00e1ban egy csoport lovat l\u00e1thatunk.","og_url":"https:\/\/yupie.app\/ro\/product\/lovas-poszterkep-otto-bache-locsapat-a-fogado-elott-cimu-muve-alapjan\/","og_site_name":"yupie.app","article_publisher":"https:\/\/www.facebook.com\/profile.php?id=100089345417295","article_modified_time":"2026-01-06T11:55:12+00:00","og_image":[{"width":1024,"height":820,"url":"https:\/\/yupie.app\/wp-content\/uploads\/2023\/08\/DSC01803-scaled-1024x820.png","type":"image\/png"}],"twitter_card":"summary_large_image","twitter_misc":{"Timp estimat pentru citire":"1 minut"},"schema":{"@context":"https:\/\/schema.org","@graph":[{"@type":"WebPage","@id":"https:\/\/yupie.app\/product\/lovas-poszterkep-otto-bache-locsapat-a-fogado-elott-cimu-muve-alapjan\/","url":"https:\/\/yupie.app\/product\/lovas-poszterkep-otto-bache-locsapat-a-fogado-elott-cimu-muve-alapjan\/","name":"Lovas poszterk\u00e9p (Otto Bache: L\u00f3csapat a fogad\u00f3 el\u0151tt c\u00edm\u0171 m\u0171ve alapj\u00e1n) - yupie.app","isPartOf":{"@id":"https:\/\/yupie.app\/#website"},"primaryImageOfPage":{"@id":"https:\/\/yupie.app\/product\/lovas-poszterkep-otto-bache-locsapat-a-fogado-elott-cimu-muve-alapjan\/#primaryimage"},"image":{"@id":"https:\/\/yupie.app\/product\/lovas-poszterkep-otto-bache-locsapat-a-fogado-elott-cimu-muve-alapjan\/#primaryimage"},"thumbnailUrl":"https:\/\/yupie.app\/wp-content\/uploads\/2023\/08\/DSC01803-scaled.png","datePublished":"2023-08-28T13:45:38+00:00","dateModified":"2026-01-06T11:55:12+00:00","description":"Ez a lovas poszterk\u00e9p, mely Otto Bache m\u0171ve apalj\u00e1n k\u00e9sz\u00fclt, igaz\u00e1n izgalmas jelenetet \u00e1br\u00e1zol. A k\u00e9p k\u00f6z\u00e9ppontj\u00e1ban egy csoport lovat l\u00e1thatunk.","breadcrumb":{"@id":"https:\/\/yupie.app\/product\/lovas-poszterkep-otto-bache-locsapat-a-fogado-elott-cimu-muve-alapjan\/#breadcrumb"},"inLanguage":"ro-RO","potentialAction":[{"@type":"ReadAction","target":["https:\/\/yupie.app\/product\/lovas-poszterkep-otto-bache-locsapat-a-fogado-elott-cimu-muve-alapjan\/"]}]},{"@type":"ImageObject","inLanguage":"ro-RO","@id":"https:\/\/yupie.app\/product\/lovas-poszterkep-otto-bache-locsapat-a-fogado-elott-cimu-muve-alapjan\/#primaryimage","url":"https:\/\/yupie.app\/wp-content\/uploads\/2023\/08\/DSC01803-scaled.png","contentUrl":"https:\/\/yupie.app\/wp-content\/uploads\/2023\/08\/DSC01803-scaled.png","width":2560,"height":2051,"caption":"Lovas poszterk\u00e9p (Otto Bache L\u00f3csapat a fogad\u00f3 el\u0151tt c\u00edm\u0171 m\u0171ve alapj\u00e1n), dekor\u00e1ci\u00f3, k\u00e9pek, yupie"},{"@type":"BreadcrumbList","@id":"https:\/\/yupie.app\/product\/lovas-poszterkep-otto-bache-locsapat-a-fogado-elott-cimu-muve-alapjan\/#breadcrumb","itemListElement":[{"@type":"ListItem","position":1,"name":"Kezd\u0151lap","item":"https:\/\/yupie.app\/"},{"@type":"ListItem","position":2,"name":"Katal\u00f3gus","item":"https:\/\/yupie.app\/katalogus\/"},{"@type":"ListItem","position":3,"name":"Lovas poszterk\u00e9p (Otto Bache: L\u00f3csapat a fogad\u00f3 el\u0151tt c\u00edm\u0171 m\u0171ve alapj\u00e1n)"}]},{"@type":"WebSite","@id":"https:\/\/yupie.app\/#website","url":"https:\/\/yupie.app\/","name":"yupie.app","description":"","publisher":{"@id":"https:\/\/yupie.app\/#organization"},"potentialAction":[{"@type":"SearchAction","target":{"@type":"EntryPoint","urlTemplate":"https:\/\/yupie.app\/?s={search_term_string}"},"query-input":{"@type":"PropertyValueSpecification","valueRequired":true,"valueName":"search_term_string"}}],"inLanguage":"ro-RO"},{"@type":"Organization","@id":"https:\/\/yupie.app\/#organization","name":"yupie.app","url":"https:\/\/yupie.app\/","logo":{"@type":"ImageObject","inLanguage":"ro-RO","@id":"https:\/\/yupie.app\/#\/schema\/logo\/image\/","url":"https:\/\/yupie.app\/wp-content\/uploads\/2025\/07\/cropped-uj-logo.png","contentUrl":"https:\/\/yupie.app\/wp-content\/uploads\/2025\/07\/cropped-uj-logo.png","width":500,"height":208,"caption":"yupie.app"},"image":{"@id":"https:\/\/yupie.app\/#\/schema\/logo\/image\/"},"sameAs":["https:\/\/www.facebook.com\/profile.php?id=100089345417295"]}]}},"jetpack_sharing_enabled":true,"_links":{"self":[{"href":"https:\/\/yupie.app\/ro\/wp-json\/wp\/v2\/product\/2981","targetHints":{"allow":["GET"]}}],"collection":[{"href":"https:\/\/yupie.app\/ro\/wp-json\/wp\/v2\/product"}],"about":[{"href":"https:\/\/yupie.app\/ro\/wp-json\/wp\/v2\/types\/product"}],"version-history":[{"count":0,"href":"https:\/\/yupie.app\/ro\/wp-json\/wp\/v2\/product\/2981\/revisions"}],"wp:featuredmedia":[{"embeddable":true,"href":"https:\/\/yupie.app\/ro\/wp-json\/wp\/v2\/media\/2986"}],"wp:attachment":[{"href":"https:\/\/yupie.app\/ro\/wp-json\/wp\/v2\/media?parent=2981"}],"wp:term":[{"taxonomy":"product_brand","embeddable":true,"href":"https:\/\/yupie.app\/ro\/wp-json\/wp\/v2\/product_brand?post=2981"},{"taxonomy":"product_cat","embeddable":true,"href":"https:\/\/yupie.app\/ro\/wp-json\/wp\/v2\/product_cat?post=2981"},{"taxonomy":"product_tag","embeddable":true,"href":"https:\/\/yupie.app\/ro\/wp-json\/wp\/v2\/product_tag?post=2981"}],"curies":[{"name":"wp","href":"https:\/\/api.w.org\/{rel}","templated":true}]}}