{"id":2887,"date":"2023-08-25T09:59:32","date_gmt":"2023-08-25T07:59:32","guid":{"rendered":"https:\/\/yupie.hu\/?post_type=product&#038;p=2887"},"modified":"2026-03-26T08:57:47","modified_gmt":"2026-03-26T06:57:47","slug":"chr-pedersen-viragos-mezo-tajkep-alairt-eredeti-cim-ismeretlen","status":"publish","type":"product","link":"https:\/\/yupie.app\/ro\/product\/chr-pedersen-viragos-mezo-tajkep-alairt-eredeti-cim-ismeretlen\/","title":{"rendered":"Chr. Pedersen vir\u00e1gos mez\u0151 t\u00e1jk\u00e9p \u2013 al\u00e1\u00edrt eredeti festm\u00e9ny, klasszikus t\u00e1jk\u00e9p faldekor\u00e1ci\u00f3"},"content":{"rendered":"<p>Ez a vir\u00e1gos mez\u0151 t\u00e1jk\u00e9p fest\u0151i l\u00e1tv\u00e1nyt t\u00e1r el\u00e9nk, k\u00f6zpontban a vir\u00e1gokkal bor\u00edtott domboldallal, \u00e9s a t\u00e1voli f\u00fcves dombokkal. Ahogy a Nap sugarai finoman simogatj\u00e1k az aranyl\u00f3 mez\u0151 vir\u00e1gait, a t\u00e1j megelevenedik. A vir\u00e1gos mez\u0151 sz\u00ednpomp\u00e1j\u00e1ban piros, s\u00e1rga \u00e9s feh\u00e9r vir\u00e1gok t\u00fcnd\u00f6k\u00f6lnek, mintha egy \u00e9l\u0151 festm\u00e9nyt alkotn\u00e1nak.<\/p>\n<p>A domboldal \u00fagy ter\u00fcl el, mintha a term\u00e9szet saj\u00e1t keze form\u00e1lta volna. A v\u00f6r\u00f6s \u00e9s feh\u00e9r vir\u00e1gok \u00fagy fedik le a dombot, mintha egy hatalmas vir\u00e1gos sz\u0151nyeget alkotn\u00e1nak. Ahogy k\u00f6zelebb l\u00e9p\u00fcnk, a vir\u00e1gok illata \u00e9desen \u00fcdv\u00f6z\u00f6l, \u00e9s a madarak dalol\u00e1sa a leveg\u0151ben zen\u00e9t sz\u00f3laltat meg.<\/p>\n<p>A t\u00e1volban hatalmas dombok emelkednek a horizonton. L\u00e1gyan \u00e1rnyalva a t\u00e1jat, mintha \u0151rz\u0151i lenn\u00e9nek ennek a term\u00e9szeti csod\u00e1nak. A z\u00f6ldell\u0151 lank\u00e1k a t\u00e1volban elmos\u00f3dva szinte mesebeli l\u00e1tv\u00e1nyt ny\u00fajtanak.<\/p>\n<p>Ez a vir\u00e1gos mez\u0151 egy igazi term\u00e9szeti kincs, ahol a sz\u00e9ps\u00e9g \u00e9s a b\u00e9ke \u00f6r\u00f6k id\u0151ket \u00edg\u00e9r. Ez a t\u00e1j egy igazi gy\u00f6ngyszem a term\u00e9szet fest\u0151v\u00e1szn\u00e1n, ahol a vir\u00e1gok sz\u00ednpomp\u00e1ja \u00e9s a t\u00e1j csendje tal\u00e1lkozik.<\/p>","protected":false},"excerpt":{"rendered":"<p>Al\u00e1\u00edrt Chr. Pedersen vir\u00e1gos mez\u0151 t\u00e1jk\u00e9p, eredeti festm\u00e9ny term\u00e9szetk\u00f6zeli hangulattal \u2013 eleg\u00e1ns \u00e9s \u00e9rt\u00e9k\u00e1ll\u00f3 faldekor\u00e1ci\u00f3 klasszikus enteri\u0151rbe.<\/p>","protected":false},"featured_media":2889,"template":"","meta":[],"product_brand":[],"product_cat":[533],"product_tag":[59,996,535,992,934,536,798,1129,735,1128],"class_list":{"0":"post-2887","1":"product","2":"type-product","3":"status-publish","4":"has-post-thumbnail","6":"product_cat-kepek-dekoracio","7":"product_tag-dekoracio","8":"product_tag-dombok","9":"product_tag-festmeny","10":"product_tag-ismeretlen-cim","11":"product_tag-kepek","12":"product_tag-szinek","13":"product_tag-tajkep","14":"product_tag-virag-szonyeg","15":"product_tag-viragok","16":"product_tag-viragos-mezo","17":"description-off","19":"first","20":"instock","21":"shipping-taxable","22":"purchasable","23":"product-type-simple"},"yoast_head":"<!-- This site is optimized with the Yoast SEO plugin v27.3 - https:\/\/yoast.com\/product\/yoast-seo-wordpress\/ -->\n<title>Chr. Pedersen vir\u00e1gos mez\u0151 t\u00e1jk\u00e9p \u2013 al\u00e1\u00edrt eredeti festm\u00e9ny<\/title>\n<meta name=\"description\" content=\"Ez a vir\u00e1gos mez\u0151 t\u00e1jk\u00e9p fest\u0151i l\u00e1tv\u00e1nyt t\u00e1r el\u00e9nk, k\u00f6zpontban a vir\u00e1gokkal bor\u00edtott domboldallal, \u00e9s a t\u00e1voli f\u00fcves dombokkal.\" \/>\n<meta name=\"robots\" content=\"index, follow, max-snippet:-1, max-image-preview:large, max-video-preview:-1\" \/>\n<link rel=\"canonical\" href=\"https:\/\/yupie.app\/ro\/product\/chr-pedersen-viragos-mezo-tajkep-alairt-eredeti-cim-ismeretlen\/\" \/>\n<meta property=\"og:locale\" content=\"ro_RO\" \/>\n<meta property=\"og:type\" content=\"article\" \/>\n<meta property=\"og:title\" content=\"Chr. Pedersen vir\u00e1gos mez\u0151 t\u00e1jk\u00e9p \u2013 al\u00e1\u00edrt eredeti festm\u00e9ny\" \/>\n<meta property=\"og:description\" content=\"Ez a vir\u00e1gos mez\u0151 t\u00e1jk\u00e9p fest\u0151i l\u00e1tv\u00e1nyt t\u00e1r el\u00e9nk, k\u00f6zpontban a vir\u00e1gokkal bor\u00edtott domboldallal, \u00e9s a t\u00e1voli f\u00fcves dombokkal.\" \/>\n<meta property=\"og:url\" content=\"https:\/\/yupie.app\/ro\/product\/chr-pedersen-viragos-mezo-tajkep-alairt-eredeti-cim-ismeretlen\/\" \/>\n<meta property=\"og:site_name\" content=\"yupie.app\" \/>\n<meta property=\"article:publisher\" content=\"https:\/\/www.facebook.com\/profile.php?id=100089345417295\" \/>\n<meta property=\"article:modified_time\" content=\"2026-03-26T06:57:47+00:00\" \/>\n<meta property=\"og:image\" content=\"https:\/\/yupie.app\/wp-content\/uploads\/2023\/08\/DSC01714-scaled-1024x880.png\" \/>\n\t<meta property=\"og:image:width\" content=\"1024\" \/>\n\t<meta property=\"og:image:height\" content=\"880\" \/>\n\t<meta property=\"og:image:type\" content=\"image\/png\" \/>\n<meta name=\"twitter:card\" content=\"summary_large_image\" \/>\n<meta name=\"twitter:label1\" content=\"Timp estimat pentru citire\" \/>\n\t<meta name=\"twitter:data1\" content=\"2 minute\" \/>\n<script type=\"application\/ld+json\" class=\"yoast-schema-graph\">{\"@context\":\"https:\\\/\\\/schema.org\",\"@graph\":[{\"@type\":\"WebPage\",\"@id\":\"https:\\\/\\\/yupie.app\\\/product\\\/chr-pedersen-viragos-mezo-tajkep-alairt-eredeti-cim-ismeretlen\\\/\",\"url\":\"https:\\\/\\\/yupie.app\\\/product\\\/chr-pedersen-viragos-mezo-tajkep-alairt-eredeti-cim-ismeretlen\\\/\",\"name\":\"Chr. Pedersen vir\u00e1gos mez\u0151 t\u00e1jk\u00e9p \u2013 al\u00e1\u00edrt eredeti festm\u00e9ny\",\"isPartOf\":{\"@id\":\"https:\\\/\\\/yupie.app\\\/#website\"},\"primaryImageOfPage\":{\"@id\":\"https:\\\/\\\/yupie.app\\\/product\\\/chr-pedersen-viragos-mezo-tajkep-alairt-eredeti-cim-ismeretlen\\\/#primaryimage\"},\"image\":{\"@id\":\"https:\\\/\\\/yupie.app\\\/product\\\/chr-pedersen-viragos-mezo-tajkep-alairt-eredeti-cim-ismeretlen\\\/#primaryimage\"},\"thumbnailUrl\":\"https:\\\/\\\/yupie.app\\\/wp-content\\\/uploads\\\/2023\\\/08\\\/DSC01714-scaled.png\",\"datePublished\":\"2023-08-25T07:59:32+00:00\",\"dateModified\":\"2026-03-26T06:57:47+00:00\",\"description\":\"Ez a vir\u00e1gos mez\u0151 t\u00e1jk\u00e9p fest\u0151i l\u00e1tv\u00e1nyt t\u00e1r el\u00e9nk, k\u00f6zpontban a vir\u00e1gokkal bor\u00edtott domboldallal, \u00e9s a t\u00e1voli f\u00fcves dombokkal.\",\"breadcrumb\":{\"@id\":\"https:\\\/\\\/yupie.app\\\/product\\\/chr-pedersen-viragos-mezo-tajkep-alairt-eredeti-cim-ismeretlen\\\/#breadcrumb\"},\"inLanguage\":\"ro-RO\",\"potentialAction\":[{\"@type\":\"ReadAction\",\"target\":[\"https:\\\/\\\/yupie.app\\\/product\\\/chr-pedersen-viragos-mezo-tajkep-alairt-eredeti-cim-ismeretlen\\\/\"]}]},{\"@type\":\"ImageObject\",\"inLanguage\":\"ro-RO\",\"@id\":\"https:\\\/\\\/yupie.app\\\/product\\\/chr-pedersen-viragos-mezo-tajkep-alairt-eredeti-cim-ismeretlen\\\/#primaryimage\",\"url\":\"https:\\\/\\\/yupie.app\\\/wp-content\\\/uploads\\\/2023\\\/08\\\/DSC01714-scaled.png\",\"contentUrl\":\"https:\\\/\\\/yupie.app\\\/wp-content\\\/uploads\\\/2023\\\/08\\\/DSC01714-scaled.png\",\"width\":2560,\"height\":2200,\"caption\":\"Al\u00e1\u00edrt Chr. Pedersen festm\u00e9ny \u2013 vir\u00e1gos mez\u0151 t\u00e1jk\u00e9p, term\u00e9szetk\u00f6zeli hangulat\u00fa klasszikus faldekor\u00e1ci\u00f3\"},{\"@type\":\"BreadcrumbList\",\"@id\":\"https:\\\/\\\/yupie.app\\\/product\\\/chr-pedersen-viragos-mezo-tajkep-alairt-eredeti-cim-ismeretlen\\\/#breadcrumb\",\"itemListElement\":[{\"@type\":\"ListItem\",\"position\":1,\"name\":\"Kezd\u0151lap\",\"item\":\"https:\\\/\\\/yupie.app\\\/\"},{\"@type\":\"ListItem\",\"position\":2,\"name\":\"Katal\u00f3gus\",\"item\":\"https:\\\/\\\/yupie.app\\\/katalogus\\\/\"},{\"@type\":\"ListItem\",\"position\":3,\"name\":\"Chr. Pedersen vir\u00e1gos mez\u0151 t\u00e1jk\u00e9p \u2013 al\u00e1\u00edrt eredeti festm\u00e9ny, klasszikus t\u00e1jk\u00e9p faldekor\u00e1ci\u00f3\"}]},{\"@type\":\"WebSite\",\"@id\":\"https:\\\/\\\/yupie.app\\\/#website\",\"url\":\"https:\\\/\\\/yupie.app\\\/\",\"name\":\"yupie.app\",\"description\":\"\",\"publisher\":{\"@id\":\"https:\\\/\\\/yupie.app\\\/#organization\"},\"potentialAction\":[{\"@type\":\"SearchAction\",\"target\":{\"@type\":\"EntryPoint\",\"urlTemplate\":\"https:\\\/\\\/yupie.app\\\/?s={search_term_string}\"},\"query-input\":{\"@type\":\"PropertyValueSpecification\",\"valueRequired\":true,\"valueName\":\"search_term_string\"}}],\"inLanguage\":\"ro-RO\"},{\"@type\":\"Organization\",\"@id\":\"https:\\\/\\\/yupie.app\\\/#organization\",\"name\":\"yupie.app\",\"url\":\"https:\\\/\\\/yupie.app\\\/\",\"logo\":{\"@type\":\"ImageObject\",\"inLanguage\":\"ro-RO\",\"@id\":\"https:\\\/\\\/yupie.app\\\/#\\\/schema\\\/logo\\\/image\\\/\",\"url\":\"https:\\\/\\\/yupie.app\\\/wp-content\\\/uploads\\\/2025\\\/07\\\/cropped-uj-logo.png\",\"contentUrl\":\"https:\\\/\\\/yupie.app\\\/wp-content\\\/uploads\\\/2025\\\/07\\\/cropped-uj-logo.png\",\"width\":500,\"height\":208,\"caption\":\"yupie.app\"},\"image\":{\"@id\":\"https:\\\/\\\/yupie.app\\\/#\\\/schema\\\/logo\\\/image\\\/\"},\"sameAs\":[\"https:\\\/\\\/www.facebook.com\\\/profile.php?id=100089345417295\"]}]}<\/script>\n<!-- \/ Yoast SEO plugin. -->","yoast_head_json":{"title":"Chr. Pedersen vir\u00e1gos mez\u0151 t\u00e1jk\u00e9p \u2013 al\u00e1\u00edrt eredeti festm\u00e9ny","description":"Ez a vir\u00e1gos mez\u0151 t\u00e1jk\u00e9p fest\u0151i l\u00e1tv\u00e1nyt t\u00e1r el\u00e9nk, k\u00f6zpontban a vir\u00e1gokkal bor\u00edtott domboldallal, \u00e9s a t\u00e1voli f\u00fcves dombokkal.","robots":{"index":"index","follow":"follow","max-snippet":"max-snippet:-1","max-image-preview":"max-image-preview:large","max-video-preview":"max-video-preview:-1"},"canonical":"https:\/\/yupie.app\/ro\/product\/chr-pedersen-viragos-mezo-tajkep-alairt-eredeti-cim-ismeretlen\/","og_locale":"ro_RO","og_type":"article","og_title":"Chr. Pedersen vir\u00e1gos mez\u0151 t\u00e1jk\u00e9p \u2013 al\u00e1\u00edrt eredeti festm\u00e9ny","og_description":"Ez a vir\u00e1gos mez\u0151 t\u00e1jk\u00e9p fest\u0151i l\u00e1tv\u00e1nyt t\u00e1r el\u00e9nk, k\u00f6zpontban a vir\u00e1gokkal bor\u00edtott domboldallal, \u00e9s a t\u00e1voli f\u00fcves dombokkal.","og_url":"https:\/\/yupie.app\/ro\/product\/chr-pedersen-viragos-mezo-tajkep-alairt-eredeti-cim-ismeretlen\/","og_site_name":"yupie.app","article_publisher":"https:\/\/www.facebook.com\/profile.php?id=100089345417295","article_modified_time":"2026-03-26T06:57:47+00:00","og_image":[{"width":1024,"height":880,"url":"https:\/\/yupie.app\/wp-content\/uploads\/2023\/08\/DSC01714-scaled-1024x880.png","type":"image\/png"}],"twitter_card":"summary_large_image","twitter_misc":{"Timp estimat pentru citire":"2 minute"},"schema":{"@context":"https:\/\/schema.org","@graph":[{"@type":"WebPage","@id":"https:\/\/yupie.app\/product\/chr-pedersen-viragos-mezo-tajkep-alairt-eredeti-cim-ismeretlen\/","url":"https:\/\/yupie.app\/product\/chr-pedersen-viragos-mezo-tajkep-alairt-eredeti-cim-ismeretlen\/","name":"Chr. Pedersen vir\u00e1gos mez\u0151 t\u00e1jk\u00e9p \u2013 al\u00e1\u00edrt eredeti festm\u00e9ny","isPartOf":{"@id":"https:\/\/yupie.app\/#website"},"primaryImageOfPage":{"@id":"https:\/\/yupie.app\/product\/chr-pedersen-viragos-mezo-tajkep-alairt-eredeti-cim-ismeretlen\/#primaryimage"},"image":{"@id":"https:\/\/yupie.app\/product\/chr-pedersen-viragos-mezo-tajkep-alairt-eredeti-cim-ismeretlen\/#primaryimage"},"thumbnailUrl":"https:\/\/yupie.app\/wp-content\/uploads\/2023\/08\/DSC01714-scaled.png","datePublished":"2023-08-25T07:59:32+00:00","dateModified":"2026-03-26T06:57:47+00:00","description":"Ez a vir\u00e1gos mez\u0151 t\u00e1jk\u00e9p fest\u0151i l\u00e1tv\u00e1nyt t\u00e1r el\u00e9nk, k\u00f6zpontban a vir\u00e1gokkal bor\u00edtott domboldallal, \u00e9s a t\u00e1voli f\u00fcves dombokkal.","breadcrumb":{"@id":"https:\/\/yupie.app\/product\/chr-pedersen-viragos-mezo-tajkep-alairt-eredeti-cim-ismeretlen\/#breadcrumb"},"inLanguage":"ro-RO","potentialAction":[{"@type":"ReadAction","target":["https:\/\/yupie.app\/product\/chr-pedersen-viragos-mezo-tajkep-alairt-eredeti-cim-ismeretlen\/"]}]},{"@type":"ImageObject","inLanguage":"ro-RO","@id":"https:\/\/yupie.app\/product\/chr-pedersen-viragos-mezo-tajkep-alairt-eredeti-cim-ismeretlen\/#primaryimage","url":"https:\/\/yupie.app\/wp-content\/uploads\/2023\/08\/DSC01714-scaled.png","contentUrl":"https:\/\/yupie.app\/wp-content\/uploads\/2023\/08\/DSC01714-scaled.png","width":2560,"height":2200,"caption":"Al\u00e1\u00edrt Chr. Pedersen festm\u00e9ny \u2013 vir\u00e1gos mez\u0151 t\u00e1jk\u00e9p, term\u00e9szetk\u00f6zeli hangulat\u00fa klasszikus faldekor\u00e1ci\u00f3"},{"@type":"BreadcrumbList","@id":"https:\/\/yupie.app\/product\/chr-pedersen-viragos-mezo-tajkep-alairt-eredeti-cim-ismeretlen\/#breadcrumb","itemListElement":[{"@type":"ListItem","position":1,"name":"Kezd\u0151lap","item":"https:\/\/yupie.app\/"},{"@type":"ListItem","position":2,"name":"Katal\u00f3gus","item":"https:\/\/yupie.app\/katalogus\/"},{"@type":"ListItem","position":3,"name":"Chr. Pedersen vir\u00e1gos mez\u0151 t\u00e1jk\u00e9p \u2013 al\u00e1\u00edrt eredeti festm\u00e9ny, klasszikus t\u00e1jk\u00e9p faldekor\u00e1ci\u00f3"}]},{"@type":"WebSite","@id":"https:\/\/yupie.app\/#website","url":"https:\/\/yupie.app\/","name":"yupie.app","description":"","publisher":{"@id":"https:\/\/yupie.app\/#organization"},"potentialAction":[{"@type":"SearchAction","target":{"@type":"EntryPoint","urlTemplate":"https:\/\/yupie.app\/?s={search_term_string}"},"query-input":{"@type":"PropertyValueSpecification","valueRequired":true,"valueName":"search_term_string"}}],"inLanguage":"ro-RO"},{"@type":"Organization","@id":"https:\/\/yupie.app\/#organization","name":"yupie.app","url":"https:\/\/yupie.app\/","logo":{"@type":"ImageObject","inLanguage":"ro-RO","@id":"https:\/\/yupie.app\/#\/schema\/logo\/image\/","url":"https:\/\/yupie.app\/wp-content\/uploads\/2025\/07\/cropped-uj-logo.png","contentUrl":"https:\/\/yupie.app\/wp-content\/uploads\/2025\/07\/cropped-uj-logo.png","width":500,"height":208,"caption":"yupie.app"},"image":{"@id":"https:\/\/yupie.app\/#\/schema\/logo\/image\/"},"sameAs":["https:\/\/www.facebook.com\/profile.php?id=100089345417295"]}]}},"jetpack_sharing_enabled":true,"_links":{"self":[{"href":"https:\/\/yupie.app\/ro\/wp-json\/wp\/v2\/product\/2887","targetHints":{"allow":["GET"]}}],"collection":[{"href":"https:\/\/yupie.app\/ro\/wp-json\/wp\/v2\/product"}],"about":[{"href":"https:\/\/yupie.app\/ro\/wp-json\/wp\/v2\/types\/product"}],"version-history":[{"count":0,"href":"https:\/\/yupie.app\/ro\/wp-json\/wp\/v2\/product\/2887\/revisions"}],"wp:featuredmedia":[{"embeddable":true,"href":"https:\/\/yupie.app\/ro\/wp-json\/wp\/v2\/media\/2889"}],"wp:attachment":[{"href":"https:\/\/yupie.app\/ro\/wp-json\/wp\/v2\/media?parent=2887"}],"wp:term":[{"taxonomy":"product_brand","embeddable":true,"href":"https:\/\/yupie.app\/ro\/wp-json\/wp\/v2\/product_brand?post=2887"},{"taxonomy":"product_cat","embeddable":true,"href":"https:\/\/yupie.app\/ro\/wp-json\/wp\/v2\/product_cat?post=2887"},{"taxonomy":"product_tag","embeddable":true,"href":"https:\/\/yupie.app\/ro\/wp-json\/wp\/v2\/product_tag?post=2887"}],"curies":[{"name":"wp","href":"https:\/\/api.w.org\/{rel}","templated":true}]}}