{"id":2806,"date":"2023-08-23T10:25:09","date_gmt":"2023-08-23T08:25:09","guid":{"rendered":"https:\/\/yupie.hu\/?post_type=product&#038;p=2806"},"modified":"2026-01-15T08:25:58","modified_gmt":"2026-01-15T06:25:58","slug":"mco-bolondok-aranya-poszterkep","status":"publish","type":"product","link":"https:\/\/yupie.app\/ro\/product\/mco-bolondok-aranya-poszterkep\/","title":{"rendered":"\ud83c\udff4\u200d\u2620\ufe0f Kincsek nyom\u00e1ban \u2013 amikor a kal\u00f3z szelleme tal\u00e1lkozik a Bitcoin erej\u00e9vel"},"content":{"rendered":"<h3 data-start=\"285\" data-end=\"324\">MCO: <em data-start=\"294\" data-end=\"311\">Bolondok aranya<\/em> \u2013 poszterk\u00e9p<\/h3>\n<p data-start=\"326\" data-end=\"478\">Ez a k\u00fcl\u00f6nleges poszter nem csup\u00e1n faldekor\u00e1ci\u00f3, hanem <strong data-start=\"381\" data-end=\"394\">szimb\u00f3lum<\/strong>. Egy olyan vil\u00e1got id\u00e9z meg, ahol a <strong data-start=\"431\" data-end=\"461\">kincskeres\u00e9s nem \u00e9rt v\u00e9get<\/strong>, csak \u00e1talakult.<\/p>\n<p data-start=\"480\" data-end=\"817\">A k\u00e9pen <strong data-start=\"488\" data-end=\"529\"><span class=\"hover:entity-accent entity-underline inline cursor-pointer align-baseline\"><span class=\"whitespace-normal\">Johnny Depp<\/span><\/span><\/strong> ikonikus kal\u00f3zkarakter\u00e9nek hangulata jelenik meg: a b\u00e1tor, szab\u00e1lyokat \u00e1th\u00e1g\u00f3 felfedez\u0151, aki mindig hajland\u00f3 volt kock\u00e1ztatni a kincs\u00e9rt. A kez\u00e9ben l\u00f3g\u00f3 <strong data-start=\"683\" data-end=\"699\">Bitcoin \u00e9rme<\/strong> pedig egy\u00e9rtelm\u0171 \u00fczenetet hordoz:<br data-start=\"733\" data-end=\"736\" \/>\ud83d\udc49 <strong data-start=\"739\" data-end=\"817\">a modern vil\u00e1g kincse m\u00e1r nem l\u00e1d\u00e1kban, hanem digit\u00e1lis form\u00e1ban rejt\u0151zik.<\/strong><\/p>\n<hr data-start=\"819\" data-end=\"822\" \/>\n<h3 data-start=\"824\" data-end=\"875\">\ud83d\udcb0 1\ufe0f\u20e3 A kal\u00f3z \u2013 az \u00f6r\u00f6k kincskeres\u0151 szimb\u00f3luma<\/h3>\n<p data-start=\"876\" data-end=\"909\">A kal\u00f3z nem puszt\u00e1n egy karakter:<\/p>\n<ul data-start=\"910\" data-end=\"1032\">\n<li data-start=\"910\" data-end=\"940\">\n<p data-start=\"912\" data-end=\"940\">a szabads\u00e1g megtestes\u00edt\u0151je<\/p>\n<\/li>\n<li data-start=\"941\" data-end=\"985\">\n<p data-start=\"943\" data-end=\"985\">az\u00e9, aki <strong data-start=\"952\" data-end=\"983\">nem a biztos utat v\u00e1lasztja<\/strong><\/p>\n<\/li>\n<li data-start=\"986\" data-end=\"1032\">\n<p data-start=\"988\" data-end=\"1032\">hanem mer keresni, kock\u00e1ztatni, felfedezni<\/p>\n<\/li>\n<\/ul>\n<p data-start=\"1034\" data-end=\"1111\">Ez a k\u00e9p ezt az <strong data-start=\"1050\" data-end=\"1073\">id\u0151tlen mentalit\u00e1st<\/strong> hozza el az otthonodba vagy irod\u00e1dba.<\/p>\n<hr data-start=\"1113\" data-end=\"1116\" \/>\n<h3 data-start=\"1118\" data-end=\"1159\">\u20bf 2\ufe0f\u20e3 A Bitcoin \u2013 a modern kor aranya<\/h3>\n<p data-start=\"1160\" data-end=\"1183\">A Bitcoin \u00e9rme a k\u00e9pen:<\/p>\n<ul data-start=\"1184\" data-end=\"1269\">\n<li data-start=\"1184\" data-end=\"1222\">\n<p data-start=\"1186\" data-end=\"1222\">az \u00fajfajta \u00e9rt\u00e9kkeres\u00e9st jelk\u00e9pezi<\/p>\n<\/li>\n<li data-start=\"1223\" data-end=\"1243\">\n<p data-start=\"1225\" data-end=\"1243\">a f\u00fcggetlens\u00e9get<\/p>\n<\/li>\n<li data-start=\"1244\" data-end=\"1269\">\n<p data-start=\"1246\" data-end=\"1269\">a j\u00f6v\u0151be vetett hitet<\/p>\n<\/li>\n<\/ul>\n<p data-start=\"1271\" data-end=\"1367\">Ez a mot\u00edvum \u00f6sszek\u00f6ti a <strong data-start=\"1296\" data-end=\"1324\">r\u00e9gi id\u0151k kincsvad\u00e1szait<\/strong> a <strong data-start=\"1327\" data-end=\"1366\">digit\u00e1lis korszak \u00faj gondolkod\u00f3ival<\/strong>.<\/p>\n<hr data-start=\"1369\" data-end=\"1372\" \/>\n<h3 data-start=\"1374\" data-end=\"1407\">\ud83c\udfaf Mi\u00e9rt k\u00fcl\u00f6nleges ez a k\u00e9p?<\/h3>\n<ul data-start=\"1408\" data-end=\"1601\">\n<li data-start=\"1408\" data-end=\"1446\">\n<p data-start=\"1410\" data-end=\"1446\">l\u00e1tv\u00e1nyos, er\u0151s vizu\u00e1lis \u00fczenettel<\/p>\n<\/li>\n<li data-start=\"1447\" data-end=\"1528\">\n<p data-start=\"1449\" data-end=\"1528\">t\u00f6k\u00e9letes v\u00e1laszt\u00e1s kripto-rajong\u00f3knak, v\u00e1llalkoz\u00f3knak, modern gondolkod\u00f3knak<\/p>\n<\/li>\n<li data-start=\"1529\" data-end=\"1601\">\n<p data-start=\"1531\" data-end=\"1601\">besz\u00e9lget\u00e9st ind\u00edt\u00f3 darab: <strong data-start=\"1558\" data-end=\"1599\">nem lehet mellette elmenni sz\u00f3 n\u00e9lk\u00fcl<\/strong><\/p>\n<\/li>\n<\/ul>\n<p data-start=\"1603\" data-end=\"1681\">Keretezve, azonnal falra helyezhet\u0151, \u00e9s garant\u00e1ltan <strong data-start=\"1655\" data-end=\"1680\">karaktert ad a t\u00e9rnek<\/strong>.<\/p>\n<hr data-start=\"1683\" data-end=\"1686\" \/>\n<p data-start=\"1688\" data-end=\"1785\">\u2728 <strong data-start=\"1690\" data-end=\"1785\">Ez nem csak egy k\u00e9p.<br data-start=\"1712\" data-end=\"1715\" \/>Ez egy \u00fczenet azoknak, akik mernek kincset keresni \u2013 r\u00e9gen \u00e9s ma is.<\/strong><\/p>","protected":false},"excerpt":{"rendered":"<h2 data-start=\"61\" data-end=\"115\">\ud83c\udff4\u200d\u2620\ufe0f Kincsek nyom\u00e1ban \u2013 Kal\u00f3zszellem &amp; Bitcoin er\u0151<\/h2>\n<p data-start=\"117\" data-end=\"453\">Ez a poszter a <strong data-start=\"132\" data-end=\"163\">kal\u00f3z mint \u00f6r\u00f6k kincskeres\u0151<\/strong> \u00e9s a <strong data-start=\"169\" data-end=\"205\">Bitcoin mint a modern kor aranya<\/strong> tal\u00e1lkoz\u00e1s\u00e1t \u00e1br\u00e1zolja. A klasszikus kal\u00f3zszellem a b\u00e1tors\u00e1got \u00e9s szabads\u00e1got, m\u00edg a Bitcoin \u00e9rme az \u00fajfajta \u00e9rt\u00e9kkeres\u00e9st \u00e9s f\u00fcggetlens\u00e9get jelk\u00e9pezi. L\u00e1tv\u00e1nyos, karakteres falik\u00e9p, amely er\u0151s \u00fczenetet hordoz \u00e9s azonnal mag\u00e1ra vonja a tekintetet.<\/p>","protected":false},"featured_media":2809,"template":"","meta":[],"product_brand":[],"product_cat":[533],"product_tag":[1103,1098,1102,1104,1101,934,373,1100,232,733,1099],"class_list":{"0":"post-2806","1":"product","2":"type-product","3":"status-publish","4":"has-post-thumbnail","6":"product_cat-kepek-dekoracio","7":"product_tag-bitcoin","8":"product_tag-bolondok-aranya","9":"product_tag-jack-sparrow","10":"product_tag-jelen","11":"product_tag-johnny-depp","12":"product_tag-kepek","13":"product_tag-kriptovaluta","14":"product_tag-mco","15":"product_tag-modern","16":"product_tag-mult","17":"product_tag-poszterkep-kep","18":"description-off","20":"first","21":"instock","22":"shipping-taxable","23":"purchasable","24":"product-type-simple"},"yoast_head":"<!-- This site is optimized with the Yoast SEO plugin v27.3 - https:\/\/yoast.com\/product\/yoast-seo-wordpress\/ -->\n<title>\ud83c\udff4\u200d\u2620\ufe0f Kincsek nyom\u00e1ban \u2013 amikor a kal\u00f3z szelleme tal\u00e1lkozik a Bitcoin erej\u00e9vel - yupie.app<\/title>\n<meta name=\"description\" content=\"A Bolondok aranya poszterk\u00e9pen Johnny Depp l\u00e1that\u00f3, mint Jack Sparrow kapit\u00e1ny. Egy l\u00e1ncon l\u00f3g\u00f3 Bitcoin \u00e9rm\u00e9t tart a kez\u00e9ben.\" \/>\n<meta name=\"robots\" content=\"index, follow, max-snippet:-1, max-image-preview:large, max-video-preview:-1\" \/>\n<link rel=\"canonical\" href=\"https:\/\/yupie.app\/ro\/product\/mco-bolondok-aranya-poszterkep\/\" \/>\n<meta property=\"og:locale\" content=\"ro_RO\" \/>\n<meta property=\"og:type\" content=\"article\" \/>\n<meta property=\"og:title\" content=\"\ud83c\udff4\u200d\u2620\ufe0f Kincsek nyom\u00e1ban \u2013 amikor a kal\u00f3z szelleme tal\u00e1lkozik a Bitcoin erej\u00e9vel - yupie.app\" \/>\n<meta property=\"og:description\" content=\"A Bolondok aranya poszterk\u00e9pen Johnny Depp l\u00e1that\u00f3, mint Jack Sparrow kapit\u00e1ny. Egy l\u00e1ncon l\u00f3g\u00f3 Bitcoin \u00e9rm\u00e9t tart a kez\u00e9ben.\" \/>\n<meta property=\"og:url\" content=\"https:\/\/yupie.app\/ro\/product\/mco-bolondok-aranya-poszterkep\/\" \/>\n<meta property=\"og:site_name\" content=\"yupie.app\" \/>\n<meta property=\"article:publisher\" content=\"https:\/\/www.facebook.com\/profile.php?id=100089345417295\" \/>\n<meta property=\"article:modified_time\" content=\"2026-01-15T06:25:58+00:00\" \/>\n<meta property=\"og:image\" content=\"https:\/\/yupie.app\/wp-content\/uploads\/2023\/08\/DSC01661-scaled-1024x920.png\" \/>\n\t<meta property=\"og:image:width\" content=\"1024\" \/>\n\t<meta property=\"og:image:height\" content=\"920\" \/>\n\t<meta property=\"og:image:type\" content=\"image\/png\" \/>\n<meta name=\"twitter:card\" content=\"summary_large_image\" \/>\n<meta name=\"twitter:label1\" content=\"Timp estimat pentru citire\" \/>\n\t<meta name=\"twitter:data1\" content=\"2 minute\" \/>\n<script type=\"application\/ld+json\" class=\"yoast-schema-graph\">{\"@context\":\"https:\\\/\\\/schema.org\",\"@graph\":[{\"@type\":\"WebPage\",\"@id\":\"https:\\\/\\\/yupie.app\\\/product\\\/mco-bolondok-aranya-poszterkep\\\/\",\"url\":\"https:\\\/\\\/yupie.app\\\/product\\\/mco-bolondok-aranya-poszterkep\\\/\",\"name\":\"\ud83c\udff4\u200d\u2620\ufe0f Kincsek nyom\u00e1ban \u2013 amikor a kal\u00f3z szelleme tal\u00e1lkozik a Bitcoin erej\u00e9vel - yupie.app\",\"isPartOf\":{\"@id\":\"https:\\\/\\\/yupie.app\\\/#website\"},\"primaryImageOfPage\":{\"@id\":\"https:\\\/\\\/yupie.app\\\/product\\\/mco-bolondok-aranya-poszterkep\\\/#primaryimage\"},\"image\":{\"@id\":\"https:\\\/\\\/yupie.app\\\/product\\\/mco-bolondok-aranya-poszterkep\\\/#primaryimage\"},\"thumbnailUrl\":\"https:\\\/\\\/yupie.app\\\/wp-content\\\/uploads\\\/2023\\\/08\\\/DSC01661-scaled.png\",\"datePublished\":\"2023-08-23T08:25:09+00:00\",\"dateModified\":\"2026-01-15T06:25:58+00:00\",\"description\":\"A Bolondok aranya poszterk\u00e9pen Johnny Depp l\u00e1that\u00f3, mint Jack Sparrow kapit\u00e1ny. Egy l\u00e1ncon l\u00f3g\u00f3 Bitcoin \u00e9rm\u00e9t tart a kez\u00e9ben.\",\"breadcrumb\":{\"@id\":\"https:\\\/\\\/yupie.app\\\/product\\\/mco-bolondok-aranya-poszterkep\\\/#breadcrumb\"},\"inLanguage\":\"ro-RO\",\"potentialAction\":[{\"@type\":\"ReadAction\",\"target\":[\"https:\\\/\\\/yupie.app\\\/product\\\/mco-bolondok-aranya-poszterkep\\\/\"]}]},{\"@type\":\"ImageObject\",\"inLanguage\":\"ro-RO\",\"@id\":\"https:\\\/\\\/yupie.app\\\/product\\\/mco-bolondok-aranya-poszterkep\\\/#primaryimage\",\"url\":\"https:\\\/\\\/yupie.app\\\/wp-content\\\/uploads\\\/2023\\\/08\\\/DSC01661-scaled.png\",\"contentUrl\":\"https:\\\/\\\/yupie.app\\\/wp-content\\\/uploads\\\/2023\\\/08\\\/DSC01661-scaled.png\",\"width\":2560,\"height\":2301,\"caption\":\"MCO: Bolondok aranya poszterk\u00e9p, dekor\u00e1ci\u00f3, k\u00e9pek, yupie\"},{\"@type\":\"BreadcrumbList\",\"@id\":\"https:\\\/\\\/yupie.app\\\/product\\\/mco-bolondok-aranya-poszterkep\\\/#breadcrumb\",\"itemListElement\":[{\"@type\":\"ListItem\",\"position\":1,\"name\":\"Kezd\u0151lap\",\"item\":\"https:\\\/\\\/yupie.app\\\/\"},{\"@type\":\"ListItem\",\"position\":2,\"name\":\"Katal\u00f3gus\",\"item\":\"https:\\\/\\\/yupie.app\\\/katalogus\\\/\"},{\"@type\":\"ListItem\",\"position\":3,\"name\":\"\ud83c\udff4\u200d\u2620\ufe0f Kincsek nyom\u00e1ban \u2013 amikor a kal\u00f3z szelleme tal\u00e1lkozik a Bitcoin erej\u00e9vel\"}]},{\"@type\":\"WebSite\",\"@id\":\"https:\\\/\\\/yupie.app\\\/#website\",\"url\":\"https:\\\/\\\/yupie.app\\\/\",\"name\":\"yupie.app\",\"description\":\"\",\"publisher\":{\"@id\":\"https:\\\/\\\/yupie.app\\\/#organization\"},\"potentialAction\":[{\"@type\":\"SearchAction\",\"target\":{\"@type\":\"EntryPoint\",\"urlTemplate\":\"https:\\\/\\\/yupie.app\\\/?s={search_term_string}\"},\"query-input\":{\"@type\":\"PropertyValueSpecification\",\"valueRequired\":true,\"valueName\":\"search_term_string\"}}],\"inLanguage\":\"ro-RO\"},{\"@type\":\"Organization\",\"@id\":\"https:\\\/\\\/yupie.app\\\/#organization\",\"name\":\"yupie.app\",\"url\":\"https:\\\/\\\/yupie.app\\\/\",\"logo\":{\"@type\":\"ImageObject\",\"inLanguage\":\"ro-RO\",\"@id\":\"https:\\\/\\\/yupie.app\\\/#\\\/schema\\\/logo\\\/image\\\/\",\"url\":\"https:\\\/\\\/yupie.app\\\/wp-content\\\/uploads\\\/2025\\\/07\\\/cropped-uj-logo.png\",\"contentUrl\":\"https:\\\/\\\/yupie.app\\\/wp-content\\\/uploads\\\/2025\\\/07\\\/cropped-uj-logo.png\",\"width\":500,\"height\":208,\"caption\":\"yupie.app\"},\"image\":{\"@id\":\"https:\\\/\\\/yupie.app\\\/#\\\/schema\\\/logo\\\/image\\\/\"},\"sameAs\":[\"https:\\\/\\\/www.facebook.com\\\/profile.php?id=100089345417295\"]}]}<\/script>\n<!-- \/ Yoast SEO plugin. -->","yoast_head_json":{"title":"\ud83c\udff4\u200d\u2620\ufe0f Kincsek nyom\u00e1ban \u2013 amikor a kal\u00f3z szelleme tal\u00e1lkozik a Bitcoin erej\u00e9vel - yupie.app","description":"A Bolondok aranya poszterk\u00e9pen Johnny Depp l\u00e1that\u00f3, mint Jack Sparrow kapit\u00e1ny. Egy l\u00e1ncon l\u00f3g\u00f3 Bitcoin \u00e9rm\u00e9t tart a kez\u00e9ben.","robots":{"index":"index","follow":"follow","max-snippet":"max-snippet:-1","max-image-preview":"max-image-preview:large","max-video-preview":"max-video-preview:-1"},"canonical":"https:\/\/yupie.app\/ro\/product\/mco-bolondok-aranya-poszterkep\/","og_locale":"ro_RO","og_type":"article","og_title":"\ud83c\udff4\u200d\u2620\ufe0f Kincsek nyom\u00e1ban \u2013 amikor a kal\u00f3z szelleme tal\u00e1lkozik a Bitcoin erej\u00e9vel - yupie.app","og_description":"A Bolondok aranya poszterk\u00e9pen Johnny Depp l\u00e1that\u00f3, mint Jack Sparrow kapit\u00e1ny. Egy l\u00e1ncon l\u00f3g\u00f3 Bitcoin \u00e9rm\u00e9t tart a kez\u00e9ben.","og_url":"https:\/\/yupie.app\/ro\/product\/mco-bolondok-aranya-poszterkep\/","og_site_name":"yupie.app","article_publisher":"https:\/\/www.facebook.com\/profile.php?id=100089345417295","article_modified_time":"2026-01-15T06:25:58+00:00","og_image":[{"width":1024,"height":920,"url":"https:\/\/yupie.app\/wp-content\/uploads\/2023\/08\/DSC01661-scaled-1024x920.png","type":"image\/png"}],"twitter_card":"summary_large_image","twitter_misc":{"Timp estimat pentru citire":"2 minute"},"schema":{"@context":"https:\/\/schema.org","@graph":[{"@type":"WebPage","@id":"https:\/\/yupie.app\/product\/mco-bolondok-aranya-poszterkep\/","url":"https:\/\/yupie.app\/product\/mco-bolondok-aranya-poszterkep\/","name":"\ud83c\udff4\u200d\u2620\ufe0f Kincsek nyom\u00e1ban \u2013 amikor a kal\u00f3z szelleme tal\u00e1lkozik a Bitcoin erej\u00e9vel - yupie.app","isPartOf":{"@id":"https:\/\/yupie.app\/#website"},"primaryImageOfPage":{"@id":"https:\/\/yupie.app\/product\/mco-bolondok-aranya-poszterkep\/#primaryimage"},"image":{"@id":"https:\/\/yupie.app\/product\/mco-bolondok-aranya-poszterkep\/#primaryimage"},"thumbnailUrl":"https:\/\/yupie.app\/wp-content\/uploads\/2023\/08\/DSC01661-scaled.png","datePublished":"2023-08-23T08:25:09+00:00","dateModified":"2026-01-15T06:25:58+00:00","description":"A Bolondok aranya poszterk\u00e9pen Johnny Depp l\u00e1that\u00f3, mint Jack Sparrow kapit\u00e1ny. Egy l\u00e1ncon l\u00f3g\u00f3 Bitcoin \u00e9rm\u00e9t tart a kez\u00e9ben.","breadcrumb":{"@id":"https:\/\/yupie.app\/product\/mco-bolondok-aranya-poszterkep\/#breadcrumb"},"inLanguage":"ro-RO","potentialAction":[{"@type":"ReadAction","target":["https:\/\/yupie.app\/product\/mco-bolondok-aranya-poszterkep\/"]}]},{"@type":"ImageObject","inLanguage":"ro-RO","@id":"https:\/\/yupie.app\/product\/mco-bolondok-aranya-poszterkep\/#primaryimage","url":"https:\/\/yupie.app\/wp-content\/uploads\/2023\/08\/DSC01661-scaled.png","contentUrl":"https:\/\/yupie.app\/wp-content\/uploads\/2023\/08\/DSC01661-scaled.png","width":2560,"height":2301,"caption":"MCO: Bolondok aranya poszterk\u00e9p, dekor\u00e1ci\u00f3, k\u00e9pek, yupie"},{"@type":"BreadcrumbList","@id":"https:\/\/yupie.app\/product\/mco-bolondok-aranya-poszterkep\/#breadcrumb","itemListElement":[{"@type":"ListItem","position":1,"name":"Kezd\u0151lap","item":"https:\/\/yupie.app\/"},{"@type":"ListItem","position":2,"name":"Katal\u00f3gus","item":"https:\/\/yupie.app\/katalogus\/"},{"@type":"ListItem","position":3,"name":"\ud83c\udff4\u200d\u2620\ufe0f Kincsek nyom\u00e1ban \u2013 amikor a kal\u00f3z szelleme tal\u00e1lkozik a Bitcoin erej\u00e9vel"}]},{"@type":"WebSite","@id":"https:\/\/yupie.app\/#website","url":"https:\/\/yupie.app\/","name":"yupie.app","description":"","publisher":{"@id":"https:\/\/yupie.app\/#organization"},"potentialAction":[{"@type":"SearchAction","target":{"@type":"EntryPoint","urlTemplate":"https:\/\/yupie.app\/?s={search_term_string}"},"query-input":{"@type":"PropertyValueSpecification","valueRequired":true,"valueName":"search_term_string"}}],"inLanguage":"ro-RO"},{"@type":"Organization","@id":"https:\/\/yupie.app\/#organization","name":"yupie.app","url":"https:\/\/yupie.app\/","logo":{"@type":"ImageObject","inLanguage":"ro-RO","@id":"https:\/\/yupie.app\/#\/schema\/logo\/image\/","url":"https:\/\/yupie.app\/wp-content\/uploads\/2025\/07\/cropped-uj-logo.png","contentUrl":"https:\/\/yupie.app\/wp-content\/uploads\/2025\/07\/cropped-uj-logo.png","width":500,"height":208,"caption":"yupie.app"},"image":{"@id":"https:\/\/yupie.app\/#\/schema\/logo\/image\/"},"sameAs":["https:\/\/www.facebook.com\/profile.php?id=100089345417295"]}]}},"jetpack_sharing_enabled":true,"_links":{"self":[{"href":"https:\/\/yupie.app\/ro\/wp-json\/wp\/v2\/product\/2806","targetHints":{"allow":["GET"]}}],"collection":[{"href":"https:\/\/yupie.app\/ro\/wp-json\/wp\/v2\/product"}],"about":[{"href":"https:\/\/yupie.app\/ro\/wp-json\/wp\/v2\/types\/product"}],"version-history":[{"count":0,"href":"https:\/\/yupie.app\/ro\/wp-json\/wp\/v2\/product\/2806\/revisions"}],"wp:featuredmedia":[{"embeddable":true,"href":"https:\/\/yupie.app\/ro\/wp-json\/wp\/v2\/media\/2809"}],"wp:attachment":[{"href":"https:\/\/yupie.app\/ro\/wp-json\/wp\/v2\/media?parent=2806"}],"wp:term":[{"taxonomy":"product_brand","embeddable":true,"href":"https:\/\/yupie.app\/ro\/wp-json\/wp\/v2\/product_brand?post=2806"},{"taxonomy":"product_cat","embeddable":true,"href":"https:\/\/yupie.app\/ro\/wp-json\/wp\/v2\/product_cat?post=2806"},{"taxonomy":"product_tag","embeddable":true,"href":"https:\/\/yupie.app\/ro\/wp-json\/wp\/v2\/product_tag?post=2806"}],"curies":[{"name":"wp","href":"https:\/\/api.w.org\/{rel}","templated":true}]}}