{"id":2761,"date":"2023-08-22T14:18:23","date_gmt":"2023-08-22T12:18:23","guid":{"rendered":"https:\/\/yupie.hu\/?post_type=product&#038;p=2761"},"modified":"2026-01-18T08:38:48","modified_gmt":"2026-01-18T06:38:48","slug":"csiszolt-metszett-tukor-blondel-ramaban","status":"publish","type":"product","link":"https:\/\/yupie.app\/ro\/product\/csiszolt-metszett-tukor-blondel-ramaban\/","title":{"rendered":"Nagym\u00e9ret\u0171 klasszikus fali t\u00fck\u00f6r d\u00edsz\u00edtett arany kerettel \u2013 statement darab (93\u00d753\u00d73 cm)"},"content":{"rendered":"<p>A kifinomult csiszolt-metszett t\u00fck\u00f6r blondel r\u00e1m\u00e1ban egy val\u00f3di kieg\u00e9sz\u00edt\u0151, amely kiemeli b\u00e1rmely helyis\u00e9g eleganci\u00e1j\u00e1t \u00e9s st\u00edlus\u00e1t. A t\u00fck\u00f6r csillog\u00f3 fel\u00fclete a legapr\u00f3bb r\u00e9szletekig kidolgozott, megteremtve a t\u00f6k\u00e9letes t\u00fckr\u00f6z\u0151d\u00e9st. A kiv\u00e1l\u00f3 min\u0151s\u00e9g\u0171 t\u00fck\u00f6rlap megt\u00f6ri a f\u00e9nyt, \u00e9s meglep\u0151en \u00e9les, tiszta k\u00e9pet vet\u00edt vissza.<\/p>\n<p>A t\u00fck\u00f6r kerete szemet gy\u00f6ny\u00f6rk\u00f6dtet\u0151en kidolgozott, ami egyed\u00fcl\u00e1ll\u00f3 \u00e9s modern megjelen\u00e9st k\u00f6lcs\u00f6n\u00f6z neki. Az ilyen keret st\u00edlusosan integr\u00e1l\u00f3dik b\u00e1rmilyen enteri\u0151rbe, \u00e9s harmonikusan illeszkedik a k\u00f6rnyezet\u00e9be.<\/p>\n<p>Ez a t\u00fck\u00f6r nem csup\u00e1n praktikus, hanem m\u0171alkot\u00e1sk\u00e9nt is funkcion\u00e1l. L\u00e9trehozza a t\u00e9r\u00e9rzetet, n\u00f6veli a f\u00e9nyess\u00e9get \u00e9s vizu\u00e1lisan is t\u00e1gasabb\u00e1 teszi a helyis\u00e9get. Mindezeken t\u00falmen\u0151en az eleg\u00e1ns keret szemet gy\u00f6ny\u00f6rk\u00f6dtet\u0151 diz\u00e1jnt k\u00f6lcs\u00f6n\u00f6z a t\u00fck\u00f6rnek, amely k\u00f6zponti elemm\u00e9 v\u00e1lhat otthon\u00e1ban.<\/p>","protected":false},"excerpt":{"rendered":"<p>Ez a gy\u00f6ny\u00f6r\u0171 csiszolt-metszett t\u00fck\u00f6r blondel r\u00e1m\u00e1ban val\u00f3di eleganci\u00e1t sug\u00e1roz. A vil\u00e1gos sz\u00edn\u0171 keret kifinomults\u00e1got \u00e9s frissess\u00e9get hoz a t\u00e9rbe, harmoniz\u00e1lva a modern \u00e9s klasszikus st\u00edlusjegyeket. A t\u00fck\u00f6r m\u00e9rete \u00e9s ar\u00e1nya ide\u00e1lis v\u00e1laszt\u00e1s otthoni vagy irodai k\u00f6rnyezetbe egyar\u00e1nt.<\/p>\n<p>A t\u00fck\u00f6r funkcionalit\u00e1sa mellett az eszt\u00e9tikai vonzereje is leny\u0171g\u00f6z\u0151. A v\u00e1gott \u00e9lek tisztas\u00e1ga \u00e9s precizit\u00e1sa a legmagasabb min\u0151s\u00e9get sugallja, \u00e9s a t\u00fck\u00f6r magas szint\u0171 kidolgozotts\u00e1g\u00e1t t\u00fckr\u00f6zi. A keret r\u00e9szletes kidolgoz\u00e1sa pedig l\u00e1gy kontrasztot teremt a t\u00fck\u00f6r csiszolt fel\u00fclet\u00e9vel, ami m\u00e9g hangs\u00falyosabb\u00e1 teszi a kompoz\u00edci\u00f3t.<\/p>","protected":false},"featured_media":2763,"template":"","meta":[],"product_brand":[],"product_cat":[1051],"product_tag":[1091,1090,59,211,73,630,504,443,819],"class_list":{"0":"post-2761","1":"product","2":"type-product","3":"status-publish","4":"has-post-thumbnail","6":"product_cat-tukrok","7":"product_tag-blondel-rama","8":"product_tag-csiszolt-metszett","9":"product_tag-dekoracio","10":"product_tag-diszitett","11":"product_tag-elegans","12":"product_tag-kifinomult","13":"product_tag-kivalo-minoseg","14":"product_tag-minoseg","15":"product_tag-tukor","16":"description-off","18":"first","19":"instock","20":"shipping-taxable","21":"purchasable","22":"product-type-simple"},"yoast_head":"<!-- This site is optimized with the Yoast SEO plugin v27.3 - https:\/\/yoast.com\/product\/yoast-seo-wordpress\/ -->\n<title>Nagym\u00e9ret\u0171 klasszikus fali t\u00fck\u00f6r d\u00edsz\u00edtett arany kerettel \u2013 statement darab (93\u00d753\u00d73 cm) - yupie.app<\/title>\n<meta name=\"description\" content=\"A kifinomult csiszolt-metszett t\u00fck\u00f6r blondel r\u00e1m\u00e1ban egy val\u00f3di kieg\u00e9sz\u00edt\u0151, amely kiemeli b\u00e1rmely helyis\u00e9g eleganci\u00e1j\u00e1t \u00e9s st\u00edlus\u00e1t.\" \/>\n<meta name=\"robots\" content=\"index, follow, max-snippet:-1, max-image-preview:large, max-video-preview:-1\" \/>\n<link rel=\"canonical\" href=\"https:\/\/yupie.app\/ro\/product\/csiszolt-metszett-tukor-blondel-ramaban\/\" \/>\n<meta property=\"og:locale\" content=\"ro_RO\" \/>\n<meta property=\"og:type\" content=\"article\" \/>\n<meta property=\"og:title\" content=\"Nagym\u00e9ret\u0171 klasszikus fali t\u00fck\u00f6r d\u00edsz\u00edtett arany kerettel \u2013 statement darab (93\u00d753\u00d73 cm) - yupie.app\" \/>\n<meta property=\"og:description\" content=\"A kifinomult csiszolt-metszett t\u00fck\u00f6r blondel r\u00e1m\u00e1ban egy val\u00f3di kieg\u00e9sz\u00edt\u0151, amely kiemeli b\u00e1rmely helyis\u00e9g eleganci\u00e1j\u00e1t \u00e9s st\u00edlus\u00e1t.\" \/>\n<meta property=\"og:url\" content=\"https:\/\/yupie.app\/ro\/product\/csiszolt-metszett-tukor-blondel-ramaban\/\" \/>\n<meta property=\"og:site_name\" content=\"yupie.app\" \/>\n<meta property=\"article:publisher\" content=\"https:\/\/www.facebook.com\/profile.php?id=100089345417295\" \/>\n<meta property=\"article:modified_time\" content=\"2026-01-18T06:38:48+00:00\" \/>\n<meta property=\"og:image\" content=\"https:\/\/yupie.app\/wp-content\/uploads\/2023\/08\/DSC01626-scaled-1024x958.png\" \/>\n\t<meta property=\"og:image:width\" content=\"1024\" \/>\n\t<meta property=\"og:image:height\" content=\"958\" \/>\n\t<meta property=\"og:image:type\" content=\"image\/png\" \/>\n<meta name=\"twitter:card\" content=\"summary_large_image\" \/>\n<meta name=\"twitter:label1\" content=\"Timp estimat pentru citire\" \/>\n\t<meta name=\"twitter:data1\" content=\"1 minut\" \/>\n<script type=\"application\/ld+json\" class=\"yoast-schema-graph\">{\"@context\":\"https:\\\/\\\/schema.org\",\"@graph\":[{\"@type\":\"WebPage\",\"@id\":\"https:\\\/\\\/yupie.app\\\/product\\\/csiszolt-metszett-tukor-blondel-ramaban\\\/\",\"url\":\"https:\\\/\\\/yupie.app\\\/product\\\/csiszolt-metszett-tukor-blondel-ramaban\\\/\",\"name\":\"Nagym\u00e9ret\u0171 klasszikus fali t\u00fck\u00f6r d\u00edsz\u00edtett arany kerettel \u2013 statement darab (93\u00d753\u00d73 cm) - yupie.app\",\"isPartOf\":{\"@id\":\"https:\\\/\\\/yupie.app\\\/#website\"},\"primaryImageOfPage\":{\"@id\":\"https:\\\/\\\/yupie.app\\\/product\\\/csiszolt-metszett-tukor-blondel-ramaban\\\/#primaryimage\"},\"image\":{\"@id\":\"https:\\\/\\\/yupie.app\\\/product\\\/csiszolt-metszett-tukor-blondel-ramaban\\\/#primaryimage\"},\"thumbnailUrl\":\"https:\\\/\\\/yupie.app\\\/wp-content\\\/uploads\\\/2023\\\/08\\\/DSC01626-scaled.png\",\"datePublished\":\"2023-08-22T12:18:23+00:00\",\"dateModified\":\"2026-01-18T06:38:48+00:00\",\"description\":\"A kifinomult csiszolt-metszett t\u00fck\u00f6r blondel r\u00e1m\u00e1ban egy val\u00f3di kieg\u00e9sz\u00edt\u0151, amely kiemeli b\u00e1rmely helyis\u00e9g eleganci\u00e1j\u00e1t \u00e9s st\u00edlus\u00e1t.\",\"breadcrumb\":{\"@id\":\"https:\\\/\\\/yupie.app\\\/product\\\/csiszolt-metszett-tukor-blondel-ramaban\\\/#breadcrumb\"},\"inLanguage\":\"ro-RO\",\"potentialAction\":[{\"@type\":\"ReadAction\",\"target\":[\"https:\\\/\\\/yupie.app\\\/product\\\/csiszolt-metszett-tukor-blondel-ramaban\\\/\"]}]},{\"@type\":\"ImageObject\",\"inLanguage\":\"ro-RO\",\"@id\":\"https:\\\/\\\/yupie.app\\\/product\\\/csiszolt-metszett-tukor-blondel-ramaban\\\/#primaryimage\",\"url\":\"https:\\\/\\\/yupie.app\\\/wp-content\\\/uploads\\\/2023\\\/08\\\/DSC01626-scaled.png\",\"contentUrl\":\"https:\\\/\\\/yupie.app\\\/wp-content\\\/uploads\\\/2023\\\/08\\\/DSC01626-scaled.png\",\"width\":2560,\"height\":2395,\"caption\":\"Csiszolt-metszett t\u00fck\u00f6r blondel r\u00e1m\u00e1ban, dekor\u00e1ci\u00f3, t\u00fckr\u00f6k, yupie\"},{\"@type\":\"BreadcrumbList\",\"@id\":\"https:\\\/\\\/yupie.app\\\/product\\\/csiszolt-metszett-tukor-blondel-ramaban\\\/#breadcrumb\",\"itemListElement\":[{\"@type\":\"ListItem\",\"position\":1,\"name\":\"Kezd\u0151lap\",\"item\":\"https:\\\/\\\/yupie.app\\\/\"},{\"@type\":\"ListItem\",\"position\":2,\"name\":\"Katal\u00f3gus\",\"item\":\"https:\\\/\\\/yupie.app\\\/katalogus\\\/\"},{\"@type\":\"ListItem\",\"position\":3,\"name\":\"Nagym\u00e9ret\u0171 klasszikus fali t\u00fck\u00f6r d\u00edsz\u00edtett arany kerettel \u2013 statement darab (93\u00d753\u00d73 cm)\"}]},{\"@type\":\"WebSite\",\"@id\":\"https:\\\/\\\/yupie.app\\\/#website\",\"url\":\"https:\\\/\\\/yupie.app\\\/\",\"name\":\"yupie.app\",\"description\":\"\",\"publisher\":{\"@id\":\"https:\\\/\\\/yupie.app\\\/#organization\"},\"potentialAction\":[{\"@type\":\"SearchAction\",\"target\":{\"@type\":\"EntryPoint\",\"urlTemplate\":\"https:\\\/\\\/yupie.app\\\/?s={search_term_string}\"},\"query-input\":{\"@type\":\"PropertyValueSpecification\",\"valueRequired\":true,\"valueName\":\"search_term_string\"}}],\"inLanguage\":\"ro-RO\"},{\"@type\":\"Organization\",\"@id\":\"https:\\\/\\\/yupie.app\\\/#organization\",\"name\":\"yupie.app\",\"url\":\"https:\\\/\\\/yupie.app\\\/\",\"logo\":{\"@type\":\"ImageObject\",\"inLanguage\":\"ro-RO\",\"@id\":\"https:\\\/\\\/yupie.app\\\/#\\\/schema\\\/logo\\\/image\\\/\",\"url\":\"https:\\\/\\\/yupie.app\\\/wp-content\\\/uploads\\\/2025\\\/07\\\/cropped-uj-logo.png\",\"contentUrl\":\"https:\\\/\\\/yupie.app\\\/wp-content\\\/uploads\\\/2025\\\/07\\\/cropped-uj-logo.png\",\"width\":500,\"height\":208,\"caption\":\"yupie.app\"},\"image\":{\"@id\":\"https:\\\/\\\/yupie.app\\\/#\\\/schema\\\/logo\\\/image\\\/\"},\"sameAs\":[\"https:\\\/\\\/www.facebook.com\\\/profile.php?id=100089345417295\"]}]}<\/script>\n<!-- \/ Yoast SEO plugin. -->","yoast_head_json":{"title":"Nagym\u00e9ret\u0171 klasszikus fali t\u00fck\u00f6r d\u00edsz\u00edtett arany kerettel \u2013 statement darab (93\u00d753\u00d73 cm) - yupie.app","description":"A kifinomult csiszolt-metszett t\u00fck\u00f6r blondel r\u00e1m\u00e1ban egy val\u00f3di kieg\u00e9sz\u00edt\u0151, amely kiemeli b\u00e1rmely helyis\u00e9g eleganci\u00e1j\u00e1t \u00e9s st\u00edlus\u00e1t.","robots":{"index":"index","follow":"follow","max-snippet":"max-snippet:-1","max-image-preview":"max-image-preview:large","max-video-preview":"max-video-preview:-1"},"canonical":"https:\/\/yupie.app\/ro\/product\/csiszolt-metszett-tukor-blondel-ramaban\/","og_locale":"ro_RO","og_type":"article","og_title":"Nagym\u00e9ret\u0171 klasszikus fali t\u00fck\u00f6r d\u00edsz\u00edtett arany kerettel \u2013 statement darab (93\u00d753\u00d73 cm) - yupie.app","og_description":"A kifinomult csiszolt-metszett t\u00fck\u00f6r blondel r\u00e1m\u00e1ban egy val\u00f3di kieg\u00e9sz\u00edt\u0151, amely kiemeli b\u00e1rmely helyis\u00e9g eleganci\u00e1j\u00e1t \u00e9s st\u00edlus\u00e1t.","og_url":"https:\/\/yupie.app\/ro\/product\/csiszolt-metszett-tukor-blondel-ramaban\/","og_site_name":"yupie.app","article_publisher":"https:\/\/www.facebook.com\/profile.php?id=100089345417295","article_modified_time":"2026-01-18T06:38:48+00:00","og_image":[{"width":1024,"height":958,"url":"https:\/\/yupie.app\/wp-content\/uploads\/2023\/08\/DSC01626-scaled-1024x958.png","type":"image\/png"}],"twitter_card":"summary_large_image","twitter_misc":{"Timp estimat pentru citire":"1 minut"},"schema":{"@context":"https:\/\/schema.org","@graph":[{"@type":"WebPage","@id":"https:\/\/yupie.app\/product\/csiszolt-metszett-tukor-blondel-ramaban\/","url":"https:\/\/yupie.app\/product\/csiszolt-metszett-tukor-blondel-ramaban\/","name":"Nagym\u00e9ret\u0171 klasszikus fali t\u00fck\u00f6r d\u00edsz\u00edtett arany kerettel \u2013 statement darab (93\u00d753\u00d73 cm) - yupie.app","isPartOf":{"@id":"https:\/\/yupie.app\/#website"},"primaryImageOfPage":{"@id":"https:\/\/yupie.app\/product\/csiszolt-metszett-tukor-blondel-ramaban\/#primaryimage"},"image":{"@id":"https:\/\/yupie.app\/product\/csiszolt-metszett-tukor-blondel-ramaban\/#primaryimage"},"thumbnailUrl":"https:\/\/yupie.app\/wp-content\/uploads\/2023\/08\/DSC01626-scaled.png","datePublished":"2023-08-22T12:18:23+00:00","dateModified":"2026-01-18T06:38:48+00:00","description":"A kifinomult csiszolt-metszett t\u00fck\u00f6r blondel r\u00e1m\u00e1ban egy val\u00f3di kieg\u00e9sz\u00edt\u0151, amely kiemeli b\u00e1rmely helyis\u00e9g eleganci\u00e1j\u00e1t \u00e9s st\u00edlus\u00e1t.","breadcrumb":{"@id":"https:\/\/yupie.app\/product\/csiszolt-metszett-tukor-blondel-ramaban\/#breadcrumb"},"inLanguage":"ro-RO","potentialAction":[{"@type":"ReadAction","target":["https:\/\/yupie.app\/product\/csiszolt-metszett-tukor-blondel-ramaban\/"]}]},{"@type":"ImageObject","inLanguage":"ro-RO","@id":"https:\/\/yupie.app\/product\/csiszolt-metszett-tukor-blondel-ramaban\/#primaryimage","url":"https:\/\/yupie.app\/wp-content\/uploads\/2023\/08\/DSC01626-scaled.png","contentUrl":"https:\/\/yupie.app\/wp-content\/uploads\/2023\/08\/DSC01626-scaled.png","width":2560,"height":2395,"caption":"Csiszolt-metszett t\u00fck\u00f6r blondel r\u00e1m\u00e1ban, dekor\u00e1ci\u00f3, t\u00fckr\u00f6k, yupie"},{"@type":"BreadcrumbList","@id":"https:\/\/yupie.app\/product\/csiszolt-metszett-tukor-blondel-ramaban\/#breadcrumb","itemListElement":[{"@type":"ListItem","position":1,"name":"Kezd\u0151lap","item":"https:\/\/yupie.app\/"},{"@type":"ListItem","position":2,"name":"Katal\u00f3gus","item":"https:\/\/yupie.app\/katalogus\/"},{"@type":"ListItem","position":3,"name":"Nagym\u00e9ret\u0171 klasszikus fali t\u00fck\u00f6r d\u00edsz\u00edtett arany kerettel \u2013 statement darab (93\u00d753\u00d73 cm)"}]},{"@type":"WebSite","@id":"https:\/\/yupie.app\/#website","url":"https:\/\/yupie.app\/","name":"yupie.app","description":"","publisher":{"@id":"https:\/\/yupie.app\/#organization"},"potentialAction":[{"@type":"SearchAction","target":{"@type":"EntryPoint","urlTemplate":"https:\/\/yupie.app\/?s={search_term_string}"},"query-input":{"@type":"PropertyValueSpecification","valueRequired":true,"valueName":"search_term_string"}}],"inLanguage":"ro-RO"},{"@type":"Organization","@id":"https:\/\/yupie.app\/#organization","name":"yupie.app","url":"https:\/\/yupie.app\/","logo":{"@type":"ImageObject","inLanguage":"ro-RO","@id":"https:\/\/yupie.app\/#\/schema\/logo\/image\/","url":"https:\/\/yupie.app\/wp-content\/uploads\/2025\/07\/cropped-uj-logo.png","contentUrl":"https:\/\/yupie.app\/wp-content\/uploads\/2025\/07\/cropped-uj-logo.png","width":500,"height":208,"caption":"yupie.app"},"image":{"@id":"https:\/\/yupie.app\/#\/schema\/logo\/image\/"},"sameAs":["https:\/\/www.facebook.com\/profile.php?id=100089345417295"]}]}},"jetpack_sharing_enabled":true,"_links":{"self":[{"href":"https:\/\/yupie.app\/ro\/wp-json\/wp\/v2\/product\/2761","targetHints":{"allow":["GET"]}}],"collection":[{"href":"https:\/\/yupie.app\/ro\/wp-json\/wp\/v2\/product"}],"about":[{"href":"https:\/\/yupie.app\/ro\/wp-json\/wp\/v2\/types\/product"}],"version-history":[{"count":0,"href":"https:\/\/yupie.app\/ro\/wp-json\/wp\/v2\/product\/2761\/revisions"}],"wp:featuredmedia":[{"embeddable":true,"href":"https:\/\/yupie.app\/ro\/wp-json\/wp\/v2\/media\/2763"}],"wp:attachment":[{"href":"https:\/\/yupie.app\/ro\/wp-json\/wp\/v2\/media?parent=2761"}],"wp:term":[{"taxonomy":"product_brand","embeddable":true,"href":"https:\/\/yupie.app\/ro\/wp-json\/wp\/v2\/product_brand?post=2761"},{"taxonomy":"product_cat","embeddable":true,"href":"https:\/\/yupie.app\/ro\/wp-json\/wp\/v2\/product_cat?post=2761"},{"taxonomy":"product_tag","embeddable":true,"href":"https:\/\/yupie.app\/ro\/wp-json\/wp\/v2\/product_tag?post=2761"}],"curies":[{"name":"wp","href":"https:\/\/api.w.org\/{rel}","templated":true}]}}