{"id":2664,"date":"2023-08-21T13:09:06","date_gmt":"2023-08-21T11:09:06","guid":{"rendered":"https:\/\/yupie.hu\/?post_type=product&#038;p=2664"},"modified":"2026-01-18T08:27:59","modified_gmt":"2026-01-18T06:27:59","slug":"tukor-diszes-kerettel","status":"publish","type":"product","link":"https:\/\/yupie.app\/ro\/product\/tukor-diszes-kerettel\/","title":{"rendered":"Klasszikus arany keretes fali t\u00fck\u00f6r \u2013 eleg\u00e1ns vintage st\u00edlus (38\u00d757 cm)"},"content":{"rendered":"<p>Ez a t\u00fck\u00f6r d\u00edszes kerettel p\u00e1ratlan eleganci\u00e1t \u00e9s f\u00e9ny\u0171z\u00e9st hoz otthonodba vagy b\u00e1rmely bels\u0151 t\u00e9rbe.<\/p>\n<p>A t\u00fck\u00f6r d\u00edszkeret\u00e9t finom, bonyolult minta d\u00edsz\u00edti, leny\u0171g\u00f6z\u0151 l\u00e1tv\u00e1nyt ny\u00fajt b\u00e1rmely otthonban. A t\u00fck\u00f6r fel\u00fclete a tisztas\u00e1g \u00e9s a ragyog\u00e1s szimb\u00f3luma, ami m\u00e9g ink\u00e1bb kiemel\u0151dik a diszkeret leny\u0171g\u00f6z\u0151 r\u00e9szletek mellett.<\/p>\n<p>A keret finom kidolgoz\u00e1sa olyan, mintha egy m\u0171v\u00e9sz keze dolgozott volna rajta. A d\u00edsz\u00edt\u00e9s apr\u00f3l\u00e9kos \u00e9s bonyolult. A mint\u00e1zatban k\u00fcl\u00f6nf\u00e9le form\u00e1k jelennek meg, mintha a term\u00e9szet maga ihlette volna a tervez\u0151t. A finom r\u00e9szletek pedig f\u00e9nyt \u00e9s eleganci\u00e1t sugallnak, amelyek tov\u00e1bb n\u00f6velik a t\u00fck\u00f6r sz\u00e9ps\u00e9g\u00e9t.<\/p>\n<p>Ez a t\u00fck\u00f6r nem csup\u00e1n praktikus eszk\u00f6z a mindennapi sminkel\u00e9shez vagy \u00f6lt\u00f6zk\u00f6d\u00e9shez, hanem egy m\u0171alkot\u00e1s is, amely m\u0171v\u00e9szi \u00e9rt\u00e9kkel ruh\u00e1zza fel a lak\u00e1s b\u00e1rmely helyis\u00e9g\u00e9t. Az ilyen t\u00fck\u00f6r azt mutatja, hogy mennyire \u00e9rt\u00e9kelj\u00fck a sz\u00e9ps\u00e9get \u00e9s a m\u0171v\u00e9szetet az \u00e9let\u00fcnkben. Legyen ez a t\u00fck\u00f6r a nappalid k\u00f6zponti darabja vagy az el\u0151szob\u00e1d \u00e9kess\u00e9ge, mindenk\u00e9ppen leny\u0171g\u00f6z\u0151 \u00e9s kifinomult kieg\u00e9sz\u00edt\u0151je lesz otthonodnak.<\/p>","protected":false},"excerpt":{"rendered":"<p>Ez a leny\u0171g\u00f6z\u0151 t\u00fck\u00f6r d\u00edszes kerettel a bels\u0151 t\u00e9r eleganci\u00e1j\u00e1t \u00e9s var\u00e1zs\u00e1t fokozza. A keret finom, bonyolult mint\u00e1val van d\u00edsz\u00edtve, mely a m\u0171v\u00e9szi \u00edzl\u00e9s \u00e9s a prec\u00edz kidolgoz\u00e1s szemet gy\u00f6ny\u00f6rk\u00f6dtet\u0151 \u00f6tv\u00f6zete. A t\u00fck\u00f6r \u00e9s a keret t\u00f6k\u00e9letes harm\u00f3ni\u00e1ja a klasszikus st\u00edlus\u00fa lakberendez\u00e9s kifinomults\u00e1g\u00e1t sugallja, mik\u00f6zben a modern vonalaknak k\u00f6sz\u00f6nhet\u0151en id\u0151t\u00e1ll\u00f3 \u00e9s egyedi megjelen\u00e9st k\u00f6lcs\u00f6n\u00f6z a t\u00e9rnek.<\/p>","protected":false},"featured_media":3846,"template":"","meta":[],"product_brand":[],"product_cat":[1051],"product_tag":[88,59,1053,333,211,73,804,279,232,1052],"class_list":{"0":"post-2664","1":"product","2":"type-product","3":"status-publish","4":"has-post-thumbnail","6":"product_cat-tukrok","7":"product_tag-arany","8":"product_tag-dekoracio","9":"product_tag-dekorativ","10":"product_tag-diszes","11":"product_tag-diszitett","12":"product_tag-elegans","13":"product_tag-gazdagon-diszitett","14":"product_tag-klasszikus","15":"product_tag-modern","16":"product_tag-tukrok","17":"description-off","19":"first","20":"instock","21":"shipping-taxable","22":"purchasable","23":"product-type-simple"},"yoast_head":"<!-- This site is optimized with the Yoast SEO plugin v27.3 - https:\/\/yoast.com\/product\/yoast-seo-wordpress\/ -->\n<title>Klasszikus arany keretes fali t\u00fck\u00f6r \u2013 eleg\u00e1ns vintage st\u00edlus (38\u00d757 cm) - yupie.app<\/title>\n<meta name=\"description\" content=\"Ez a t\u00fck\u00f6r d\u00edszes kerettel p\u00e1ratlan eleganci\u00e1t \u00e9s f\u00e9ny\u0171z\u00e9st hoz otthonodba vagy b\u00e1rmely bels\u0151 t\u00e9rbe.\u00a0A t\u00fck\u00f6r d\u00edszkeret\u00e9t finom, bonyolult minta d\u00edsz\u00edti\" \/>\n<meta name=\"robots\" content=\"index, follow, max-snippet:-1, max-image-preview:large, max-video-preview:-1\" \/>\n<link rel=\"canonical\" href=\"https:\/\/yupie.app\/ro\/product\/tukor-diszes-kerettel\/\" \/>\n<meta property=\"og:locale\" content=\"ro_RO\" \/>\n<meta property=\"og:type\" content=\"article\" \/>\n<meta property=\"og:title\" content=\"Klasszikus arany keretes fali t\u00fck\u00f6r \u2013 eleg\u00e1ns vintage st\u00edlus (38\u00d757 cm) - yupie.app\" \/>\n<meta property=\"og:description\" content=\"Ez a t\u00fck\u00f6r d\u00edszes kerettel p\u00e1ratlan eleganci\u00e1t \u00e9s f\u00e9ny\u0171z\u00e9st hoz otthonodba vagy b\u00e1rmely bels\u0151 t\u00e9rbe.\u00a0A t\u00fck\u00f6r d\u00edszkeret\u00e9t finom, bonyolult minta d\u00edsz\u00edti\" \/>\n<meta property=\"og:url\" content=\"https:\/\/yupie.app\/ro\/product\/tukor-diszes-kerettel\/\" \/>\n<meta property=\"og:site_name\" content=\"yupie.app\" \/>\n<meta property=\"article:publisher\" content=\"https:\/\/www.facebook.com\/profile.php?id=100089345417295\" \/>\n<meta property=\"article:modified_time\" content=\"2026-01-18T06:27:59+00:00\" \/>\n<meta property=\"og:image\" content=\"https:\/\/yupie.app\/wp-content\/uploads\/2023\/08\/kiv-39-scaled-1024x860.png\" \/>\n\t<meta property=\"og:image:width\" content=\"1024\" \/>\n\t<meta property=\"og:image:height\" content=\"860\" \/>\n\t<meta property=\"og:image:type\" content=\"image\/png\" \/>\n<meta name=\"twitter:card\" content=\"summary_large_image\" \/>\n<meta name=\"twitter:label1\" content=\"Timp estimat pentru citire\" \/>\n\t<meta name=\"twitter:data1\" content=\"2 minute\" \/>\n<script type=\"application\/ld+json\" class=\"yoast-schema-graph\">{\"@context\":\"https:\\\/\\\/schema.org\",\"@graph\":[{\"@type\":\"WebPage\",\"@id\":\"https:\\\/\\\/yupie.app\\\/product\\\/tukor-diszes-kerettel\\\/\",\"url\":\"https:\\\/\\\/yupie.app\\\/product\\\/tukor-diszes-kerettel\\\/\",\"name\":\"Klasszikus arany keretes fali t\u00fck\u00f6r \u2013 eleg\u00e1ns vintage st\u00edlus (38\u00d757 cm) - yupie.app\",\"isPartOf\":{\"@id\":\"https:\\\/\\\/yupie.app\\\/#website\"},\"primaryImageOfPage\":{\"@id\":\"https:\\\/\\\/yupie.app\\\/product\\\/tukor-diszes-kerettel\\\/#primaryimage\"},\"image\":{\"@id\":\"https:\\\/\\\/yupie.app\\\/product\\\/tukor-diszes-kerettel\\\/#primaryimage\"},\"thumbnailUrl\":\"https:\\\/\\\/yupie.app\\\/wp-content\\\/uploads\\\/2023\\\/08\\\/kiv-39-scaled.png\",\"datePublished\":\"2023-08-21T11:09:06+00:00\",\"dateModified\":\"2026-01-18T06:27:59+00:00\",\"description\":\"Ez a t\u00fck\u00f6r d\u00edszes kerettel p\u00e1ratlan eleganci\u00e1t \u00e9s f\u00e9ny\u0171z\u00e9st hoz otthonodba vagy b\u00e1rmely bels\u0151 t\u00e9rbe.\u00a0A t\u00fck\u00f6r d\u00edszkeret\u00e9t finom, bonyolult minta d\u00edsz\u00edti\",\"breadcrumb\":{\"@id\":\"https:\\\/\\\/yupie.app\\\/product\\\/tukor-diszes-kerettel\\\/#breadcrumb\"},\"inLanguage\":\"ro-RO\",\"potentialAction\":[{\"@type\":\"ReadAction\",\"target\":[\"https:\\\/\\\/yupie.app\\\/product\\\/tukor-diszes-kerettel\\\/\"]}]},{\"@type\":\"ImageObject\",\"inLanguage\":\"ro-RO\",\"@id\":\"https:\\\/\\\/yupie.app\\\/product\\\/tukor-diszes-kerettel\\\/#primaryimage\",\"url\":\"https:\\\/\\\/yupie.app\\\/wp-content\\\/uploads\\\/2023\\\/08\\\/kiv-39-scaled.png\",\"contentUrl\":\"https:\\\/\\\/yupie.app\\\/wp-content\\\/uploads\\\/2023\\\/08\\\/kiv-39-scaled.png\",\"width\":2560,\"height\":2151,\"caption\":\"T\u00fck\u00f6r d\u00edszes kerettel, dekor\u00e1ci\u00f3, t\u00fckr\u00f6k, yupie\"},{\"@type\":\"BreadcrumbList\",\"@id\":\"https:\\\/\\\/yupie.app\\\/product\\\/tukor-diszes-kerettel\\\/#breadcrumb\",\"itemListElement\":[{\"@type\":\"ListItem\",\"position\":1,\"name\":\"Kezd\u0151lap\",\"item\":\"https:\\\/\\\/yupie.app\\\/\"},{\"@type\":\"ListItem\",\"position\":2,\"name\":\"Katal\u00f3gus\",\"item\":\"https:\\\/\\\/yupie.app\\\/katalogus\\\/\"},{\"@type\":\"ListItem\",\"position\":3,\"name\":\"Klasszikus arany keretes fali t\u00fck\u00f6r \u2013 eleg\u00e1ns vintage st\u00edlus (38\u00d757 cm)\"}]},{\"@type\":\"WebSite\",\"@id\":\"https:\\\/\\\/yupie.app\\\/#website\",\"url\":\"https:\\\/\\\/yupie.app\\\/\",\"name\":\"yupie.app\",\"description\":\"\",\"publisher\":{\"@id\":\"https:\\\/\\\/yupie.app\\\/#organization\"},\"potentialAction\":[{\"@type\":\"SearchAction\",\"target\":{\"@type\":\"EntryPoint\",\"urlTemplate\":\"https:\\\/\\\/yupie.app\\\/?s={search_term_string}\"},\"query-input\":{\"@type\":\"PropertyValueSpecification\",\"valueRequired\":true,\"valueName\":\"search_term_string\"}}],\"inLanguage\":\"ro-RO\"},{\"@type\":\"Organization\",\"@id\":\"https:\\\/\\\/yupie.app\\\/#organization\",\"name\":\"yupie.app\",\"url\":\"https:\\\/\\\/yupie.app\\\/\",\"logo\":{\"@type\":\"ImageObject\",\"inLanguage\":\"ro-RO\",\"@id\":\"https:\\\/\\\/yupie.app\\\/#\\\/schema\\\/logo\\\/image\\\/\",\"url\":\"https:\\\/\\\/yupie.app\\\/wp-content\\\/uploads\\\/2025\\\/07\\\/cropped-uj-logo.png\",\"contentUrl\":\"https:\\\/\\\/yupie.app\\\/wp-content\\\/uploads\\\/2025\\\/07\\\/cropped-uj-logo.png\",\"width\":500,\"height\":208,\"caption\":\"yupie.app\"},\"image\":{\"@id\":\"https:\\\/\\\/yupie.app\\\/#\\\/schema\\\/logo\\\/image\\\/\"},\"sameAs\":[\"https:\\\/\\\/www.facebook.com\\\/profile.php?id=100089345417295\"]}]}<\/script>\n<!-- \/ Yoast SEO plugin. -->","yoast_head_json":{"title":"Klasszikus arany keretes fali t\u00fck\u00f6r \u2013 eleg\u00e1ns vintage st\u00edlus (38\u00d757 cm) - yupie.app","description":"Ez a t\u00fck\u00f6r d\u00edszes kerettel p\u00e1ratlan eleganci\u00e1t \u00e9s f\u00e9ny\u0171z\u00e9st hoz otthonodba vagy b\u00e1rmely bels\u0151 t\u00e9rbe.\u00a0A t\u00fck\u00f6r d\u00edszkeret\u00e9t finom, bonyolult minta d\u00edsz\u00edti","robots":{"index":"index","follow":"follow","max-snippet":"max-snippet:-1","max-image-preview":"max-image-preview:large","max-video-preview":"max-video-preview:-1"},"canonical":"https:\/\/yupie.app\/ro\/product\/tukor-diszes-kerettel\/","og_locale":"ro_RO","og_type":"article","og_title":"Klasszikus arany keretes fali t\u00fck\u00f6r \u2013 eleg\u00e1ns vintage st\u00edlus (38\u00d757 cm) - yupie.app","og_description":"Ez a t\u00fck\u00f6r d\u00edszes kerettel p\u00e1ratlan eleganci\u00e1t \u00e9s f\u00e9ny\u0171z\u00e9st hoz otthonodba vagy b\u00e1rmely bels\u0151 t\u00e9rbe.\u00a0A t\u00fck\u00f6r d\u00edszkeret\u00e9t finom, bonyolult minta d\u00edsz\u00edti","og_url":"https:\/\/yupie.app\/ro\/product\/tukor-diszes-kerettel\/","og_site_name":"yupie.app","article_publisher":"https:\/\/www.facebook.com\/profile.php?id=100089345417295","article_modified_time":"2026-01-18T06:27:59+00:00","og_image":[{"width":1024,"height":860,"url":"https:\/\/yupie.app\/wp-content\/uploads\/2023\/08\/kiv-39-scaled-1024x860.png","type":"image\/png"}],"twitter_card":"summary_large_image","twitter_misc":{"Timp estimat pentru citire":"2 minute"},"schema":{"@context":"https:\/\/schema.org","@graph":[{"@type":"WebPage","@id":"https:\/\/yupie.app\/product\/tukor-diszes-kerettel\/","url":"https:\/\/yupie.app\/product\/tukor-diszes-kerettel\/","name":"Klasszikus arany keretes fali t\u00fck\u00f6r \u2013 eleg\u00e1ns vintage st\u00edlus (38\u00d757 cm) - yupie.app","isPartOf":{"@id":"https:\/\/yupie.app\/#website"},"primaryImageOfPage":{"@id":"https:\/\/yupie.app\/product\/tukor-diszes-kerettel\/#primaryimage"},"image":{"@id":"https:\/\/yupie.app\/product\/tukor-diszes-kerettel\/#primaryimage"},"thumbnailUrl":"https:\/\/yupie.app\/wp-content\/uploads\/2023\/08\/kiv-39-scaled.png","datePublished":"2023-08-21T11:09:06+00:00","dateModified":"2026-01-18T06:27:59+00:00","description":"Ez a t\u00fck\u00f6r d\u00edszes kerettel p\u00e1ratlan eleganci\u00e1t \u00e9s f\u00e9ny\u0171z\u00e9st hoz otthonodba vagy b\u00e1rmely bels\u0151 t\u00e9rbe.\u00a0A t\u00fck\u00f6r d\u00edszkeret\u00e9t finom, bonyolult minta d\u00edsz\u00edti","breadcrumb":{"@id":"https:\/\/yupie.app\/product\/tukor-diszes-kerettel\/#breadcrumb"},"inLanguage":"ro-RO","potentialAction":[{"@type":"ReadAction","target":["https:\/\/yupie.app\/product\/tukor-diszes-kerettel\/"]}]},{"@type":"ImageObject","inLanguage":"ro-RO","@id":"https:\/\/yupie.app\/product\/tukor-diszes-kerettel\/#primaryimage","url":"https:\/\/yupie.app\/wp-content\/uploads\/2023\/08\/kiv-39-scaled.png","contentUrl":"https:\/\/yupie.app\/wp-content\/uploads\/2023\/08\/kiv-39-scaled.png","width":2560,"height":2151,"caption":"T\u00fck\u00f6r d\u00edszes kerettel, dekor\u00e1ci\u00f3, t\u00fckr\u00f6k, yupie"},{"@type":"BreadcrumbList","@id":"https:\/\/yupie.app\/product\/tukor-diszes-kerettel\/#breadcrumb","itemListElement":[{"@type":"ListItem","position":1,"name":"Kezd\u0151lap","item":"https:\/\/yupie.app\/"},{"@type":"ListItem","position":2,"name":"Katal\u00f3gus","item":"https:\/\/yupie.app\/katalogus\/"},{"@type":"ListItem","position":3,"name":"Klasszikus arany keretes fali t\u00fck\u00f6r \u2013 eleg\u00e1ns vintage st\u00edlus (38\u00d757 cm)"}]},{"@type":"WebSite","@id":"https:\/\/yupie.app\/#website","url":"https:\/\/yupie.app\/","name":"yupie.app","description":"","publisher":{"@id":"https:\/\/yupie.app\/#organization"},"potentialAction":[{"@type":"SearchAction","target":{"@type":"EntryPoint","urlTemplate":"https:\/\/yupie.app\/?s={search_term_string}"},"query-input":{"@type":"PropertyValueSpecification","valueRequired":true,"valueName":"search_term_string"}}],"inLanguage":"ro-RO"},{"@type":"Organization","@id":"https:\/\/yupie.app\/#organization","name":"yupie.app","url":"https:\/\/yupie.app\/","logo":{"@type":"ImageObject","inLanguage":"ro-RO","@id":"https:\/\/yupie.app\/#\/schema\/logo\/image\/","url":"https:\/\/yupie.app\/wp-content\/uploads\/2025\/07\/cropped-uj-logo.png","contentUrl":"https:\/\/yupie.app\/wp-content\/uploads\/2025\/07\/cropped-uj-logo.png","width":500,"height":208,"caption":"yupie.app"},"image":{"@id":"https:\/\/yupie.app\/#\/schema\/logo\/image\/"},"sameAs":["https:\/\/www.facebook.com\/profile.php?id=100089345417295"]}]}},"jetpack_sharing_enabled":true,"_links":{"self":[{"href":"https:\/\/yupie.app\/ro\/wp-json\/wp\/v2\/product\/2664","targetHints":{"allow":["GET"]}}],"collection":[{"href":"https:\/\/yupie.app\/ro\/wp-json\/wp\/v2\/product"}],"about":[{"href":"https:\/\/yupie.app\/ro\/wp-json\/wp\/v2\/types\/product"}],"version-history":[{"count":0,"href":"https:\/\/yupie.app\/ro\/wp-json\/wp\/v2\/product\/2664\/revisions"}],"wp:featuredmedia":[{"embeddable":true,"href":"https:\/\/yupie.app\/ro\/wp-json\/wp\/v2\/media\/3846"}],"wp:attachment":[{"href":"https:\/\/yupie.app\/ro\/wp-json\/wp\/v2\/media?parent=2664"}],"wp:term":[{"taxonomy":"product_brand","embeddable":true,"href":"https:\/\/yupie.app\/ro\/wp-json\/wp\/v2\/product_brand?post=2664"},{"taxonomy":"product_cat","embeddable":true,"href":"https:\/\/yupie.app\/ro\/wp-json\/wp\/v2\/product_cat?post=2664"},{"taxonomy":"product_tag","embeddable":true,"href":"https:\/\/yupie.app\/ro\/wp-json\/wp\/v2\/product_tag?post=2664"}],"curies":[{"name":"wp","href":"https:\/\/api.w.org\/{rel}","templated":true}]}}