{"id":2660,"date":"2023-08-21T12:48:00","date_gmt":"2023-08-21T10:48:00","guid":{"rendered":"https:\/\/yupie.hu\/?post_type=product&#038;p=2660"},"modified":"2026-01-18T08:31:39","modified_gmt":"2026-01-18T06:31:39","slug":"diszes-aranykeretes-fali-tukor","status":"publish","type":"product","link":"https:\/\/yupie.app\/ro\/product\/diszes-aranykeretes-fali-tukor\/","title":{"rendered":"Klasszikus arany keretes fali t\u00fck\u00f6r \u2013 eleg\u00e1ns vintage lak\u00e1sdekor (55\u00d745\u00d73 cm)"},"content":{"rendered":"<p>Ez a d\u00edszes aranykeretes fali t\u00fck\u00f6r igaz\u00e1n leny\u0171g\u00f6z\u0151 darabja lehet otthon\u00e1nak. Az eleg\u00e1ns aranykeret, ami k\u00f6rbe\u00f6leli, egy igazi m\u0171alkot\u00e1snak t\u0171nik. Ez a t\u00fck\u00f6r nem csup\u00e1n praktikus, hanem luxus\u00e9rzetet is k\u00f6lcs\u00f6n\u00f6z a t\u00e9rnek.<\/p>\n<p>Az aranykeret finoman kidolgozott mint\u00e1zatai \u00e9s d\u00edsz\u00edt\u00e9sei a hagyom\u00e1nyos k\u00e9zm\u0171ves munk\u00e1t d\u00edcs\u00e9rik. A gazdagon d\u00edsz\u00edtett keret egyfajta id\u0151utaz\u00e1st jelent a m\u00faltba, amikor is az ilyen r\u00e9szletess\u00e9ggel elk\u00e9sz\u00edtett d\u00edsz\u00edt\u00e9sek a gazdags\u00e1g \u00e9s a st\u00e1tusz szimb\u00f3lumai voltak.<\/p>\n<p>Ezenk\u00edv\u00fcl a t\u00fck\u00f6r funkcion\u00e1lis \u00e9rt\u00e9k\u00e9vel is kiemelkedik. Hasznos lehet a napi \u00f6lt\u00f6zk\u00f6d\u00e9s sor\u00e1n, vagy ak\u00e1r egy teret is nagyobbnak \u00e9s vil\u00e1gosabbnak t\u0171ntethet fel.<\/p>\n<p>Ez a d\u00edszes aranykeretes fali t\u00fck\u00f6r nemcsak egy egyszer\u0171 lakberendez\u00e9si t\u00e1rgy, hanem egy val\u00f3di m\u0171alkot\u00e1s, ami m\u00e9lt\u00f3s\u00e1got \u00e9s eleganci\u00e1t hoz az otthonodba. K\u00fcl\u00f6nleges hangulatot \u00e9s luxust sug\u00e1roz mindenki sz\u00e1m\u00e1ra, aki megl\u00e1tja<\/p>","protected":false},"excerpt":{"rendered":"<p>Ez a d\u00edszes aranykeretes fali t\u00fck\u00f6r p\u00e1ratlan eleganci\u00e1t \u00e9s f\u00e9ny\u0171z\u00e9st hoz otthonodba vagy b\u00e1rmely bels\u0151 t\u00e9rbe. Ez a leny\u0171g\u00f6z\u0151en d\u00edsz\u00edtett fali t\u00fck\u00f6r azonnal mag\u00e1ra vonja a figyelmet keret\u00e9nek eleg\u00e1ns ragyog\u00e1s\u00e1val. A t\u00fck\u00f6r fel\u00fclet kifinomultan t\u00fckr\u00f6zi vissza a k\u00f6rnyez\u0151 teret, m\u00e9g t\u00f6bb f\u00e9nyt \u00e9s t\u00e1gass\u00e1got adva a helyis\u00e9gnek. A keret finoman kidolgozott r\u00e9szletekkel van ell\u00e1tva, amelyek finom \u00edvekkel, dombor\u00fa mint\u00e1kkal \u00e9s gazdag d\u00edsz\u00edt\u00e9sekkel rendelkeznek.<\/p>","protected":false},"featured_media":3844,"template":"","meta":[],"product_brand":[],"product_cat":[1051],"product_tag":[88,59,211,73,804,630,705,801,74,819,1052],"class_list":{"0":"post-2660","1":"product","2":"type-product","3":"status-publish","4":"has-post-thumbnail","6":"product_cat-tukrok","7":"product_tag-arany","8":"product_tag-dekoracio","9":"product_tag-diszitett","10":"product_tag-elegans","11":"product_tag-gazdagon-diszitett","12":"product_tag-kifinomult","13":"product_tag-reszletes","14":"product_tag-reszletesseg","15":"product_tag-stilusos","16":"product_tag-tukor","17":"product_tag-tukrok","18":"description-off","20":"first","21":"instock","22":"shipping-taxable","23":"purchasable","24":"product-type-simple"},"yoast_head":"<!-- This site is optimized with the Yoast SEO plugin v27.3 - https:\/\/yoast.com\/product\/yoast-seo-wordpress\/ -->\n<title>Klasszikus arany keretes fali t\u00fck\u00f6r \u2013 eleg\u00e1ns vintage lak\u00e1sdekor (55\u00d745\u00d73 cm) - yupie.app<\/title>\n<meta name=\"description\" content=\"Ez a d\u00edszes aranykeretes fali t\u00fck\u00f6r igaz\u00e1n leny\u0171g\u00f6z\u0151 darabja lehet otthon\u00e1nak. Az eleg\u00e1ns aranykeret, ami k\u00f6rbe\u00f6leli, egy igazi m\u0171alkot\u00e1snak t\u0171nik.\" \/>\n<meta name=\"robots\" content=\"index, follow, max-snippet:-1, max-image-preview:large, max-video-preview:-1\" \/>\n<link rel=\"canonical\" href=\"https:\/\/yupie.app\/ro\/product\/diszes-aranykeretes-fali-tukor\/\" \/>\n<meta property=\"og:locale\" content=\"ro_RO\" \/>\n<meta property=\"og:type\" content=\"article\" \/>\n<meta property=\"og:title\" content=\"Klasszikus arany keretes fali t\u00fck\u00f6r \u2013 eleg\u00e1ns vintage lak\u00e1sdekor (55\u00d745\u00d73 cm) - yupie.app\" \/>\n<meta property=\"og:description\" content=\"Ez a d\u00edszes aranykeretes fali t\u00fck\u00f6r igaz\u00e1n leny\u0171g\u00f6z\u0151 darabja lehet otthon\u00e1nak. Az eleg\u00e1ns aranykeret, ami k\u00f6rbe\u00f6leli, egy igazi m\u0171alkot\u00e1snak t\u0171nik.\" \/>\n<meta property=\"og:url\" content=\"https:\/\/yupie.app\/ro\/product\/diszes-aranykeretes-fali-tukor\/\" \/>\n<meta property=\"og:site_name\" content=\"yupie.app\" \/>\n<meta property=\"article:publisher\" content=\"https:\/\/www.facebook.com\/profile.php?id=100089345417295\" \/>\n<meta property=\"article:modified_time\" content=\"2026-01-18T06:31:39+00:00\" \/>\n<meta property=\"og:image\" content=\"https:\/\/yupie.app\/wp-content\/uploads\/2023\/08\/kiv-38-1024x822.png\" \/>\n\t<meta property=\"og:image:width\" content=\"1024\" \/>\n\t<meta property=\"og:image:height\" content=\"822\" \/>\n\t<meta property=\"og:image:type\" content=\"image\/png\" \/>\n<meta name=\"twitter:card\" content=\"summary_large_image\" \/>\n<meta name=\"twitter:label1\" content=\"Timp estimat pentru citire\" \/>\n\t<meta name=\"twitter:data1\" content=\"1 minut\" \/>\n<script type=\"application\/ld+json\" class=\"yoast-schema-graph\">{\"@context\":\"https:\\\/\\\/schema.org\",\"@graph\":[{\"@type\":\"WebPage\",\"@id\":\"https:\\\/\\\/yupie.app\\\/product\\\/diszes-aranykeretes-fali-tukor\\\/\",\"url\":\"https:\\\/\\\/yupie.app\\\/product\\\/diszes-aranykeretes-fali-tukor\\\/\",\"name\":\"Klasszikus arany keretes fali t\u00fck\u00f6r \u2013 eleg\u00e1ns vintage lak\u00e1sdekor (55\u00d745\u00d73 cm) - yupie.app\",\"isPartOf\":{\"@id\":\"https:\\\/\\\/yupie.app\\\/#website\"},\"primaryImageOfPage\":{\"@id\":\"https:\\\/\\\/yupie.app\\\/product\\\/diszes-aranykeretes-fali-tukor\\\/#primaryimage\"},\"image\":{\"@id\":\"https:\\\/\\\/yupie.app\\\/product\\\/diszes-aranykeretes-fali-tukor\\\/#primaryimage\"},\"thumbnailUrl\":\"https:\\\/\\\/yupie.app\\\/wp-content\\\/uploads\\\/2023\\\/08\\\/kiv-38.png\",\"datePublished\":\"2023-08-21T10:48:00+00:00\",\"dateModified\":\"2026-01-18T06:31:39+00:00\",\"description\":\"Ez a d\u00edszes aranykeretes fali t\u00fck\u00f6r igaz\u00e1n leny\u0171g\u00f6z\u0151 darabja lehet otthon\u00e1nak. Az eleg\u00e1ns aranykeret, ami k\u00f6rbe\u00f6leli, egy igazi m\u0171alkot\u00e1snak t\u0171nik.\",\"breadcrumb\":{\"@id\":\"https:\\\/\\\/yupie.app\\\/product\\\/diszes-aranykeretes-fali-tukor\\\/#breadcrumb\"},\"inLanguage\":\"ro-RO\",\"potentialAction\":[{\"@type\":\"ReadAction\",\"target\":[\"https:\\\/\\\/yupie.app\\\/product\\\/diszes-aranykeretes-fali-tukor\\\/\"]}]},{\"@type\":\"ImageObject\",\"inLanguage\":\"ro-RO\",\"@id\":\"https:\\\/\\\/yupie.app\\\/product\\\/diszes-aranykeretes-fali-tukor\\\/#primaryimage\",\"url\":\"https:\\\/\\\/yupie.app\\\/wp-content\\\/uploads\\\/2023\\\/08\\\/kiv-38.png\",\"contentUrl\":\"https:\\\/\\\/yupie.app\\\/wp-content\\\/uploads\\\/2023\\\/08\\\/kiv-38.png\",\"width\":2362,\"height\":1895,\"caption\":\"D\u00edszes aranykeretes fali t\u00fck\u00f6r, dekor\u00e1ci\u00f3, t\u00fckr\u00f6k, yupie\"},{\"@type\":\"BreadcrumbList\",\"@id\":\"https:\\\/\\\/yupie.app\\\/product\\\/diszes-aranykeretes-fali-tukor\\\/#breadcrumb\",\"itemListElement\":[{\"@type\":\"ListItem\",\"position\":1,\"name\":\"Kezd\u0151lap\",\"item\":\"https:\\\/\\\/yupie.app\\\/\"},{\"@type\":\"ListItem\",\"position\":2,\"name\":\"Katal\u00f3gus\",\"item\":\"https:\\\/\\\/yupie.app\\\/katalogus\\\/\"},{\"@type\":\"ListItem\",\"position\":3,\"name\":\"Klasszikus arany keretes fali t\u00fck\u00f6r \u2013 eleg\u00e1ns vintage lak\u00e1sdekor (55\u00d745\u00d73 cm)\"}]},{\"@type\":\"WebSite\",\"@id\":\"https:\\\/\\\/yupie.app\\\/#website\",\"url\":\"https:\\\/\\\/yupie.app\\\/\",\"name\":\"yupie.app\",\"description\":\"\",\"publisher\":{\"@id\":\"https:\\\/\\\/yupie.app\\\/#organization\"},\"potentialAction\":[{\"@type\":\"SearchAction\",\"target\":{\"@type\":\"EntryPoint\",\"urlTemplate\":\"https:\\\/\\\/yupie.app\\\/?s={search_term_string}\"},\"query-input\":{\"@type\":\"PropertyValueSpecification\",\"valueRequired\":true,\"valueName\":\"search_term_string\"}}],\"inLanguage\":\"ro-RO\"},{\"@type\":\"Organization\",\"@id\":\"https:\\\/\\\/yupie.app\\\/#organization\",\"name\":\"yupie.app\",\"url\":\"https:\\\/\\\/yupie.app\\\/\",\"logo\":{\"@type\":\"ImageObject\",\"inLanguage\":\"ro-RO\",\"@id\":\"https:\\\/\\\/yupie.app\\\/#\\\/schema\\\/logo\\\/image\\\/\",\"url\":\"https:\\\/\\\/yupie.app\\\/wp-content\\\/uploads\\\/2025\\\/07\\\/cropped-uj-logo.png\",\"contentUrl\":\"https:\\\/\\\/yupie.app\\\/wp-content\\\/uploads\\\/2025\\\/07\\\/cropped-uj-logo.png\",\"width\":500,\"height\":208,\"caption\":\"yupie.app\"},\"image\":{\"@id\":\"https:\\\/\\\/yupie.app\\\/#\\\/schema\\\/logo\\\/image\\\/\"},\"sameAs\":[\"https:\\\/\\\/www.facebook.com\\\/profile.php?id=100089345417295\"]}]}<\/script>\n<!-- \/ Yoast SEO plugin. -->","yoast_head_json":{"title":"Klasszikus arany keretes fali t\u00fck\u00f6r \u2013 eleg\u00e1ns vintage lak\u00e1sdekor (55\u00d745\u00d73 cm) - yupie.app","description":"Ez a d\u00edszes aranykeretes fali t\u00fck\u00f6r igaz\u00e1n leny\u0171g\u00f6z\u0151 darabja lehet otthon\u00e1nak. Az eleg\u00e1ns aranykeret, ami k\u00f6rbe\u00f6leli, egy igazi m\u0171alkot\u00e1snak t\u0171nik.","robots":{"index":"index","follow":"follow","max-snippet":"max-snippet:-1","max-image-preview":"max-image-preview:large","max-video-preview":"max-video-preview:-1"},"canonical":"https:\/\/yupie.app\/ro\/product\/diszes-aranykeretes-fali-tukor\/","og_locale":"ro_RO","og_type":"article","og_title":"Klasszikus arany keretes fali t\u00fck\u00f6r \u2013 eleg\u00e1ns vintage lak\u00e1sdekor (55\u00d745\u00d73 cm) - yupie.app","og_description":"Ez a d\u00edszes aranykeretes fali t\u00fck\u00f6r igaz\u00e1n leny\u0171g\u00f6z\u0151 darabja lehet otthon\u00e1nak. Az eleg\u00e1ns aranykeret, ami k\u00f6rbe\u00f6leli, egy igazi m\u0171alkot\u00e1snak t\u0171nik.","og_url":"https:\/\/yupie.app\/ro\/product\/diszes-aranykeretes-fali-tukor\/","og_site_name":"yupie.app","article_publisher":"https:\/\/www.facebook.com\/profile.php?id=100089345417295","article_modified_time":"2026-01-18T06:31:39+00:00","og_image":[{"width":1024,"height":822,"url":"https:\/\/yupie.app\/wp-content\/uploads\/2023\/08\/kiv-38-1024x822.png","type":"image\/png"}],"twitter_card":"summary_large_image","twitter_misc":{"Timp estimat pentru citire":"1 minut"},"schema":{"@context":"https:\/\/schema.org","@graph":[{"@type":"WebPage","@id":"https:\/\/yupie.app\/product\/diszes-aranykeretes-fali-tukor\/","url":"https:\/\/yupie.app\/product\/diszes-aranykeretes-fali-tukor\/","name":"Klasszikus arany keretes fali t\u00fck\u00f6r \u2013 eleg\u00e1ns vintage lak\u00e1sdekor (55\u00d745\u00d73 cm) - yupie.app","isPartOf":{"@id":"https:\/\/yupie.app\/#website"},"primaryImageOfPage":{"@id":"https:\/\/yupie.app\/product\/diszes-aranykeretes-fali-tukor\/#primaryimage"},"image":{"@id":"https:\/\/yupie.app\/product\/diszes-aranykeretes-fali-tukor\/#primaryimage"},"thumbnailUrl":"https:\/\/yupie.app\/wp-content\/uploads\/2023\/08\/kiv-38.png","datePublished":"2023-08-21T10:48:00+00:00","dateModified":"2026-01-18T06:31:39+00:00","description":"Ez a d\u00edszes aranykeretes fali t\u00fck\u00f6r igaz\u00e1n leny\u0171g\u00f6z\u0151 darabja lehet otthon\u00e1nak. Az eleg\u00e1ns aranykeret, ami k\u00f6rbe\u00f6leli, egy igazi m\u0171alkot\u00e1snak t\u0171nik.","breadcrumb":{"@id":"https:\/\/yupie.app\/product\/diszes-aranykeretes-fali-tukor\/#breadcrumb"},"inLanguage":"ro-RO","potentialAction":[{"@type":"ReadAction","target":["https:\/\/yupie.app\/product\/diszes-aranykeretes-fali-tukor\/"]}]},{"@type":"ImageObject","inLanguage":"ro-RO","@id":"https:\/\/yupie.app\/product\/diszes-aranykeretes-fali-tukor\/#primaryimage","url":"https:\/\/yupie.app\/wp-content\/uploads\/2023\/08\/kiv-38.png","contentUrl":"https:\/\/yupie.app\/wp-content\/uploads\/2023\/08\/kiv-38.png","width":2362,"height":1895,"caption":"D\u00edszes aranykeretes fali t\u00fck\u00f6r, dekor\u00e1ci\u00f3, t\u00fckr\u00f6k, yupie"},{"@type":"BreadcrumbList","@id":"https:\/\/yupie.app\/product\/diszes-aranykeretes-fali-tukor\/#breadcrumb","itemListElement":[{"@type":"ListItem","position":1,"name":"Kezd\u0151lap","item":"https:\/\/yupie.app\/"},{"@type":"ListItem","position":2,"name":"Katal\u00f3gus","item":"https:\/\/yupie.app\/katalogus\/"},{"@type":"ListItem","position":3,"name":"Klasszikus arany keretes fali t\u00fck\u00f6r \u2013 eleg\u00e1ns vintage lak\u00e1sdekor (55\u00d745\u00d73 cm)"}]},{"@type":"WebSite","@id":"https:\/\/yupie.app\/#website","url":"https:\/\/yupie.app\/","name":"yupie.app","description":"","publisher":{"@id":"https:\/\/yupie.app\/#organization"},"potentialAction":[{"@type":"SearchAction","target":{"@type":"EntryPoint","urlTemplate":"https:\/\/yupie.app\/?s={search_term_string}"},"query-input":{"@type":"PropertyValueSpecification","valueRequired":true,"valueName":"search_term_string"}}],"inLanguage":"ro-RO"},{"@type":"Organization","@id":"https:\/\/yupie.app\/#organization","name":"yupie.app","url":"https:\/\/yupie.app\/","logo":{"@type":"ImageObject","inLanguage":"ro-RO","@id":"https:\/\/yupie.app\/#\/schema\/logo\/image\/","url":"https:\/\/yupie.app\/wp-content\/uploads\/2025\/07\/cropped-uj-logo.png","contentUrl":"https:\/\/yupie.app\/wp-content\/uploads\/2025\/07\/cropped-uj-logo.png","width":500,"height":208,"caption":"yupie.app"},"image":{"@id":"https:\/\/yupie.app\/#\/schema\/logo\/image\/"},"sameAs":["https:\/\/www.facebook.com\/profile.php?id=100089345417295"]}]}},"jetpack_sharing_enabled":true,"_links":{"self":[{"href":"https:\/\/yupie.app\/ro\/wp-json\/wp\/v2\/product\/2660","targetHints":{"allow":["GET"]}}],"collection":[{"href":"https:\/\/yupie.app\/ro\/wp-json\/wp\/v2\/product"}],"about":[{"href":"https:\/\/yupie.app\/ro\/wp-json\/wp\/v2\/types\/product"}],"version-history":[{"count":0,"href":"https:\/\/yupie.app\/ro\/wp-json\/wp\/v2\/product\/2660\/revisions"}],"wp:featuredmedia":[{"embeddable":true,"href":"https:\/\/yupie.app\/ro\/wp-json\/wp\/v2\/media\/3844"}],"wp:attachment":[{"href":"https:\/\/yupie.app\/ro\/wp-json\/wp\/v2\/media?parent=2660"}],"wp:term":[{"taxonomy":"product_brand","embeddable":true,"href":"https:\/\/yupie.app\/ro\/wp-json\/wp\/v2\/product_brand?post=2660"},{"taxonomy":"product_cat","embeddable":true,"href":"https:\/\/yupie.app\/ro\/wp-json\/wp\/v2\/product_cat?post=2660"},{"taxonomy":"product_tag","embeddable":true,"href":"https:\/\/yupie.app\/ro\/wp-json\/wp\/v2\/product_tag?post=2660"}],"curies":[{"name":"wp","href":"https:\/\/api.w.org\/{rel}","templated":true}]}}