{"id":2016,"date":"2023-08-10T09:00:53","date_gmt":"2023-08-10T07:00:53","guid":{"rendered":"https:\/\/yupie.hu\/?post_type=product&#038;p=2016"},"modified":"2026-01-06T14:11:14","modified_gmt":"2026-01-06T12:11:14","slug":"b-b-depose-oz-anya-es-gidaja-szobor","status":"publish","type":"product","link":"https:\/\/yupie.app\/ro\/product\/b-b-depose-oz-anya-es-gidaja-szobor\/","title":{"rendered":"B.B Depose: \u0150z anya \u00e9s gid\u00e1ja szobor"},"content":{"rendered":"<p>B.B Depose: \u0150z anya \u00e9s gid\u00e1ja szobor egy anya szarvas \u00e9s borj\u00faja \u00e1br\u00e1zol\u00e1s\u00e1val ragadja meg a term\u00e9szet sz\u00e9ps\u00e9g\u00e9t \u00e9s az anyai gondoskod\u00e1s m\u00e9lys\u00e9g\u00e9t. A finoman faragott k\u0151kompoz\u00edci\u00f3 \u00e9letre kelti a vadon var\u00e1zs\u00e1t, ahogyan az anya szarvas tekintete melegen pihen a kis borj\u00faj\u00e1n. Az anya tekintete tele van szeretettel \u00e9s odaad\u00e1ssal, ahogy v\u00e9delmez\u0151n \u00e1ll a fiatalabb mellett.<\/p>\n<p>A szobor apr\u00f3l\u00e9kos r\u00e9szletei \u00e9s a kidolgozott anat\u00f3mia \u00e9leth\u0171en \u00f6r\u00f6k\u00edtik meg a finom von\u00e1sokat \u00e9s mozdulatokat. A megmunk\u00e1l\u00e1s olyan, mintha maga a term\u00e9szet alkotta volna meg ezt a megkap\u00f3 pillanatot, amikor az anya \u00e9s gyermeke \u00f6sszetal\u00e1lkoznak a r\u00e9t z\u00f6ldj\u00e9n.<\/p>\n<p>Ez a m\u0171alkot\u00e1s eml\u00e9keztet benn\u00fcnket az anyai szerelem erej\u00e9re \u00e9s az \u00e9let \u00f6r\u00f6k k\u00f6rforg\u00e1s\u00e1ra. A szarvasok m\u00e9ly kapcsolata \u00e9s a term\u00e9szet harm\u00f3ni\u00e1ja meg\u00e9rinti a n\u00e9z\u0151t, \u00e9s elid\u0151zteti a pillanat var\u00e1zs\u00e1t. A szobor \u00f6r\u00f6k\u00e9rv\u00e9ny\u0171 \u00fczenete \u00e9s mesteri kivitelez\u00e9se miatt m\u00e9lt\u00e1n \u00e1ll a term\u00e9szet \u00e9s az anyas\u00e1g tisztelet\u00e9nek szentelt alkot\u00e1sok sor\u00e1ban.<\/p>","protected":false},"excerpt":{"rendered":"<p>B.B Depose: \u0150z anya \u00e9s gid\u00e1ja szobor finoman \u00f6r\u00f6k\u00edti meg a sz\u00fcl\u0151i odaad\u00e1s \u00e9s v\u00e9delem jelent\u0151s\u00e9g\u00e9t a vadonban. Az anya \u00e9s borja k\u00f6z\u00f6tti k\u00f6tel\u00e9k \u00e9rzelmi gazdags\u00e1g\u00e1t a szobor kit\u0171n\u0151en kifejezi. Az anya b\u00fcszkes\u00e9ge \u00e9s v\u00e9delmez\u0151 szeretete \u00e1tsug\u00e1rzik a szobor h\u0171v\u00f6s fel\u00fclet\u00e9n kereszt\u00fcl. A kicsi borj\u00fa k\u00edv\u00e1ncsi tekintettel n\u00e9z anyja szem\u00e9be, \u00e9rezve a biztons\u00e1g \u00e9s a szeretet melegs\u00e9g\u00e9t. A szobor r\u00e9szletes kidolgoz\u00e1sa leny\u0171g\u00f6z\u0151, a finom vonalak \u00e9s text\u00far\u00e1k \u00e9leth\u0171en jelen\u00edtik meg a szarvasok term\u00e9szetes sz\u00e9ps\u00e9g\u00e9t.<\/p>","protected":false},"featured_media":3956,"template":"","meta":[],"product_brand":[],"product_cat":[1389],"product_tag":[85,174,688,59,727,760,761,705,179,686,687],"class_list":{"0":"post-2016","1":"product","2":"type-product","3":"status-publish","4":"has-post-thumbnail","6":"product_cat-szobor","7":"product_tag-barna","8":"product_tag-dekor","9":"product_tag-dekor-figura","10":"product_tag-dekoracio","11":"product_tag-elethu","12":"product_tag-oz","13":"product_tag-oz-anya-es-gidaja","14":"product_tag-reszletes","15":"product_tag-szobor","16":"product_tag-termeszet","17":"product_tag-termeszetkozeli","18":"description-off","20":"first","21":"instock","22":"shipping-taxable","23":"purchasable","24":"product-type-simple"},"yoast_head":"<!-- This site is optimized with the Yoast SEO plugin v27.3 - https:\/\/yoast.com\/product\/yoast-seo-wordpress\/ -->\n<title>B.B Depose: \u0150z anya \u00e9s gid\u00e1ja szobor - yupie.app<\/title>\n<meta name=\"description\" content=\"B.B Depose: \u0150z anya \u00e9s gid\u00e1ja szobor egy anya szarvas \u00e9s borj\u00faja \u00e1br\u00e1zol\u00e1s\u00e1val ragadja meg a term\u00e9szet sz\u00e9ps\u00e9g\u00e9t \u00e9s az anyai gondoskod\u00e1s m\u00e9lys\u00e9g\u00e9t.\" \/>\n<meta name=\"robots\" content=\"index, follow, max-snippet:-1, max-image-preview:large, max-video-preview:-1\" \/>\n<link rel=\"canonical\" href=\"https:\/\/yupie.app\/ro\/product\/b-b-depose-oz-anya-es-gidaja-szobor\/\" \/>\n<meta property=\"og:locale\" content=\"ro_RO\" \/>\n<meta property=\"og:type\" content=\"article\" \/>\n<meta property=\"og:title\" content=\"B.B Depose: \u0150z anya \u00e9s gid\u00e1ja szobor - yupie.app\" \/>\n<meta property=\"og:description\" content=\"B.B Depose: \u0150z anya \u00e9s gid\u00e1ja szobor egy anya szarvas \u00e9s borj\u00faja \u00e1br\u00e1zol\u00e1s\u00e1val ragadja meg a term\u00e9szet sz\u00e9ps\u00e9g\u00e9t \u00e9s az anyai gondoskod\u00e1s m\u00e9lys\u00e9g\u00e9t.\" \/>\n<meta property=\"og:url\" content=\"https:\/\/yupie.app\/ro\/product\/b-b-depose-oz-anya-es-gidaja-szobor\/\" \/>\n<meta property=\"og:site_name\" content=\"yupie.app\" \/>\n<meta property=\"article:publisher\" content=\"https:\/\/www.facebook.com\/profile.php?id=100089345417295\" \/>\n<meta property=\"article:modified_time\" content=\"2026-01-06T12:11:14+00:00\" \/>\n<meta property=\"og:image\" content=\"https:\/\/yupie.app\/wp-content\/uploads\/2023\/08\/DSC00992-1024x1024.png\" \/>\n\t<meta property=\"og:image:width\" content=\"1024\" \/>\n\t<meta property=\"og:image:height\" content=\"1024\" \/>\n\t<meta property=\"og:image:type\" content=\"image\/png\" \/>\n<meta name=\"twitter:card\" content=\"summary_large_image\" \/>\n<meta name=\"twitter:label1\" content=\"Timp estimat pentru citire\" \/>\n\t<meta name=\"twitter:data1\" content=\"1 minut\" \/>\n<script type=\"application\/ld+json\" class=\"yoast-schema-graph\">{\"@context\":\"https:\\\/\\\/schema.org\",\"@graph\":[{\"@type\":\"WebPage\",\"@id\":\"https:\\\/\\\/yupie.app\\\/product\\\/b-b-depose-oz-anya-es-gidaja-szobor\\\/\",\"url\":\"https:\\\/\\\/yupie.app\\\/product\\\/b-b-depose-oz-anya-es-gidaja-szobor\\\/\",\"name\":\"B.B Depose: \u0150z anya \u00e9s gid\u00e1ja szobor - yupie.app\",\"isPartOf\":{\"@id\":\"https:\\\/\\\/yupie.app\\\/#website\"},\"primaryImageOfPage\":{\"@id\":\"https:\\\/\\\/yupie.app\\\/product\\\/b-b-depose-oz-anya-es-gidaja-szobor\\\/#primaryimage\"},\"image\":{\"@id\":\"https:\\\/\\\/yupie.app\\\/product\\\/b-b-depose-oz-anya-es-gidaja-szobor\\\/#primaryimage\"},\"thumbnailUrl\":\"https:\\\/\\\/yupie.app\\\/wp-content\\\/uploads\\\/2023\\\/08\\\/DSC00992.png\",\"datePublished\":\"2023-08-10T07:00:53+00:00\",\"dateModified\":\"2026-01-06T12:11:14+00:00\",\"description\":\"B.B Depose: \u0150z anya \u00e9s gid\u00e1ja szobor egy anya szarvas \u00e9s borj\u00faja \u00e1br\u00e1zol\u00e1s\u00e1val ragadja meg a term\u00e9szet sz\u00e9ps\u00e9g\u00e9t \u00e9s az anyai gondoskod\u00e1s m\u00e9lys\u00e9g\u00e9t.\",\"breadcrumb\":{\"@id\":\"https:\\\/\\\/yupie.app\\\/product\\\/b-b-depose-oz-anya-es-gidaja-szobor\\\/#breadcrumb\"},\"inLanguage\":\"ro-RO\",\"potentialAction\":[{\"@type\":\"ReadAction\",\"target\":[\"https:\\\/\\\/yupie.app\\\/product\\\/b-b-depose-oz-anya-es-gidaja-szobor\\\/\"]}]},{\"@type\":\"ImageObject\",\"inLanguage\":\"ro-RO\",\"@id\":\"https:\\\/\\\/yupie.app\\\/product\\\/b-b-depose-oz-anya-es-gidaja-szobor\\\/#primaryimage\",\"url\":\"https:\\\/\\\/yupie.app\\\/wp-content\\\/uploads\\\/2023\\\/08\\\/DSC00992.png\",\"contentUrl\":\"https:\\\/\\\/yupie.app\\\/wp-content\\\/uploads\\\/2023\\\/08\\\/DSC00992.png\",\"width\":2100,\"height\":2101,\"caption\":\"B.B Depose: \u0150z anya \u00e9s gid\u00e1ja szobor, dekor\u00e1ci\u00f3, szobrok, yupie\"},{\"@type\":\"BreadcrumbList\",\"@id\":\"https:\\\/\\\/yupie.app\\\/product\\\/b-b-depose-oz-anya-es-gidaja-szobor\\\/#breadcrumb\",\"itemListElement\":[{\"@type\":\"ListItem\",\"position\":1,\"name\":\"Kezd\u0151lap\",\"item\":\"https:\\\/\\\/yupie.app\\\/\"},{\"@type\":\"ListItem\",\"position\":2,\"name\":\"Katal\u00f3gus\",\"item\":\"https:\\\/\\\/yupie.app\\\/katalogus\\\/\"},{\"@type\":\"ListItem\",\"position\":3,\"name\":\"B.B Depose: \u0150z anya \u00e9s gid\u00e1ja szobor\"}]},{\"@type\":\"WebSite\",\"@id\":\"https:\\\/\\\/yupie.app\\\/#website\",\"url\":\"https:\\\/\\\/yupie.app\\\/\",\"name\":\"yupie.app\",\"description\":\"\",\"publisher\":{\"@id\":\"https:\\\/\\\/yupie.app\\\/#organization\"},\"potentialAction\":[{\"@type\":\"SearchAction\",\"target\":{\"@type\":\"EntryPoint\",\"urlTemplate\":\"https:\\\/\\\/yupie.app\\\/?s={search_term_string}\"},\"query-input\":{\"@type\":\"PropertyValueSpecification\",\"valueRequired\":true,\"valueName\":\"search_term_string\"}}],\"inLanguage\":\"ro-RO\"},{\"@type\":\"Organization\",\"@id\":\"https:\\\/\\\/yupie.app\\\/#organization\",\"name\":\"yupie.app\",\"url\":\"https:\\\/\\\/yupie.app\\\/\",\"logo\":{\"@type\":\"ImageObject\",\"inLanguage\":\"ro-RO\",\"@id\":\"https:\\\/\\\/yupie.app\\\/#\\\/schema\\\/logo\\\/image\\\/\",\"url\":\"https:\\\/\\\/yupie.app\\\/wp-content\\\/uploads\\\/2025\\\/07\\\/cropped-uj-logo.png\",\"contentUrl\":\"https:\\\/\\\/yupie.app\\\/wp-content\\\/uploads\\\/2025\\\/07\\\/cropped-uj-logo.png\",\"width\":500,\"height\":208,\"caption\":\"yupie.app\"},\"image\":{\"@id\":\"https:\\\/\\\/yupie.app\\\/#\\\/schema\\\/logo\\\/image\\\/\"},\"sameAs\":[\"https:\\\/\\\/www.facebook.com\\\/profile.php?id=100089345417295\"]}]}<\/script>\n<!-- \/ Yoast SEO plugin. -->","yoast_head_json":{"title":"B.B Depose: \u0150z anya \u00e9s gid\u00e1ja szobor - yupie.app","description":"B.B Depose: \u0150z anya \u00e9s gid\u00e1ja szobor egy anya szarvas \u00e9s borj\u00faja \u00e1br\u00e1zol\u00e1s\u00e1val ragadja meg a term\u00e9szet sz\u00e9ps\u00e9g\u00e9t \u00e9s az anyai gondoskod\u00e1s m\u00e9lys\u00e9g\u00e9t.","robots":{"index":"index","follow":"follow","max-snippet":"max-snippet:-1","max-image-preview":"max-image-preview:large","max-video-preview":"max-video-preview:-1"},"canonical":"https:\/\/yupie.app\/ro\/product\/b-b-depose-oz-anya-es-gidaja-szobor\/","og_locale":"ro_RO","og_type":"article","og_title":"B.B Depose: \u0150z anya \u00e9s gid\u00e1ja szobor - yupie.app","og_description":"B.B Depose: \u0150z anya \u00e9s gid\u00e1ja szobor egy anya szarvas \u00e9s borj\u00faja \u00e1br\u00e1zol\u00e1s\u00e1val ragadja meg a term\u00e9szet sz\u00e9ps\u00e9g\u00e9t \u00e9s az anyai gondoskod\u00e1s m\u00e9lys\u00e9g\u00e9t.","og_url":"https:\/\/yupie.app\/ro\/product\/b-b-depose-oz-anya-es-gidaja-szobor\/","og_site_name":"yupie.app","article_publisher":"https:\/\/www.facebook.com\/profile.php?id=100089345417295","article_modified_time":"2026-01-06T12:11:14+00:00","og_image":[{"width":1024,"height":1024,"url":"https:\/\/yupie.app\/wp-content\/uploads\/2023\/08\/DSC00992-1024x1024.png","type":"image\/png"}],"twitter_card":"summary_large_image","twitter_misc":{"Timp estimat pentru citire":"1 minut"},"schema":{"@context":"https:\/\/schema.org","@graph":[{"@type":"WebPage","@id":"https:\/\/yupie.app\/product\/b-b-depose-oz-anya-es-gidaja-szobor\/","url":"https:\/\/yupie.app\/product\/b-b-depose-oz-anya-es-gidaja-szobor\/","name":"B.B Depose: \u0150z anya \u00e9s gid\u00e1ja szobor - yupie.app","isPartOf":{"@id":"https:\/\/yupie.app\/#website"},"primaryImageOfPage":{"@id":"https:\/\/yupie.app\/product\/b-b-depose-oz-anya-es-gidaja-szobor\/#primaryimage"},"image":{"@id":"https:\/\/yupie.app\/product\/b-b-depose-oz-anya-es-gidaja-szobor\/#primaryimage"},"thumbnailUrl":"https:\/\/yupie.app\/wp-content\/uploads\/2023\/08\/DSC00992.png","datePublished":"2023-08-10T07:00:53+00:00","dateModified":"2026-01-06T12:11:14+00:00","description":"B.B Depose: \u0150z anya \u00e9s gid\u00e1ja szobor egy anya szarvas \u00e9s borj\u00faja \u00e1br\u00e1zol\u00e1s\u00e1val ragadja meg a term\u00e9szet sz\u00e9ps\u00e9g\u00e9t \u00e9s az anyai gondoskod\u00e1s m\u00e9lys\u00e9g\u00e9t.","breadcrumb":{"@id":"https:\/\/yupie.app\/product\/b-b-depose-oz-anya-es-gidaja-szobor\/#breadcrumb"},"inLanguage":"ro-RO","potentialAction":[{"@type":"ReadAction","target":["https:\/\/yupie.app\/product\/b-b-depose-oz-anya-es-gidaja-szobor\/"]}]},{"@type":"ImageObject","inLanguage":"ro-RO","@id":"https:\/\/yupie.app\/product\/b-b-depose-oz-anya-es-gidaja-szobor\/#primaryimage","url":"https:\/\/yupie.app\/wp-content\/uploads\/2023\/08\/DSC00992.png","contentUrl":"https:\/\/yupie.app\/wp-content\/uploads\/2023\/08\/DSC00992.png","width":2100,"height":2101,"caption":"B.B Depose: \u0150z anya \u00e9s gid\u00e1ja szobor, dekor\u00e1ci\u00f3, szobrok, yupie"},{"@type":"BreadcrumbList","@id":"https:\/\/yupie.app\/product\/b-b-depose-oz-anya-es-gidaja-szobor\/#breadcrumb","itemListElement":[{"@type":"ListItem","position":1,"name":"Kezd\u0151lap","item":"https:\/\/yupie.app\/"},{"@type":"ListItem","position":2,"name":"Katal\u00f3gus","item":"https:\/\/yupie.app\/katalogus\/"},{"@type":"ListItem","position":3,"name":"B.B Depose: \u0150z anya \u00e9s gid\u00e1ja szobor"}]},{"@type":"WebSite","@id":"https:\/\/yupie.app\/#website","url":"https:\/\/yupie.app\/","name":"yupie.app","description":"","publisher":{"@id":"https:\/\/yupie.app\/#organization"},"potentialAction":[{"@type":"SearchAction","target":{"@type":"EntryPoint","urlTemplate":"https:\/\/yupie.app\/?s={search_term_string}"},"query-input":{"@type":"PropertyValueSpecification","valueRequired":true,"valueName":"search_term_string"}}],"inLanguage":"ro-RO"},{"@type":"Organization","@id":"https:\/\/yupie.app\/#organization","name":"yupie.app","url":"https:\/\/yupie.app\/","logo":{"@type":"ImageObject","inLanguage":"ro-RO","@id":"https:\/\/yupie.app\/#\/schema\/logo\/image\/","url":"https:\/\/yupie.app\/wp-content\/uploads\/2025\/07\/cropped-uj-logo.png","contentUrl":"https:\/\/yupie.app\/wp-content\/uploads\/2025\/07\/cropped-uj-logo.png","width":500,"height":208,"caption":"yupie.app"},"image":{"@id":"https:\/\/yupie.app\/#\/schema\/logo\/image\/"},"sameAs":["https:\/\/www.facebook.com\/profile.php?id=100089345417295"]}]}},"jetpack_sharing_enabled":true,"_links":{"self":[{"href":"https:\/\/yupie.app\/ro\/wp-json\/wp\/v2\/product\/2016","targetHints":{"allow":["GET"]}}],"collection":[{"href":"https:\/\/yupie.app\/ro\/wp-json\/wp\/v2\/product"}],"about":[{"href":"https:\/\/yupie.app\/ro\/wp-json\/wp\/v2\/types\/product"}],"version-history":[{"count":0,"href":"https:\/\/yupie.app\/ro\/wp-json\/wp\/v2\/product\/2016\/revisions"}],"wp:featuredmedia":[{"embeddable":true,"href":"https:\/\/yupie.app\/ro\/wp-json\/wp\/v2\/media\/3956"}],"wp:attachment":[{"href":"https:\/\/yupie.app\/ro\/wp-json\/wp\/v2\/media?parent=2016"}],"wp:term":[{"taxonomy":"product_brand","embeddable":true,"href":"https:\/\/yupie.app\/ro\/wp-json\/wp\/v2\/product_brand?post=2016"},{"taxonomy":"product_cat","embeddable":true,"href":"https:\/\/yupie.app\/ro\/wp-json\/wp\/v2\/product_cat?post=2016"},{"taxonomy":"product_tag","embeddable":true,"href":"https:\/\/yupie.app\/ro\/wp-json\/wp\/v2\/product_tag?post=2016"}],"curies":[{"name":"wp","href":"https:\/\/api.w.org\/{rel}","templated":true}]}}