{"id":1901,"date":"2023-08-08T09:10:25","date_gmt":"2023-08-08T07:10:25","guid":{"rendered":"https:\/\/yupie.hu\/?post_type=product&#038;p=1901"},"modified":"2026-02-12T08:12:41","modified_gmt":"2026-02-12T06:12:41","slug":"santini-pony-express-szobor-alairt","status":"publish","type":"product","link":"https:\/\/yupie.app\/ro\/product\/santini-pony-express-szobor-alairt\/","title":{"rendered":"Santini Pony Express szobor al\u00e1\u00edr\u00e1ssal \u2013 western lovas dekor\u00e1ci\u00f3 m\u00e1rv\u00e1ny talapzaton"},"content":{"rendered":"<p data-start=\"0\" data-end=\"174\">Rendben Vasile \ud83d\udc4d<br data-start=\"17\" data-end=\"20\" \/>Most teljesen a <strong data-start=\"36\" data-end=\"73\">val\u00f3s anyag \u00e9s megjelen\u00e9s alapj\u00e1n<\/strong> pozicion\u00e1ljuk: vil\u00e1gos, eleg\u00e1ns, western jelenetes dekor\u00e1ci\u00f3 \u2013 nem bronz, nem antik bronz kateg\u00f3ria.<\/p>\n<hr data-start=\"176\" data-end=\"179\" \/>\n<h1 data-start=\"181\" data-end=\"198\">\u2705 SEO BAR\u00c1T C\u00cdM<\/h1>\n<p data-start=\"200\" data-end=\"287\"><strong data-start=\"200\" data-end=\"287\">Santini Pony Express szobor al\u00e1\u00edr\u00e1ssal \u2013 western lovas dekor\u00e1ci\u00f3 m\u00e1rv\u00e1ny talapzaton<\/strong><\/p>\n<hr data-start=\"289\" data-end=\"292\" \/>\n<h1 data-start=\"294\" data-end=\"333\">\ud83d\udcdd HOSSZ\u00da LE\u00cdR\u00c1S (SEO + \u00e9rt\u00e9kv\u00e9delem)<\/h1>\n<p data-start=\"335\" data-end=\"569\">A Santini \u201ePony Express\u201d szobor egy r\u00e9szletgazdag western jelenetet \u00e1br\u00e1zol, amely a v\u00e1gtat\u00f3 l\u00f3 \u00e9s lovasa dinamikus mozg\u00e1s\u00e1t \u00f6r\u00f6k\u00edti meg. A kompoz\u00edci\u00f3 lend\u00fcletes, m\u00e9gis harmonikus, \u00edgy a darab egyszerre sug\u00e1roz energi\u00e1t \u00e9s eleganci\u00e1t.<\/p>\n<p data-start=\"571\" data-end=\"860\">A vil\u00e1gos, elef\u00e1ntcsont \u00e1rnyalat\u00fa kivitel klasszikus, porcel\u00e1nszer\u0171 megjelen\u00e9st k\u00f6lcs\u00f6n\u00f6z a szobornak, amely kifinomultabb enteri\u0151r\u00f6kben is j\u00f3l \u00e9rv\u00e9nyes\u00fcl. A m\u00e1rv\u00e1ny talapzat stabilit\u00e1st \u00e9s vizu\u00e1lis s\u00falyt ad az alkot\u00e1snak, \u00edgy polcon, kom\u00f3don vagy vitrinben is karakteres f\u00f3kuszpont lehet.<\/p>\n<p data-start=\"862\" data-end=\"911\">A Santini al\u00e1\u00edr\u00e1s k\u00fcl\u00f6n \u00e9rt\u00e9ket k\u00e9pvisel, hiszen:<\/p>\n<p data-start=\"913\" data-end=\"1048\">\u2714 nem egy jel\u00f6letlen t\u00f6megdekor\u00e1ci\u00f3<br data-start=\"948\" data-end=\"951\" \/>\u2714 m\u0171v\u00e9szi ihlet\u00e9s\u0171 kompoz\u00edci\u00f3<br data-start=\"980\" data-end=\"983\" \/>\u2714 r\u00e9szletgazdag kidolgoz\u00e1s<br data-start=\"1009\" data-end=\"1012\" \/>\u2714 stabil dekor\u00e1ci\u00f3s \u00e9rt\u00e9k a piacon<\/p>\n<p data-start=\"1050\" data-end=\"1262\">A western tematika id\u0151t\u00e1ll\u00f3 \u2013 a szabads\u00e1g, a mozg\u00e1s \u00e9s a t\u00f6rt\u00e9nelmi romantika szimb\u00f3luma. Az ilyen jelleg\u0171 szobrok keresettek azok k\u00f6r\u00e9ben, akik egyedi, karakteres d\u00edszt\u00e1rgyat keresnek otthonukba vagy irod\u00e1jukba.<\/p>\n<p data-start=\"1264\" data-end=\"1376\">Ez a darab nem egyszer\u0171 dekor\u00e1ci\u00f3, hanem hangulatteremt\u0151 elem.<br data-start=\"1326\" data-end=\"1329\" \/>Olyan t\u00e9rbe illik, ahol sz\u00e1m\u00edtanak a r\u00e9szletek.<\/p>","protected":false},"excerpt":{"rendered":"<p>Santini \u201ePony Express\u201d al\u00e1\u00edrt western lovas szobor vil\u00e1gos, eleg\u00e1ns kivitelben, m\u00e1rv\u00e1ny talapzaton. R\u00e9szletgazdag dekor\u00e1ci\u00f3 klasszikus vagy vintage enteri\u0151rbe.<\/p>","protected":false},"featured_media":2487,"template":"","meta":[],"product_brand":[],"product_cat":[1389],"product_tag":[699,59,87,698,696,697,700,694,695],"class_list":{"0":"post-1901","1":"product","2":"type-product","3":"status-publish","4":"has-post-thumbnail","6":"product_cat-szobor","7":"product_tag-amerika","8":"product_tag-dekoracio","9":"product_tag-feher","10":"product_tag-lovas-szobor","11":"product_tag-mester","12":"product_tag-pony-express","13":"product_tag-reszletgazdag-alairt","14":"product_tag-santini","15":"product_tag-szobrasz","16":"description-off","18":"first","19":"instock","20":"shipping-taxable","21":"purchasable","22":"product-type-simple"},"yoast_head":"<!-- This site is optimized with the Yoast SEO plugin v27.3 - https:\/\/yoast.com\/product\/yoast-seo-wordpress\/ -->\n<title>Santini Pony Express szobor al\u00e1\u00edr\u00e1ssal\u2013 western lovas dekor\u00e1ci\u00f3<\/title>\n<meta name=\"description\" content=\"A Santini Pony Express szobor nem csak egy m\u0171alkot\u00e1s, hanem egy eml\u00e9km\u0171 is, amely az amerikai t\u00f6rt\u00e9nelem egy fontos id\u0151szak\u00e1t \u00f6r\u00f6k\u00edti meg.\u00a0\" \/>\n<meta name=\"robots\" content=\"index, follow, max-snippet:-1, max-image-preview:large, max-video-preview:-1\" \/>\n<link rel=\"canonical\" href=\"https:\/\/yupie.app\/ro\/product\/santini-pony-express-szobor-alairt\/\" \/>\n<meta property=\"og:locale\" content=\"ro_RO\" \/>\n<meta property=\"og:type\" content=\"article\" \/>\n<meta property=\"og:title\" content=\"Santini Pony Express szobor al\u00e1\u00edr\u00e1ssal\u2013 western lovas dekor\u00e1ci\u00f3\" \/>\n<meta property=\"og:description\" content=\"A Santini Pony Express szobor nem csak egy m\u0171alkot\u00e1s, hanem egy eml\u00e9km\u0171 is, amely az amerikai t\u00f6rt\u00e9nelem egy fontos id\u0151szak\u00e1t \u00f6r\u00f6k\u00edti meg.\u00a0\" \/>\n<meta property=\"og:url\" content=\"https:\/\/yupie.app\/ro\/product\/santini-pony-express-szobor-alairt\/\" \/>\n<meta property=\"og:site_name\" content=\"yupie.app\" \/>\n<meta property=\"article:publisher\" content=\"https:\/\/www.facebook.com\/profile.php?id=100089345417295\" \/>\n<meta property=\"article:modified_time\" content=\"2026-02-12T06:12:41+00:00\" \/>\n<meta property=\"og:image\" content=\"https:\/\/yupie.app\/wp-content\/uploads\/2023\/08\/DSC00885-scaled.png\" \/>\n\t<meta property=\"og:image:width\" content=\"2560\" \/>\n\t<meta property=\"og:image:height\" content=\"2232\" \/>\n\t<meta property=\"og:image:type\" content=\"image\/png\" \/>\n<meta name=\"twitter:card\" content=\"summary_large_image\" \/>\n<meta name=\"twitter:label1\" content=\"Timp estimat pentru citire\" \/>\n\t<meta name=\"twitter:data1\" content=\"2 minute\" \/>\n<script type=\"application\/ld+json\" class=\"yoast-schema-graph\">{\"@context\":\"https:\\\/\\\/schema.org\",\"@graph\":[{\"@type\":\"WebPage\",\"@id\":\"https:\\\/\\\/yupie.app\\\/product\\\/santini-pony-express-szobor-alairt\\\/\",\"url\":\"https:\\\/\\\/yupie.app\\\/product\\\/santini-pony-express-szobor-alairt\\\/\",\"name\":\"Santini Pony Express szobor al\u00e1\u00edr\u00e1ssal\u2013 western lovas dekor\u00e1ci\u00f3\",\"isPartOf\":{\"@id\":\"https:\\\/\\\/yupie.app\\\/#website\"},\"primaryImageOfPage\":{\"@id\":\"https:\\\/\\\/yupie.app\\\/product\\\/santini-pony-express-szobor-alairt\\\/#primaryimage\"},\"image\":{\"@id\":\"https:\\\/\\\/yupie.app\\\/product\\\/santini-pony-express-szobor-alairt\\\/#primaryimage\"},\"thumbnailUrl\":\"https:\\\/\\\/yupie.app\\\/wp-content\\\/uploads\\\/2023\\\/08\\\/DSC00885-scaled.png\",\"datePublished\":\"2023-08-08T07:10:25+00:00\",\"dateModified\":\"2026-02-12T06:12:41+00:00\",\"description\":\"A Santini Pony Express szobor nem csak egy m\u0171alkot\u00e1s, hanem egy eml\u00e9km\u0171 is, amely az amerikai t\u00f6rt\u00e9nelem egy fontos id\u0151szak\u00e1t \u00f6r\u00f6k\u00edti meg.\u00a0\",\"breadcrumb\":{\"@id\":\"https:\\\/\\\/yupie.app\\\/product\\\/santini-pony-express-szobor-alairt\\\/#breadcrumb\"},\"inLanguage\":\"ro-RO\",\"potentialAction\":[{\"@type\":\"ReadAction\",\"target\":[\"https:\\\/\\\/yupie.app\\\/product\\\/santini-pony-express-szobor-alairt\\\/\"]}]},{\"@type\":\"ImageObject\",\"inLanguage\":\"ro-RO\",\"@id\":\"https:\\\/\\\/yupie.app\\\/product\\\/santini-pony-express-szobor-alairt\\\/#primaryimage\",\"url\":\"https:\\\/\\\/yupie.app\\\/wp-content\\\/uploads\\\/2023\\\/08\\\/DSC00885-scaled.png\",\"contentUrl\":\"https:\\\/\\\/yupie.app\\\/wp-content\\\/uploads\\\/2023\\\/08\\\/DSC00885-scaled.png\",\"width\":2560,\"height\":2232,\"caption\":\"Santini Pony Express szobor (al\u00e1\u00edrt), dekor\u00e1ci\u00f3, yupie\"},{\"@type\":\"BreadcrumbList\",\"@id\":\"https:\\\/\\\/yupie.app\\\/product\\\/santini-pony-express-szobor-alairt\\\/#breadcrumb\",\"itemListElement\":[{\"@type\":\"ListItem\",\"position\":1,\"name\":\"Kezd\u0151lap\",\"item\":\"https:\\\/\\\/yupie.app\\\/\"},{\"@type\":\"ListItem\",\"position\":2,\"name\":\"Katal\u00f3gus\",\"item\":\"https:\\\/\\\/yupie.app\\\/katalogus\\\/\"},{\"@type\":\"ListItem\",\"position\":3,\"name\":\"Santini Pony Express szobor al\u00e1\u00edr\u00e1ssal \u2013 western lovas dekor\u00e1ci\u00f3 m\u00e1rv\u00e1ny talapzaton\"}]},{\"@type\":\"WebSite\",\"@id\":\"https:\\\/\\\/yupie.app\\\/#website\",\"url\":\"https:\\\/\\\/yupie.app\\\/\",\"name\":\"yupie.app\",\"description\":\"\",\"publisher\":{\"@id\":\"https:\\\/\\\/yupie.app\\\/#organization\"},\"potentialAction\":[{\"@type\":\"SearchAction\",\"target\":{\"@type\":\"EntryPoint\",\"urlTemplate\":\"https:\\\/\\\/yupie.app\\\/?s={search_term_string}\"},\"query-input\":{\"@type\":\"PropertyValueSpecification\",\"valueRequired\":true,\"valueName\":\"search_term_string\"}}],\"inLanguage\":\"ro-RO\"},{\"@type\":\"Organization\",\"@id\":\"https:\\\/\\\/yupie.app\\\/#organization\",\"name\":\"yupie.app\",\"url\":\"https:\\\/\\\/yupie.app\\\/\",\"logo\":{\"@type\":\"ImageObject\",\"inLanguage\":\"ro-RO\",\"@id\":\"https:\\\/\\\/yupie.app\\\/#\\\/schema\\\/logo\\\/image\\\/\",\"url\":\"https:\\\/\\\/yupie.app\\\/wp-content\\\/uploads\\\/2025\\\/07\\\/cropped-uj-logo.png\",\"contentUrl\":\"https:\\\/\\\/yupie.app\\\/wp-content\\\/uploads\\\/2025\\\/07\\\/cropped-uj-logo.png\",\"width\":500,\"height\":208,\"caption\":\"yupie.app\"},\"image\":{\"@id\":\"https:\\\/\\\/yupie.app\\\/#\\\/schema\\\/logo\\\/image\\\/\"},\"sameAs\":[\"https:\\\/\\\/www.facebook.com\\\/profile.php?id=100089345417295\"]}]}<\/script>\n<!-- \/ Yoast SEO plugin. -->","yoast_head_json":{"title":"Santini Pony Express szobor al\u00e1\u00edr\u00e1ssal\u2013 western lovas dekor\u00e1ci\u00f3","description":"A Santini Pony Express szobor nem csak egy m\u0171alkot\u00e1s, hanem egy eml\u00e9km\u0171 is, amely az amerikai t\u00f6rt\u00e9nelem egy fontos id\u0151szak\u00e1t \u00f6r\u00f6k\u00edti meg.\u00a0","robots":{"index":"index","follow":"follow","max-snippet":"max-snippet:-1","max-image-preview":"max-image-preview:large","max-video-preview":"max-video-preview:-1"},"canonical":"https:\/\/yupie.app\/ro\/product\/santini-pony-express-szobor-alairt\/","og_locale":"ro_RO","og_type":"article","og_title":"Santini Pony Express szobor al\u00e1\u00edr\u00e1ssal\u2013 western lovas dekor\u00e1ci\u00f3","og_description":"A Santini Pony Express szobor nem csak egy m\u0171alkot\u00e1s, hanem egy eml\u00e9km\u0171 is, amely az amerikai t\u00f6rt\u00e9nelem egy fontos id\u0151szak\u00e1t \u00f6r\u00f6k\u00edti meg.\u00a0","og_url":"https:\/\/yupie.app\/ro\/product\/santini-pony-express-szobor-alairt\/","og_site_name":"yupie.app","article_publisher":"https:\/\/www.facebook.com\/profile.php?id=100089345417295","article_modified_time":"2026-02-12T06:12:41+00:00","og_image":[{"width":2560,"height":2232,"url":"https:\/\/yupie.app\/wp-content\/uploads\/2023\/08\/DSC00885-scaled.png","type":"image\/png"}],"twitter_card":"summary_large_image","twitter_misc":{"Timp estimat pentru citire":"2 minute"},"schema":{"@context":"https:\/\/schema.org","@graph":[{"@type":"WebPage","@id":"https:\/\/yupie.app\/product\/santini-pony-express-szobor-alairt\/","url":"https:\/\/yupie.app\/product\/santini-pony-express-szobor-alairt\/","name":"Santini Pony Express szobor al\u00e1\u00edr\u00e1ssal\u2013 western lovas dekor\u00e1ci\u00f3","isPartOf":{"@id":"https:\/\/yupie.app\/#website"},"primaryImageOfPage":{"@id":"https:\/\/yupie.app\/product\/santini-pony-express-szobor-alairt\/#primaryimage"},"image":{"@id":"https:\/\/yupie.app\/product\/santini-pony-express-szobor-alairt\/#primaryimage"},"thumbnailUrl":"https:\/\/yupie.app\/wp-content\/uploads\/2023\/08\/DSC00885-scaled.png","datePublished":"2023-08-08T07:10:25+00:00","dateModified":"2026-02-12T06:12:41+00:00","description":"A Santini Pony Express szobor nem csak egy m\u0171alkot\u00e1s, hanem egy eml\u00e9km\u0171 is, amely az amerikai t\u00f6rt\u00e9nelem egy fontos id\u0151szak\u00e1t \u00f6r\u00f6k\u00edti meg.\u00a0","breadcrumb":{"@id":"https:\/\/yupie.app\/product\/santini-pony-express-szobor-alairt\/#breadcrumb"},"inLanguage":"ro-RO","potentialAction":[{"@type":"ReadAction","target":["https:\/\/yupie.app\/product\/santini-pony-express-szobor-alairt\/"]}]},{"@type":"ImageObject","inLanguage":"ro-RO","@id":"https:\/\/yupie.app\/product\/santini-pony-express-szobor-alairt\/#primaryimage","url":"https:\/\/yupie.app\/wp-content\/uploads\/2023\/08\/DSC00885-scaled.png","contentUrl":"https:\/\/yupie.app\/wp-content\/uploads\/2023\/08\/DSC00885-scaled.png","width":2560,"height":2232,"caption":"Santini Pony Express szobor (al\u00e1\u00edrt), dekor\u00e1ci\u00f3, yupie"},{"@type":"BreadcrumbList","@id":"https:\/\/yupie.app\/product\/santini-pony-express-szobor-alairt\/#breadcrumb","itemListElement":[{"@type":"ListItem","position":1,"name":"Kezd\u0151lap","item":"https:\/\/yupie.app\/"},{"@type":"ListItem","position":2,"name":"Katal\u00f3gus","item":"https:\/\/yupie.app\/katalogus\/"},{"@type":"ListItem","position":3,"name":"Santini Pony Express szobor al\u00e1\u00edr\u00e1ssal \u2013 western lovas dekor\u00e1ci\u00f3 m\u00e1rv\u00e1ny talapzaton"}]},{"@type":"WebSite","@id":"https:\/\/yupie.app\/#website","url":"https:\/\/yupie.app\/","name":"yupie.app","description":"","publisher":{"@id":"https:\/\/yupie.app\/#organization"},"potentialAction":[{"@type":"SearchAction","target":{"@type":"EntryPoint","urlTemplate":"https:\/\/yupie.app\/?s={search_term_string}"},"query-input":{"@type":"PropertyValueSpecification","valueRequired":true,"valueName":"search_term_string"}}],"inLanguage":"ro-RO"},{"@type":"Organization","@id":"https:\/\/yupie.app\/#organization","name":"yupie.app","url":"https:\/\/yupie.app\/","logo":{"@type":"ImageObject","inLanguage":"ro-RO","@id":"https:\/\/yupie.app\/#\/schema\/logo\/image\/","url":"https:\/\/yupie.app\/wp-content\/uploads\/2025\/07\/cropped-uj-logo.png","contentUrl":"https:\/\/yupie.app\/wp-content\/uploads\/2025\/07\/cropped-uj-logo.png","width":500,"height":208,"caption":"yupie.app"},"image":{"@id":"https:\/\/yupie.app\/#\/schema\/logo\/image\/"},"sameAs":["https:\/\/www.facebook.com\/profile.php?id=100089345417295"]}]}},"jetpack_sharing_enabled":true,"_links":{"self":[{"href":"https:\/\/yupie.app\/ro\/wp-json\/wp\/v2\/product\/1901","targetHints":{"allow":["GET"]}}],"collection":[{"href":"https:\/\/yupie.app\/ro\/wp-json\/wp\/v2\/product"}],"about":[{"href":"https:\/\/yupie.app\/ro\/wp-json\/wp\/v2\/types\/product"}],"version-history":[{"count":0,"href":"https:\/\/yupie.app\/ro\/wp-json\/wp\/v2\/product\/1901\/revisions"}],"wp:featuredmedia":[{"embeddable":true,"href":"https:\/\/yupie.app\/ro\/wp-json\/wp\/v2\/media\/2487"}],"wp:attachment":[{"href":"https:\/\/yupie.app\/ro\/wp-json\/wp\/v2\/media?parent=1901"}],"wp:term":[{"taxonomy":"product_brand","embeddable":true,"href":"https:\/\/yupie.app\/ro\/wp-json\/wp\/v2\/product_brand?post=1901"},{"taxonomy":"product_cat","embeddable":true,"href":"https:\/\/yupie.app\/ro\/wp-json\/wp\/v2\/product_cat?post=1901"},{"taxonomy":"product_tag","embeddable":true,"href":"https:\/\/yupie.app\/ro\/wp-json\/wp\/v2\/product_tag?post=1901"}],"curies":[{"name":"wp","href":"https:\/\/api.w.org\/{rel}","templated":true}]}}