{"id":1822,"date":"2023-07-28T15:38:55","date_gmt":"2023-07-28T13:38:55","guid":{"rendered":"https:\/\/yupie.hu\/?post_type=product&#038;p=1822"},"modified":"2026-01-06T10:49:15","modified_gmt":"2026-01-06T08:49:15","slug":"vintage-grundig-2440-asztali-radio","status":"publish","type":"product","link":"https:\/\/yupie.app\/ro\/product\/vintage-grundig-2440-asztali-radio\/","title":{"rendered":"Vintage Grundig 2440 asztali r\u00e1di\u00f3"},"content":{"rendered":"<div class=\"flex-1 overflow-hidden\">\n<div class=\"react-scroll-to-bottom--css-fqila-79elbk h-full dark:bg-gray-800\">\n<div class=\"react-scroll-to-bottom--css-fqila-1n7m0yu\">\n<div class=\"flex flex-col text-sm dark:bg-gray-800\">\n<div class=\"group w-full text-gray-800 dark:text-gray-100 border-b border-black\/10 dark:border-gray-900\/50 bg-gray-50 dark:bg-[#444654]\">\n<div class=\"flex p-4 gap-4 text-base md:gap-6 md:max-w-2xl lg:max-w-[38rem] xl:max-w-3xl md:py-6 lg:px-0 m-auto\">\n<div class=\"relative flex w-[calc(100%-50px)] flex-col gap-1 md:gap-3 lg:w-[calc(100%-115px)]\">\n<div class=\"flex flex-grow flex-col gap-3\">\n<div class=\"min-h-[20px] flex items-start overflow-x-auto whitespace-pre-wrap break-words flex-col gap-4\">\n<div class=\"markdown prose w-full break-words dark:prose-invert light\">\n<p>A vintage Grundig 2440 asztali r\u00e1di\u00f3 egy id\u0151tlen var\u00e1zslatot hordoz\u00f3 kincs, mely a 20. sz\u00e1zad k\u00f6zep\u00e9r\u0151l sz\u00e1rmazik. Ez a csod\u00e1latos asztali r\u00e1di\u00f3 a Grundig h\u00edres min\u0151s\u00e9g\u00e9nek \u00e9s m\u0171szaki kifinomults\u00e1g\u00e1nak leny\u0171g\u00f6z\u0151 p\u00e9ld\u00e1ja. A fa burkolat\u00fa, st\u00edlusosan megtervezett k\u00e9sz\u00fcl\u00e9k igazi nosztalgi\u00e1t \u00e9breszt benn\u00fcnk, visszarep\u00edtve azokba az id\u0151kbe, amikor a r\u00e1di\u00f3z\u00e1s m\u00e9g az otthonok sz\u00f3rakoz\u00e1si k\u00f6zpontj\u00e1nak sz\u00e1m\u00edtott.<\/p>\n<p>A Grundig 2440 AM \u00e9s FM s\u00e1vokkal rendelkezik, \u00edgy ak\u00e1r a klasszikus r\u00e1di\u00f3m\u0171sorokat, ak\u00e1r a modern zen\u00e9ket is \u00e9lvezhetj\u00fck. Az \u00e1ll\u00edthat\u00f3 nagy m\u00e9ret\u0171 hangol\u00f3sk\u00e1l\u00e1n a k\u00edv\u00e1nt r\u00e1di\u00f3\u00e1llom\u00e1s k\u00f6nnyed\u00e9n megtal\u00e1lhat\u00f3. A hangsz\u00f3r\u00f3k min\u0151s\u00e9gi hangz\u00e1st biztos\u00edtanak, \u00e9s a hanger\u0151 \u00e9s a hangsz\u00edn is finoman szab\u00e1lyozhat\u00f3 a k\u00e9sz\u00fcl\u00e9ken tal\u00e1lhat\u00f3 gombok seg\u00edts\u00e9g\u00e9vel.<\/p>\n<p>A 2440-as modell ikonikus Grundig log\u00f3val \u00e9s st\u00edlusos vez\u00e9rl\u0151gombokkal b\u00fcszk\u00e9lkedhet, amelyek a korabeli m\u0171szaki eszt\u00e9tika jellegzetess\u00e9geit t\u00fckr\u00f6zik. Ez a r\u00e1di\u00f3 a m\u00falt var\u00e1zs\u00e1t hozza el otthonunkba, \u00e9s leny\u0171g\u00f6z\u0151 darabja lehet b\u00e1rmelyik retro gy\u0171jtem\u00e9nynek. Ha sz\u00edvesen mer\u00fclne el az elm\u00falt \u00e9vtizedek zen\u00e9iben \u00e9s hangulat\u00e1ban, a Vintage Grundig 2440 asztali r\u00e1di\u00f3 t\u00f6k\u00e9letes v\u00e1laszt\u00e1s lehet az \u00f6n sz\u00e1m\u00e1ra.<\/p>\n<\/div>\n<\/div>\n<\/div>\n<\/div>\n<\/div>\n<\/div>\n<\/div>\n<\/div>\n<\/div>\n<\/div>","protected":false},"excerpt":{"rendered":"<p>A Grundig 2440 asztali r\u00e1di\u00f3 egy gy\u00f6ny\u00f6r\u0171, vintage st\u00edlus\u00fa k\u00e9sz\u00fcl\u00e9k a 20. sz\u00e1zad k\u00f6zep\u00e9r\u0151l. Ez a n\u00e9met gy\u00e1rtm\u00e1ny\u00fa r\u00e1di\u00f3 a 30-60-as \u00e9vek n\u00e9pszer\u0171s\u00e9g\u00e9t id\u00e9zi, \u00e9s az\u00f3ta a gy\u0171jt\u0151k \u00e9s rajong\u00f3k k\u00f6r\u00e9ben igazi kincsk\u00e9nt tartj\u00e1k sz\u00e1mon.<\/p>\n<p>A k\u00e9sz\u00fcl\u00e9k m\u0171k\u00f6d\u00e9s\u00e9nek helyre\u00e1ll\u00edt\u00e1sa \u00e9s a fa bor\u00edt\u00e1s fel\u00faj\u00edt\u00e1sa r\u00e9v\u00e9n a r\u00e1di\u00f3 visszat\u00e9rhet r\u00e9gi f\u00e9ny\u00e9be, \u00e9s m\u00e9lt\u00f3 helyet kaphat otthonunkban vagy ak\u00e1r egy retro hangulat\u00fa szob\u00e1ban, melyre r\u00e9g\u00f3ta v\u00e1gyunk. A Grundig 2440 asztali r\u00e1di\u00f3 egy id\u0151utaz\u00e1s lehet\u0151s\u00e9g\u00e9t k\u00edn\u00e1lja, melynek r\u00e9v\u00e9n visszatekinthet\u00fcnk a m\u00falt korok meghat\u00e1roz\u00f3 r\u00e1di\u00f3s \u00e9lm\u00e9nyeire \u00e9s a technol\u00f3gia fejl\u0151d\u00e9s\u00e9re egyar\u00e1nt.<\/p>","protected":false},"featured_media":1823,"template":"","meta":[],"product_brand":[],"product_cat":[2397],"product_tag":[410,662,663,504,443,661,91],"class_list":{"0":"post-1822","1":"product","2":"type-product","3":"status-publish","4":"has-post-thumbnail","6":"product_cat-hangrendszerek","7":"product_tag-elektronika","8":"product_tag-grundig","9":"product_tag-grundig-2440","10":"product_tag-kivalo-minoseg","11":"product_tag-minoseg","12":"product_tag-radio","13":"product_tag-regiseg","14":"description-off","16":"first","17":"instock","18":"shipping-taxable","19":"purchasable","20":"product-type-simple"},"yoast_head":"<!-- This site is optimized with the Yoast SEO plugin v27.3 - https:\/\/yoast.com\/product\/yoast-seo-wordpress\/ -->\n<title>Vintage Grundig 2440 asztali r\u00e1di\u00f3 - yupie.app<\/title>\n<meta name=\"description\" content=\"A vintage Grundig 2440 asztali r\u00e1di\u00f3 egy id\u0151tlen var\u00e1zslatot hordoz\u00f3 \u00e9s nosztalgi\u00e1t \u00e9breszt\u0151 kincs, mely a 20. sz\u00e1zad k\u00f6zep\u00e9r\u0151l sz\u00e1rmazik.\" \/>\n<meta name=\"robots\" content=\"index, follow, max-snippet:-1, max-image-preview:large, max-video-preview:-1\" \/>\n<link rel=\"canonical\" href=\"https:\/\/yupie.app\/ro\/product\/vintage-grundig-2440-asztali-radio\/\" \/>\n<meta property=\"og:locale\" content=\"ro_RO\" \/>\n<meta property=\"og:type\" content=\"article\" \/>\n<meta property=\"og:title\" content=\"Vintage Grundig 2440 asztali r\u00e1di\u00f3 - yupie.app\" \/>\n<meta property=\"og:description\" content=\"A vintage Grundig 2440 asztali r\u00e1di\u00f3 egy id\u0151tlen var\u00e1zslatot hordoz\u00f3 \u00e9s nosztalgi\u00e1t \u00e9breszt\u0151 kincs, mely a 20. sz\u00e1zad k\u00f6zep\u00e9r\u0151l sz\u00e1rmazik.\" \/>\n<meta property=\"og:url\" content=\"https:\/\/yupie.app\/ro\/product\/vintage-grundig-2440-asztali-radio\/\" \/>\n<meta property=\"og:site_name\" content=\"yupie.app\" \/>\n<meta property=\"article:publisher\" content=\"https:\/\/www.facebook.com\/profile.php?id=100089345417295\" \/>\n<meta property=\"article:modified_time\" content=\"2026-01-06T08:49:15+00:00\" \/>\n<meta property=\"og:image\" content=\"https:\/\/yupie.app\/wp-content\/uploads\/2023\/07\/DSC00776-scaled.jpg\" \/>\n\t<meta property=\"og:image:width\" content=\"2560\" \/>\n\t<meta property=\"og:image:height\" content=\"1707\" \/>\n\t<meta property=\"og:image:type\" content=\"image\/jpeg\" \/>\n<meta name=\"twitter:card\" content=\"summary_large_image\" \/>\n<meta name=\"twitter:label1\" content=\"Timp estimat pentru citire\" \/>\n\t<meta name=\"twitter:data1\" content=\"2 minute\" \/>\n<script type=\"application\/ld+json\" class=\"yoast-schema-graph\">{\"@context\":\"https:\\\/\\\/schema.org\",\"@graph\":[{\"@type\":\"WebPage\",\"@id\":\"https:\\\/\\\/yupie.app\\\/product\\\/vintage-grundig-2440-asztali-radio\\\/\",\"url\":\"https:\\\/\\\/yupie.app\\\/product\\\/vintage-grundig-2440-asztali-radio\\\/\",\"name\":\"Vintage Grundig 2440 asztali r\u00e1di\u00f3 - yupie.app\",\"isPartOf\":{\"@id\":\"https:\\\/\\\/yupie.app\\\/#website\"},\"primaryImageOfPage\":{\"@id\":\"https:\\\/\\\/yupie.app\\\/product\\\/vintage-grundig-2440-asztali-radio\\\/#primaryimage\"},\"image\":{\"@id\":\"https:\\\/\\\/yupie.app\\\/product\\\/vintage-grundig-2440-asztali-radio\\\/#primaryimage\"},\"thumbnailUrl\":\"https:\\\/\\\/yupie.app\\\/wp-content\\\/uploads\\\/2023\\\/07\\\/DSC00776-scaled.jpg\",\"datePublished\":\"2023-07-28T13:38:55+00:00\",\"dateModified\":\"2026-01-06T08:49:15+00:00\",\"description\":\"A vintage Grundig 2440 asztali r\u00e1di\u00f3 egy id\u0151tlen var\u00e1zslatot hordoz\u00f3 \u00e9s nosztalgi\u00e1t \u00e9breszt\u0151 kincs, mely a 20. sz\u00e1zad k\u00f6zep\u00e9r\u0151l sz\u00e1rmazik.\",\"breadcrumb\":{\"@id\":\"https:\\\/\\\/yupie.app\\\/product\\\/vintage-grundig-2440-asztali-radio\\\/#breadcrumb\"},\"inLanguage\":\"ro-RO\",\"potentialAction\":[{\"@type\":\"ReadAction\",\"target\":[\"https:\\\/\\\/yupie.app\\\/product\\\/vintage-grundig-2440-asztali-radio\\\/\"]}]},{\"@type\":\"ImageObject\",\"inLanguage\":\"ro-RO\",\"@id\":\"https:\\\/\\\/yupie.app\\\/product\\\/vintage-grundig-2440-asztali-radio\\\/#primaryimage\",\"url\":\"https:\\\/\\\/yupie.app\\\/wp-content\\\/uploads\\\/2023\\\/07\\\/DSC00776-scaled.jpg\",\"contentUrl\":\"https:\\\/\\\/yupie.app\\\/wp-content\\\/uploads\\\/2023\\\/07\\\/DSC00776-scaled.jpg\",\"width\":2560,\"height\":1707,\"caption\":\"Vintage Grundig 2440 asztali r\u00e1di\u00f3, elektronika, r\u00e9gis\u00e9gek, yupie\"},{\"@type\":\"BreadcrumbList\",\"@id\":\"https:\\\/\\\/yupie.app\\\/product\\\/vintage-grundig-2440-asztali-radio\\\/#breadcrumb\",\"itemListElement\":[{\"@type\":\"ListItem\",\"position\":1,\"name\":\"Kezd\u0151lap\",\"item\":\"https:\\\/\\\/yupie.app\\\/\"},{\"@type\":\"ListItem\",\"position\":2,\"name\":\"Katal\u00f3gus\",\"item\":\"https:\\\/\\\/yupie.app\\\/katalogus\\\/\"},{\"@type\":\"ListItem\",\"position\":3,\"name\":\"Vintage Grundig 2440 asztali r\u00e1di\u00f3\"}]},{\"@type\":\"WebSite\",\"@id\":\"https:\\\/\\\/yupie.app\\\/#website\",\"url\":\"https:\\\/\\\/yupie.app\\\/\",\"name\":\"yupie.app\",\"description\":\"\",\"publisher\":{\"@id\":\"https:\\\/\\\/yupie.app\\\/#organization\"},\"potentialAction\":[{\"@type\":\"SearchAction\",\"target\":{\"@type\":\"EntryPoint\",\"urlTemplate\":\"https:\\\/\\\/yupie.app\\\/?s={search_term_string}\"},\"query-input\":{\"@type\":\"PropertyValueSpecification\",\"valueRequired\":true,\"valueName\":\"search_term_string\"}}],\"inLanguage\":\"ro-RO\"},{\"@type\":\"Organization\",\"@id\":\"https:\\\/\\\/yupie.app\\\/#organization\",\"name\":\"yupie.app\",\"url\":\"https:\\\/\\\/yupie.app\\\/\",\"logo\":{\"@type\":\"ImageObject\",\"inLanguage\":\"ro-RO\",\"@id\":\"https:\\\/\\\/yupie.app\\\/#\\\/schema\\\/logo\\\/image\\\/\",\"url\":\"https:\\\/\\\/yupie.app\\\/wp-content\\\/uploads\\\/2025\\\/07\\\/cropped-uj-logo.png\",\"contentUrl\":\"https:\\\/\\\/yupie.app\\\/wp-content\\\/uploads\\\/2025\\\/07\\\/cropped-uj-logo.png\",\"width\":500,\"height\":208,\"caption\":\"yupie.app\"},\"image\":{\"@id\":\"https:\\\/\\\/yupie.app\\\/#\\\/schema\\\/logo\\\/image\\\/\"},\"sameAs\":[\"https:\\\/\\\/www.facebook.com\\\/profile.php?id=100089345417295\"]}]}<\/script>\n<!-- \/ Yoast SEO plugin. -->","yoast_head_json":{"title":"Vintage Grundig 2440 asztali r\u00e1di\u00f3 - yupie.app","description":"A vintage Grundig 2440 asztali r\u00e1di\u00f3 egy id\u0151tlen var\u00e1zslatot hordoz\u00f3 \u00e9s nosztalgi\u00e1t \u00e9breszt\u0151 kincs, mely a 20. sz\u00e1zad k\u00f6zep\u00e9r\u0151l sz\u00e1rmazik.","robots":{"index":"index","follow":"follow","max-snippet":"max-snippet:-1","max-image-preview":"max-image-preview:large","max-video-preview":"max-video-preview:-1"},"canonical":"https:\/\/yupie.app\/ro\/product\/vintage-grundig-2440-asztali-radio\/","og_locale":"ro_RO","og_type":"article","og_title":"Vintage Grundig 2440 asztali r\u00e1di\u00f3 - yupie.app","og_description":"A vintage Grundig 2440 asztali r\u00e1di\u00f3 egy id\u0151tlen var\u00e1zslatot hordoz\u00f3 \u00e9s nosztalgi\u00e1t \u00e9breszt\u0151 kincs, mely a 20. sz\u00e1zad k\u00f6zep\u00e9r\u0151l sz\u00e1rmazik.","og_url":"https:\/\/yupie.app\/ro\/product\/vintage-grundig-2440-asztali-radio\/","og_site_name":"yupie.app","article_publisher":"https:\/\/www.facebook.com\/profile.php?id=100089345417295","article_modified_time":"2026-01-06T08:49:15+00:00","og_image":[{"width":2560,"height":1707,"url":"https:\/\/yupie.app\/wp-content\/uploads\/2023\/07\/DSC00776-scaled.jpg","type":"image\/jpeg"}],"twitter_card":"summary_large_image","twitter_misc":{"Timp estimat pentru citire":"2 minute"},"schema":{"@context":"https:\/\/schema.org","@graph":[{"@type":"WebPage","@id":"https:\/\/yupie.app\/product\/vintage-grundig-2440-asztali-radio\/","url":"https:\/\/yupie.app\/product\/vintage-grundig-2440-asztali-radio\/","name":"Vintage Grundig 2440 asztali r\u00e1di\u00f3 - yupie.app","isPartOf":{"@id":"https:\/\/yupie.app\/#website"},"primaryImageOfPage":{"@id":"https:\/\/yupie.app\/product\/vintage-grundig-2440-asztali-radio\/#primaryimage"},"image":{"@id":"https:\/\/yupie.app\/product\/vintage-grundig-2440-asztali-radio\/#primaryimage"},"thumbnailUrl":"https:\/\/yupie.app\/wp-content\/uploads\/2023\/07\/DSC00776-scaled.jpg","datePublished":"2023-07-28T13:38:55+00:00","dateModified":"2026-01-06T08:49:15+00:00","description":"A vintage Grundig 2440 asztali r\u00e1di\u00f3 egy id\u0151tlen var\u00e1zslatot hordoz\u00f3 \u00e9s nosztalgi\u00e1t \u00e9breszt\u0151 kincs, mely a 20. sz\u00e1zad k\u00f6zep\u00e9r\u0151l sz\u00e1rmazik.","breadcrumb":{"@id":"https:\/\/yupie.app\/product\/vintage-grundig-2440-asztali-radio\/#breadcrumb"},"inLanguage":"ro-RO","potentialAction":[{"@type":"ReadAction","target":["https:\/\/yupie.app\/product\/vintage-grundig-2440-asztali-radio\/"]}]},{"@type":"ImageObject","inLanguage":"ro-RO","@id":"https:\/\/yupie.app\/product\/vintage-grundig-2440-asztali-radio\/#primaryimage","url":"https:\/\/yupie.app\/wp-content\/uploads\/2023\/07\/DSC00776-scaled.jpg","contentUrl":"https:\/\/yupie.app\/wp-content\/uploads\/2023\/07\/DSC00776-scaled.jpg","width":2560,"height":1707,"caption":"Vintage Grundig 2440 asztali r\u00e1di\u00f3, elektronika, r\u00e9gis\u00e9gek, yupie"},{"@type":"BreadcrumbList","@id":"https:\/\/yupie.app\/product\/vintage-grundig-2440-asztali-radio\/#breadcrumb","itemListElement":[{"@type":"ListItem","position":1,"name":"Kezd\u0151lap","item":"https:\/\/yupie.app\/"},{"@type":"ListItem","position":2,"name":"Katal\u00f3gus","item":"https:\/\/yupie.app\/katalogus\/"},{"@type":"ListItem","position":3,"name":"Vintage Grundig 2440 asztali r\u00e1di\u00f3"}]},{"@type":"WebSite","@id":"https:\/\/yupie.app\/#website","url":"https:\/\/yupie.app\/","name":"yupie.app","description":"","publisher":{"@id":"https:\/\/yupie.app\/#organization"},"potentialAction":[{"@type":"SearchAction","target":{"@type":"EntryPoint","urlTemplate":"https:\/\/yupie.app\/?s={search_term_string}"},"query-input":{"@type":"PropertyValueSpecification","valueRequired":true,"valueName":"search_term_string"}}],"inLanguage":"ro-RO"},{"@type":"Organization","@id":"https:\/\/yupie.app\/#organization","name":"yupie.app","url":"https:\/\/yupie.app\/","logo":{"@type":"ImageObject","inLanguage":"ro-RO","@id":"https:\/\/yupie.app\/#\/schema\/logo\/image\/","url":"https:\/\/yupie.app\/wp-content\/uploads\/2025\/07\/cropped-uj-logo.png","contentUrl":"https:\/\/yupie.app\/wp-content\/uploads\/2025\/07\/cropped-uj-logo.png","width":500,"height":208,"caption":"yupie.app"},"image":{"@id":"https:\/\/yupie.app\/#\/schema\/logo\/image\/"},"sameAs":["https:\/\/www.facebook.com\/profile.php?id=100089345417295"]}]}},"jetpack_sharing_enabled":true,"_links":{"self":[{"href":"https:\/\/yupie.app\/ro\/wp-json\/wp\/v2\/product\/1822","targetHints":{"allow":["GET"]}}],"collection":[{"href":"https:\/\/yupie.app\/ro\/wp-json\/wp\/v2\/product"}],"about":[{"href":"https:\/\/yupie.app\/ro\/wp-json\/wp\/v2\/types\/product"}],"version-history":[{"count":0,"href":"https:\/\/yupie.app\/ro\/wp-json\/wp\/v2\/product\/1822\/revisions"}],"wp:featuredmedia":[{"embeddable":true,"href":"https:\/\/yupie.app\/ro\/wp-json\/wp\/v2\/media\/1823"}],"wp:attachment":[{"href":"https:\/\/yupie.app\/ro\/wp-json\/wp\/v2\/media?parent=1822"}],"wp:term":[{"taxonomy":"product_brand","embeddable":true,"href":"https:\/\/yupie.app\/ro\/wp-json\/wp\/v2\/product_brand?post=1822"},{"taxonomy":"product_cat","embeddable":true,"href":"https:\/\/yupie.app\/ro\/wp-json\/wp\/v2\/product_cat?post=1822"},{"taxonomy":"product_tag","embeddable":true,"href":"https:\/\/yupie.app\/ro\/wp-json\/wp\/v2\/product_tag?post=1822"}],"curies":[{"name":"wp","href":"https:\/\/api.w.org\/{rel}","templated":true}]}}