{"id":1816,"date":"2023-07-28T15:15:40","date_gmt":"2023-07-28T13:15:40","guid":{"rendered":"https:\/\/yupie.hu\/?post_type=product&#038;p=1816"},"modified":"2026-01-06T14:14:25","modified_gmt":"2026-01-06T12:14:25","slug":"kulonleges-kerek-uveg-teamecses-tarto","status":"publish","type":"product","link":"https:\/\/yupie.app\/ro\/product\/kulonleges-kerek-uveg-teamecses-tarto\/","title":{"rendered":"K\u00fcl\u00f6nleges kerek \u00fcveg team\u00e9cses tart\u00f3"},"content":{"rendered":"<p>Ez a k\u00fcl\u00f6nleges kerek \u00fcveg team\u00e9cses tart\u00f3 egy leny\u0171g\u00f6z\u0151 \u00e9s egyedi d\u00edszt\u00e1rgy, mely \u00f6tv\u00f6zi az eleganci\u00e1t \u00e9s a funkcionalit\u00e1st. A csod\u00e1latos k\u00f6r alak\u00fa tervez\u00e9s\u00e9nek k\u00f6sz\u00f6nhet\u0151en leny\u0171g\u00f6z\u0151 l\u00e1tv\u00e1nyt ny\u00fajt otthonunk b\u00e1rmelyik helyis\u00e9g\u00e9ben.<\/p>\n<p>A team\u00e9csestart\u00f3 f\u0151 eleme az exkluz\u00edv \u00fcveg, melynek kifinomult kidolgoz\u00e1sa egyed\u00fcl\u00e1ll\u00f3 hangulatot \u00e1raszt. Az \u00e1tl\u00e1tsz\u00f3 \u00fcveg fens\u00e9ges f\u00e9nyj\u00e1t\u00e9kot eredm\u00e9nyez, amikor a gyertyal\u00e1ngok megt\u00f6ltik azt meleg ragyog\u00e1ssal. Az \u00edgy l\u00e9trej\u00f6v\u0151 var\u00e1zslatos atmoszf\u00e9ra azonnal elb\u0171v\u00f6li mindazokat, akik bel\u00e9pnek az adott szob\u00e1ba.<\/p>\n<p>A tart\u00f3 k\u00f6nnyed\u00e9n illeszkedik b\u00e1rmilyen enteri\u0151rh\u00f6z, legyen sz\u00f3 modern minimalista vagy klasszikus berendez\u00e9sr\u0151l. Az eleg\u00e1ns megjelen\u00e9se kiemeli a helyis\u00e9g st\u00edlus\u00e1t, mik\u00f6zben egyszerre szolg\u00e1lja a praktikus c\u00e9lj\u00e1t is, hogy biztons\u00e1gosan \u00e9s stabilan tartson gyerty\u00e1kat.<\/p>\n<p>Ez a k\u00fcl\u00f6nleges kerek \u00fcveg team\u00e9csestart\u00f3 t\u00f6k\u00e9letes v\u00e1laszt\u00e1s lehet a romantikus est\u00e9ken val\u00f3 felhaszn\u00e1l\u00e1sra, kellemes hangulat\u00fa \u00f6sszej\u00f6veteleken vagy ak\u00e1r aj\u00e1nd\u00e9knak is, amely garant\u00e1ltan \u00f6r\u00f6met szerez a megaj\u00e1nd\u00e9kozottnak.<\/p>\n<p>B\u00e1rmilyen alkalomra vagy helysz\u00ednre v\u00e1lasztva, a team\u00e9csestart\u00f3val biztosan eml\u00e9kezetess\u00e9 tehetj\u00fck otthonunk atmoszf\u00e9r\u00e1j\u00e1t, \u00e9s meghitts\u00e9get var\u00e1zsolhatunk a mindennapokba.<\/p>","protected":false},"excerpt":{"rendered":"<p>A k\u00fcl\u00f6nleges kerek \u00fcveg team\u00e9cses tart\u00f3 leny\u0171g\u00f6z\u0151 \u00e9s eleg\u00e1ns t\u00e1rgy, amely t\u00f6k\u00e9letes v\u00e1laszt\u00e1s az otthonok d\u00edsz\u00edt\u00e9s\u00e9hez \u00e9s az atmoszf\u00e9ra var\u00e1zslatos megteremt\u00e9s\u00e9hez. Ez a kecses \u00e9s egyedi darab k\u00e9zzel k\u00e9sz\u00fclt mesteri precizit\u00e1ssal, \u00e9s a min\u0151s\u00e9gi anyagok felhaszn\u00e1l\u00e1s\u00e1val garant\u00e1ltan mag\u00e1val ragadja a figyelmet.<\/p>","protected":false},"featured_media":1817,"template":"","meta":[],"product_brand":[],"product_cat":[1390],"product_tag":[174,59,136,73,320,168,350,329,659,74,355,660,122],"class_list":{"0":"post-1816","1":"product","2":"type-product","3":"status-publish","4":"has-post-thumbnail","6":"product_cat-gyertyatartok","7":"product_tag-dekor","8":"product_tag-dekoracio","9":"product_tag-egyedi","10":"product_tag-elegans","11":"product_tag-gyertya","12":"product_tag-gyertyatarto","13":"product_tag-kerek","14":"product_tag-kulonleges","15":"product_tag-mecses","16":"product_tag-stilusos","17":"product_tag-teamecses","18":"product_tag-teamecses-tarto","19":"product_tag-uveg","20":"description-off","22":"first","23":"instock","24":"shipping-taxable","25":"purchasable","26":"product-type-simple"},"yoast_head":"<!-- This site is optimized with the Yoast SEO plugin v27.3 - https:\/\/yoast.com\/product\/yoast-seo-wordpress\/ -->\n<title>K\u00fcl\u00f6nleges kerek \u00fcveg team\u00e9cses tart\u00f3 - yupie.app<\/title>\n<meta name=\"description\" content=\"Ez a k\u00fcl\u00f6nleges kerek \u00fcveg team\u00e9cses tart\u00f3 egy leny\u0171g\u00f6z\u0151 \u00e9s egyedi d\u00edszt\u00e1rgy, mely \u00f6tv\u00f6zi az eleganci\u00e1t \u00e9s a funkcionalit\u00e1st.\" \/>\n<meta name=\"robots\" content=\"index, follow, max-snippet:-1, max-image-preview:large, max-video-preview:-1\" \/>\n<link rel=\"canonical\" href=\"https:\/\/yupie.app\/ro\/product\/kulonleges-kerek-uveg-teamecses-tarto\/\" \/>\n<meta property=\"og:locale\" content=\"ro_RO\" \/>\n<meta property=\"og:type\" content=\"article\" \/>\n<meta property=\"og:title\" content=\"K\u00fcl\u00f6nleges kerek \u00fcveg team\u00e9cses tart\u00f3 - yupie.app\" \/>\n<meta property=\"og:description\" content=\"Ez a k\u00fcl\u00f6nleges kerek \u00fcveg team\u00e9cses tart\u00f3 egy leny\u0171g\u00f6z\u0151 \u00e9s egyedi d\u00edszt\u00e1rgy, mely \u00f6tv\u00f6zi az eleganci\u00e1t \u00e9s a funkcionalit\u00e1st.\" \/>\n<meta property=\"og:url\" content=\"https:\/\/yupie.app\/ro\/product\/kulonleges-kerek-uveg-teamecses-tarto\/\" \/>\n<meta property=\"og:site_name\" content=\"yupie.app\" \/>\n<meta property=\"article:publisher\" content=\"https:\/\/www.facebook.com\/profile.php?id=100089345417295\" \/>\n<meta property=\"article:modified_time\" content=\"2026-01-06T12:14:25+00:00\" \/>\n<meta property=\"og:image\" content=\"https:\/\/yupie.app\/wp-content\/uploads\/2023\/07\/DSC00751-scaled.jpg\" \/>\n\t<meta property=\"og:image:width\" content=\"2560\" \/>\n\t<meta property=\"og:image:height\" content=\"1707\" \/>\n\t<meta property=\"og:image:type\" content=\"image\/jpeg\" \/>\n<meta name=\"twitter:card\" content=\"summary_large_image\" \/>\n<meta name=\"twitter:label1\" content=\"Timp estimat pentru citire\" \/>\n\t<meta name=\"twitter:data1\" content=\"2 minute\" \/>\n<script type=\"application\/ld+json\" class=\"yoast-schema-graph\">{\"@context\":\"https:\\\/\\\/schema.org\",\"@graph\":[{\"@type\":\"WebPage\",\"@id\":\"https:\\\/\\\/yupie.app\\\/product\\\/kulonleges-kerek-uveg-teamecses-tarto\\\/\",\"url\":\"https:\\\/\\\/yupie.app\\\/product\\\/kulonleges-kerek-uveg-teamecses-tarto\\\/\",\"name\":\"K\u00fcl\u00f6nleges kerek \u00fcveg team\u00e9cses tart\u00f3 - yupie.app\",\"isPartOf\":{\"@id\":\"https:\\\/\\\/yupie.app\\\/#website\"},\"primaryImageOfPage\":{\"@id\":\"https:\\\/\\\/yupie.app\\\/product\\\/kulonleges-kerek-uveg-teamecses-tarto\\\/#primaryimage\"},\"image\":{\"@id\":\"https:\\\/\\\/yupie.app\\\/product\\\/kulonleges-kerek-uveg-teamecses-tarto\\\/#primaryimage\"},\"thumbnailUrl\":\"https:\\\/\\\/yupie.app\\\/wp-content\\\/uploads\\\/2023\\\/07\\\/DSC00751-scaled.jpg\",\"datePublished\":\"2023-07-28T13:15:40+00:00\",\"dateModified\":\"2026-01-06T12:14:25+00:00\",\"description\":\"Ez a k\u00fcl\u00f6nleges kerek \u00fcveg team\u00e9cses tart\u00f3 egy leny\u0171g\u00f6z\u0151 \u00e9s egyedi d\u00edszt\u00e1rgy, mely \u00f6tv\u00f6zi az eleganci\u00e1t \u00e9s a funkcionalit\u00e1st.\",\"breadcrumb\":{\"@id\":\"https:\\\/\\\/yupie.app\\\/product\\\/kulonleges-kerek-uveg-teamecses-tarto\\\/#breadcrumb\"},\"inLanguage\":\"ro-RO\",\"potentialAction\":[{\"@type\":\"ReadAction\",\"target\":[\"https:\\\/\\\/yupie.app\\\/product\\\/kulonleges-kerek-uveg-teamecses-tarto\\\/\"]}]},{\"@type\":\"ImageObject\",\"inLanguage\":\"ro-RO\",\"@id\":\"https:\\\/\\\/yupie.app\\\/product\\\/kulonleges-kerek-uveg-teamecses-tarto\\\/#primaryimage\",\"url\":\"https:\\\/\\\/yupie.app\\\/wp-content\\\/uploads\\\/2023\\\/07\\\/DSC00751-scaled.jpg\",\"contentUrl\":\"https:\\\/\\\/yupie.app\\\/wp-content\\\/uploads\\\/2023\\\/07\\\/DSC00751-scaled.jpg\",\"width\":2560,\"height\":1707,\"caption\":\"K\u00fcl\u00f6nleges kerek \u00fcveg team\u00e9cses tart\u00f3, dekor\u00e1ci\u00f3, gyert\u00e1k, yupie\"},{\"@type\":\"BreadcrumbList\",\"@id\":\"https:\\\/\\\/yupie.app\\\/product\\\/kulonleges-kerek-uveg-teamecses-tarto\\\/#breadcrumb\",\"itemListElement\":[{\"@type\":\"ListItem\",\"position\":1,\"name\":\"Kezd\u0151lap\",\"item\":\"https:\\\/\\\/yupie.app\\\/\"},{\"@type\":\"ListItem\",\"position\":2,\"name\":\"Katal\u00f3gus\",\"item\":\"https:\\\/\\\/yupie.app\\\/katalogus\\\/\"},{\"@type\":\"ListItem\",\"position\":3,\"name\":\"K\u00fcl\u00f6nleges kerek \u00fcveg team\u00e9cses tart\u00f3\"}]},{\"@type\":\"WebSite\",\"@id\":\"https:\\\/\\\/yupie.app\\\/#website\",\"url\":\"https:\\\/\\\/yupie.app\\\/\",\"name\":\"yupie.app\",\"description\":\"\",\"publisher\":{\"@id\":\"https:\\\/\\\/yupie.app\\\/#organization\"},\"potentialAction\":[{\"@type\":\"SearchAction\",\"target\":{\"@type\":\"EntryPoint\",\"urlTemplate\":\"https:\\\/\\\/yupie.app\\\/?s={search_term_string}\"},\"query-input\":{\"@type\":\"PropertyValueSpecification\",\"valueRequired\":true,\"valueName\":\"search_term_string\"}}],\"inLanguage\":\"ro-RO\"},{\"@type\":\"Organization\",\"@id\":\"https:\\\/\\\/yupie.app\\\/#organization\",\"name\":\"yupie.app\",\"url\":\"https:\\\/\\\/yupie.app\\\/\",\"logo\":{\"@type\":\"ImageObject\",\"inLanguage\":\"ro-RO\",\"@id\":\"https:\\\/\\\/yupie.app\\\/#\\\/schema\\\/logo\\\/image\\\/\",\"url\":\"https:\\\/\\\/yupie.app\\\/wp-content\\\/uploads\\\/2025\\\/07\\\/cropped-uj-logo.png\",\"contentUrl\":\"https:\\\/\\\/yupie.app\\\/wp-content\\\/uploads\\\/2025\\\/07\\\/cropped-uj-logo.png\",\"width\":500,\"height\":208,\"caption\":\"yupie.app\"},\"image\":{\"@id\":\"https:\\\/\\\/yupie.app\\\/#\\\/schema\\\/logo\\\/image\\\/\"},\"sameAs\":[\"https:\\\/\\\/www.facebook.com\\\/profile.php?id=100089345417295\"]}]}<\/script>\n<!-- \/ Yoast SEO plugin. -->","yoast_head_json":{"title":"K\u00fcl\u00f6nleges kerek \u00fcveg team\u00e9cses tart\u00f3 - yupie.app","description":"Ez a k\u00fcl\u00f6nleges kerek \u00fcveg team\u00e9cses tart\u00f3 egy leny\u0171g\u00f6z\u0151 \u00e9s egyedi d\u00edszt\u00e1rgy, mely \u00f6tv\u00f6zi az eleganci\u00e1t \u00e9s a funkcionalit\u00e1st.","robots":{"index":"index","follow":"follow","max-snippet":"max-snippet:-1","max-image-preview":"max-image-preview:large","max-video-preview":"max-video-preview:-1"},"canonical":"https:\/\/yupie.app\/ro\/product\/kulonleges-kerek-uveg-teamecses-tarto\/","og_locale":"ro_RO","og_type":"article","og_title":"K\u00fcl\u00f6nleges kerek \u00fcveg team\u00e9cses tart\u00f3 - yupie.app","og_description":"Ez a k\u00fcl\u00f6nleges kerek \u00fcveg team\u00e9cses tart\u00f3 egy leny\u0171g\u00f6z\u0151 \u00e9s egyedi d\u00edszt\u00e1rgy, mely \u00f6tv\u00f6zi az eleganci\u00e1t \u00e9s a funkcionalit\u00e1st.","og_url":"https:\/\/yupie.app\/ro\/product\/kulonleges-kerek-uveg-teamecses-tarto\/","og_site_name":"yupie.app","article_publisher":"https:\/\/www.facebook.com\/profile.php?id=100089345417295","article_modified_time":"2026-01-06T12:14:25+00:00","og_image":[{"width":2560,"height":1707,"url":"https:\/\/yupie.app\/wp-content\/uploads\/2023\/07\/DSC00751-scaled.jpg","type":"image\/jpeg"}],"twitter_card":"summary_large_image","twitter_misc":{"Timp estimat pentru citire":"2 minute"},"schema":{"@context":"https:\/\/schema.org","@graph":[{"@type":"WebPage","@id":"https:\/\/yupie.app\/product\/kulonleges-kerek-uveg-teamecses-tarto\/","url":"https:\/\/yupie.app\/product\/kulonleges-kerek-uveg-teamecses-tarto\/","name":"K\u00fcl\u00f6nleges kerek \u00fcveg team\u00e9cses tart\u00f3 - yupie.app","isPartOf":{"@id":"https:\/\/yupie.app\/#website"},"primaryImageOfPage":{"@id":"https:\/\/yupie.app\/product\/kulonleges-kerek-uveg-teamecses-tarto\/#primaryimage"},"image":{"@id":"https:\/\/yupie.app\/product\/kulonleges-kerek-uveg-teamecses-tarto\/#primaryimage"},"thumbnailUrl":"https:\/\/yupie.app\/wp-content\/uploads\/2023\/07\/DSC00751-scaled.jpg","datePublished":"2023-07-28T13:15:40+00:00","dateModified":"2026-01-06T12:14:25+00:00","description":"Ez a k\u00fcl\u00f6nleges kerek \u00fcveg team\u00e9cses tart\u00f3 egy leny\u0171g\u00f6z\u0151 \u00e9s egyedi d\u00edszt\u00e1rgy, mely \u00f6tv\u00f6zi az eleganci\u00e1t \u00e9s a funkcionalit\u00e1st.","breadcrumb":{"@id":"https:\/\/yupie.app\/product\/kulonleges-kerek-uveg-teamecses-tarto\/#breadcrumb"},"inLanguage":"ro-RO","potentialAction":[{"@type":"ReadAction","target":["https:\/\/yupie.app\/product\/kulonleges-kerek-uveg-teamecses-tarto\/"]}]},{"@type":"ImageObject","inLanguage":"ro-RO","@id":"https:\/\/yupie.app\/product\/kulonleges-kerek-uveg-teamecses-tarto\/#primaryimage","url":"https:\/\/yupie.app\/wp-content\/uploads\/2023\/07\/DSC00751-scaled.jpg","contentUrl":"https:\/\/yupie.app\/wp-content\/uploads\/2023\/07\/DSC00751-scaled.jpg","width":2560,"height":1707,"caption":"K\u00fcl\u00f6nleges kerek \u00fcveg team\u00e9cses tart\u00f3, dekor\u00e1ci\u00f3, gyert\u00e1k, yupie"},{"@type":"BreadcrumbList","@id":"https:\/\/yupie.app\/product\/kulonleges-kerek-uveg-teamecses-tarto\/#breadcrumb","itemListElement":[{"@type":"ListItem","position":1,"name":"Kezd\u0151lap","item":"https:\/\/yupie.app\/"},{"@type":"ListItem","position":2,"name":"Katal\u00f3gus","item":"https:\/\/yupie.app\/katalogus\/"},{"@type":"ListItem","position":3,"name":"K\u00fcl\u00f6nleges kerek \u00fcveg team\u00e9cses tart\u00f3"}]},{"@type":"WebSite","@id":"https:\/\/yupie.app\/#website","url":"https:\/\/yupie.app\/","name":"yupie.app","description":"","publisher":{"@id":"https:\/\/yupie.app\/#organization"},"potentialAction":[{"@type":"SearchAction","target":{"@type":"EntryPoint","urlTemplate":"https:\/\/yupie.app\/?s={search_term_string}"},"query-input":{"@type":"PropertyValueSpecification","valueRequired":true,"valueName":"search_term_string"}}],"inLanguage":"ro-RO"},{"@type":"Organization","@id":"https:\/\/yupie.app\/#organization","name":"yupie.app","url":"https:\/\/yupie.app\/","logo":{"@type":"ImageObject","inLanguage":"ro-RO","@id":"https:\/\/yupie.app\/#\/schema\/logo\/image\/","url":"https:\/\/yupie.app\/wp-content\/uploads\/2025\/07\/cropped-uj-logo.png","contentUrl":"https:\/\/yupie.app\/wp-content\/uploads\/2025\/07\/cropped-uj-logo.png","width":500,"height":208,"caption":"yupie.app"},"image":{"@id":"https:\/\/yupie.app\/#\/schema\/logo\/image\/"},"sameAs":["https:\/\/www.facebook.com\/profile.php?id=100089345417295"]}]}},"jetpack_sharing_enabled":true,"_links":{"self":[{"href":"https:\/\/yupie.app\/ro\/wp-json\/wp\/v2\/product\/1816","targetHints":{"allow":["GET"]}}],"collection":[{"href":"https:\/\/yupie.app\/ro\/wp-json\/wp\/v2\/product"}],"about":[{"href":"https:\/\/yupie.app\/ro\/wp-json\/wp\/v2\/types\/product"}],"version-history":[{"count":0,"href":"https:\/\/yupie.app\/ro\/wp-json\/wp\/v2\/product\/1816\/revisions"}],"wp:featuredmedia":[{"embeddable":true,"href":"https:\/\/yupie.app\/ro\/wp-json\/wp\/v2\/media\/1817"}],"wp:attachment":[{"href":"https:\/\/yupie.app\/ro\/wp-json\/wp\/v2\/media?parent=1816"}],"wp:term":[{"taxonomy":"product_brand","embeddable":true,"href":"https:\/\/yupie.app\/ro\/wp-json\/wp\/v2\/product_brand?post=1816"},{"taxonomy":"product_cat","embeddable":true,"href":"https:\/\/yupie.app\/ro\/wp-json\/wp\/v2\/product_cat?post=1816"},{"taxonomy":"product_tag","embeddable":true,"href":"https:\/\/yupie.app\/ro\/wp-json\/wp\/v2\/product_tag?post=1816"}],"curies":[{"name":"wp","href":"https:\/\/api.w.org\/{rel}","templated":true}]}}