{"id":1801,"date":"2023-07-28T13:57:10","date_gmt":"2023-07-28T11:57:10","guid":{"rendered":"https:\/\/yupie.hu\/?post_type=product&#038;p=1801"},"modified":"2026-03-25T10:11:29","modified_gmt":"2026-03-25T08:11:29","slug":"kezzel-keszitett-aggodo-ember-temaju-gyertya","status":"publish","type":"product","link":"https:\/\/yupie.app\/ro\/product\/kezzel-keszitett-aggodo-ember-temaju-gyertya\/","title":{"rendered":"K\u00e9zzel k\u00e9sz\u00edtett agg\u00f3d\u00f3 ember t\u00e9m\u00e1j\u00fa gyertya"},"content":{"rendered":"<div class=\"flex-1 overflow-hidden\">\n<div class=\"react-scroll-to-bottom--css-fqila-79elbk h-full dark:bg-gray-800\">\n<div class=\"react-scroll-to-bottom--css-fqila-1n7m0yu\">\n<div class=\"flex flex-col text-sm dark:bg-gray-800\">\n<div class=\"group w-full text-gray-800 dark:text-gray-100 border-b border-black\/10 dark:border-gray-900\/50 bg-gray-50 dark:bg-[#444654]\">\n<div class=\"flex p-4 gap-4 text-base md:gap-6 md:max-w-2xl lg:max-w-[38rem] xl:max-w-3xl md:py-6 lg:px-0 m-auto\">\n<div class=\"relative flex w-[calc(100%-50px)] flex-col gap-1 md:gap-3 lg:w-[calc(100%-115px)]\">\n<div class=\"flex flex-grow flex-col gap-3\">\n<div class=\"min-h-[20px] flex items-start overflow-x-auto whitespace-pre-wrap break-words flex-col gap-4\">\n<div class=\"markdown prose w-full break-words dark:prose-invert light\">\n<p data-start=\"888\" data-end=\"1038\">Ez a <strong data-start=\"893\" data-end=\"947\">k\u00e9zzel k\u00e9sz\u00edtett \u201eagg\u00f3d\u00f3 ember\u201d tematik\u00e1j\u00fa gyertya<\/strong> nem csup\u00e1n egy egyszer\u0171 dekor\u00e1ci\u00f3s t\u00e1rgy, hanem egy \u00e9rzelmeket k\u00f6zvet\u00edt\u0151, m\u0171v\u00e9szi alkot\u00e1s.<\/p>\n<p data-start=\"1040\" data-end=\"1303\">A figura form\u00e1ja az emberi gondolkod\u00e1st, bels\u0151 v\u00edv\u00f3d\u00e1st \u00e9s elm\u00e9ly\u00fcl\u00e9st szimboliz\u00e1lja, \u00edgy k\u00fcl\u00f6n\u00f6sen egyedi hangulatot teremt a k\u00f6rnyezet\u00e9ben. Minimalista, m\u00e9gis kifejez\u0151 megjelen\u00e9se miatt k\u00f6nnyen illeszkedik modern, skandin\u00e1v vagy ak\u00e1r eklektikus enteri\u0151r\u00f6kbe is.<\/p>\n<p data-start=\"1305\" data-end=\"1444\">A k\u00e9zzel k\u00e9sz\u00edtett jelleg minden darabot egyediv\u00e9 tesz \u2013 nincs k\u00e9t teljesen azonos p\u00e9ld\u00e1ny, ami n\u00f6veli a term\u00e9k \u00e9rt\u00e9k\u00e9t \u00e9s k\u00fcl\u00f6nlegess\u00e9g\u00e9t.<\/p>\n<p data-start=\"1446\" data-end=\"1464\">A gyertya ide\u00e1lis:<\/p>\n<ul data-start=\"1465\" data-end=\"1647\">\n<li data-section-id=\"1sgzxun\" data-start=\"1465\" data-end=\"1500\">hangulatos esti megvil\u00e1g\u00edt\u00e1shoz<\/li>\n<li data-section-id=\"13f4nnw\" data-start=\"1501\" data-end=\"1550\">k\u00fcl\u00f6nleges dekor\u00e1ci\u00f3k\u00e9nt polcra vagy asztalra<\/li>\n<li data-section-id=\"1d23490\" data-start=\"1551\" data-end=\"1603\">aj\u00e1nd\u00e9knak egyedi \u00e9s gondolat\u00e9breszt\u0151 form\u00e1j\u00e1val<\/li>\n<li data-section-id=\"19h7t45\" data-start=\"1604\" data-end=\"1647\">kreat\u00edv enteri\u0151r\u00f6k vizu\u00e1lis kiemel\u00e9s\u00e9re<\/li>\n<\/ul>\n<p data-start=\"1649\" data-end=\"1769\">Ez a darab nemcsak f\u00e9nyt ad, hanem karaktert \u00e9s jelent\u00e9st is visz a t\u00e9rbe \u2013 egy olyan dekor\u00e1ci\u00f3, amely t\u00f6rt\u00e9netet mes\u00e9l.<\/p>\n<hr data-start=\"1771\" data-end=\"1774\" \/>\n<h1 data-section-id=\"1qd5et4\" data-start=\"1776\" data-end=\"1818\"><span role=\"text\">\u2b50 <strong data-start=\"1780\" data-end=\"1818\">A term\u00e9k \u00e9rt\u00e9kei\u00a0<\/strong><\/span><\/h1>\n<p data-start=\"1820\" data-end=\"1980\">\u2714 K\u00e9zzel k\u00e9sz\u00edtett \u2013 egyedi darab<br data-start=\"1853\" data-end=\"1856\" \/>\u2714 Er\u0151s vizu\u00e1lis \u00e9s \u00e9rzelmi hat\u00e1s<br data-start=\"1888\" data-end=\"1891\" \/>\u2714 Modern + m\u0171v\u00e9szi dekor\u00e1ci\u00f3<br data-start=\"1919\" data-end=\"1922\" \/>\u2714 Aj\u00e1nd\u00e9knak is k\u00fcl\u00f6nleges v\u00e1laszt\u00e1s<\/p>\n<\/div>\n<\/div>\n<\/div>\n<div class=\"flex justify-between lg:block\">\n<div class=\"text-gray-400 flex self-end lg:self-center justify-center mt-2 gap-2 md:gap-3 lg:gap-1 lg:absolute lg:top-0 lg:translate-x-full lg:right-0 lg:mt-0 lg:pl-2 visible\">\n<div class=\"flex gap-1\"><\/div>\n<\/div>\n<\/div>\n<\/div>\n<\/div>\n<\/div>\n<div class=\"h-32 md:h-48 flex-shrink-0\"><\/div>\n<\/div>\n<\/div>\n<\/div>\n<\/div>\n<div class=\"absolute bottom-0 left-0 w-full border-t md:border-t-0 dark:border-white\/20 md:border-transparent md:dark:border-transparent md:bg-vert-light-gradient bg-white dark:bg-gray-800 md:!bg-transparent dark:md:bg-vert-dark-gradient pt-2 md:pl-2 md:w-[calc(100%-.5rem)]\">\n<form class=\"stretch mx-2 flex flex-row gap-3 last:mb-2 md:mx-4 md:last:mb-6 lg:mx-auto lg:max-w-2xl xl:max-w-3xl\" action=\"\">\n<div class=\"relative flex h-full flex-1 items-stretch md:flex-col\" role=\"presentation\">\n<div>\n<div class=\"h-full flex ml-1 md:w-full md:m-auto md:mb-2 gap-0 md:gap-2 justify-center\">\n<div class=\"grow\"><\/div>\n<div class=\"flex\">\n<div data-projection-id=\"50\"><\/div>\n<\/div>\n<\/div>\n<\/div>\n<\/div>\n<input type=\"hidden\" name=\"trp-form-language\" value=\"ro\"\/><\/form>\n<\/div>","protected":false},"excerpt":{"rendered":"<p>Egyedi, k\u00e9zzel k\u00e9sz\u00edtett \u201eagg\u00f3d\u00f3 ember\u201d form\u00e1j\u00fa gyertya, amely k\u00fcl\u00f6nleges hangulatot \u00e9s m\u0171v\u00e9szi karaktert ad b\u00e1rmely t\u00e9rnek.<\/p>","protected":false},"featured_media":3927,"template":"","meta":[],"product_brand":[],"product_cat":[1389],"product_tag":[658,174,59,327,336,320,202,386],"class_list":{"0":"post-1801","1":"product","2":"type-product","3":"status-publish","4":"has-post-thumbnail","6":"product_cat-szobor","7":"product_tag-aggodo-ember","8":"product_tag-dekor","9":"product_tag-dekoracio","10":"product_tag-dekorgyertya","11":"product_tag-diszgyertya","12":"product_tag-gyertya","13":"product_tag-kezzel-festett","14":"product_tag-kezzel-keszitett","15":"description-off","17":"first","18":"instock","19":"shipping-taxable","20":"purchasable","21":"product-type-simple"},"yoast_head":"<!-- This site is optimized with the Yoast SEO plugin v27.3 - https:\/\/yoast.com\/product\/yoast-seo-wordpress\/ -->\n<title>K\u00e9zzel k\u00e9sz\u00edtett agg\u00f3d\u00f3 ember gyertya \u2013 egyedi m\u0171v\u00e9szi dekor\u00e1ci\u00f3<\/title>\n<meta name=\"description\" content=\"Ez a k\u00e9zzel k\u00e9sz\u00edtett agg\u00f3d\u00f3 ember t\u00e9m\u00e1j\u00fa gyertya egy k\u00fcl\u00f6nleges \u00e9s egyedi alkot\u00e1s, mely mag\u00e1val ragad\u00f3 \u00e9s meghat\u00f3 \u00e9rzelmeket kelt.\" \/>\n<meta name=\"robots\" content=\"index, follow, max-snippet:-1, max-image-preview:large, max-video-preview:-1\" \/>\n<link rel=\"canonical\" href=\"https:\/\/yupie.app\/ro\/product\/kezzel-keszitett-aggodo-ember-temaju-gyertya\/\" \/>\n<meta property=\"og:locale\" content=\"ro_RO\" \/>\n<meta property=\"og:type\" content=\"article\" \/>\n<meta property=\"og:title\" content=\"K\u00e9zzel k\u00e9sz\u00edtett agg\u00f3d\u00f3 ember gyertya \u2013 egyedi m\u0171v\u00e9szi dekor\u00e1ci\u00f3\" \/>\n<meta property=\"og:description\" content=\"Ez a k\u00e9zzel k\u00e9sz\u00edtett agg\u00f3d\u00f3 ember t\u00e9m\u00e1j\u00fa gyertya egy k\u00fcl\u00f6nleges \u00e9s egyedi alkot\u00e1s, mely mag\u00e1val ragad\u00f3 \u00e9s meghat\u00f3 \u00e9rzelmeket kelt.\" \/>\n<meta property=\"og:url\" content=\"https:\/\/yupie.app\/ro\/product\/kezzel-keszitett-aggodo-ember-temaju-gyertya\/\" \/>\n<meta property=\"og:site_name\" content=\"yupie.app\" \/>\n<meta property=\"article:publisher\" content=\"https:\/\/www.facebook.com\/profile.php?id=100089345417295\" \/>\n<meta property=\"article:modified_time\" content=\"2026-03-25T08:11:29+00:00\" \/>\n<meta property=\"og:image\" content=\"https:\/\/yupie.app\/wp-content\/uploads\/2023\/07\/DSC00732-scaled-1024x819.png\" \/>\n\t<meta property=\"og:image:width\" content=\"1024\" \/>\n\t<meta property=\"og:image:height\" content=\"819\" \/>\n\t<meta property=\"og:image:type\" content=\"image\/png\" \/>\n<meta name=\"twitter:card\" content=\"summary_large_image\" \/>\n<meta name=\"twitter:label1\" content=\"Timp estimat pentru citire\" \/>\n\t<meta name=\"twitter:data1\" content=\"1 minut\" \/>\n<script type=\"application\/ld+json\" class=\"yoast-schema-graph\">{\"@context\":\"https:\\\/\\\/schema.org\",\"@graph\":[{\"@type\":\"WebPage\",\"@id\":\"https:\\\/\\\/yupie.app\\\/product\\\/kezzel-keszitett-aggodo-ember-temaju-gyertya\\\/\",\"url\":\"https:\\\/\\\/yupie.app\\\/product\\\/kezzel-keszitett-aggodo-ember-temaju-gyertya\\\/\",\"name\":\"K\u00e9zzel k\u00e9sz\u00edtett agg\u00f3d\u00f3 ember gyertya \u2013 egyedi m\u0171v\u00e9szi dekor\u00e1ci\u00f3\",\"isPartOf\":{\"@id\":\"https:\\\/\\\/yupie.app\\\/#website\"},\"primaryImageOfPage\":{\"@id\":\"https:\\\/\\\/yupie.app\\\/product\\\/kezzel-keszitett-aggodo-ember-temaju-gyertya\\\/#primaryimage\"},\"image\":{\"@id\":\"https:\\\/\\\/yupie.app\\\/product\\\/kezzel-keszitett-aggodo-ember-temaju-gyertya\\\/#primaryimage\"},\"thumbnailUrl\":\"https:\\\/\\\/yupie.app\\\/wp-content\\\/uploads\\\/2023\\\/07\\\/DSC00732-scaled.png\",\"datePublished\":\"2023-07-28T11:57:10+00:00\",\"dateModified\":\"2026-03-25T08:11:29+00:00\",\"description\":\"Ez a k\u00e9zzel k\u00e9sz\u00edtett agg\u00f3d\u00f3 ember t\u00e9m\u00e1j\u00fa gyertya egy k\u00fcl\u00f6nleges \u00e9s egyedi alkot\u00e1s, mely mag\u00e1val ragad\u00f3 \u00e9s meghat\u00f3 \u00e9rzelmeket kelt.\",\"breadcrumb\":{\"@id\":\"https:\\\/\\\/yupie.app\\\/product\\\/kezzel-keszitett-aggodo-ember-temaju-gyertya\\\/#breadcrumb\"},\"inLanguage\":\"ro-RO\",\"potentialAction\":[{\"@type\":\"ReadAction\",\"target\":[\"https:\\\/\\\/yupie.app\\\/product\\\/kezzel-keszitett-aggodo-ember-temaju-gyertya\\\/\"]}]},{\"@type\":\"ImageObject\",\"inLanguage\":\"ro-RO\",\"@id\":\"https:\\\/\\\/yupie.app\\\/product\\\/kezzel-keszitett-aggodo-ember-temaju-gyertya\\\/#primaryimage\",\"url\":\"https:\\\/\\\/yupie.app\\\/wp-content\\\/uploads\\\/2023\\\/07\\\/DSC00732-scaled.png\",\"contentUrl\":\"https:\\\/\\\/yupie.app\\\/wp-content\\\/uploads\\\/2023\\\/07\\\/DSC00732-scaled.png\",\"width\":2560,\"height\":2048,\"caption\":\"Egyedi k\u00e9zm\u0171ves gyertya \u2013 gondolat\u00e9breszt\u0151 dekor\u00e1ci\u00f3\"},{\"@type\":\"BreadcrumbList\",\"@id\":\"https:\\\/\\\/yupie.app\\\/product\\\/kezzel-keszitett-aggodo-ember-temaju-gyertya\\\/#breadcrumb\",\"itemListElement\":[{\"@type\":\"ListItem\",\"position\":1,\"name\":\"Kezd\u0151lap\",\"item\":\"https:\\\/\\\/yupie.app\\\/\"},{\"@type\":\"ListItem\",\"position\":2,\"name\":\"Katal\u00f3gus\",\"item\":\"https:\\\/\\\/yupie.app\\\/katalogus\\\/\"},{\"@type\":\"ListItem\",\"position\":3,\"name\":\"K\u00e9zzel k\u00e9sz\u00edtett agg\u00f3d\u00f3 ember t\u00e9m\u00e1j\u00fa gyertya\"}]},{\"@type\":\"WebSite\",\"@id\":\"https:\\\/\\\/yupie.app\\\/#website\",\"url\":\"https:\\\/\\\/yupie.app\\\/\",\"name\":\"yupie.app\",\"description\":\"\",\"publisher\":{\"@id\":\"https:\\\/\\\/yupie.app\\\/#organization\"},\"potentialAction\":[{\"@type\":\"SearchAction\",\"target\":{\"@type\":\"EntryPoint\",\"urlTemplate\":\"https:\\\/\\\/yupie.app\\\/?s={search_term_string}\"},\"query-input\":{\"@type\":\"PropertyValueSpecification\",\"valueRequired\":true,\"valueName\":\"search_term_string\"}}],\"inLanguage\":\"ro-RO\"},{\"@type\":\"Organization\",\"@id\":\"https:\\\/\\\/yupie.app\\\/#organization\",\"name\":\"yupie.app\",\"url\":\"https:\\\/\\\/yupie.app\\\/\",\"logo\":{\"@type\":\"ImageObject\",\"inLanguage\":\"ro-RO\",\"@id\":\"https:\\\/\\\/yupie.app\\\/#\\\/schema\\\/logo\\\/image\\\/\",\"url\":\"https:\\\/\\\/yupie.app\\\/wp-content\\\/uploads\\\/2025\\\/07\\\/cropped-uj-logo.png\",\"contentUrl\":\"https:\\\/\\\/yupie.app\\\/wp-content\\\/uploads\\\/2025\\\/07\\\/cropped-uj-logo.png\",\"width\":500,\"height\":208,\"caption\":\"yupie.app\"},\"image\":{\"@id\":\"https:\\\/\\\/yupie.app\\\/#\\\/schema\\\/logo\\\/image\\\/\"},\"sameAs\":[\"https:\\\/\\\/www.facebook.com\\\/profile.php?id=100089345417295\"]}]}<\/script>\n<!-- \/ Yoast SEO plugin. -->","yoast_head_json":{"title":"K\u00e9zzel k\u00e9sz\u00edtett agg\u00f3d\u00f3 ember gyertya \u2013 egyedi m\u0171v\u00e9szi dekor\u00e1ci\u00f3","description":"Ez a k\u00e9zzel k\u00e9sz\u00edtett agg\u00f3d\u00f3 ember t\u00e9m\u00e1j\u00fa gyertya egy k\u00fcl\u00f6nleges \u00e9s egyedi alkot\u00e1s, mely mag\u00e1val ragad\u00f3 \u00e9s meghat\u00f3 \u00e9rzelmeket kelt.","robots":{"index":"index","follow":"follow","max-snippet":"max-snippet:-1","max-image-preview":"max-image-preview:large","max-video-preview":"max-video-preview:-1"},"canonical":"https:\/\/yupie.app\/ro\/product\/kezzel-keszitett-aggodo-ember-temaju-gyertya\/","og_locale":"ro_RO","og_type":"article","og_title":"K\u00e9zzel k\u00e9sz\u00edtett agg\u00f3d\u00f3 ember gyertya \u2013 egyedi m\u0171v\u00e9szi dekor\u00e1ci\u00f3","og_description":"Ez a k\u00e9zzel k\u00e9sz\u00edtett agg\u00f3d\u00f3 ember t\u00e9m\u00e1j\u00fa gyertya egy k\u00fcl\u00f6nleges \u00e9s egyedi alkot\u00e1s, mely mag\u00e1val ragad\u00f3 \u00e9s meghat\u00f3 \u00e9rzelmeket kelt.","og_url":"https:\/\/yupie.app\/ro\/product\/kezzel-keszitett-aggodo-ember-temaju-gyertya\/","og_site_name":"yupie.app","article_publisher":"https:\/\/www.facebook.com\/profile.php?id=100089345417295","article_modified_time":"2026-03-25T08:11:29+00:00","og_image":[{"width":1024,"height":819,"url":"https:\/\/yupie.app\/wp-content\/uploads\/2023\/07\/DSC00732-scaled-1024x819.png","type":"image\/png"}],"twitter_card":"summary_large_image","twitter_misc":{"Timp estimat pentru citire":"1 minut"},"schema":{"@context":"https:\/\/schema.org","@graph":[{"@type":"WebPage","@id":"https:\/\/yupie.app\/product\/kezzel-keszitett-aggodo-ember-temaju-gyertya\/","url":"https:\/\/yupie.app\/product\/kezzel-keszitett-aggodo-ember-temaju-gyertya\/","name":"K\u00e9zzel k\u00e9sz\u00edtett agg\u00f3d\u00f3 ember gyertya \u2013 egyedi m\u0171v\u00e9szi dekor\u00e1ci\u00f3","isPartOf":{"@id":"https:\/\/yupie.app\/#website"},"primaryImageOfPage":{"@id":"https:\/\/yupie.app\/product\/kezzel-keszitett-aggodo-ember-temaju-gyertya\/#primaryimage"},"image":{"@id":"https:\/\/yupie.app\/product\/kezzel-keszitett-aggodo-ember-temaju-gyertya\/#primaryimage"},"thumbnailUrl":"https:\/\/yupie.app\/wp-content\/uploads\/2023\/07\/DSC00732-scaled.png","datePublished":"2023-07-28T11:57:10+00:00","dateModified":"2026-03-25T08:11:29+00:00","description":"Ez a k\u00e9zzel k\u00e9sz\u00edtett agg\u00f3d\u00f3 ember t\u00e9m\u00e1j\u00fa gyertya egy k\u00fcl\u00f6nleges \u00e9s egyedi alkot\u00e1s, mely mag\u00e1val ragad\u00f3 \u00e9s meghat\u00f3 \u00e9rzelmeket kelt.","breadcrumb":{"@id":"https:\/\/yupie.app\/product\/kezzel-keszitett-aggodo-ember-temaju-gyertya\/#breadcrumb"},"inLanguage":"ro-RO","potentialAction":[{"@type":"ReadAction","target":["https:\/\/yupie.app\/product\/kezzel-keszitett-aggodo-ember-temaju-gyertya\/"]}]},{"@type":"ImageObject","inLanguage":"ro-RO","@id":"https:\/\/yupie.app\/product\/kezzel-keszitett-aggodo-ember-temaju-gyertya\/#primaryimage","url":"https:\/\/yupie.app\/wp-content\/uploads\/2023\/07\/DSC00732-scaled.png","contentUrl":"https:\/\/yupie.app\/wp-content\/uploads\/2023\/07\/DSC00732-scaled.png","width":2560,"height":2048,"caption":"Egyedi k\u00e9zm\u0171ves gyertya \u2013 gondolat\u00e9breszt\u0151 dekor\u00e1ci\u00f3"},{"@type":"BreadcrumbList","@id":"https:\/\/yupie.app\/product\/kezzel-keszitett-aggodo-ember-temaju-gyertya\/#breadcrumb","itemListElement":[{"@type":"ListItem","position":1,"name":"Kezd\u0151lap","item":"https:\/\/yupie.app\/"},{"@type":"ListItem","position":2,"name":"Katal\u00f3gus","item":"https:\/\/yupie.app\/katalogus\/"},{"@type":"ListItem","position":3,"name":"K\u00e9zzel k\u00e9sz\u00edtett agg\u00f3d\u00f3 ember t\u00e9m\u00e1j\u00fa gyertya"}]},{"@type":"WebSite","@id":"https:\/\/yupie.app\/#website","url":"https:\/\/yupie.app\/","name":"yupie.app","description":"","publisher":{"@id":"https:\/\/yupie.app\/#organization"},"potentialAction":[{"@type":"SearchAction","target":{"@type":"EntryPoint","urlTemplate":"https:\/\/yupie.app\/?s={search_term_string}"},"query-input":{"@type":"PropertyValueSpecification","valueRequired":true,"valueName":"search_term_string"}}],"inLanguage":"ro-RO"},{"@type":"Organization","@id":"https:\/\/yupie.app\/#organization","name":"yupie.app","url":"https:\/\/yupie.app\/","logo":{"@type":"ImageObject","inLanguage":"ro-RO","@id":"https:\/\/yupie.app\/#\/schema\/logo\/image\/","url":"https:\/\/yupie.app\/wp-content\/uploads\/2025\/07\/cropped-uj-logo.png","contentUrl":"https:\/\/yupie.app\/wp-content\/uploads\/2025\/07\/cropped-uj-logo.png","width":500,"height":208,"caption":"yupie.app"},"image":{"@id":"https:\/\/yupie.app\/#\/schema\/logo\/image\/"},"sameAs":["https:\/\/www.facebook.com\/profile.php?id=100089345417295"]}]}},"jetpack_sharing_enabled":true,"_links":{"self":[{"href":"https:\/\/yupie.app\/ro\/wp-json\/wp\/v2\/product\/1801","targetHints":{"allow":["GET"]}}],"collection":[{"href":"https:\/\/yupie.app\/ro\/wp-json\/wp\/v2\/product"}],"about":[{"href":"https:\/\/yupie.app\/ro\/wp-json\/wp\/v2\/types\/product"}],"version-history":[{"count":0,"href":"https:\/\/yupie.app\/ro\/wp-json\/wp\/v2\/product\/1801\/revisions"}],"wp:featuredmedia":[{"embeddable":true,"href":"https:\/\/yupie.app\/ro\/wp-json\/wp\/v2\/media\/3927"}],"wp:attachment":[{"href":"https:\/\/yupie.app\/ro\/wp-json\/wp\/v2\/media?parent=1801"}],"wp:term":[{"taxonomy":"product_brand","embeddable":true,"href":"https:\/\/yupie.app\/ro\/wp-json\/wp\/v2\/product_brand?post=1801"},{"taxonomy":"product_cat","embeddable":true,"href":"https:\/\/yupie.app\/ro\/wp-json\/wp\/v2\/product_cat?post=1801"},{"taxonomy":"product_tag","embeddable":true,"href":"https:\/\/yupie.app\/ro\/wp-json\/wp\/v2\/product_tag?post=1801"}],"curies":[{"name":"wp","href":"https:\/\/api.w.org\/{rel}","templated":true}]}}