{"id":1732,"date":"2023-04-25T14:27:50","date_gmt":"2023-04-25T12:27:50","guid":{"rendered":"https:\/\/yupie.hu\/?post_type=product&#038;p=1732"},"modified":"2026-02-09T10:10:42","modified_gmt":"2026-02-09T08:10:42","slug":"vintage-thonet-hintaszek","status":"publish","type":"product","link":"https:\/\/yupie.app\/ro\/product\/vintage-thonet-hintaszek\/","title":{"rendered":"Thonet st\u00edlus\u00fa hajl\u00edtott fa hintasz\u00e9k \u2013 n\u00e1d \u00fcl\u0151- \u00e9s h\u00e1tt\u00e1ml\u00e1val"},"content":{"rendered":"<p>A Thonet hintasz\u00e9k egy klasszikus darabja a b\u00fatordiz\u00e1jnnak, amely m\u00e1r t\u00f6bb mint sz\u00e1z \u00e9ves m\u00faltra tekint vissza. A n\u00e9met sz\u00e1rmaz\u00e1s\u00fa Michael Thonet tervezte \u00e9s k\u00e9sz\u00edtette el el\u0151sz\u00f6r a hintasz\u00e9ket 1860-ban, amely az\u00f3ta is n\u00e9pszer\u0171 maradt a vil\u00e1g sz\u00e1mos pontj\u00e1n.<\/p>\n<p>A Thonet hintasz\u00e9k ikonikus st\u00edlusa a hajl\u00edtott f\u00e1b\u00f3l k\u00e9sz\u00fclt \u00edvelt szerkezet r\u00e9v\u00e9n v\u00e1lt ismertt\u00e9. A hintasz\u00e9k k\u00e9nyelmes, rugalmas \u00e9s stabil szerkezete miatt ma is n\u00e9pszer\u0171 b\u00fatordarab a lakberendez\u00e9si ter\u00fcleten.<\/p>\n<p>Ez a vintage hintasz\u00e9k k\u00fcl\u00f6nleges \u00e9rt\u00e9ket k\u00e9pvisel az otthoni vagy irodai b\u00fatorok k\u00f6z\u00f6tt. Az id\u0151j\u00e1r\u00e1s viszontags\u00e1gainak \u00e9s az \u00e9vek sor\u00e1n bek\u00f6vetkez\u0151 haszn\u00e1lati nyomoknak k\u00f6sz\u00f6nhet\u0151en, egy r\u00e9gi Thonet hintasz\u00e9k egyedi \u00e9s karakteres megjelen\u00e9st k\u00f6lcs\u00f6n\u00f6z az enteri\u0151rnek.<\/p>\n<p>A hintasz\u00e9k divatos st\u00edlusa \u00e9s id\u0151t\u00e1ll\u00f3 min\u0151s\u00e9ge miatt tov\u00e1bbra is n\u00e9pszer\u0171 az otthoni vagy irodai berendez\u00e9sek k\u00f6z\u00f6tt. A vintage darabokat pedig gy\u0171jt\u0151k \u00e9s diz\u00e1jnrajong\u00f3k keresik a vil\u00e1g sz\u00e1mos pontj\u00e1n<\/p>","protected":false},"excerpt":{"rendered":"<p>A Thonet hintasz\u00e9k az osztr\u00e1k b\u00fatorgy\u00e1rt\u00e1s egyik legismertebb darabja, amely az 1800-as \u00e9vek v\u00e9g\u00e9n \u00e9s a 1900-as \u00e9vek elej\u00e9n k\u00e9sz\u00fclt. Az ikonikus sz\u00e9ket Michael Thonet tervezte \u00e9s gy\u00e1rtotta el\u0151sz\u00f6r a 19. sz\u00e1zad k\u00f6zep\u00e9n, \u00e9s az\u00f3ta is nagy n\u00e9pszer\u0171s\u00e9gnek \u00f6rvend a vil\u00e1g minden t\u00e1j\u00e1n.<\/p>","protected":false},"featured_media":1733,"template":"","meta":[],"product_brand":[],"product_cat":[40],"product_tag":[51,85,486,136,73,77,638,252,637,74,636,50],"class_list":{"0":"post-1732","1":"product","2":"type-product","3":"status-publish","4":"has-post-thumbnail","6":"product_cat-butorok","7":"product_tag-antik","8":"product_tag-barna","9":"product_tag-butor","10":"product_tag-egyedi","11":"product_tag-elegans","12":"product_tag-fa","13":"product_tag-fa-es-rattan","14":"product_tag-fabol-keszult","15":"product_tag-hintaszek","16":"product_tag-stilusos","17":"product_tag-thonet","18":"product_tag-vintage","19":"description-off","21":"first","22":"instock","23":"shipping-taxable","24":"purchasable","25":"product-type-simple"},"yoast_head":"<!-- This site is optimized with the Yoast SEO plugin v27.3 - https:\/\/yoast.com\/product\/yoast-seo-wordpress\/ -->\n<title>Thonet st\u00edlus\u00fa hajl\u00edtott fa hintasz\u00e9k \u2013 n\u00e1d \u00fcl\u0151- \u00e9s h\u00e1tt\u00e1ml\u00e1val - yupie.app<\/title>\n<meta name=\"description\" content=\"A Thonet hintasz\u00e9k egy klasszikus darabja a b\u00fatordiz\u00e1jnnak, amely m\u00e1r t\u00f6bb mint sz\u00e1z \u00e9ves m\u00faltra tekint vissza. A n\u00e9met sz\u00e1rmaz\u00e1s\u00fa Michael Thonet tervezte.\" \/>\n<meta name=\"robots\" content=\"index, follow, max-snippet:-1, max-image-preview:large, max-video-preview:-1\" \/>\n<link rel=\"canonical\" href=\"https:\/\/yupie.app\/ro\/product\/vintage-thonet-hintaszek\/\" \/>\n<meta property=\"og:locale\" content=\"ro_RO\" \/>\n<meta property=\"og:type\" content=\"article\" \/>\n<meta property=\"og:title\" content=\"Thonet st\u00edlus\u00fa hajl\u00edtott fa hintasz\u00e9k \u2013 n\u00e1d \u00fcl\u0151- \u00e9s h\u00e1tt\u00e1ml\u00e1val - yupie.app\" \/>\n<meta property=\"og:description\" content=\"A Thonet hintasz\u00e9k egy klasszikus darabja a b\u00fatordiz\u00e1jnnak, amely m\u00e1r t\u00f6bb mint sz\u00e1z \u00e9ves m\u00faltra tekint vissza. A n\u00e9met sz\u00e1rmaz\u00e1s\u00fa Michael Thonet tervezte.\" \/>\n<meta property=\"og:url\" content=\"https:\/\/yupie.app\/ro\/product\/vintage-thonet-hintaszek\/\" \/>\n<meta property=\"og:site_name\" content=\"yupie.app\" \/>\n<meta property=\"article:publisher\" content=\"https:\/\/www.facebook.com\/profile.php?id=100089345417295\" \/>\n<meta property=\"article:modified_time\" content=\"2026-02-09T08:10:42+00:00\" \/>\n<meta property=\"og:image\" content=\"https:\/\/yupie.app\/wp-content\/uploads\/2023\/04\/relx-1-768x1024.png\" \/>\n\t<meta property=\"og:image:width\" content=\"768\" \/>\n\t<meta property=\"og:image:height\" content=\"1024\" \/>\n\t<meta property=\"og:image:type\" content=\"image\/png\" \/>\n<meta name=\"twitter:card\" content=\"summary_large_image\" \/>\n<meta name=\"twitter:label1\" content=\"Timp estimat pentru citire\" \/>\n\t<meta name=\"twitter:data1\" content=\"1 minut\" \/>\n<script type=\"application\/ld+json\" class=\"yoast-schema-graph\">{\"@context\":\"https:\\\/\\\/schema.org\",\"@graph\":[{\"@type\":\"WebPage\",\"@id\":\"https:\\\/\\\/yupie.app\\\/product\\\/vintage-thonet-hintaszek\\\/\",\"url\":\"https:\\\/\\\/yupie.app\\\/product\\\/vintage-thonet-hintaszek\\\/\",\"name\":\"Thonet st\u00edlus\u00fa hajl\u00edtott fa hintasz\u00e9k \u2013 n\u00e1d \u00fcl\u0151- \u00e9s h\u00e1tt\u00e1ml\u00e1val - yupie.app\",\"isPartOf\":{\"@id\":\"https:\\\/\\\/yupie.app\\\/#website\"},\"primaryImageOfPage\":{\"@id\":\"https:\\\/\\\/yupie.app\\\/product\\\/vintage-thonet-hintaszek\\\/#primaryimage\"},\"image\":{\"@id\":\"https:\\\/\\\/yupie.app\\\/product\\\/vintage-thonet-hintaszek\\\/#primaryimage\"},\"thumbnailUrl\":\"https:\\\/\\\/yupie.app\\\/wp-content\\\/uploads\\\/2023\\\/04\\\/relx-1.png\",\"datePublished\":\"2023-04-25T12:27:50+00:00\",\"dateModified\":\"2026-02-09T08:10:42+00:00\",\"description\":\"A Thonet hintasz\u00e9k egy klasszikus darabja a b\u00fatordiz\u00e1jnnak, amely m\u00e1r t\u00f6bb mint sz\u00e1z \u00e9ves m\u00faltra tekint vissza. A n\u00e9met sz\u00e1rmaz\u00e1s\u00fa Michael Thonet tervezte.\",\"breadcrumb\":{\"@id\":\"https:\\\/\\\/yupie.app\\\/product\\\/vintage-thonet-hintaszek\\\/#breadcrumb\"},\"inLanguage\":\"ro-RO\",\"potentialAction\":[{\"@type\":\"ReadAction\",\"target\":[\"https:\\\/\\\/yupie.app\\\/product\\\/vintage-thonet-hintaszek\\\/\"]}]},{\"@type\":\"ImageObject\",\"inLanguage\":\"ro-RO\",\"@id\":\"https:\\\/\\\/yupie.app\\\/product\\\/vintage-thonet-hintaszek\\\/#primaryimage\",\"url\":\"https:\\\/\\\/yupie.app\\\/wp-content\\\/uploads\\\/2023\\\/04\\\/relx-1.png\",\"contentUrl\":\"https:\\\/\\\/yupie.app\\\/wp-content\\\/uploads\\\/2023\\\/04\\\/relx-1.png\",\"width\":1530,\"height\":2040,\"caption\":\"Vintage Thonet hintasz\u00e9k, b\u00fatorok, yupie\"},{\"@type\":\"BreadcrumbList\",\"@id\":\"https:\\\/\\\/yupie.app\\\/product\\\/vintage-thonet-hintaszek\\\/#breadcrumb\",\"itemListElement\":[{\"@type\":\"ListItem\",\"position\":1,\"name\":\"Kezd\u0151lap\",\"item\":\"https:\\\/\\\/yupie.app\\\/\"},{\"@type\":\"ListItem\",\"position\":2,\"name\":\"Katal\u00f3gus\",\"item\":\"https:\\\/\\\/yupie.app\\\/katalogus\\\/\"},{\"@type\":\"ListItem\",\"position\":3,\"name\":\"Thonet st\u00edlus\u00fa hajl\u00edtott fa hintasz\u00e9k \u2013 n\u00e1d \u00fcl\u0151- \u00e9s h\u00e1tt\u00e1ml\u00e1val\"}]},{\"@type\":\"WebSite\",\"@id\":\"https:\\\/\\\/yupie.app\\\/#website\",\"url\":\"https:\\\/\\\/yupie.app\\\/\",\"name\":\"yupie.app\",\"description\":\"\",\"publisher\":{\"@id\":\"https:\\\/\\\/yupie.app\\\/#organization\"},\"potentialAction\":[{\"@type\":\"SearchAction\",\"target\":{\"@type\":\"EntryPoint\",\"urlTemplate\":\"https:\\\/\\\/yupie.app\\\/?s={search_term_string}\"},\"query-input\":{\"@type\":\"PropertyValueSpecification\",\"valueRequired\":true,\"valueName\":\"search_term_string\"}}],\"inLanguage\":\"ro-RO\"},{\"@type\":\"Organization\",\"@id\":\"https:\\\/\\\/yupie.app\\\/#organization\",\"name\":\"yupie.app\",\"url\":\"https:\\\/\\\/yupie.app\\\/\",\"logo\":{\"@type\":\"ImageObject\",\"inLanguage\":\"ro-RO\",\"@id\":\"https:\\\/\\\/yupie.app\\\/#\\\/schema\\\/logo\\\/image\\\/\",\"url\":\"https:\\\/\\\/yupie.app\\\/wp-content\\\/uploads\\\/2025\\\/07\\\/cropped-uj-logo.png\",\"contentUrl\":\"https:\\\/\\\/yupie.app\\\/wp-content\\\/uploads\\\/2025\\\/07\\\/cropped-uj-logo.png\",\"width\":500,\"height\":208,\"caption\":\"yupie.app\"},\"image\":{\"@id\":\"https:\\\/\\\/yupie.app\\\/#\\\/schema\\\/logo\\\/image\\\/\"},\"sameAs\":[\"https:\\\/\\\/www.facebook.com\\\/profile.php?id=100089345417295\"]}]}<\/script>\n<!-- \/ Yoast SEO plugin. -->","yoast_head_json":{"title":"Thonet st\u00edlus\u00fa hajl\u00edtott fa hintasz\u00e9k \u2013 n\u00e1d \u00fcl\u0151- \u00e9s h\u00e1tt\u00e1ml\u00e1val - yupie.app","description":"A Thonet hintasz\u00e9k egy klasszikus darabja a b\u00fatordiz\u00e1jnnak, amely m\u00e1r t\u00f6bb mint sz\u00e1z \u00e9ves m\u00faltra tekint vissza. A n\u00e9met sz\u00e1rmaz\u00e1s\u00fa Michael Thonet tervezte.","robots":{"index":"index","follow":"follow","max-snippet":"max-snippet:-1","max-image-preview":"max-image-preview:large","max-video-preview":"max-video-preview:-1"},"canonical":"https:\/\/yupie.app\/ro\/product\/vintage-thonet-hintaszek\/","og_locale":"ro_RO","og_type":"article","og_title":"Thonet st\u00edlus\u00fa hajl\u00edtott fa hintasz\u00e9k \u2013 n\u00e1d \u00fcl\u0151- \u00e9s h\u00e1tt\u00e1ml\u00e1val - yupie.app","og_description":"A Thonet hintasz\u00e9k egy klasszikus darabja a b\u00fatordiz\u00e1jnnak, amely m\u00e1r t\u00f6bb mint sz\u00e1z \u00e9ves m\u00faltra tekint vissza. A n\u00e9met sz\u00e1rmaz\u00e1s\u00fa Michael Thonet tervezte.","og_url":"https:\/\/yupie.app\/ro\/product\/vintage-thonet-hintaszek\/","og_site_name":"yupie.app","article_publisher":"https:\/\/www.facebook.com\/profile.php?id=100089345417295","article_modified_time":"2026-02-09T08:10:42+00:00","og_image":[{"width":768,"height":1024,"url":"https:\/\/yupie.app\/wp-content\/uploads\/2023\/04\/relx-1-768x1024.png","type":"image\/png"}],"twitter_card":"summary_large_image","twitter_misc":{"Timp estimat pentru citire":"1 minut"},"schema":{"@context":"https:\/\/schema.org","@graph":[{"@type":"WebPage","@id":"https:\/\/yupie.app\/product\/vintage-thonet-hintaszek\/","url":"https:\/\/yupie.app\/product\/vintage-thonet-hintaszek\/","name":"Thonet st\u00edlus\u00fa hajl\u00edtott fa hintasz\u00e9k \u2013 n\u00e1d \u00fcl\u0151- \u00e9s h\u00e1tt\u00e1ml\u00e1val - yupie.app","isPartOf":{"@id":"https:\/\/yupie.app\/#website"},"primaryImageOfPage":{"@id":"https:\/\/yupie.app\/product\/vintage-thonet-hintaszek\/#primaryimage"},"image":{"@id":"https:\/\/yupie.app\/product\/vintage-thonet-hintaszek\/#primaryimage"},"thumbnailUrl":"https:\/\/yupie.app\/wp-content\/uploads\/2023\/04\/relx-1.png","datePublished":"2023-04-25T12:27:50+00:00","dateModified":"2026-02-09T08:10:42+00:00","description":"A Thonet hintasz\u00e9k egy klasszikus darabja a b\u00fatordiz\u00e1jnnak, amely m\u00e1r t\u00f6bb mint sz\u00e1z \u00e9ves m\u00faltra tekint vissza. A n\u00e9met sz\u00e1rmaz\u00e1s\u00fa Michael Thonet tervezte.","breadcrumb":{"@id":"https:\/\/yupie.app\/product\/vintage-thonet-hintaszek\/#breadcrumb"},"inLanguage":"ro-RO","potentialAction":[{"@type":"ReadAction","target":["https:\/\/yupie.app\/product\/vintage-thonet-hintaszek\/"]}]},{"@type":"ImageObject","inLanguage":"ro-RO","@id":"https:\/\/yupie.app\/product\/vintage-thonet-hintaszek\/#primaryimage","url":"https:\/\/yupie.app\/wp-content\/uploads\/2023\/04\/relx-1.png","contentUrl":"https:\/\/yupie.app\/wp-content\/uploads\/2023\/04\/relx-1.png","width":1530,"height":2040,"caption":"Vintage Thonet hintasz\u00e9k, b\u00fatorok, yupie"},{"@type":"BreadcrumbList","@id":"https:\/\/yupie.app\/product\/vintage-thonet-hintaszek\/#breadcrumb","itemListElement":[{"@type":"ListItem","position":1,"name":"Kezd\u0151lap","item":"https:\/\/yupie.app\/"},{"@type":"ListItem","position":2,"name":"Katal\u00f3gus","item":"https:\/\/yupie.app\/katalogus\/"},{"@type":"ListItem","position":3,"name":"Thonet st\u00edlus\u00fa hajl\u00edtott fa hintasz\u00e9k \u2013 n\u00e1d \u00fcl\u0151- \u00e9s h\u00e1tt\u00e1ml\u00e1val"}]},{"@type":"WebSite","@id":"https:\/\/yupie.app\/#website","url":"https:\/\/yupie.app\/","name":"yupie.app","description":"","publisher":{"@id":"https:\/\/yupie.app\/#organization"},"potentialAction":[{"@type":"SearchAction","target":{"@type":"EntryPoint","urlTemplate":"https:\/\/yupie.app\/?s={search_term_string}"},"query-input":{"@type":"PropertyValueSpecification","valueRequired":true,"valueName":"search_term_string"}}],"inLanguage":"ro-RO"},{"@type":"Organization","@id":"https:\/\/yupie.app\/#organization","name":"yupie.app","url":"https:\/\/yupie.app\/","logo":{"@type":"ImageObject","inLanguage":"ro-RO","@id":"https:\/\/yupie.app\/#\/schema\/logo\/image\/","url":"https:\/\/yupie.app\/wp-content\/uploads\/2025\/07\/cropped-uj-logo.png","contentUrl":"https:\/\/yupie.app\/wp-content\/uploads\/2025\/07\/cropped-uj-logo.png","width":500,"height":208,"caption":"yupie.app"},"image":{"@id":"https:\/\/yupie.app\/#\/schema\/logo\/image\/"},"sameAs":["https:\/\/www.facebook.com\/profile.php?id=100089345417295"]}]}},"jetpack_sharing_enabled":true,"_links":{"self":[{"href":"https:\/\/yupie.app\/ro\/wp-json\/wp\/v2\/product\/1732","targetHints":{"allow":["GET"]}}],"collection":[{"href":"https:\/\/yupie.app\/ro\/wp-json\/wp\/v2\/product"}],"about":[{"href":"https:\/\/yupie.app\/ro\/wp-json\/wp\/v2\/types\/product"}],"version-history":[{"count":0,"href":"https:\/\/yupie.app\/ro\/wp-json\/wp\/v2\/product\/1732\/revisions"}],"wp:featuredmedia":[{"embeddable":true,"href":"https:\/\/yupie.app\/ro\/wp-json\/wp\/v2\/media\/1733"}],"wp:attachment":[{"href":"https:\/\/yupie.app\/ro\/wp-json\/wp\/v2\/media?parent=1732"}],"wp:term":[{"taxonomy":"product_brand","embeddable":true,"href":"https:\/\/yupie.app\/ro\/wp-json\/wp\/v2\/product_brand?post=1732"},{"taxonomy":"product_cat","embeddable":true,"href":"https:\/\/yupie.app\/ro\/wp-json\/wp\/v2\/product_cat?post=1732"},{"taxonomy":"product_tag","embeddable":true,"href":"https:\/\/yupie.app\/ro\/wp-json\/wp\/v2\/product_tag?post=1732"}],"curies":[{"name":"wp","href":"https:\/\/api.w.org\/{rel}","templated":true}]}}