{"id":1573,"date":"2023-04-05T08:34:30","date_gmt":"2023-04-05T06:34:30","guid":{"rendered":"https:\/\/yupie.hu\/?post_type=product&#038;p=1573"},"modified":"2026-03-22T09:19:35","modified_gmt":"2026-03-22T07:19:35","slug":"nespresso-pixie-kavefozo","status":"publish","type":"product","link":"https:\/\/yupie.app\/ro\/product\/nespresso-pixie-kavefozo\/","title":{"rendered":"Nespresso Pixie k\u00e1v\u00e9f\u0151z\u0151 \u2013 kompakt kapszul\u00e1s k\u00e1v\u00e9g\u00e9p, gyors \u00e9s pr\u00e9mium espresso"},"content":{"rendered":"<p data-start=\"586\" data-end=\"673\"><strong data-start=\"586\" data-end=\"673\">\u00daj Nespresso Pixie k\u00e1v\u00e9f\u0151z\u0151 \u2013 pr\u00e9mium kapszul\u00e1s k\u00e1v\u00e9 otthon, kompromisszumok n\u00e9lk\u00fcl<\/strong><\/p>\n<p data-start=\"675\" data-end=\"841\">Ez az \u00faj Nespresso Pixie k\u00e1v\u00e9f\u0151z\u0151 ide\u00e1lis v\u00e1laszt\u00e1s mindazok sz\u00e1m\u00e1ra, akik gyorsan \u00e9s egyszer\u0171en szeretn\u00e9nek pr\u00e9mium min\u0151s\u00e9g\u0171 k\u00e1v\u00e9t k\u00e9sz\u00edteni otthon vagy az irod\u00e1ban.<\/p>\n<p data-start=\"843\" data-end=\"1077\">A Nespresso rendszer vil\u00e1gszerte ismert a kiv\u00e1l\u00f3 min\u0151s\u00e9g\u0171 kapszul\u00e1s k\u00e1v\u00e9j\u00e1r\u00f3l, amely minden alkalommal t\u00f6k\u00e9letes \u00edzt biztos\u00edt. A Pixie modell kompakt m\u00e9ret\u00e9vel, modern designj\u00e1val \u00e9s gyors m\u0171k\u00f6d\u00e9s\u00e9vel az egyik legn\u00e9pszer\u0171bb v\u00e1laszt\u00e1s.<\/p>\n<p data-start=\"1079\" data-end=\"1116\">\u2615 <strong data-start=\"1081\" data-end=\"1116\">Mi\u00e9rt k\u00fcl\u00f6nleges ez a k\u00e1v\u00e9f\u0151z\u0151?<\/strong><\/p>\n<ul data-start=\"1118\" data-end=\"1301\">\n<li data-section-id=\"6lpys\" data-start=\"1118\" data-end=\"1154\">\u00daJ \u00e1llapot \u2013 azonnal haszn\u00e1lhat\u00f3<\/li>\n<li data-section-id=\"akgnjw\" data-start=\"1155\" data-end=\"1189\">Gyors felf\u0171t\u00e9s (p\u00e1r m\u00e1sodperc)<\/li>\n<li data-section-id=\"1lkvvjj\" data-start=\"1190\" data-end=\"1221\">Egyszer\u0171, egygombos m\u0171k\u00f6d\u00e9s<\/li>\n<li data-section-id=\"1ywa5nw\" data-start=\"1222\" data-end=\"1255\">Kompakt \u00e9s eleg\u00e1ns kialak\u00edt\u00e1s<\/li>\n<li data-section-id=\"1dkdrp5\" data-start=\"1256\" data-end=\"1301\">\u00c1lland\u00f3, pr\u00e9mium min\u0151s\u00e9g minden cs\u00e9sz\u00e9ben<\/li>\n<\/ul>\n<hr data-start=\"1303\" data-end=\"1306\" \/>\n<p data-start=\"1308\" data-end=\"1338\">\ud83d\udca1 <strong data-start=\"1311\" data-end=\"1338\">Mi\u00e9rt \u00e9ri meg megvenni?<\/strong><\/p>\n<p data-start=\"1340\" data-end=\"1441\">Egy \u00faj Nespresso Pixie k\u00e1v\u00e9f\u0151z\u0151 a boltokban magasabb \u00e1ron \u00e9rhet\u0151 el, \u00edgy ez a darab kiv\u00e1l\u00f3 lehet\u0151s\u00e9g:<\/p>\n<p data-start=\"1443\" data-end=\"1546\">\ud83d\udc49 Pr\u00e9mium min\u0151s\u00e9g kedvez\u0151bb \u00e1ron<br data-start=\"1476\" data-end=\"1479\" \/>\ud83d\udc49 Hossz\u00fa t\u00e1v\u00fa, megb\u00edzhat\u00f3 haszn\u00e1lat<br data-start=\"1515\" data-end=\"1518\" \/>\ud83d\udc49 Napi szint\u0171 k\u00e1v\u00e9 \u00e9lm\u00e9ny<\/p>\n<hr data-start=\"1548\" data-end=\"1551\" \/>\n<p data-start=\"1553\" data-end=\"1578\">\ud83c\udfaf <strong data-start=\"1556\" data-end=\"1578\">Ide\u00e1lis v\u00e1laszt\u00e1s:<\/strong><\/p>\n<ul data-start=\"1580\" data-end=\"1643\">\n<li data-section-id=\"17s0mpp\" data-start=\"1580\" data-end=\"1592\">otthonra<\/li>\n<li data-section-id=\"s3tja2\" data-start=\"1593\" data-end=\"1604\">irod\u00e1ba<\/li>\n<li data-section-id=\"i8xeni\" data-start=\"1605\" data-end=\"1619\">aj\u00e1nd\u00e9knak<\/li>\n<li data-section-id=\"8rag3h\" data-start=\"1620\" data-end=\"1643\">k\u00e1v\u00e9 szerelmeseinek<\/li>\n<\/ul>","protected":false},"excerpt":{"rendered":"<p>Nespresso Pixie kapszul\u00e1s k\u00e1v\u00e9f\u0151z\u0151 elad\u00f3 \u2013 gyors, kompakt \u00e9s pr\u00e9mium espresso k\u00e9sz\u00edt\u00e9s otthonra vagy irod\u00e1ba, kiv\u00e1l\u00f3 \u00e1ron.<\/p>\n<p>&nbsp;<\/p>","protected":false},"featured_media":1575,"template":"","meta":[],"product_brand":[],"product_cat":[2663],"product_tag":[136,568,73,567,441,215,116,375,391,569,565,566,74],"class_list":{"0":"post-1573","1":"product","2":"type-product","3":"status-publish","4":"has-post-thumbnail","6":"product_cat-haztartasi-gepek","7":"product_tag-egyedi","8":"product_tag-egyszeru-hasznalat","9":"product_tag-elegans","10":"product_tag-energiatakarekos","11":"product_tag-espresso","12":"product_tag-ezust","13":"product_tag-fekete","14":"product_tag-kave","15":"product_tag-kavefozo","16":"product_tag-lungo","17":"product_tag-nespresso","18":"product_tag-pixie","19":"product_tag-stilusos","20":"description-off","22":"first","23":"instock","24":"shipping-taxable","25":"purchasable","26":"product-type-simple"},"yoast_head":"<!-- This site is optimized with the Yoast SEO plugin v27.3 - https:\/\/yoast.com\/product\/yoast-seo-wordpress\/ -->\n<title>Nespresso Pixie k\u00e1v\u00e9f\u0151z\u0151 \u2013 kompakt kapszul\u00e1s k\u00e1v\u00e9g\u00e9p<\/title>\n<meta name=\"description\" content=\"A Nespresso Pixie k\u00e1v\u00e9f\u0151z\u0151 sz\u00e1mos k\u00e1v\u00e9fajta k\u00e9sz\u00edt\u00e9s\u00e9re alkalmas, \u00e9s k\u00f6nnyen testre szabhat\u00f3 a saj\u00e1t, szem\u00e9lyes \u00edzl\u00e9s\u00fcnk szerint.\" \/>\n<meta name=\"robots\" content=\"index, follow, max-snippet:-1, max-image-preview:large, max-video-preview:-1\" \/>\n<link rel=\"canonical\" href=\"https:\/\/yupie.app\/ro\/product\/nespresso-pixie-kavefozo\/\" \/>\n<meta property=\"og:locale\" content=\"ro_RO\" \/>\n<meta property=\"og:type\" content=\"article\" \/>\n<meta property=\"og:title\" content=\"Nespresso Pixie k\u00e1v\u00e9f\u0151z\u0151 \u2013 kompakt kapszul\u00e1s k\u00e1v\u00e9g\u00e9p\" \/>\n<meta property=\"og:description\" content=\"A Nespresso Pixie k\u00e1v\u00e9f\u0151z\u0151 sz\u00e1mos k\u00e1v\u00e9fajta k\u00e9sz\u00edt\u00e9s\u00e9re alkalmas, \u00e9s k\u00f6nnyen testre szabhat\u00f3 a saj\u00e1t, szem\u00e9lyes \u00edzl\u00e9s\u00fcnk szerint.\" \/>\n<meta property=\"og:url\" content=\"https:\/\/yupie.app\/ro\/product\/nespresso-pixie-kavefozo\/\" \/>\n<meta property=\"og:site_name\" content=\"yupie.app\" \/>\n<meta property=\"article:publisher\" content=\"https:\/\/www.facebook.com\/profile.php?id=100089345417295\" \/>\n<meta property=\"article:modified_time\" content=\"2026-03-22T07:19:35+00:00\" \/>\n<meta property=\"og:image\" content=\"https:\/\/yupie.app\/wp-content\/uploads\/2023\/04\/kisspng-coffeemaker-nespresso-espresso-machines-5b090d54835f49.4582117415273198925381.png\" \/>\n\t<meta property=\"og:image:width\" content=\"888\" \/>\n\t<meta property=\"og:image:height\" content=\"1200\" \/>\n\t<meta property=\"og:image:type\" content=\"image\/png\" \/>\n<meta name=\"twitter:card\" content=\"summary_large_image\" \/>\n<meta name=\"twitter:label1\" content=\"Timp estimat pentru citire\" \/>\n\t<meta name=\"twitter:data1\" content=\"1 minut\" \/>\n<script type=\"application\/ld+json\" class=\"yoast-schema-graph\">{\"@context\":\"https:\\\/\\\/schema.org\",\"@graph\":[{\"@type\":\"WebPage\",\"@id\":\"https:\\\/\\\/yupie.app\\\/product\\\/nespresso-pixie-kavefozo\\\/\",\"url\":\"https:\\\/\\\/yupie.app\\\/product\\\/nespresso-pixie-kavefozo\\\/\",\"name\":\"Nespresso Pixie k\u00e1v\u00e9f\u0151z\u0151 \u2013 kompakt kapszul\u00e1s k\u00e1v\u00e9g\u00e9p\",\"isPartOf\":{\"@id\":\"https:\\\/\\\/yupie.app\\\/#website\"},\"primaryImageOfPage\":{\"@id\":\"https:\\\/\\\/yupie.app\\\/product\\\/nespresso-pixie-kavefozo\\\/#primaryimage\"},\"image\":{\"@id\":\"https:\\\/\\\/yupie.app\\\/product\\\/nespresso-pixie-kavefozo\\\/#primaryimage\"},\"thumbnailUrl\":\"https:\\\/\\\/yupie.app\\\/wp-content\\\/uploads\\\/2023\\\/04\\\/kisspng-coffeemaker-nespresso-espresso-machines-5b090d54835f49.4582117415273198925381.png\",\"datePublished\":\"2023-04-05T06:34:30+00:00\",\"dateModified\":\"2026-03-22T07:19:35+00:00\",\"description\":\"A Nespresso Pixie k\u00e1v\u00e9f\u0151z\u0151 sz\u00e1mos k\u00e1v\u00e9fajta k\u00e9sz\u00edt\u00e9s\u00e9re alkalmas, \u00e9s k\u00f6nnyen testre szabhat\u00f3 a saj\u00e1t, szem\u00e9lyes \u00edzl\u00e9s\u00fcnk szerint.\",\"breadcrumb\":{\"@id\":\"https:\\\/\\\/yupie.app\\\/product\\\/nespresso-pixie-kavefozo\\\/#breadcrumb\"},\"inLanguage\":\"ro-RO\",\"potentialAction\":[{\"@type\":\"ReadAction\",\"target\":[\"https:\\\/\\\/yupie.app\\\/product\\\/nespresso-pixie-kavefozo\\\/\"]}]},{\"@type\":\"ImageObject\",\"inLanguage\":\"ro-RO\",\"@id\":\"https:\\\/\\\/yupie.app\\\/product\\\/nespresso-pixie-kavefozo\\\/#primaryimage\",\"url\":\"https:\\\/\\\/yupie.app\\\/wp-content\\\/uploads\\\/2023\\\/04\\\/kisspng-coffeemaker-nespresso-espresso-machines-5b090d54835f49.4582117415273198925381.png\",\"contentUrl\":\"https:\\\/\\\/yupie.app\\\/wp-content\\\/uploads\\\/2023\\\/04\\\/kisspng-coffeemaker-nespresso-espresso-machines-5b090d54835f49.4582117415273198925381.png\",\"width\":888,\"height\":1200,\"caption\":\"Pr\u00e9mium Nespresso Pixie k\u00e1v\u00e9f\u0151z\u0151 \u2013 gyors, kompakt \u00e9s eleg\u00e1ns k\u00e1v\u00e9\u00e9lm\u00e9ny otthonra vagy irod\u00e1ba\"},{\"@type\":\"BreadcrumbList\",\"@id\":\"https:\\\/\\\/yupie.app\\\/product\\\/nespresso-pixie-kavefozo\\\/#breadcrumb\",\"itemListElement\":[{\"@type\":\"ListItem\",\"position\":1,\"name\":\"Kezd\u0151lap\",\"item\":\"https:\\\/\\\/yupie.app\\\/\"},{\"@type\":\"ListItem\",\"position\":2,\"name\":\"Katal\u00f3gus\",\"item\":\"https:\\\/\\\/yupie.app\\\/katalogus\\\/\"},{\"@type\":\"ListItem\",\"position\":3,\"name\":\"Nespresso Pixie k\u00e1v\u00e9f\u0151z\u0151 \u2013 kompakt kapszul\u00e1s k\u00e1v\u00e9g\u00e9p, gyors \u00e9s pr\u00e9mium espresso\"}]},{\"@type\":\"WebSite\",\"@id\":\"https:\\\/\\\/yupie.app\\\/#website\",\"url\":\"https:\\\/\\\/yupie.app\\\/\",\"name\":\"yupie.app\",\"description\":\"\",\"publisher\":{\"@id\":\"https:\\\/\\\/yupie.app\\\/#organization\"},\"potentialAction\":[{\"@type\":\"SearchAction\",\"target\":{\"@type\":\"EntryPoint\",\"urlTemplate\":\"https:\\\/\\\/yupie.app\\\/?s={search_term_string}\"},\"query-input\":{\"@type\":\"PropertyValueSpecification\",\"valueRequired\":true,\"valueName\":\"search_term_string\"}}],\"inLanguage\":\"ro-RO\"},{\"@type\":\"Organization\",\"@id\":\"https:\\\/\\\/yupie.app\\\/#organization\",\"name\":\"yupie.app\",\"url\":\"https:\\\/\\\/yupie.app\\\/\",\"logo\":{\"@type\":\"ImageObject\",\"inLanguage\":\"ro-RO\",\"@id\":\"https:\\\/\\\/yupie.app\\\/#\\\/schema\\\/logo\\\/image\\\/\",\"url\":\"https:\\\/\\\/yupie.app\\\/wp-content\\\/uploads\\\/2025\\\/07\\\/cropped-uj-logo.png\",\"contentUrl\":\"https:\\\/\\\/yupie.app\\\/wp-content\\\/uploads\\\/2025\\\/07\\\/cropped-uj-logo.png\",\"width\":500,\"height\":208,\"caption\":\"yupie.app\"},\"image\":{\"@id\":\"https:\\\/\\\/yupie.app\\\/#\\\/schema\\\/logo\\\/image\\\/\"},\"sameAs\":[\"https:\\\/\\\/www.facebook.com\\\/profile.php?id=100089345417295\"]}]}<\/script>\n<!-- \/ Yoast SEO plugin. -->","yoast_head_json":{"title":"Nespresso Pixie k\u00e1v\u00e9f\u0151z\u0151 \u2013 kompakt kapszul\u00e1s k\u00e1v\u00e9g\u00e9p","description":"A Nespresso Pixie k\u00e1v\u00e9f\u0151z\u0151 sz\u00e1mos k\u00e1v\u00e9fajta k\u00e9sz\u00edt\u00e9s\u00e9re alkalmas, \u00e9s k\u00f6nnyen testre szabhat\u00f3 a saj\u00e1t, szem\u00e9lyes \u00edzl\u00e9s\u00fcnk szerint.","robots":{"index":"index","follow":"follow","max-snippet":"max-snippet:-1","max-image-preview":"max-image-preview:large","max-video-preview":"max-video-preview:-1"},"canonical":"https:\/\/yupie.app\/ro\/product\/nespresso-pixie-kavefozo\/","og_locale":"ro_RO","og_type":"article","og_title":"Nespresso Pixie k\u00e1v\u00e9f\u0151z\u0151 \u2013 kompakt kapszul\u00e1s k\u00e1v\u00e9g\u00e9p","og_description":"A Nespresso Pixie k\u00e1v\u00e9f\u0151z\u0151 sz\u00e1mos k\u00e1v\u00e9fajta k\u00e9sz\u00edt\u00e9s\u00e9re alkalmas, \u00e9s k\u00f6nnyen testre szabhat\u00f3 a saj\u00e1t, szem\u00e9lyes \u00edzl\u00e9s\u00fcnk szerint.","og_url":"https:\/\/yupie.app\/ro\/product\/nespresso-pixie-kavefozo\/","og_site_name":"yupie.app","article_publisher":"https:\/\/www.facebook.com\/profile.php?id=100089345417295","article_modified_time":"2026-03-22T07:19:35+00:00","og_image":[{"width":888,"height":1200,"url":"https:\/\/yupie.app\/wp-content\/uploads\/2023\/04\/kisspng-coffeemaker-nespresso-espresso-machines-5b090d54835f49.4582117415273198925381.png","type":"image\/png"}],"twitter_card":"summary_large_image","twitter_misc":{"Timp estimat pentru citire":"1 minut"},"schema":{"@context":"https:\/\/schema.org","@graph":[{"@type":"WebPage","@id":"https:\/\/yupie.app\/product\/nespresso-pixie-kavefozo\/","url":"https:\/\/yupie.app\/product\/nespresso-pixie-kavefozo\/","name":"Nespresso Pixie k\u00e1v\u00e9f\u0151z\u0151 \u2013 kompakt kapszul\u00e1s k\u00e1v\u00e9g\u00e9p","isPartOf":{"@id":"https:\/\/yupie.app\/#website"},"primaryImageOfPage":{"@id":"https:\/\/yupie.app\/product\/nespresso-pixie-kavefozo\/#primaryimage"},"image":{"@id":"https:\/\/yupie.app\/product\/nespresso-pixie-kavefozo\/#primaryimage"},"thumbnailUrl":"https:\/\/yupie.app\/wp-content\/uploads\/2023\/04\/kisspng-coffeemaker-nespresso-espresso-machines-5b090d54835f49.4582117415273198925381.png","datePublished":"2023-04-05T06:34:30+00:00","dateModified":"2026-03-22T07:19:35+00:00","description":"A Nespresso Pixie k\u00e1v\u00e9f\u0151z\u0151 sz\u00e1mos k\u00e1v\u00e9fajta k\u00e9sz\u00edt\u00e9s\u00e9re alkalmas, \u00e9s k\u00f6nnyen testre szabhat\u00f3 a saj\u00e1t, szem\u00e9lyes \u00edzl\u00e9s\u00fcnk szerint.","breadcrumb":{"@id":"https:\/\/yupie.app\/product\/nespresso-pixie-kavefozo\/#breadcrumb"},"inLanguage":"ro-RO","potentialAction":[{"@type":"ReadAction","target":["https:\/\/yupie.app\/product\/nespresso-pixie-kavefozo\/"]}]},{"@type":"ImageObject","inLanguage":"ro-RO","@id":"https:\/\/yupie.app\/product\/nespresso-pixie-kavefozo\/#primaryimage","url":"https:\/\/yupie.app\/wp-content\/uploads\/2023\/04\/kisspng-coffeemaker-nespresso-espresso-machines-5b090d54835f49.4582117415273198925381.png","contentUrl":"https:\/\/yupie.app\/wp-content\/uploads\/2023\/04\/kisspng-coffeemaker-nespresso-espresso-machines-5b090d54835f49.4582117415273198925381.png","width":888,"height":1200,"caption":"Pr\u00e9mium Nespresso Pixie k\u00e1v\u00e9f\u0151z\u0151 \u2013 gyors, kompakt \u00e9s eleg\u00e1ns k\u00e1v\u00e9\u00e9lm\u00e9ny otthonra vagy irod\u00e1ba"},{"@type":"BreadcrumbList","@id":"https:\/\/yupie.app\/product\/nespresso-pixie-kavefozo\/#breadcrumb","itemListElement":[{"@type":"ListItem","position":1,"name":"Kezd\u0151lap","item":"https:\/\/yupie.app\/"},{"@type":"ListItem","position":2,"name":"Katal\u00f3gus","item":"https:\/\/yupie.app\/katalogus\/"},{"@type":"ListItem","position":3,"name":"Nespresso Pixie k\u00e1v\u00e9f\u0151z\u0151 \u2013 kompakt kapszul\u00e1s k\u00e1v\u00e9g\u00e9p, gyors \u00e9s pr\u00e9mium espresso"}]},{"@type":"WebSite","@id":"https:\/\/yupie.app\/#website","url":"https:\/\/yupie.app\/","name":"yupie.app","description":"","publisher":{"@id":"https:\/\/yupie.app\/#organization"},"potentialAction":[{"@type":"SearchAction","target":{"@type":"EntryPoint","urlTemplate":"https:\/\/yupie.app\/?s={search_term_string}"},"query-input":{"@type":"PropertyValueSpecification","valueRequired":true,"valueName":"search_term_string"}}],"inLanguage":"ro-RO"},{"@type":"Organization","@id":"https:\/\/yupie.app\/#organization","name":"yupie.app","url":"https:\/\/yupie.app\/","logo":{"@type":"ImageObject","inLanguage":"ro-RO","@id":"https:\/\/yupie.app\/#\/schema\/logo\/image\/","url":"https:\/\/yupie.app\/wp-content\/uploads\/2025\/07\/cropped-uj-logo.png","contentUrl":"https:\/\/yupie.app\/wp-content\/uploads\/2025\/07\/cropped-uj-logo.png","width":500,"height":208,"caption":"yupie.app"},"image":{"@id":"https:\/\/yupie.app\/#\/schema\/logo\/image\/"},"sameAs":["https:\/\/www.facebook.com\/profile.php?id=100089345417295"]}]}},"jetpack_sharing_enabled":true,"_links":{"self":[{"href":"https:\/\/yupie.app\/ro\/wp-json\/wp\/v2\/product\/1573","targetHints":{"allow":["GET"]}}],"collection":[{"href":"https:\/\/yupie.app\/ro\/wp-json\/wp\/v2\/product"}],"about":[{"href":"https:\/\/yupie.app\/ro\/wp-json\/wp\/v2\/types\/product"}],"version-history":[{"count":0,"href":"https:\/\/yupie.app\/ro\/wp-json\/wp\/v2\/product\/1573\/revisions"}],"wp:featuredmedia":[{"embeddable":true,"href":"https:\/\/yupie.app\/ro\/wp-json\/wp\/v2\/media\/1575"}],"wp:attachment":[{"href":"https:\/\/yupie.app\/ro\/wp-json\/wp\/v2\/media?parent=1573"}],"wp:term":[{"taxonomy":"product_brand","embeddable":true,"href":"https:\/\/yupie.app\/ro\/wp-json\/wp\/v2\/product_brand?post=1573"},{"taxonomy":"product_cat","embeddable":true,"href":"https:\/\/yupie.app\/ro\/wp-json\/wp\/v2\/product_cat?post=1573"},{"taxonomy":"product_tag","embeddable":true,"href":"https:\/\/yupie.app\/ro\/wp-json\/wp\/v2\/product_tag?post=1573"}],"curies":[{"name":"wp","href":"https:\/\/api.w.org\/{rel}","templated":true}]}}