{"id":1460,"date":"2023-03-15T10:50:14","date_gmt":"2023-03-15T08:50:14","guid":{"rendered":"https:\/\/yupie.hu\/?post_type=product&#038;p=1460"},"modified":"2026-01-06T11:18:59","modified_gmt":"2026-01-06T09:18:59","slug":"retro-saba-lemez-es-kazetta-lejatszo-ket-hangfallal","status":"publish","type":"product","link":"https:\/\/yupie.app\/ro\/product\/retro-saba-lemez-es-kazetta-lejatszo-ket-hangfallal\/","title":{"rendered":"Retro SABA lemez- \u00e9s kazetta lej\u00e1tsz\u00f3 k\u00e9t hangfallal"},"content":{"rendered":"<p>A k\u00e9t hangfallal rendelkez\u0151 retro SABA lemez- \u00e9s kazetta lej\u00e1tsz\u00f3 sz\u00e1mos lehet\u0151s\u00e9get k\u00edn\u00e1l azok sz\u00e1m\u00e1ra, akik szeretik a r\u00e9gi, anal\u00f3g hangz\u00e1st. A retro lemez- \u00e9s kazetta lej\u00e1tsz\u00f3 egy id\u0151t\u00e1ll\u00f3 darab, amely az elm\u00falt \u00e9vtizedekben a zenehallgat\u00e1s szerelmeseinek nagy \u00f6r\u00f6m\u00e9re szolg\u00e1lt.<\/p>\n<p>A SABA n\u00e9met v\u00e1llalat egyik legn\u00e9pszer\u0171bb term\u00e9ke volt, amelynek st\u00edlusa \u00e9s min\u0151s\u00e9ge a retro diz\u00e1jn ir\u00e1nti nosztalgia \u00e9s az anal\u00f3g hangz\u00e1svil\u00e1g szerelmeseinek igazi kincse lehet. A retro SABA lej\u00e1tsz\u00f3 egy olyan eszk\u00f6z, amely lehet\u0151v\u00e9 teszi a vinyl lemezek \u00e9s kazett\u00e1k lej\u00e1tsz\u00e1s\u00e1t.<\/p>\n<p>Ezeknek az eszk\u00f6z\u00f6knek a haszn\u00e1lata n\u00e9pszer\u0171 volt a m\u00faltban, amikor a vinyl lemezek \u00e9s kazett\u00e1k voltak az egyik legelterjedtebb zenei hordoz\u00f3k. Az anal\u00f3g hangz\u00e1s egyed\u00fcl\u00e1ll\u00f3an meleg \u00e9s term\u00e9szetes, \u00e9s olyan hang\u00e9lm\u00e9nyt biztos\u00edt, amelyet az \u00fajabb digit\u00e1lis technol\u00f3gi\u00e1val rendelkez\u0151 lej\u00e1tsz\u00f3k nem tudnak ut\u00e1nozni.<\/p>","protected":false},"excerpt":{"rendered":"<p>A SABA lemez- \u00e9s kazetta lej\u00e1tsz\u00f3 kialak\u00edt\u00e1sa \u00e9s min\u0151s\u00e9ge a korabeli technol\u00f3gia cs\u00facs\u00e1t jelentette, \u00e9s azoknak, akik m\u00e9g ma is rendelkeznek vele, \u00e9rt\u00e9kes \u00e9s k\u00fcl\u00f6nleges darabnak sz\u00e1m\u00edt. A k\u00e9sz\u00fcl\u00e9k nagyon sokoldal\u00fa, mivel lehet\u0151s\u00e9get ny\u00fajt a felhaszn\u00e1l\u00f3knak arra, hogy kedvenc zen\u00e9iket \u00e9s albumaikat lej\u00e1tszhass\u00e1k, \u00e9s \u00e9lvezhess\u00e9k a meleg \u00e9s \u00e9letteli hangz\u00e1st, amelyet csak egy ilyen k\u00e9sz\u00fcl\u00e9k tud ny\u00fajtani.<\/p>","protected":false},"featured_media":1464,"template":"","meta":[],"product_brand":[],"product_cat":[2397],"product_tag":[85,136,92,530,526,525,83,527,524,74,528,529],"class_list":{"0":"post-1460","1":"product","2":"type-product","3":"status-publish","4":"has-post-thumbnail","6":"product_cat-hangrendszerek","7":"product_tag-barna","8":"product_tag-egyedi","9":"product_tag-ertek","10":"product_tag-fa-boritas","11":"product_tag-kazettalejatszo","12":"product_tag-lemezlejatszo","13":"product_tag-retro","14":"product_tag-ritkasag","15":"product_tag-saba","16":"product_tag-stilusos","17":"product_tag-zene","18":"product_tag-zenehallgatas","19":"description-off","21":"first","22":"instock","23":"shipping-taxable","24":"purchasable","25":"product-type-simple"},"yoast_head":"<!-- This site is optimized with the Yoast SEO plugin v27.3 - https:\/\/yoast.com\/product\/yoast-seo-wordpress\/ -->\n<title>Retro SABA lemez- \u00e9s kazetta lej\u00e1tsz\u00f3 k\u00e9t hangfallal - yupie.app<\/title>\n<meta name=\"description\" content=\"A k\u00e9t hangfallal rendelkez\u0151 retro SABA lemez- \u00e9s kazetta lej\u00e1tsz\u00f3 sz\u00e1mos lehet\u0151s\u00e9get k\u00edn\u00e1l azok sz\u00e1m\u00e1ra, akik szeretik a r\u00e9gi, anal\u00f3g hangz\u00e1st.\" \/>\n<meta name=\"robots\" content=\"index, follow, max-snippet:-1, max-image-preview:large, max-video-preview:-1\" \/>\n<link rel=\"canonical\" href=\"https:\/\/yupie.app\/ro\/product\/retro-saba-lemez-es-kazetta-lejatszo-ket-hangfallal\/\" \/>\n<meta property=\"og:locale\" content=\"ro_RO\" \/>\n<meta property=\"og:type\" content=\"article\" \/>\n<meta property=\"og:title\" content=\"Retro SABA lemez- \u00e9s kazetta lej\u00e1tsz\u00f3 k\u00e9t hangfallal - yupie.app\" \/>\n<meta property=\"og:description\" content=\"A k\u00e9t hangfallal rendelkez\u0151 retro SABA lemez- \u00e9s kazetta lej\u00e1tsz\u00f3 sz\u00e1mos lehet\u0151s\u00e9get k\u00edn\u00e1l azok sz\u00e1m\u00e1ra, akik szeretik a r\u00e9gi, anal\u00f3g hangz\u00e1st.\" \/>\n<meta property=\"og:url\" content=\"https:\/\/yupie.app\/ro\/product\/retro-saba-lemez-es-kazetta-lejatszo-ket-hangfallal\/\" \/>\n<meta property=\"og:site_name\" content=\"yupie.app\" \/>\n<meta property=\"article:publisher\" content=\"https:\/\/www.facebook.com\/profile.php?id=100089345417295\" \/>\n<meta property=\"article:modified_time\" content=\"2026-01-06T09:18:59+00:00\" \/>\n<meta property=\"og:image\" content=\"https:\/\/yupie.app\/wp-content\/uploads\/2023\/03\/lejatszo.png\" \/>\n\t<meta property=\"og:image:width\" content=\"1530\" \/>\n\t<meta property=\"og:image:height\" content=\"2040\" \/>\n\t<meta property=\"og:image:type\" content=\"image\/png\" \/>\n<meta name=\"twitter:card\" content=\"summary_large_image\" \/>\n<meta name=\"twitter:label1\" content=\"Timp estimat pentru citire\" \/>\n\t<meta name=\"twitter:data1\" content=\"1 minut\" \/>\n<script type=\"application\/ld+json\" class=\"yoast-schema-graph\">{\"@context\":\"https:\\\/\\\/schema.org\",\"@graph\":[{\"@type\":\"WebPage\",\"@id\":\"https:\\\/\\\/yupie.app\\\/product\\\/retro-saba-lemez-es-kazetta-lejatszo-ket-hangfallal\\\/\",\"url\":\"https:\\\/\\\/yupie.app\\\/product\\\/retro-saba-lemez-es-kazetta-lejatszo-ket-hangfallal\\\/\",\"name\":\"Retro SABA lemez- \u00e9s kazetta lej\u00e1tsz\u00f3 k\u00e9t hangfallal - yupie.app\",\"isPartOf\":{\"@id\":\"https:\\\/\\\/yupie.app\\\/#website\"},\"primaryImageOfPage\":{\"@id\":\"https:\\\/\\\/yupie.app\\\/product\\\/retro-saba-lemez-es-kazetta-lejatszo-ket-hangfallal\\\/#primaryimage\"},\"image\":{\"@id\":\"https:\\\/\\\/yupie.app\\\/product\\\/retro-saba-lemez-es-kazetta-lejatszo-ket-hangfallal\\\/#primaryimage\"},\"thumbnailUrl\":\"https:\\\/\\\/yupie.app\\\/wp-content\\\/uploads\\\/2023\\\/03\\\/lejatszo.png\",\"datePublished\":\"2023-03-15T08:50:14+00:00\",\"dateModified\":\"2026-01-06T09:18:59+00:00\",\"description\":\"A k\u00e9t hangfallal rendelkez\u0151 retro SABA lemez- \u00e9s kazetta lej\u00e1tsz\u00f3 sz\u00e1mos lehet\u0151s\u00e9get k\u00edn\u00e1l azok sz\u00e1m\u00e1ra, akik szeretik a r\u00e9gi, anal\u00f3g hangz\u00e1st.\",\"breadcrumb\":{\"@id\":\"https:\\\/\\\/yupie.app\\\/product\\\/retro-saba-lemez-es-kazetta-lejatszo-ket-hangfallal\\\/#breadcrumb\"},\"inLanguage\":\"ro-RO\",\"potentialAction\":[{\"@type\":\"ReadAction\",\"target\":[\"https:\\\/\\\/yupie.app\\\/product\\\/retro-saba-lemez-es-kazetta-lejatszo-ket-hangfallal\\\/\"]}]},{\"@type\":\"ImageObject\",\"inLanguage\":\"ro-RO\",\"@id\":\"https:\\\/\\\/yupie.app\\\/product\\\/retro-saba-lemez-es-kazetta-lejatszo-ket-hangfallal\\\/#primaryimage\",\"url\":\"https:\\\/\\\/yupie.app\\\/wp-content\\\/uploads\\\/2023\\\/03\\\/lejatszo.png\",\"contentUrl\":\"https:\\\/\\\/yupie.app\\\/wp-content\\\/uploads\\\/2023\\\/03\\\/lejatszo.png\",\"width\":1530,\"height\":2040,\"caption\":\"SABA lemez- \u00e9s kazetta lej\u00e1tsz\u00f3, elektronika, yupie\"},{\"@type\":\"BreadcrumbList\",\"@id\":\"https:\\\/\\\/yupie.app\\\/product\\\/retro-saba-lemez-es-kazetta-lejatszo-ket-hangfallal\\\/#breadcrumb\",\"itemListElement\":[{\"@type\":\"ListItem\",\"position\":1,\"name\":\"Kezd\u0151lap\",\"item\":\"https:\\\/\\\/yupie.app\\\/\"},{\"@type\":\"ListItem\",\"position\":2,\"name\":\"Katal\u00f3gus\",\"item\":\"https:\\\/\\\/yupie.app\\\/katalogus\\\/\"},{\"@type\":\"ListItem\",\"position\":3,\"name\":\"Retro SABA lemez- \u00e9s kazetta lej\u00e1tsz\u00f3 k\u00e9t hangfallal\"}]},{\"@type\":\"WebSite\",\"@id\":\"https:\\\/\\\/yupie.app\\\/#website\",\"url\":\"https:\\\/\\\/yupie.app\\\/\",\"name\":\"yupie.app\",\"description\":\"\",\"publisher\":{\"@id\":\"https:\\\/\\\/yupie.app\\\/#organization\"},\"potentialAction\":[{\"@type\":\"SearchAction\",\"target\":{\"@type\":\"EntryPoint\",\"urlTemplate\":\"https:\\\/\\\/yupie.app\\\/?s={search_term_string}\"},\"query-input\":{\"@type\":\"PropertyValueSpecification\",\"valueRequired\":true,\"valueName\":\"search_term_string\"}}],\"inLanguage\":\"ro-RO\"},{\"@type\":\"Organization\",\"@id\":\"https:\\\/\\\/yupie.app\\\/#organization\",\"name\":\"yupie.app\",\"url\":\"https:\\\/\\\/yupie.app\\\/\",\"logo\":{\"@type\":\"ImageObject\",\"inLanguage\":\"ro-RO\",\"@id\":\"https:\\\/\\\/yupie.app\\\/#\\\/schema\\\/logo\\\/image\\\/\",\"url\":\"https:\\\/\\\/yupie.app\\\/wp-content\\\/uploads\\\/2025\\\/07\\\/cropped-uj-logo.png\",\"contentUrl\":\"https:\\\/\\\/yupie.app\\\/wp-content\\\/uploads\\\/2025\\\/07\\\/cropped-uj-logo.png\",\"width\":500,\"height\":208,\"caption\":\"yupie.app\"},\"image\":{\"@id\":\"https:\\\/\\\/yupie.app\\\/#\\\/schema\\\/logo\\\/image\\\/\"},\"sameAs\":[\"https:\\\/\\\/www.facebook.com\\\/profile.php?id=100089345417295\"]}]}<\/script>\n<!-- \/ Yoast SEO plugin. -->","yoast_head_json":{"title":"Retro SABA lemez- \u00e9s kazetta lej\u00e1tsz\u00f3 k\u00e9t hangfallal - yupie.app","description":"A k\u00e9t hangfallal rendelkez\u0151 retro SABA lemez- \u00e9s kazetta lej\u00e1tsz\u00f3 sz\u00e1mos lehet\u0151s\u00e9get k\u00edn\u00e1l azok sz\u00e1m\u00e1ra, akik szeretik a r\u00e9gi, anal\u00f3g hangz\u00e1st.","robots":{"index":"index","follow":"follow","max-snippet":"max-snippet:-1","max-image-preview":"max-image-preview:large","max-video-preview":"max-video-preview:-1"},"canonical":"https:\/\/yupie.app\/ro\/product\/retro-saba-lemez-es-kazetta-lejatszo-ket-hangfallal\/","og_locale":"ro_RO","og_type":"article","og_title":"Retro SABA lemez- \u00e9s kazetta lej\u00e1tsz\u00f3 k\u00e9t hangfallal - yupie.app","og_description":"A k\u00e9t hangfallal rendelkez\u0151 retro SABA lemez- \u00e9s kazetta lej\u00e1tsz\u00f3 sz\u00e1mos lehet\u0151s\u00e9get k\u00edn\u00e1l azok sz\u00e1m\u00e1ra, akik szeretik a r\u00e9gi, anal\u00f3g hangz\u00e1st.","og_url":"https:\/\/yupie.app\/ro\/product\/retro-saba-lemez-es-kazetta-lejatszo-ket-hangfallal\/","og_site_name":"yupie.app","article_publisher":"https:\/\/www.facebook.com\/profile.php?id=100089345417295","article_modified_time":"2026-01-06T09:18:59+00:00","og_image":[{"width":1530,"height":2040,"url":"https:\/\/yupie.app\/wp-content\/uploads\/2023\/03\/lejatszo.png","type":"image\/png"}],"twitter_card":"summary_large_image","twitter_misc":{"Timp estimat pentru citire":"1 minut"},"schema":{"@context":"https:\/\/schema.org","@graph":[{"@type":"WebPage","@id":"https:\/\/yupie.app\/product\/retro-saba-lemez-es-kazetta-lejatszo-ket-hangfallal\/","url":"https:\/\/yupie.app\/product\/retro-saba-lemez-es-kazetta-lejatszo-ket-hangfallal\/","name":"Retro SABA lemez- \u00e9s kazetta lej\u00e1tsz\u00f3 k\u00e9t hangfallal - yupie.app","isPartOf":{"@id":"https:\/\/yupie.app\/#website"},"primaryImageOfPage":{"@id":"https:\/\/yupie.app\/product\/retro-saba-lemez-es-kazetta-lejatszo-ket-hangfallal\/#primaryimage"},"image":{"@id":"https:\/\/yupie.app\/product\/retro-saba-lemez-es-kazetta-lejatszo-ket-hangfallal\/#primaryimage"},"thumbnailUrl":"https:\/\/yupie.app\/wp-content\/uploads\/2023\/03\/lejatszo.png","datePublished":"2023-03-15T08:50:14+00:00","dateModified":"2026-01-06T09:18:59+00:00","description":"A k\u00e9t hangfallal rendelkez\u0151 retro SABA lemez- \u00e9s kazetta lej\u00e1tsz\u00f3 sz\u00e1mos lehet\u0151s\u00e9get k\u00edn\u00e1l azok sz\u00e1m\u00e1ra, akik szeretik a r\u00e9gi, anal\u00f3g hangz\u00e1st.","breadcrumb":{"@id":"https:\/\/yupie.app\/product\/retro-saba-lemez-es-kazetta-lejatszo-ket-hangfallal\/#breadcrumb"},"inLanguage":"ro-RO","potentialAction":[{"@type":"ReadAction","target":["https:\/\/yupie.app\/product\/retro-saba-lemez-es-kazetta-lejatszo-ket-hangfallal\/"]}]},{"@type":"ImageObject","inLanguage":"ro-RO","@id":"https:\/\/yupie.app\/product\/retro-saba-lemez-es-kazetta-lejatszo-ket-hangfallal\/#primaryimage","url":"https:\/\/yupie.app\/wp-content\/uploads\/2023\/03\/lejatszo.png","contentUrl":"https:\/\/yupie.app\/wp-content\/uploads\/2023\/03\/lejatszo.png","width":1530,"height":2040,"caption":"SABA lemez- \u00e9s kazetta lej\u00e1tsz\u00f3, elektronika, yupie"},{"@type":"BreadcrumbList","@id":"https:\/\/yupie.app\/product\/retro-saba-lemez-es-kazetta-lejatszo-ket-hangfallal\/#breadcrumb","itemListElement":[{"@type":"ListItem","position":1,"name":"Kezd\u0151lap","item":"https:\/\/yupie.app\/"},{"@type":"ListItem","position":2,"name":"Katal\u00f3gus","item":"https:\/\/yupie.app\/katalogus\/"},{"@type":"ListItem","position":3,"name":"Retro SABA lemez- \u00e9s kazetta lej\u00e1tsz\u00f3 k\u00e9t hangfallal"}]},{"@type":"WebSite","@id":"https:\/\/yupie.app\/#website","url":"https:\/\/yupie.app\/","name":"yupie.app","description":"","publisher":{"@id":"https:\/\/yupie.app\/#organization"},"potentialAction":[{"@type":"SearchAction","target":{"@type":"EntryPoint","urlTemplate":"https:\/\/yupie.app\/?s={search_term_string}"},"query-input":{"@type":"PropertyValueSpecification","valueRequired":true,"valueName":"search_term_string"}}],"inLanguage":"ro-RO"},{"@type":"Organization","@id":"https:\/\/yupie.app\/#organization","name":"yupie.app","url":"https:\/\/yupie.app\/","logo":{"@type":"ImageObject","inLanguage":"ro-RO","@id":"https:\/\/yupie.app\/#\/schema\/logo\/image\/","url":"https:\/\/yupie.app\/wp-content\/uploads\/2025\/07\/cropped-uj-logo.png","contentUrl":"https:\/\/yupie.app\/wp-content\/uploads\/2025\/07\/cropped-uj-logo.png","width":500,"height":208,"caption":"yupie.app"},"image":{"@id":"https:\/\/yupie.app\/#\/schema\/logo\/image\/"},"sameAs":["https:\/\/www.facebook.com\/profile.php?id=100089345417295"]}]}},"jetpack_sharing_enabled":true,"_links":{"self":[{"href":"https:\/\/yupie.app\/ro\/wp-json\/wp\/v2\/product\/1460","targetHints":{"allow":["GET"]}}],"collection":[{"href":"https:\/\/yupie.app\/ro\/wp-json\/wp\/v2\/product"}],"about":[{"href":"https:\/\/yupie.app\/ro\/wp-json\/wp\/v2\/types\/product"}],"version-history":[{"count":0,"href":"https:\/\/yupie.app\/ro\/wp-json\/wp\/v2\/product\/1460\/revisions"}],"wp:featuredmedia":[{"embeddable":true,"href":"https:\/\/yupie.app\/ro\/wp-json\/wp\/v2\/media\/1464"}],"wp:attachment":[{"href":"https:\/\/yupie.app\/ro\/wp-json\/wp\/v2\/media?parent=1460"}],"wp:term":[{"taxonomy":"product_brand","embeddable":true,"href":"https:\/\/yupie.app\/ro\/wp-json\/wp\/v2\/product_brand?post=1460"},{"taxonomy":"product_cat","embeddable":true,"href":"https:\/\/yupie.app\/ro\/wp-json\/wp\/v2\/product_cat?post=1460"},{"taxonomy":"product_tag","embeddable":true,"href":"https:\/\/yupie.app\/ro\/wp-json\/wp\/v2\/product_tag?post=1460"}],"curies":[{"name":"wp","href":"https:\/\/api.w.org\/{rel}","templated":true}]}}