{"id":37308,"date":"2021-03-03T08:34:00","date_gmt":"2021-03-03T08:34:00","guid":{"rendered":"https:\/\/yupie.app\/exchanges-returns\/"},"modified":"2025-12-23T11:02:42","modified_gmt":"2025-12-23T09:02:42","slug":"returns","status":"publish","type":"page","link":"https:\/\/yupie.app\/ro\/info\/returns\/","title":{"rendered":"Reveni"},"content":{"rendered":"<div data-elementor-type=\"wp-page\" data-elementor-id=\"37308\" class=\"elementor elementor-37308\" data-elementor-post-type=\"page\">\n\t\t\t\t\t\t<section class=\"elementor-section elementor-top-section elementor-element elementor-element-036de91 elementor-section-boxed elementor-section-height-default elementor-section-height-default\" data-id=\"036de91\" data-element_type=\"section\">\n\t\t\t\t\t\t<div class=\"elementor-container elementor-column-gap-wide\">\n\t\t\t\t\t<div class=\"elementor-column elementor-col-100 elementor-top-column elementor-element elementor-element-28a6a38\" data-id=\"28a6a38\" data-element_type=\"column\">\n\t\t\t<div class=\"elementor-widget-wrap elementor-element-populated\">\n\t\t\t\t\t\t<div class=\"elementor-element elementor-element-a859450 elementor-widget elementor-widget-heading\" data-id=\"a859450\" data-element_type=\"widget\" data-widget_type=\"heading.default\">\n\t\t\t\t\t<h3 class=\"elementor-heading-title elementor-size-default\">\ud83d\udd01 Visszak\u00fcld\u00e9s \u00e9s el\u00e1ll\u00e1si felt\u00e9telek<br><\/h3>\t\t\t\t<\/div>\n\t\t\t\t<div class=\"elementor-element elementor-element-9f86255 elementor-widget elementor-widget-spacer\" data-id=\"9f86255\" data-element_type=\"widget\" data-widget_type=\"spacer.default\">\n\t\t\t\t\t\t\t<div class=\"elementor-spacer\">\n\t\t\t<div class=\"elementor-spacer-inner\"><\/div>\n\t\t<\/div>\n\t\t\t\t\t\t<\/div>\n\t\t\t\t<div class=\"elementor-element elementor-element-8cf9f6d elementor-widget elementor-widget-spacer\" data-id=\"8cf9f6d\" data-element_type=\"widget\" data-widget_type=\"spacer.default\">\n\t\t\t\t\t\t\t<div class=\"elementor-spacer\">\n\t\t\t<div class=\"elementor-spacer-inner\"><\/div>\n\t\t<\/div>\n\t\t\t\t\t\t<\/div>\n\t\t\t\t<div class=\"elementor-element elementor-element-b08f668 elementor-widget elementor-widget-heading\" data-id=\"b08f668\" data-element_type=\"widget\" data-widget_type=\"heading.default\">\n\t\t\t\t\t<h4 class=\"elementor-heading-title elementor-size-default\">Visszak\u00fcld\u00e9si felt\u00e9telek<\/h4>\t\t\t\t<\/div>\n\t\t\t\t<div class=\"elementor-element elementor-element-90894ce elementor-widget elementor-widget-spacer\" data-id=\"90894ce\" data-element_type=\"widget\" data-widget_type=\"spacer.default\">\n\t\t\t\t\t\t\t<div class=\"elementor-spacer\">\n\t\t\t<div class=\"elementor-spacer-inner\"><\/div>\n\t\t<\/div>\n\t\t\t\t\t\t<\/div>\n\t\t\t\t<div class=\"elementor-element elementor-element-c15787c elementor-widget elementor-widget-text-editor\" data-id=\"c15787c\" data-element_type=\"widget\" data-widget_type=\"text-editor.default\">\n\t\t\t\t\t\t\t\t\t<p data-start=\"208\" data-end=\"363\">A v\u00e1s\u00e1rl\u00f3 a term\u00e9k \u00e1tv\u00e9tel\u00e9t\u0151l sz\u00e1m\u00edtott <strong data-start=\"249\" data-end=\"275\">14 napt\u00e1ri napon bel\u00fcl<\/strong> jogosult indokl\u00e1s n\u00e9lk\u00fcl el\u00e1llni a v\u00e1s\u00e1rl\u00e1st\u00f3l, a hat\u00e1lyos jogszab\u00e1lyoknak megfelel\u0151en.<\/p><h3 data-start=\"365\" data-end=\"395\">\ud83d\udce6 Visszak\u00fcld\u00e9s felt\u00e9telei<\/h3><ul data-start=\"396\" data-end=\"801\"><li data-start=\"396\" data-end=\"510\"><p data-start=\"398\" data-end=\"510\">A term\u00e9ket <strong data-start=\"409\" data-end=\"442\">eredeti, s\u00e9rtetlen \u00e1llapotban<\/strong>, lehet\u0151s\u00e9g szerint <strong data-start=\"462\" data-end=\"488\">eredeti csomagol\u00e1s\u00e1ban<\/strong> kell visszak\u00fcldeni.<\/p><\/li><li data-start=\"511\" data-end=\"666\"><p data-start=\"513\" data-end=\"666\">Haszn\u00e1lt, s\u00e9r\u00fclt, hi\u00e1nyos vagy \u00e9rt\u00e9kcs\u00f6kkent \u00e1llapot\u00fa term\u00e9k eset\u00e9n a visszat\u00e9r\u00edt\u00e9s \u00f6sszege <strong data-start=\"605\" data-end=\"631\">ar\u00e1nyosan cs\u00f6kkenthet\u0151<\/strong>, vagy a visszak\u00fcld\u00e9s elutas\u00edthat\u00f3.<\/p><\/li><li data-start=\"667\" data-end=\"801\"><p data-start=\"669\" data-end=\"801\">A visszak\u00fcld\u00e9s k\u00f6lts\u00e9ge <strong data-start=\"693\" data-end=\"715\">a v\u00e1s\u00e1rl\u00f3t terheli<\/strong>, kiv\u00e9ve, ha a visszak\u00fcld\u00e9s oka a mi hib\u00e1nkb\u00f3l ered (hib\u00e1s vagy nem megfelel\u0151 term\u00e9k).<\/p><\/li><\/ul><h3 data-start=\"803\" data-end=\"823\">\ud83d\udcb0 Visszat\u00e9r\u00edt\u00e9s<\/h3><ul data-start=\"824\" data-end=\"1137\"><li data-start=\"824\" data-end=\"942\"><p data-start=\"826\" data-end=\"942\">A visszak\u00fcld\u00f6tt term\u00e9k be\u00e9rkez\u00e9s\u00e9t \u00e9s ellen\u0151rz\u00e9s\u00e9t k\u00f6vet\u0151en a v\u00e9tel\u00e1rat <strong data-start=\"898\" data-end=\"926\">legk\u00e9s\u0151bb 14 napon bel\u00fcl<\/strong> visszat\u00e9r\u00edtj\u00fck.<\/p><\/li><li data-start=\"943\" data-end=\"1040\"><p data-start=\"945\" data-end=\"1040\">A visszat\u00e9r\u00edt\u00e9s az eredeti fizet\u00e9si m\u00f3ddal megegyez\u0151en t\u00f6rt\u00e9nik, elt\u00e9r\u0151 meg\u00e1llapod\u00e1s hi\u00e1ny\u00e1ban.<\/p><\/li><li data-start=\"1041\" data-end=\"1137\"><p data-start=\"1043\" data-end=\"1137\">Az eredeti sz\u00e1ll\u00edt\u00e1si d\u00edj <strong data-start=\"1069\" data-end=\"1092\">nem visszat\u00e9r\u00edtend\u0151<\/strong>, kiv\u00e9ve jogszab\u00e1ly \u00e1ltal k\u00f6telez\u0151 esetekben.<\/p><\/li><\/ul>\t\t\t\t\t\t\t\t<\/div>\n\t\t\t\t<div class=\"elementor-element elementor-element-1f0db93 elementor-widget elementor-widget-spacer\" data-id=\"1f0db93\" data-element_type=\"widget\" data-widget_type=\"spacer.default\">\n\t\t\t\t\t\t\t<div class=\"elementor-spacer\">\n\t\t\t<div class=\"elementor-spacer-inner\"><\/div>\n\t\t<\/div>\n\t\t\t\t\t\t<\/div>\n\t\t\t\t<div class=\"elementor-element elementor-element-4c0ef55 elementor-widget elementor-widget-heading\" data-id=\"4c0ef55\" data-element_type=\"widget\" data-widget_type=\"heading.default\">\n\t\t\t\t\t<h4 class=\"elementor-heading-title elementor-size-default\">\ud83d\udce9 El\u00e1ll\u00e1si sz\u00e1nd\u00e9k bejelent\u00e9se<\/h4>\t\t\t\t<\/div>\n\t\t\t\t<div class=\"elementor-element elementor-element-d3f56ba elementor-widget elementor-widget-spacer\" data-id=\"d3f56ba\" data-element_type=\"widget\" data-widget_type=\"spacer.default\">\n\t\t\t\t\t\t\t<div class=\"elementor-spacer\">\n\t\t\t<div class=\"elementor-spacer-inner\"><\/div>\n\t\t<\/div>\n\t\t\t\t\t\t<\/div>\n\t\t\t\t<div class=\"elementor-element elementor-element-c7347ac elementor-widget elementor-widget-text-editor\" data-id=\"c7347ac\" data-element_type=\"widget\" data-widget_type=\"text-editor.default\">\n\t\t\t\t\t\t\t\t\t<p data-start=\"1375\" data-end=\"1463\">Az el\u00e1ll\u00e1si sz\u00e1nd\u00e9kot \u00edr\u00e1sban sz\u00fcks\u00e9ges jelezni e-mailben, az al\u00e1bbi adatok megad\u00e1s\u00e1val:<\/p><ul data-start=\"1464\" data-end=\"1534\"><li data-start=\"1464\" data-end=\"1471\"><p data-start=\"1466\" data-end=\"1471\">n\u00e9v<\/p><\/li><li data-start=\"1472\" data-end=\"1490\"><p data-start=\"1474\" data-end=\"1490\">rendel\u00e9si sz\u00e1m<\/p><\/li><li data-start=\"1491\" data-end=\"1534\"><p data-start=\"1493\" data-end=\"1534\">visszak\u00fcldeni k\u00edv\u00e1nt term\u00e9k megnevez\u00e9se<\/p><\/li><\/ul><p data-start=\"1536\" data-end=\"1596\">A visszak\u00fcld\u00e9s csak <strong data-start=\"1556\" data-end=\"1584\">el\u0151zetes egyeztet\u00e9s ut\u00e1n<\/strong> lehets\u00e9ges.<\/p>\t\t\t\t\t\t\t\t<\/div>\n\t\t\t\t<div class=\"elementor-element elementor-element-ce2fbd6 elementor-widget elementor-widget-template\" data-id=\"ce2fbd6\" data-element_type=\"widget\" data-widget_type=\"template.default\">\n\t\t\t\t<div class=\"elementor-widget-container\">\n\t\t\t\t\t\t\t<div class=\"elementor-template\">\n\t\t\t\t\t<div data-elementor-type=\"section\" data-elementor-id=\"36896\" class=\"elementor elementor-36896\" data-elementor-post-type=\"elementor_library\">\n\t\t\t\t\t<section class=\"elementor-section elementor-top-section elementor-element elementor-element-63965c5f elementor-section-full_width elementor-section-height-default elementor-section-height-default\" data-id=\"63965c5f\" data-element_type=\"section\">\n\t\t\t\t\t\t<div class=\"elementor-container elementor-column-gap-no\">\n\t\t\t\t\t<div class=\"elementor-column elementor-col-100 elementor-top-column elementor-element elementor-element-3cb9c4a0\" data-id=\"3cb9c4a0\" data-element_type=\"column\">\n\t\t\t<div class=\"elementor-widget-wrap elementor-element-populated\">\n\t\t\t\t\t\t<div class=\"elementor-element elementor-element-1e2d0305 elementor-widget-divider--view-line elementor-widget elementor-widget-divider\" data-id=\"1e2d0305\" data-element_type=\"widget\" data-widget_type=\"divider.default\">\n\t\t\t\t\t\t\t<div class=\"elementor-divider\">\n\t\t\t<span class=\"elementor-divider-separator\">\n\t\t\t\t\t\t<\/span>\n\t\t<\/div>\n\t\t\t\t\t\t<\/div>\n\t\t\t\t\t<\/div>\n\t\t<\/div>\n\t\t\t\t\t<\/div>\n\t\t<\/section>\n\t\t\t\t<\/div>\n\t\t\t\t<\/div>\n\t\t\t\t\t\t<\/div>\n\t\t\t\t<\/div>\n\t\t\t\t<div class=\"elementor-element elementor-element-5bdc948 elementor-widget elementor-widget-heading\" data-id=\"5bdc948\" data-element_type=\"widget\" data-widget_type=\"heading.default\">\n\t\t\t\t\t<h3 class=\"elementor-heading-title elementor-size-default\">\u274c Nem visszak\u00fcldhet\u0151 term\u00e9kek<\/h3>\t\t\t\t<\/div>\n\t\t\t\t<div class=\"elementor-element elementor-element-29ded98 elementor-widget elementor-widget-spacer\" data-id=\"29ded98\" data-element_type=\"widget\" data-widget_type=\"spacer.default\">\n\t\t\t\t\t\t\t<div class=\"elementor-spacer\">\n\t\t\t<div class=\"elementor-spacer-inner\"><\/div>\n\t\t<\/div>\n\t\t\t\t\t\t<\/div>\n\t\t\t\t<div class=\"elementor-element elementor-element-98dace7 elementor-widget elementor-widget-spacer\" data-id=\"98dace7\" data-element_type=\"widget\" data-widget_type=\"spacer.default\">\n\t\t\t\t\t\t\t<div class=\"elementor-spacer\">\n\t\t\t<div class=\"elementor-spacer-inner\"><\/div>\n\t\t<\/div>\n\t\t\t\t\t\t<\/div>\n\t\t\t\t<div class=\"elementor-element elementor-element-6ef9a25 elementor-widget elementor-widget-heading\" data-id=\"6ef9a25\" data-element_type=\"widget\" data-widget_type=\"heading.default\">\n\t\t\t\t\t<h4 class=\"elementor-heading-title elementor-size-default\">Visszat\u00e9r\u00edt\u00e9sek<\/h4>\t\t\t\t<\/div>\n\t\t\t\t<div class=\"elementor-element elementor-element-a8010cd elementor-widget elementor-widget-spacer\" data-id=\"a8010cd\" data-element_type=\"widget\" data-widget_type=\"spacer.default\">\n\t\t\t\t\t\t\t<div class=\"elementor-spacer\">\n\t\t\t<div class=\"elementor-spacer-inner\"><\/div>\n\t\t<\/div>\n\t\t\t\t\t\t<\/div>\n\t\t\t\t<div class=\"elementor-element elementor-element-d33ce72 elementor-widget elementor-widget-text-editor\" data-id=\"d33ce72\" data-element_type=\"widget\" data-widget_type=\"text-editor.default\">\n\t\t\t\t\t\t\t\t\t<p>Higi\u00e9niai, eg\u00e9szs\u00e9gv\u00e9delmi vagy egyedi jelleg\u0171 term\u00e9kek eset\u00e9n (pl. felbontott, szem\u00e9lyre szabott vagy gyorsan roml\u00f3 term\u00e9kek) az el\u00e1ll\u00e1si jog <strong data-start=\"1316\" data-end=\"1336\">nem gyakorolhat\u00f3<\/strong>.<\/p>\t\t\t\t\t\t\t\t<\/div>\n\t\t\t\t\t<\/div>\n\t\t<\/div>\n\t\t\t\t\t<\/div>\n\t\t<\/section>\n\t\t\t\t<\/div>","protected":false},"excerpt":{"rendered":"<p>\ud83d\udd01 Visszak\u00fcld\u00e9s \u00e9s el\u00e1ll\u00e1si felt\u00e9telek Visszak\u00fcld\u00e9si felt\u00e9telek A v\u00e1s\u00e1rl\u00f3 a term\u00e9k \u00e1tv\u00e9tel\u00e9t\u0151l sz\u00e1m\u00edtott 14 napt\u00e1ri napon bel\u00fcl jogosult indokl\u00e1s n\u00e9lk\u00fcl el\u00e1llni a v\u00e1s\u00e1rl\u00e1st\u00f3l, a hat\u00e1lyos jogszab\u00e1lyoknak megfelel\u0151en. \ud83d\udce6 Visszak\u00fcld\u00e9s felt\u00e9telei A term\u00e9ket eredeti, s\u00e9rtetlen \u00e1llapotban, lehet\u0151s\u00e9g szerint eredeti csomagol\u00e1s\u00e1ban kell visszak\u00fcldeni. Haszn\u00e1lt, s\u00e9r\u00fclt, hi\u00e1nyos vagy \u00e9rt\u00e9kcs\u00f6kkent \u00e1llapot\u00fa term\u00e9k eset\u00e9n a visszat\u00e9r\u00edt\u00e9s \u00f6sszege ar\u00e1nyosan cs\u00f6kkenthet\u0151, vagy&hellip;<\/p>","protected":false},"author":1,"featured_media":0,"parent":44160,"menu_order":980,"comment_status":"closed","ping_status":"closed","template":"","meta":{"footnotes":""},"class_list":["post-37308","page","type-page","status-publish","hentry"],"yoast_head":"<!-- This site is optimized with the Yoast SEO plugin v27.3 - https:\/\/yoast.com\/product\/yoast-seo-wordpress\/ -->\n<title>Visszak\u00fcld\u00e9s - yupie.app<\/title>\n<meta name=\"robots\" content=\"index, follow, max-snippet:-1, max-image-preview:large, max-video-preview:-1\" \/>\n<link rel=\"canonical\" href=\"https:\/\/yupie.app\/ro\/info\/returns\/\" \/>\n<meta property=\"og:locale\" content=\"ro_RO\" \/>\n<meta property=\"og:type\" content=\"article\" \/>\n<meta property=\"og:title\" content=\"Visszak\u00fcld\u00e9s - yupie.app\" \/>\n<meta property=\"og:description\" content=\"\ud83d\udd01 Visszak\u00fcld\u00e9s \u00e9s el\u00e1ll\u00e1si felt\u00e9telek Visszak\u00fcld\u00e9si felt\u00e9telek A v\u00e1s\u00e1rl\u00f3 a term\u00e9k \u00e1tv\u00e9tel\u00e9t\u0151l sz\u00e1m\u00edtott 14 napt\u00e1ri napon bel\u00fcl jogosult indokl\u00e1s n\u00e9lk\u00fcl el\u00e1llni a v\u00e1s\u00e1rl\u00e1st\u00f3l, a hat\u00e1lyos jogszab\u00e1lyoknak megfelel\u0151en. \ud83d\udce6 Visszak\u00fcld\u00e9s felt\u00e9telei A term\u00e9ket eredeti, s\u00e9rtetlen \u00e1llapotban, lehet\u0151s\u00e9g szerint eredeti csomagol\u00e1s\u00e1ban kell visszak\u00fcldeni. Haszn\u00e1lt, s\u00e9r\u00fclt, hi\u00e1nyos vagy \u00e9rt\u00e9kcs\u00f6kkent \u00e1llapot\u00fa term\u00e9k eset\u00e9n a visszat\u00e9r\u00edt\u00e9s \u00f6sszege ar\u00e1nyosan cs\u00f6kkenthet\u0151, vagy&hellip;\" \/>\n<meta property=\"og:url\" content=\"https:\/\/yupie.app\/ro\/info\/returns\/\" \/>\n<meta property=\"og:site_name\" content=\"yupie.app\" \/>\n<meta property=\"article:publisher\" content=\"https:\/\/www.facebook.com\/profile.php?id=100089345417295\" \/>\n<meta property=\"article:modified_time\" content=\"2025-12-23T09:02:42+00:00\" \/>\n<meta name=\"twitter:card\" content=\"summary_large_image\" \/>\n<script type=\"application\/ld+json\" class=\"yoast-schema-graph\">{\"@context\":\"https:\\\/\\\/schema.org\",\"@graph\":[{\"@type\":\"WebPage\",\"@id\":\"https:\\\/\\\/yupie.app\\\/info\\\/returns\\\/\",\"url\":\"https:\\\/\\\/yupie.app\\\/info\\\/returns\\\/\",\"name\":\"Visszak\u00fcld\u00e9s - yupie.app\",\"isPartOf\":{\"@id\":\"https:\\\/\\\/yupie.app\\\/#website\"},\"datePublished\":\"2021-03-03T08:34:00+00:00\",\"dateModified\":\"2025-12-23T09:02:42+00:00\",\"breadcrumb\":{\"@id\":\"https:\\\/\\\/yupie.app\\\/info\\\/returns\\\/#breadcrumb\"},\"inLanguage\":\"ro-RO\",\"potentialAction\":[{\"@type\":\"ReadAction\",\"target\":[\"https:\\\/\\\/yupie.app\\\/info\\\/returns\\\/\"]}]},{\"@type\":\"BreadcrumbList\",\"@id\":\"https:\\\/\\\/yupie.app\\\/info\\\/returns\\\/#breadcrumb\",\"itemListElement\":[{\"@type\":\"ListItem\",\"position\":1,\"name\":\"Kezd\u0151lap\",\"item\":\"https:\\\/\\\/yupie.app\\\/\"},{\"@type\":\"ListItem\",\"position\":2,\"name\":\"R\u00f3lunk\",\"item\":\"https:\\\/\\\/yupie.app\\\/info\\\/\"},{\"@type\":\"ListItem\",\"position\":3,\"name\":\"Visszak\u00fcld\u00e9s\"}]},{\"@type\":\"WebSite\",\"@id\":\"https:\\\/\\\/yupie.app\\\/#website\",\"url\":\"https:\\\/\\\/yupie.app\\\/\",\"name\":\"yupie.app\",\"description\":\"\",\"publisher\":{\"@id\":\"https:\\\/\\\/yupie.app\\\/#organization\"},\"potentialAction\":[{\"@type\":\"SearchAction\",\"target\":{\"@type\":\"EntryPoint\",\"urlTemplate\":\"https:\\\/\\\/yupie.app\\\/?s={search_term_string}\"},\"query-input\":{\"@type\":\"PropertyValueSpecification\",\"valueRequired\":true,\"valueName\":\"search_term_string\"}}],\"inLanguage\":\"ro-RO\"},{\"@type\":\"Organization\",\"@id\":\"https:\\\/\\\/yupie.app\\\/#organization\",\"name\":\"yupie.app\",\"url\":\"https:\\\/\\\/yupie.app\\\/\",\"logo\":{\"@type\":\"ImageObject\",\"inLanguage\":\"ro-RO\",\"@id\":\"https:\\\/\\\/yupie.app\\\/#\\\/schema\\\/logo\\\/image\\\/\",\"url\":\"https:\\\/\\\/yupie.app\\\/wp-content\\\/uploads\\\/2025\\\/07\\\/cropped-uj-logo.png\",\"contentUrl\":\"https:\\\/\\\/yupie.app\\\/wp-content\\\/uploads\\\/2025\\\/07\\\/cropped-uj-logo.png\",\"width\":500,\"height\":208,\"caption\":\"yupie.app\"},\"image\":{\"@id\":\"https:\\\/\\\/yupie.app\\\/#\\\/schema\\\/logo\\\/image\\\/\"},\"sameAs\":[\"https:\\\/\\\/www.facebook.com\\\/profile.php?id=100089345417295\"]}]}<\/script>\n<!-- \/ Yoast SEO plugin. -->","yoast_head_json":{"title":"Visszak\u00fcld\u00e9s - yupie.app","robots":{"index":"index","follow":"follow","max-snippet":"max-snippet:-1","max-image-preview":"max-image-preview:large","max-video-preview":"max-video-preview:-1"},"canonical":"https:\/\/yupie.app\/ro\/info\/returns\/","og_locale":"ro_RO","og_type":"article","og_title":"Visszak\u00fcld\u00e9s - yupie.app","og_description":"\ud83d\udd01 Visszak\u00fcld\u00e9s \u00e9s el\u00e1ll\u00e1si felt\u00e9telek Visszak\u00fcld\u00e9si felt\u00e9telek A v\u00e1s\u00e1rl\u00f3 a term\u00e9k \u00e1tv\u00e9tel\u00e9t\u0151l sz\u00e1m\u00edtott 14 napt\u00e1ri napon bel\u00fcl jogosult indokl\u00e1s n\u00e9lk\u00fcl el\u00e1llni a v\u00e1s\u00e1rl\u00e1st\u00f3l, a hat\u00e1lyos jogszab\u00e1lyoknak megfelel\u0151en. \ud83d\udce6 Visszak\u00fcld\u00e9s felt\u00e9telei A term\u00e9ket eredeti, s\u00e9rtetlen \u00e1llapotban, lehet\u0151s\u00e9g szerint eredeti csomagol\u00e1s\u00e1ban kell visszak\u00fcldeni. Haszn\u00e1lt, s\u00e9r\u00fclt, hi\u00e1nyos vagy \u00e9rt\u00e9kcs\u00f6kkent \u00e1llapot\u00fa term\u00e9k eset\u00e9n a visszat\u00e9r\u00edt\u00e9s \u00f6sszege ar\u00e1nyosan cs\u00f6kkenthet\u0151, vagy&hellip;","og_url":"https:\/\/yupie.app\/ro\/info\/returns\/","og_site_name":"yupie.app","article_publisher":"https:\/\/www.facebook.com\/profile.php?id=100089345417295","article_modified_time":"2025-12-23T09:02:42+00:00","twitter_card":"summary_large_image","schema":{"@context":"https:\/\/schema.org","@graph":[{"@type":"WebPage","@id":"https:\/\/yupie.app\/info\/returns\/","url":"https:\/\/yupie.app\/info\/returns\/","name":"Visszak\u00fcld\u00e9s - yupie.app","isPartOf":{"@id":"https:\/\/yupie.app\/#website"},"datePublished":"2021-03-03T08:34:00+00:00","dateModified":"2025-12-23T09:02:42+00:00","breadcrumb":{"@id":"https:\/\/yupie.app\/info\/returns\/#breadcrumb"},"inLanguage":"ro-RO","potentialAction":[{"@type":"ReadAction","target":["https:\/\/yupie.app\/info\/returns\/"]}]},{"@type":"BreadcrumbList","@id":"https:\/\/yupie.app\/info\/returns\/#breadcrumb","itemListElement":[{"@type":"ListItem","position":1,"name":"Kezd\u0151lap","item":"https:\/\/yupie.app\/"},{"@type":"ListItem","position":2,"name":"R\u00f3lunk","item":"https:\/\/yupie.app\/info\/"},{"@type":"ListItem","position":3,"name":"Visszak\u00fcld\u00e9s"}]},{"@type":"WebSite","@id":"https:\/\/yupie.app\/#website","url":"https:\/\/yupie.app\/","name":"yupie.app","description":"","publisher":{"@id":"https:\/\/yupie.app\/#organization"},"potentialAction":[{"@type":"SearchAction","target":{"@type":"EntryPoint","urlTemplate":"https:\/\/yupie.app\/?s={search_term_string}"},"query-input":{"@type":"PropertyValueSpecification","valueRequired":true,"valueName":"search_term_string"}}],"inLanguage":"ro-RO"},{"@type":"Organization","@id":"https:\/\/yupie.app\/#organization","name":"yupie.app","url":"https:\/\/yupie.app\/","logo":{"@type":"ImageObject","inLanguage":"ro-RO","@id":"https:\/\/yupie.app\/#\/schema\/logo\/image\/","url":"https:\/\/yupie.app\/wp-content\/uploads\/2025\/07\/cropped-uj-logo.png","contentUrl":"https:\/\/yupie.app\/wp-content\/uploads\/2025\/07\/cropped-uj-logo.png","width":500,"height":208,"caption":"yupie.app"},"image":{"@id":"https:\/\/yupie.app\/#\/schema\/logo\/image\/"},"sameAs":["https:\/\/www.facebook.com\/profile.php?id=100089345417295"]}]}},"jetpack_sharing_enabled":true,"_links":{"self":[{"href":"https:\/\/yupie.app\/ro\/wp-json\/wp\/v2\/pages\/37308","targetHints":{"allow":["GET"]}}],"collection":[{"href":"https:\/\/yupie.app\/ro\/wp-json\/wp\/v2\/pages"}],"about":[{"href":"https:\/\/yupie.app\/ro\/wp-json\/wp\/v2\/types\/page"}],"author":[{"embeddable":true,"href":"https:\/\/yupie.app\/ro\/wp-json\/wp\/v2\/users\/1"}],"replies":[{"embeddable":true,"href":"https:\/\/yupie.app\/ro\/wp-json\/wp\/v2\/comments?post=37308"}],"version-history":[{"count":0,"href":"https:\/\/yupie.app\/ro\/wp-json\/wp\/v2\/pages\/37308\/revisions"}],"up":[{"embeddable":true,"href":"https:\/\/yupie.app\/ro\/wp-json\/wp\/v2\/pages\/44160"}],"wp:attachment":[{"href":"https:\/\/yupie.app\/ro\/wp-json\/wp\/v2\/media?parent=37308"}],"curies":[{"name":"wp","href":"https:\/\/api.w.org\/{rel}","templated":true}]}}