{"id":37281,"date":"2021-03-03T08:20:38","date_gmt":"2021-03-03T08:20:38","guid":{"rendered":"https:\/\/yupie.app\/delivery\/"},"modified":"2025-12-22T15:55:56","modified_gmt":"2025-12-22T13:55:56","slug":"szallitas","status":"publish","type":"page","link":"https:\/\/yupie.app\/ro\/info\/szallitas\/","title":{"rendered":"Transport"},"content":{"rendered":"<div data-elementor-type=\"wp-page\" data-elementor-id=\"37281\" class=\"elementor elementor-37281\" data-elementor-post-type=\"page\">\n\t\t\t\t\t\t<section class=\"elementor-section elementor-top-section elementor-element elementor-element-1501f6a elementor-section-boxed elementor-section-height-default elementor-section-height-default\" data-id=\"1501f6a\" data-element_type=\"section\">\n\t\t\t\t\t\t<div class=\"elementor-container elementor-column-gap-wide\">\n\t\t\t\t\t<div class=\"elementor-column elementor-col-100 elementor-top-column elementor-element elementor-element-baacfe7\" data-id=\"baacfe7\" data-element_type=\"column\">\n\t\t\t<div class=\"elementor-widget-wrap elementor-element-populated\">\n\t\t\t\t\t\t<div class=\"elementor-element elementor-element-2c6d570 elementor-widget elementor-widget-heading\" data-id=\"2c6d570\" data-element_type=\"widget\" data-widget_type=\"heading.default\">\n\t\t\t\t\t<h4 class=\"elementor-heading-title elementor-size-default\">\u2705 Sz\u00e1ll\u00edt\u00e1s \u2013 a te el\u0151ny\u00f6dre hangolva<\/h4>\t\t\t\t<\/div>\n\t\t\t\t<div class=\"elementor-element elementor-element-57c4898 elementor-widget elementor-widget-spacer\" data-id=\"57c4898\" data-element_type=\"widget\" data-widget_type=\"spacer.default\">\n\t\t\t\t\t\t\t<div class=\"elementor-spacer\">\n\t\t\t<div class=\"elementor-spacer-inner\"><\/div>\n\t\t<\/div>\n\t\t\t\t\t\t<\/div>\n\t\t\t\t<div class=\"elementor-element elementor-element-0f03c0e elementor-widget elementor-widget-text-editor\" data-id=\"0f03c0e\" data-element_type=\"widget\" data-widget_type=\"text-editor.default\">\n\t\t\t\t\t\t\t\t\t<p data-start=\"178\" data-end=\"374\">A sz\u00e1ll\u00edt\u00e1si folyamatunkat <strong data-start=\"205\" data-end=\"272\">\u00fagy alak\u00edtjuk ki, hogy az neked a lehet\u0151 legk\u00e9nyelmesebb legyen<\/strong>.<br data-start=\"273\" data-end=\"276\" \/>Mivel folyamatosan fejl\u0151d\u00fcnk, a sz\u00e1ll\u00edt\u00e1s m\u00f3dja rugalmas, \u00e9s mindig az adott rendel\u00e9shez igazodik.<\/p><p data-start=\"376\" data-end=\"406\">\ud83d\udce6 <strong data-start=\"379\" data-end=\"406\">Mit jelent ez sz\u00e1modra?<\/strong><\/p><ul><li>T\u00f6bbf\u00e9le sz\u00e1ll\u00edt\u00e1si megold\u00e1s k\u00f6z\u00fcl v\u00e1lasztjuk ki a legjobbat<\/li><li>Figyel\u00fcnk a biztons\u00e1gos csomagol\u00e1sra<\/li><li>Igyeksz\u00fcnk a <strong data-start=\"528\" data-end=\"555\">legjobb \u00e1r\u2013\u00e9rt\u00e9k ar\u00e1nyt<\/strong> biztos\u00edtani<\/li><li>Szem\u00e9lyes egyeztet\u00e9s is lehets\u00e9ges k\u00fcl\u00f6nleges ig\u00e9ny eset\u00e9n.<\/li><\/ul><p data-start=\"632\" data-end=\"799\">\ud83d\udcac <strong data-start=\"635\" data-end=\"646\">Fontos:<\/strong><br data-start=\"646\" data-end=\"649\" \/>Minden rendel\u00e9s ut\u00e1n <strong data-start=\"670\" data-end=\"704\">felvessz\u00fck veled a kapcsolatot<\/strong>, \u00e9s egyeztetj\u00fck a legide\u00e1lisabb sz\u00e1ll\u00edt\u00e1si m\u00f3dot. \u00cdgy nincs meglepet\u00e9s, csak korrekt megold\u00e1s.<\/p><p data-start=\"801\" data-end=\"885\">\ud83d\udc49 A c\u00e9lunk egyszer\u0171:<br data-start=\"822\" data-end=\"825\" \/><strong data-start=\"825\" data-end=\"885\">te el\u00e9gedett legy\u00e9l, mi pedig megb\u00edzhat\u00f3an teljes\u00edts\u00fcnk.<\/strong><\/p>\t\t\t\t\t\t\t\t<\/div>\n\t\t\t\t<div class=\"elementor-element elementor-element-d23dbd8 elementor-widget elementor-widget-template\" data-id=\"d23dbd8\" data-element_type=\"widget\" data-widget_type=\"template.default\">\n\t\t\t\t<div class=\"elementor-widget-container\">\n\t\t\t\t\t\t\t<div class=\"elementor-template\">\n\t\t\t\t\t<div data-elementor-type=\"section\" data-elementor-id=\"36896\" class=\"elementor elementor-36896\" data-elementor-post-type=\"elementor_library\">\n\t\t\t\t\t<section class=\"elementor-section elementor-top-section elementor-element elementor-element-63965c5f elementor-section-full_width elementor-section-height-default elementor-section-height-default\" data-id=\"63965c5f\" data-element_type=\"section\">\n\t\t\t\t\t\t<div class=\"elementor-container elementor-column-gap-no\">\n\t\t\t\t\t<div class=\"elementor-column elementor-col-100 elementor-top-column elementor-element elementor-element-3cb9c4a0\" data-id=\"3cb9c4a0\" data-element_type=\"column\">\n\t\t\t<div class=\"elementor-widget-wrap elementor-element-populated\">\n\t\t\t\t\t\t<div class=\"elementor-element elementor-element-1e2d0305 elementor-widget-divider--view-line elementor-widget elementor-widget-divider\" data-id=\"1e2d0305\" data-element_type=\"widget\" data-widget_type=\"divider.default\">\n\t\t\t\t\t\t\t<div class=\"elementor-divider\">\n\t\t\t<span class=\"elementor-divider-separator\">\n\t\t\t\t\t\t<\/span>\n\t\t<\/div>\n\t\t\t\t\t\t<\/div>\n\t\t\t\t\t<\/div>\n\t\t<\/div>\n\t\t\t\t\t<\/div>\n\t\t<\/section>\n\t\t\t\t<\/div>\n\t\t\t\t<\/div>\n\t\t\t\t\t\t<\/div>\n\t\t\t\t<\/div>\n\t\t\t\t<div class=\"elementor-element elementor-element-0d16215 elementor-widget elementor-widget-heading\" data-id=\"0d16215\" data-element_type=\"widget\" data-widget_type=\"heading.default\">\n\t\t\t\t\t<h4 class=\"elementor-heading-title elementor-size-default\">\ud83d\udce6 Rendel\u00e9s k\u00f6vet\u00e9se<\/h4>\t\t\t\t<\/div>\n\t\t\t\t<div class=\"elementor-element elementor-element-fe172eb elementor-widget elementor-widget-spacer\" data-id=\"fe172eb\" data-element_type=\"widget\" data-widget_type=\"spacer.default\">\n\t\t\t\t\t\t\t<div class=\"elementor-spacer\">\n\t\t\t<div class=\"elementor-spacer-inner\"><\/div>\n\t\t<\/div>\n\t\t\t\t\t\t<\/div>\n\t\t\t\t<div class=\"elementor-element elementor-element-2eca6bb elementor-widget elementor-widget-text-editor\" data-id=\"2eca6bb\" data-element_type=\"widget\" data-widget_type=\"text-editor.default\">\n\t\t\t\t\t\t\t\t\t<p data-start=\"186\" data-end=\"281\">A rendel\u00e9sed \u00e1llapot\u00e1r\u00f3l <strong data-start=\"211\" data-end=\"241\">folyamatosan t\u00e1j\u00e9koztatunk<\/strong>, hogy mindig tudd, hol tart a csomagod.<\/p><p data-start=\"283\" data-end=\"305\">\ud83d\udd0e <strong data-start=\"286\" data-end=\"305\">Hogyan m\u0171k\u00f6dik?<\/strong><\/p><ul data-start=\"306\" data-end=\"490\"><li data-start=\"306\" data-end=\"364\"><p data-start=\"308\" data-end=\"364\">A rendel\u00e9s lead\u00e1sa ut\u00e1n visszaigazol\u00f3 \u00fczenetet k\u00fcld\u00fcnk<\/p><\/li><li data-start=\"365\" data-end=\"445\"><p data-start=\"367\" data-end=\"445\">A feldolgoz\u00e1s \u00e9s sz\u00e1ll\u00edt\u00e1s sor\u00e1n <strong data-start=\"400\" data-end=\"443\">\u00e9rtes\u00edt\u00e9st kapsz az aktu\u00e1lis \u00e1llapotr\u00f3l<\/strong><\/p><\/li><li data-start=\"446\" data-end=\"490\"><p data-start=\"448\" data-end=\"490\">Amint a csomag \u00fatnak indul, jelezz\u00fck fel\u00e9d<\/p><\/li><\/ul><p data-start=\"492\" data-end=\"673\">\ud83d\udcac <strong data-start=\"495\" data-end=\"516\">Fontos tudnival\u00f3:<\/strong><br data-start=\"516\" data-end=\"519\" \/>Mivel a rendel\u00e9sk\u00f6vet\u00e9si rendszer\u00fcnk fejleszt\u00e9s alatt \u00e1ll, egyes esetekben <strong data-start=\"594\" data-end=\"632\">szem\u00e9lyes \u00fczenetben vagy e-mailben<\/strong> adunk friss inform\u00e1ci\u00f3t a rendel\u00e9sedr\u0151l.<\/p><p data-start=\"675\" data-end=\"831\">\ud83d\udcde <strong data-start=\"678\" data-end=\"695\">K\u00e9rd\u00e9sed van?<\/strong><br data-start=\"695\" data-end=\"698\" \/>Ha bizonytalan vagy, vagy extra inform\u00e1ci\u00f3ra van sz\u00fcks\u00e9ged, b\u00e1tran vedd fel vel\u00fcnk a kapcsolatot \u2013 <strong data-start=\"797\" data-end=\"831\">seg\u00edt\u00fcnk, nem hagyunk magadra.<\/strong><\/p><p data-start=\"833\" data-end=\"914\">\ud83d\udc49 C\u00e9lunk, hogy a rendel\u00e9sed \u00fatja <strong data-start=\"867\" data-end=\"906\">\u00e1tl\u00e1that\u00f3, k\u00f6vethet\u0151 \u00e9s megnyugtat\u00f3<\/strong> legyen.<\/p><p><span style=\"text-decoration: underline;\"><a href=\"https:\/\/yupie.app\/ro\/shop-info\/order-tracking\/\">Track your order<\/a><\/span><\/p>\t\t\t\t\t\t\t\t<\/div>\n\t\t\t\t<div class=\"elementor-element elementor-element-1802e41 elementor-widget elementor-widget-template\" data-id=\"1802e41\" data-element_type=\"widget\" data-widget_type=\"template.default\">\n\t\t\t\t<div class=\"elementor-widget-container\">\n\t\t\t\t\t\t\t<div class=\"elementor-template\">\n\t\t\t\t\t<div data-elementor-type=\"section\" data-elementor-id=\"36896\" class=\"elementor elementor-36896\" data-elementor-post-type=\"elementor_library\">\n\t\t\t\t\t<section class=\"elementor-section elementor-top-section elementor-element elementor-element-63965c5f elementor-section-full_width elementor-section-height-default elementor-section-height-default\" data-id=\"63965c5f\" data-element_type=\"section\">\n\t\t\t\t\t\t<div class=\"elementor-container elementor-column-gap-no\">\n\t\t\t\t\t<div class=\"elementor-column elementor-col-100 elementor-top-column elementor-element elementor-element-3cb9c4a0\" data-id=\"3cb9c4a0\" data-element_type=\"column\">\n\t\t\t<div class=\"elementor-widget-wrap elementor-element-populated\">\n\t\t\t\t\t\t<div class=\"elementor-element elementor-element-1e2d0305 elementor-widget-divider--view-line elementor-widget elementor-widget-divider\" data-id=\"1e2d0305\" data-element_type=\"widget\" data-widget_type=\"divider.default\">\n\t\t\t\t\t\t\t<div class=\"elementor-divider\">\n\t\t\t<span class=\"elementor-divider-separator\">\n\t\t\t\t\t\t<\/span>\n\t\t<\/div>\n\t\t\t\t\t\t<\/div>\n\t\t\t\t\t<\/div>\n\t\t<\/div>\n\t\t\t\t\t<\/div>\n\t\t<\/section>\n\t\t\t\t<\/div>\n\t\t\t\t<\/div>\n\t\t\t\t\t\t<\/div>\n\t\t\t\t<\/div>\n\t\t\t\t<div class=\"elementor-element elementor-element-fcea695 elementor-widget elementor-widget-heading\" data-id=\"fcea695\" data-element_type=\"widget\" data-widget_type=\"heading.default\">\n\t\t\t\t\t<h4 class=\"elementor-heading-title elementor-size-default\">M\u00e9g mindig nem kaptam meg a megrendel\u00e9semet.<\/h4>\t\t\t\t<\/div>\n\t\t\t\t<div class=\"elementor-element elementor-element-f09bece elementor-widget elementor-widget-spacer\" data-id=\"f09bece\" data-element_type=\"widget\" data-widget_type=\"spacer.default\">\n\t\t\t\t\t\t\t<div class=\"elementor-spacer\">\n\t\t\t<div class=\"elementor-spacer-inner\"><\/div>\n\t\t<\/div>\n\t\t\t\t\t\t<\/div>\n\t\t\t\t<div class=\"elementor-element elementor-element-20fbbe5 elementor-widget elementor-widget-text-editor\" data-id=\"20fbbe5\" data-element_type=\"widget\" data-widget_type=\"text-editor.default\">\n\t\t\t\t\t\t\t\t\t<p>Ha a rendel\u00e9sed m\u00e9g nem \u00e9rkezett meg, k\u00e9rj\u00fck, vedd fel vel\u00fcnk a kapcsolatot. Seg\u00edt\u00fcnk ellen\u0151rizni a rendel\u00e9s aktu\u00e1lis \u00e1llapot\u00e1t.<\/p>\t\t\t\t\t\t\t\t<\/div>\n\t\t\t\t<div class=\"elementor-element elementor-element-4629e20 elementor-widget elementor-widget-template\" data-id=\"4629e20\" data-element_type=\"widget\" data-widget_type=\"template.default\">\n\t\t\t\t<div class=\"elementor-widget-container\">\n\t\t\t\t\t\t\t<div class=\"elementor-template\">\n\t\t\t\t\t<div data-elementor-type=\"section\" data-elementor-id=\"36896\" class=\"elementor elementor-36896\" data-elementor-post-type=\"elementor_library\">\n\t\t\t\t\t<section class=\"elementor-section elementor-top-section elementor-element elementor-element-63965c5f elementor-section-full_width elementor-section-height-default elementor-section-height-default\" data-id=\"63965c5f\" data-element_type=\"section\">\n\t\t\t\t\t\t<div class=\"elementor-container elementor-column-gap-no\">\n\t\t\t\t\t<div class=\"elementor-column elementor-col-100 elementor-top-column elementor-element elementor-element-3cb9c4a0\" data-id=\"3cb9c4a0\" data-element_type=\"column\">\n\t\t\t<div class=\"elementor-widget-wrap elementor-element-populated\">\n\t\t\t\t\t\t<div class=\"elementor-element elementor-element-1e2d0305 elementor-widget-divider--view-line elementor-widget elementor-widget-divider\" data-id=\"1e2d0305\" data-element_type=\"widget\" data-widget_type=\"divider.default\">\n\t\t\t\t\t\t\t<div class=\"elementor-divider\">\n\t\t\t<span class=\"elementor-divider-separator\">\n\t\t\t\t\t\t<\/span>\n\t\t<\/div>\n\t\t\t\t\t\t<\/div>\n\t\t\t\t\t<\/div>\n\t\t<\/div>\n\t\t\t\t\t<\/div>\n\t\t<\/section>\n\t\t\t\t<\/div>\n\t\t\t\t<\/div>\n\t\t\t\t\t\t<\/div>\n\t\t\t\t<\/div>\n\t\t\t\t<div class=\"elementor-element elementor-element-d5187a2 elementor-widget elementor-widget-heading\" data-id=\"d5187a2\" data-element_type=\"widget\" data-widget_type=\"heading.default\">\n\t\t\t\t\t<h4 class=\"elementor-heading-title elementor-size-default\">A kapott term\u00e9kek hib\u00e1sak vagy meghib\u00e1sodottak<\/h4>\t\t\t\t<\/div>\n\t\t\t\t<div class=\"elementor-element elementor-element-3722142 elementor-widget elementor-widget-spacer\" data-id=\"3722142\" data-element_type=\"widget\" data-widget_type=\"spacer.default\">\n\t\t\t\t\t\t\t<div class=\"elementor-spacer\">\n\t\t\t<div class=\"elementor-spacer-inner\"><\/div>\n\t\t<\/div>\n\t\t\t\t\t\t<\/div>\n\t\t\t\t<div class=\"elementor-element elementor-element-6da8bdd elementor-widget elementor-widget-text-editor\" data-id=\"6da8bdd\" data-element_type=\"widget\" data-widget_type=\"text-editor.default\">\n\t\t\t\t\t\t\t\t\t<h2 data-start=\"205\" data-end=\"258\">\u2757 Hib\u00e1s vagy meghib\u00e1sodott term\u00e9k (\u00daJ \u00e9s HASZN\u00c1LT)<\/h2><p data-start=\"260\" data-end=\"400\">Amennyiben a k\u00e9zhez kapott term\u00e9k <strong data-start=\"294\" data-end=\"355\">hib\u00e1san \u00e9rkezett meg vagy a haszn\u00e1lat sor\u00e1n meghib\u00e1sodott<\/strong>, k\u00e9rj\u00fck, jelezd fel\u00e9nk a lehet\u0151 leghamarabb.<\/p><p data-start=\"402\" data-end=\"430\">\ud83d\udce9 <strong data-start=\"405\" data-end=\"430\">Hogyan tudod jelezni?<\/strong><\/p><ul data-start=\"431\" data-end=\"554\"><li data-start=\"431\" data-end=\"466\"><p data-start=\"433\" data-end=\"466\">K\u00fcldd el a rendel\u00e9si azonos\u00edt\u00f3t<\/p><\/li><li data-start=\"467\" data-end=\"504\"><p data-start=\"469\" data-end=\"504\">\u00cdrd le r\u00f6viden a tapasztalt hib\u00e1t<\/p><\/li><li data-start=\"505\" data-end=\"554\"><p data-start=\"507\" data-end=\"554\">Lehet\u0151s\u00e9g szerint csatolj <strong data-start=\"533\" data-end=\"554\">fot\u00f3t vagy vide\u00f3t<\/strong><\/p><\/li><\/ul><p data-start=\"556\" data-end=\"715\">\ud83c\udd95 <strong data-start=\"559\" data-end=\"581\">\u00daj term\u00e9kek eset\u00e9n<\/strong><br data-start=\"581\" data-end=\"584\" \/>A reklam\u00e1ci\u00f3t kivizsg\u00e1ljuk, \u00e9s a vonatkoz\u00f3 jogszab\u00e1lyoknak megfelel\u0151en gondoskodunk <strong data-start=\"668\" data-end=\"714\">jav\u00edt\u00e1sr\u00f3l, cser\u00e9r\u0151l vagy visszat\u00e9r\u00edt\u00e9sr\u0151l<\/strong>.<\/p><p data-start=\"717\" data-end=\"993\">\u267b\ufe0f <strong data-start=\"720\" data-end=\"748\">Haszn\u00e1lt term\u00e9kek eset\u00e9n<\/strong><br data-start=\"748\" data-end=\"751\" \/>A term\u00e9k \u00e1llapota a v\u00e1s\u00e1rl\u00e1s el\u0151tt ismertet\u00e9sre ker\u00fcl. A <strong data-start=\"808\" data-end=\"875\">norm\u00e1l haszn\u00e1latb\u00f3l ered\u0151 eszt\u00e9tikai vagy m\u0171k\u00f6d\u00e9sbeli elt\u00e9r\u00e9sek<\/strong> nem min\u0151s\u00fclnek hib\u00e1nak. Amennyiben a hiba ett\u0151l f\u00fcggetlen, a bejelent\u00e9st kivizsg\u00e1ljuk, \u00e9s k\u00f6z\u00f6sen megold\u00e1st keres\u00fcnk.<\/p><p data-start=\"995\" data-end=\"1092\">\ud83e\udd1d <strong data-start=\"998\" data-end=\"1008\">C\u00e9lunk<\/strong><br \/>Korrekt, \u00e1tl\u00e1that\u00f3 \u00fcgyint\u00e9z\u00e9s \u00e9s <strong data-start=\"1042\" data-end=\"1091\">megnyugtat\u00f3 megold\u00e1s minden v\u00e1s\u00e1rl\u00f3nk sz\u00e1m\u00e1ra<\/strong>.<\/p>\t\t\t\t\t\t\t\t<\/div>\n\t\t\t\t\t<\/div>\n\t\t<\/div>\n\t\t\t\t\t<\/div>\n\t\t<\/section>\n\t\t\t\t<\/div>","protected":false},"excerpt":{"rendered":"<p>\u2705 Sz\u00e1ll\u00edt\u00e1s \u2013 a te el\u0151ny\u00f6dre hangolva A sz\u00e1ll\u00edt\u00e1si folyamatunkat \u00fagy alak\u00edtjuk ki, hogy az neked a lehet\u0151 legk\u00e9nyelmesebb legyen.Mivel folyamatosan fejl\u0151d\u00fcnk, a sz\u00e1ll\u00edt\u00e1s m\u00f3dja rugalmas, \u00e9s mindig az adott rendel\u00e9shez igazodik. \ud83d\udce6 Mit jelent ez sz\u00e1modra? T\u00f6bbf\u00e9le sz\u00e1ll\u00edt\u00e1si megold\u00e1s k\u00f6z\u00fcl v\u00e1lasztjuk ki a legjobbat Figyel\u00fcnk a biztons\u00e1gos csomagol\u00e1sra Igyeksz\u00fcnk a legjobb \u00e1r\u2013\u00e9rt\u00e9k ar\u00e1nyt biztos\u00edtani&hellip;<\/p>","protected":false},"author":1,"featured_media":0,"parent":44160,"menu_order":970,"comment_status":"closed","ping_status":"closed","template":"","meta":{"footnotes":""},"class_list":["post-37281","page","type-page","status-publish","hentry"],"yoast_head":"<!-- This site is optimized with the Yoast SEO plugin v27.3 - https:\/\/yoast.com\/product\/yoast-seo-wordpress\/ -->\n<title>Sz\u00e1ll\u00edt\u00e1s - yupie.app<\/title>\n<meta name=\"robots\" content=\"index, follow, max-snippet:-1, max-image-preview:large, max-video-preview:-1\" \/>\n<link rel=\"canonical\" href=\"https:\/\/yupie.app\/ro\/info\/szallitas\/\" \/>\n<meta property=\"og:locale\" content=\"ro_RO\" \/>\n<meta property=\"og:type\" content=\"article\" \/>\n<meta property=\"og:title\" content=\"Sz\u00e1ll\u00edt\u00e1s - yupie.app\" \/>\n<meta property=\"og:description\" content=\"\u2705 Sz\u00e1ll\u00edt\u00e1s \u2013 a te el\u0151ny\u00f6dre hangolva A sz\u00e1ll\u00edt\u00e1si folyamatunkat \u00fagy alak\u00edtjuk ki, hogy az neked a lehet\u0151 legk\u00e9nyelmesebb legyen.Mivel folyamatosan fejl\u0151d\u00fcnk, a sz\u00e1ll\u00edt\u00e1s m\u00f3dja rugalmas, \u00e9s mindig az adott rendel\u00e9shez igazodik. \ud83d\udce6 Mit jelent ez sz\u00e1modra? T\u00f6bbf\u00e9le sz\u00e1ll\u00edt\u00e1si megold\u00e1s k\u00f6z\u00fcl v\u00e1lasztjuk ki a legjobbat Figyel\u00fcnk a biztons\u00e1gos csomagol\u00e1sra Igyeksz\u00fcnk a legjobb \u00e1r\u2013\u00e9rt\u00e9k ar\u00e1nyt biztos\u00edtani&hellip;\" \/>\n<meta property=\"og:url\" content=\"https:\/\/yupie.app\/ro\/info\/szallitas\/\" \/>\n<meta property=\"og:site_name\" content=\"yupie.app\" \/>\n<meta property=\"article:publisher\" content=\"https:\/\/www.facebook.com\/profile.php?id=100089345417295\" \/>\n<meta property=\"article:modified_time\" content=\"2025-12-22T13:55:56+00:00\" \/>\n<meta name=\"twitter:card\" content=\"summary_large_image\" \/>\n<script type=\"application\/ld+json\" class=\"yoast-schema-graph\">{\"@context\":\"https:\\\/\\\/schema.org\",\"@graph\":[{\"@type\":\"WebPage\",\"@id\":\"https:\\\/\\\/yupie.app\\\/info\\\/szallitas\\\/\",\"url\":\"https:\\\/\\\/yupie.app\\\/info\\\/szallitas\\\/\",\"name\":\"Sz\u00e1ll\u00edt\u00e1s - yupie.app\",\"isPartOf\":{\"@id\":\"https:\\\/\\\/yupie.app\\\/#website\"},\"datePublished\":\"2021-03-03T08:20:38+00:00\",\"dateModified\":\"2025-12-22T13:55:56+00:00\",\"breadcrumb\":{\"@id\":\"https:\\\/\\\/yupie.app\\\/info\\\/szallitas\\\/#breadcrumb\"},\"inLanguage\":\"ro-RO\",\"potentialAction\":[{\"@type\":\"ReadAction\",\"target\":[\"https:\\\/\\\/yupie.app\\\/info\\\/szallitas\\\/\"]}]},{\"@type\":\"BreadcrumbList\",\"@id\":\"https:\\\/\\\/yupie.app\\\/info\\\/szallitas\\\/#breadcrumb\",\"itemListElement\":[{\"@type\":\"ListItem\",\"position\":1,\"name\":\"Kezd\u0151lap\",\"item\":\"https:\\\/\\\/yupie.app\\\/\"},{\"@type\":\"ListItem\",\"position\":2,\"name\":\"R\u00f3lunk\",\"item\":\"https:\\\/\\\/yupie.app\\\/info\\\/\"},{\"@type\":\"ListItem\",\"position\":3,\"name\":\"Sz\u00e1ll\u00edt\u00e1s\"}]},{\"@type\":\"WebSite\",\"@id\":\"https:\\\/\\\/yupie.app\\\/#website\",\"url\":\"https:\\\/\\\/yupie.app\\\/\",\"name\":\"yupie.app\",\"description\":\"\",\"publisher\":{\"@id\":\"https:\\\/\\\/yupie.app\\\/#organization\"},\"potentialAction\":[{\"@type\":\"SearchAction\",\"target\":{\"@type\":\"EntryPoint\",\"urlTemplate\":\"https:\\\/\\\/yupie.app\\\/?s={search_term_string}\"},\"query-input\":{\"@type\":\"PropertyValueSpecification\",\"valueRequired\":true,\"valueName\":\"search_term_string\"}}],\"inLanguage\":\"ro-RO\"},{\"@type\":\"Organization\",\"@id\":\"https:\\\/\\\/yupie.app\\\/#organization\",\"name\":\"yupie.app\",\"url\":\"https:\\\/\\\/yupie.app\\\/\",\"logo\":{\"@type\":\"ImageObject\",\"inLanguage\":\"ro-RO\",\"@id\":\"https:\\\/\\\/yupie.app\\\/#\\\/schema\\\/logo\\\/image\\\/\",\"url\":\"https:\\\/\\\/yupie.app\\\/wp-content\\\/uploads\\\/2025\\\/07\\\/cropped-uj-logo.png\",\"contentUrl\":\"https:\\\/\\\/yupie.app\\\/wp-content\\\/uploads\\\/2025\\\/07\\\/cropped-uj-logo.png\",\"width\":500,\"height\":208,\"caption\":\"yupie.app\"},\"image\":{\"@id\":\"https:\\\/\\\/yupie.app\\\/#\\\/schema\\\/logo\\\/image\\\/\"},\"sameAs\":[\"https:\\\/\\\/www.facebook.com\\\/profile.php?id=100089345417295\"]}]}<\/script>\n<!-- \/ Yoast SEO plugin. -->","yoast_head_json":{"title":"Sz\u00e1ll\u00edt\u00e1s - yupie.app","robots":{"index":"index","follow":"follow","max-snippet":"max-snippet:-1","max-image-preview":"max-image-preview:large","max-video-preview":"max-video-preview:-1"},"canonical":"https:\/\/yupie.app\/ro\/info\/szallitas\/","og_locale":"ro_RO","og_type":"article","og_title":"Sz\u00e1ll\u00edt\u00e1s - yupie.app","og_description":"\u2705 Sz\u00e1ll\u00edt\u00e1s \u2013 a te el\u0151ny\u00f6dre hangolva A sz\u00e1ll\u00edt\u00e1si folyamatunkat \u00fagy alak\u00edtjuk ki, hogy az neked a lehet\u0151 legk\u00e9nyelmesebb legyen.Mivel folyamatosan fejl\u0151d\u00fcnk, a sz\u00e1ll\u00edt\u00e1s m\u00f3dja rugalmas, \u00e9s mindig az adott rendel\u00e9shez igazodik. \ud83d\udce6 Mit jelent ez sz\u00e1modra? T\u00f6bbf\u00e9le sz\u00e1ll\u00edt\u00e1si megold\u00e1s k\u00f6z\u00fcl v\u00e1lasztjuk ki a legjobbat Figyel\u00fcnk a biztons\u00e1gos csomagol\u00e1sra Igyeksz\u00fcnk a legjobb \u00e1r\u2013\u00e9rt\u00e9k ar\u00e1nyt biztos\u00edtani&hellip;","og_url":"https:\/\/yupie.app\/ro\/info\/szallitas\/","og_site_name":"yupie.app","article_publisher":"https:\/\/www.facebook.com\/profile.php?id=100089345417295","article_modified_time":"2025-12-22T13:55:56+00:00","twitter_card":"summary_large_image","schema":{"@context":"https:\/\/schema.org","@graph":[{"@type":"WebPage","@id":"https:\/\/yupie.app\/info\/szallitas\/","url":"https:\/\/yupie.app\/info\/szallitas\/","name":"Sz\u00e1ll\u00edt\u00e1s - yupie.app","isPartOf":{"@id":"https:\/\/yupie.app\/#website"},"datePublished":"2021-03-03T08:20:38+00:00","dateModified":"2025-12-22T13:55:56+00:00","breadcrumb":{"@id":"https:\/\/yupie.app\/info\/szallitas\/#breadcrumb"},"inLanguage":"ro-RO","potentialAction":[{"@type":"ReadAction","target":["https:\/\/yupie.app\/info\/szallitas\/"]}]},{"@type":"BreadcrumbList","@id":"https:\/\/yupie.app\/info\/szallitas\/#breadcrumb","itemListElement":[{"@type":"ListItem","position":1,"name":"Kezd\u0151lap","item":"https:\/\/yupie.app\/"},{"@type":"ListItem","position":2,"name":"R\u00f3lunk","item":"https:\/\/yupie.app\/info\/"},{"@type":"ListItem","position":3,"name":"Sz\u00e1ll\u00edt\u00e1s"}]},{"@type":"WebSite","@id":"https:\/\/yupie.app\/#website","url":"https:\/\/yupie.app\/","name":"yupie.app","description":"","publisher":{"@id":"https:\/\/yupie.app\/#organization"},"potentialAction":[{"@type":"SearchAction","target":{"@type":"EntryPoint","urlTemplate":"https:\/\/yupie.app\/?s={search_term_string}"},"query-input":{"@type":"PropertyValueSpecification","valueRequired":true,"valueName":"search_term_string"}}],"inLanguage":"ro-RO"},{"@type":"Organization","@id":"https:\/\/yupie.app\/#organization","name":"yupie.app","url":"https:\/\/yupie.app\/","logo":{"@type":"ImageObject","inLanguage":"ro-RO","@id":"https:\/\/yupie.app\/#\/schema\/logo\/image\/","url":"https:\/\/yupie.app\/wp-content\/uploads\/2025\/07\/cropped-uj-logo.png","contentUrl":"https:\/\/yupie.app\/wp-content\/uploads\/2025\/07\/cropped-uj-logo.png","width":500,"height":208,"caption":"yupie.app"},"image":{"@id":"https:\/\/yupie.app\/#\/schema\/logo\/image\/"},"sameAs":["https:\/\/www.facebook.com\/profile.php?id=100089345417295"]}]}},"jetpack_sharing_enabled":true,"_links":{"self":[{"href":"https:\/\/yupie.app\/ro\/wp-json\/wp\/v2\/pages\/37281","targetHints":{"allow":["GET"]}}],"collection":[{"href":"https:\/\/yupie.app\/ro\/wp-json\/wp\/v2\/pages"}],"about":[{"href":"https:\/\/yupie.app\/ro\/wp-json\/wp\/v2\/types\/page"}],"author":[{"embeddable":true,"href":"https:\/\/yupie.app\/ro\/wp-json\/wp\/v2\/users\/1"}],"replies":[{"embeddable":true,"href":"https:\/\/yupie.app\/ro\/wp-json\/wp\/v2\/comments?post=37281"}],"version-history":[{"count":0,"href":"https:\/\/yupie.app\/ro\/wp-json\/wp\/v2\/pages\/37281\/revisions"}],"up":[{"embeddable":true,"href":"https:\/\/yupie.app\/ro\/wp-json\/wp\/v2\/pages\/44160"}],"wp:attachment":[{"href":"https:\/\/yupie.app\/ro\/wp-json\/wp\/v2\/media?parent=37281"}],"curies":[{"name":"wp","href":"https:\/\/api.w.org\/{rel}","templated":true}]}}